{"id":147765,"date":"2025-02-11T13:27:26","date_gmt":"2025-02-11T12:27:26","guid":{"rendered":"https:\/\/secureus.se\/skyddshuv-sh2\/"},"modified":"2026-04-08T16:34:08","modified_gmt":"2026-04-08T14:34:08","slug":"skyddshuv-sh2","status":"publish","type":"product","link":"https:\/\/secureus.se\/pl\/skyddshuv-sh2\/","title":{"rendered":"KAPTUR OCHRONNY SH2"},"content":{"rendered":"<h1 data-start=\"467\" data-end=\"939\">Pokrowiec ochronny SH2 to idealne akcesorium s\u0142u\u017c\u0105ce ochronie zamk\u00f3w kodowych, klawiatur i czytnik\u00f3w kart marek Bewator i Vanderbilt, takich jak PP500 i RB500, w miejscach nara\u017conych na dzia\u0142anie czynnik\u00f3w zewn\u0119trznych.<\/h1>\n<p data-start=\"467\" data-end=\"939\">Wykonana z 5 mm akrylu, ta wytrzyma\u0142a os\u0142ona ochronna jest odporna na warunki atmosferyczne i chroni urz\u0105dzenia elektroniczne przed deszczem i brudem.<\/p>\n<p data-start=\"467\" data-end=\"939\">Otwory na kable u\u0142atwiaj\u0105 instalacj\u0119 lub rozbudow\u0119 istniej\u0105cych system\u00f3w bez konieczno\u015bci wprowadzania znacznych zmian.<\/p>\n<p data-start=\"941\" data-end=\"1293\">Os\u0142on\u0119 ochronn\u0105 umieszcza si\u0119 pomi\u0119dzy \u015bcian\u0105 a tyln\u0105 cz\u0119\u015bci\u0105 klawiatury, co sprawia, \u017ce monta\u017c jest szybki i \u0142atwy.<\/p>\n<p data-start=\"941\" data-end=\"1293\">SH2 zapewnia niezawodn\u0105 ochron\u0119 przed wp\u0142ywem warunk\u00f3w atmosferycznych, co jest szczeg\u00f3lnie przydatne w warunkach zewn\u0119trznych, gdzie urz\u0105dzenia s\u0105 nara\u017cone na dzia\u0142anie \u017cywio\u0142\u00f3w.<\/p>\n<p data-start=\"941\" data-end=\"1293\">Sprawdza si\u0119 doskonale w zastosowaniach komercyjnych i przemys\u0142owych, gdzie bezpiecze\u0144stwo i trwa\u0142o\u015b\u0107 maj\u0105 kluczowe znaczenie.<\/p>\n<p data-start=\"1295\" data-end=\"1325\"><strong data-start=\"1295\" data-end=\"1323\">Funkcje i zalety:<\/strong><\/p>\n<ul data-start=\"1326\" data-end=\"1557\">\n<li data-start=\"1326\" data-end=\"1365\">Chroni przed warunkami atmosferycznymi i brudem<\/li>\n<li data-start=\"1366\" data-end=\"1434\">Pasuje do zamk\u00f3w kodowych, klawiatur i czytnik\u00f3w kart Bewator i Vanderbilt<\/li>\n<li data-start=\"1435\" data-end=\"1516\">\u0141atwe uzupe\u0142nianie istniej\u0105cych instalacji poprzez wyci\u0119cia na okablowanie<\/li>\n<li data-start=\"1517\" data-end=\"1557\">Solidna konstrukcja zapewniaj\u0105ca d\u0142ug\u0105 \u017cywotno\u015b\u0107<\/li>\n<\/ul>\n<p data-start=\"1564\" data-end=\"1595\"><strong data-start=\"1564\" data-end=\"1593\">Dane techniczne:<\/strong><\/p>\n<ul data-start=\"1596\" data-end=\"1703\">\n<li data-start=\"1596\" data-end=\"1625\">Materia\u0142: 5 mm plastik akrylowy<\/li>\n<li data-start=\"1626\" data-end=\"1665\">Wymiary (szer. x wys. x g\u0142.): 104 x 168 x 90 mm<\/li>\n<li data-start=\"1666\" data-end=\"1703\">Waga: Lekka i trwa\u0142a konstrukcja<\/li>\n<\/ul>","protected":false},"excerpt":{"rendered":"<p data-start=\"71\" data-end=\"460\">Pokrowiec ochronny SH2 to os\u0142ona przeciwdeszczowa do zamk\u00f3w kodowych, klawiatur i czytnik\u00f3w kart Bewator, takich jak PP500.<\/p>\n<p data-start=\"71\" data-end=\"460\">Zaprojektowano go z my\u015bl\u0105 o ochronie urz\u0105dze\u0144 pracuj\u0105cych w nara\u017conych \u015brodowiskach. Posiada wyci\u0119cia na kable, co u\u0142atwia instalacj\u0119 nawet w przypadku uzupe\u0142niania istniej\u0105cych system\u00f3w.<\/p>\n<p data-start=\"71\" data-end=\"460\">Wykonana z trwa\u0142ego 5-milimetrowego tworzywa akrylowego, zapewnia niezawodn\u0105 ochron\u0119 przed warunkami atmosferycznymi i brudem.<\/p>","protected":false},"featured_media":147764,"template":"","meta":{"_acf_changed":false},"product_brand":[],"product_cat":[1481],"product_tag":[],"class_list":{"0":"post-147765","1":"product","2":"type-product","3":"status-publish","4":"has-post-thumbnail","6":"product_cat-kodlas-kodlas","7":"product_shipping_class-tunga-paket","8":"pa_brands-6vanderbilt","9":"tm-no-options","11":"first","12":"instock","13":"sale","14":"taxable","15":"shipping-taxable","16":"purchasable","17":"product-type-simple"},"acf":[],"_links":{"self":[{"href":"https:\/\/secureus.se\/pl\/wp-json\/wp\/v2\/product\/147765","targetHints":{"allow":["GET"]}}],"collection":[{"href":"https:\/\/secureus.se\/pl\/wp-json\/wp\/v2\/product"}],"about":[{"href":"https:\/\/secureus.se\/pl\/wp-json\/wp\/v2\/types\/product"}],"wp:featuredmedia":[{"embeddable":true,"href":"https:\/\/secureus.se\/pl\/wp-json\/wp\/v2\/media\/147764"}],"wp:attachment":[{"href":"https:\/\/secureus.se\/pl\/wp-json\/wp\/v2\/media?parent=147765"}],"wp:term":[{"taxonomy":"product_brand","embeddable":true,"href":"https:\/\/secureus.se\/pl\/wp-json\/wp\/v2\/product_brand?post=147765"},{"taxonomy":"product_cat","embeddable":true,"href":"https:\/\/secureus.se\/pl\/wp-json\/wp\/v2\/product_cat?post=147765"},{"taxonomy":"product_tag","embeddable":true,"href":"https:\/\/secureus.se\/pl\/wp-json\/wp\/v2\/product_tag?post=147765"}],"curies":[{"name":"wp","href":"https:\/\/api.w.org\/{rel}","templated":true}]}}