{"id":147767,"date":"2025-02-11T15:05:49","date_gmt":"2025-02-11T14:05:49","guid":{"rendered":"https:\/\/secureus.se\/dorrhallare-440-gra-assa-abloy\/"},"modified":"2026-03-25T15:31:58","modified_gmt":"2026-03-25T14:31:58","slug":"dorrhallare-440-gra-assa-abloy","status":"publish","type":"product","link":"https:\/\/secureus.se\/pl\/dorrhallare-440-gra-assa-abloy\/","title":{"rendered":"Uchwyt drzwi 440 Szary \u2013 Assa Abloy"},"content":{"rendered":"<p>ASSA ABLOY 440 to uchwyt drzwiowy wykonany z czarnej gumy i tworzywa acetalowego, s\u0142u\u017c\u0105cy do utrzymywania drzwi w pozycji ca\u0142kowicie otwartej. W pozycji otwartej wspornik drzwi jest wciskany w uchwyt, dzi\u0119ki czemu drzwi pozostaj\u0105 na swoim miejscu. Po poci\u0105gni\u0119ciu za drzwi uchwyt zwalnia wspornik drzwi. Uchwyt montuje si\u0119 na \u015bcianie, a wspornik drzwiowy na drzwiach.<\/p>\n<p><b>W\u0142a\u015bciwo\u015bci:<\/b><\/p>\n<ul>\n<li>\u015arednica wspornika drzwi: \u00d8 23 mm<\/li>\n<li>D\u0142ugo\u015b\u0107 wspornika drzwi: 16 mm.<\/li>\n<li>\u015arednica uchwytu: \u00d8 40 mm.<\/li>\n<li>D\u0142ugo\u015b\u0107 uchwytu: 60 mm<\/li>\n<li>Zalecana \u015bruba: TKX 5,5 do uchwytu i TKX 4,5 do wspornika drzwi<\/li>\n<\/ul>\n<p><strong>Pakiet zawiera<\/strong><br \/>\n1 x uchwyt na drzwi<br \/>\n1 x wspornik drzwi<\/p>\n<div><\/div>","protected":false},"excerpt":{"rendered":"<p>Do utrzymywania drzwi w pozycji ca\u0142kowicie otwartej.<\/p>\n<p>W pozycji otwartej wspornik drzwi jest dociskany do uchwytu, dzi\u0119ki czemu drzwi pozostaj\u0105 na swoim miejscu. Gdy poci\u0105gniesz za drzwi, uchwyt zwolni wspornik drzwi.<\/p>","protected":false},"featured_media":147766,"template":"","meta":{"_acf_changed":false},"product_brand":[],"product_cat":[4605],"product_tag":[],"class_list":{"0":"post-147767","1":"product","2":"type-product","3":"status-publish","4":"has-post-thumbnail","6":"product_cat-dorrhallare","7":"product_shipping_class-postnord-varubrev","8":"pa_brands-abloy","9":"tm-no-options","11":"first","12":"instock","13":"sale","14":"taxable","15":"shipping-taxable","16":"purchasable","17":"product-type-simple"},"acf":[],"_links":{"self":[{"href":"https:\/\/secureus.se\/pl\/wp-json\/wp\/v2\/product\/147767","targetHints":{"allow":["GET"]}}],"collection":[{"href":"https:\/\/secureus.se\/pl\/wp-json\/wp\/v2\/product"}],"about":[{"href":"https:\/\/secureus.se\/pl\/wp-json\/wp\/v2\/types\/product"}],"wp:featuredmedia":[{"embeddable":true,"href":"https:\/\/secureus.se\/pl\/wp-json\/wp\/v2\/media\/147766"}],"wp:attachment":[{"href":"https:\/\/secureus.se\/pl\/wp-json\/wp\/v2\/media?parent=147767"}],"wp:term":[{"taxonomy":"product_brand","embeddable":true,"href":"https:\/\/secureus.se\/pl\/wp-json\/wp\/v2\/product_brand?post=147767"},{"taxonomy":"product_cat","embeddable":true,"href":"https:\/\/secureus.se\/pl\/wp-json\/wp\/v2\/product_cat?post=147767"},{"taxonomy":"product_tag","embeddable":true,"href":"https:\/\/secureus.se\/pl\/wp-json\/wp\/v2\/product_tag?post=147767"}],"curies":[{"name":"wp","href":"https:\/\/api.w.org\/{rel}","templated":true}]}}