{"id":147781,"date":"2025-02-11T15:04:24","date_gmt":"2025-02-11T14:04:24","guid":{"rendered":"https:\/\/secureus.se\/dorrhallare-2023-silver-165mm-habo\/"},"modified":"2026-04-08T15:28:39","modified_gmt":"2026-04-08T13:28:39","slug":"dorrhallare-2023-silver-165mm-habo","status":"publish","type":"product","link":"https:\/\/secureus.se\/pl\/dorrhallare-2023-silver-165mm-habo\/","title":{"rendered":"Uchwyt na drzwi 2023 Srebrny 165mm \u2013 Habo"},"content":{"rendered":"<p>Metalowy uchwyt na drzwi. Ze spr\u0119\u017cynowym stemplem. Wysoko\u015b\u0107 165 mm, skok 30-82 mm. \u015aruby w zestawie.<\/p>\n<div><\/div>\n<div><b>W\u0142a\u015bciwo\u015bci:<\/b><\/div>\n<div>\n<ul>\n<li>Wymiar A = 165 mm, Wysoko\u015b\u0107<\/li>\n<li>Wymiar B = 38-50 mm, D\u0142ugo\u015b\u0107 skoku<\/li>\n<\/ul>\n<\/div>\n<div><\/div>","protected":false},"excerpt":{"rendered":"<header class=\"product-header\" role=\"banner\">\n<div class=\"short description product-short-description\">Uchwyt na drzwi Habo 2023<\/div>\n<\/header>","protected":false},"featured_media":147779,"template":"","meta":{"_acf_changed":false},"product_brand":[],"product_cat":[4605],"product_tag":[],"class_list":{"0":"post-147781","1":"product","2":"type-product","3":"status-publish","4":"has-post-thumbnail","6":"product_cat-dorrhallare","7":"pa_brands-habo","8":"tm-no-options","10":"first","11":"instock","12":"sale","13":"taxable","14":"shipping-taxable","15":"purchasable","16":"product-type-simple"},"acf":[],"_links":{"self":[{"href":"https:\/\/secureus.se\/pl\/wp-json\/wp\/v2\/product\/147781","targetHints":{"allow":["GET"]}}],"collection":[{"href":"https:\/\/secureus.se\/pl\/wp-json\/wp\/v2\/product"}],"about":[{"href":"https:\/\/secureus.se\/pl\/wp-json\/wp\/v2\/types\/product"}],"wp:featuredmedia":[{"embeddable":true,"href":"https:\/\/secureus.se\/pl\/wp-json\/wp\/v2\/media\/147779"}],"wp:attachment":[{"href":"https:\/\/secureus.se\/pl\/wp-json\/wp\/v2\/media?parent=147781"}],"wp:term":[{"taxonomy":"product_brand","embeddable":true,"href":"https:\/\/secureus.se\/pl\/wp-json\/wp\/v2\/product_brand?post=147781"},{"taxonomy":"product_cat","embeddable":true,"href":"https:\/\/secureus.se\/pl\/wp-json\/wp\/v2\/product_cat?post=147781"},{"taxonomy":"product_tag","embeddable":true,"href":"https:\/\/secureus.se\/pl\/wp-json\/wp\/v2\/product_tag?post=147781"}],"curies":[{"name":"wp","href":"https:\/\/api.w.org\/{rel}","templated":true}]}}