{"id":147785,"date":"2025-02-11T15:45:43","date_gmt":"2025-02-11T14:45:43","guid":{"rendered":"https:\/\/secureus.se\/porthallare-271-fz-dorrbedd-1100-1300mm-assa-abloy\/"},"modified":"2026-04-13T22:16:55","modified_gmt":"2026-04-13T20:16:55","slug":"porthallare-271-fz-dorrbedd-1100-1300mm-assa-abloy","status":"publish","type":"product","link":"https:\/\/secureus.se\/pl\/porthallare-271-fz-dorrbedd-1100-1300mm-assa-abloy\/","title":{"rendered":"Uchwyt drzwi 271 \u2013 Szeroko\u015b\u0107 drzwi 1100-1300 mm \u2013 Assa Abloy"},"content":{"rendered":"<div>Uchwyt drzwi ASSA ABLOY 271 to uchwyt drzwiowy umo\u017cliwiaj\u0105cy ustawienie drzwi lub bramy w pozycji ca\u0142kowicie otwartej, pod k\u0105tem oko\u0142o 90 stopni. \u015aruba w zestawie.<\/div>\n<div><b><br \/>\nW\u0142a\u015bciwo\u015bci:<\/b><\/div>\n<div>\n<ul>\n<li>Do drzwi o szeroko\u015bci 1100-1300 mm. (270 mo\u017ce obs\u0142u\u017cy\u0107 800-1100 mm)<\/li>\n<li>Pasuje do drzwi prawych i lewych (okre\u015blane podczas monta\u017cu).<\/li>\n<li>Maksymalna waga drzwi: 125 kg<\/li>\n<li>W pozycji pe\u0142nego otwarcia (ok. 90 stopni) zatrzask automatycznie przechodzi w pozycj\u0119 zablokowania, utrzymuj\u0105c drzwi na miejscu.<\/li>\n<li>Gdy drzwi zostan\u0105 przesuni\u0119te dalej w kierunku pozycji otwartej, zatrzask zostanie zwolniony, umo\u017cliwiaj\u0105c zamkni\u0119cie drzwi.<\/li>\n<li>Spr\u0119\u017cyna zatrzymuj\u0105ca pe\u0142ni r\u00f3wnie\u017c funkcj\u0119 amortyzatora i w ten spos\u00f3b chroni drzwi i zawiasy.<\/li>\n<\/ul>\n<\/div>","protected":false},"excerpt":{"rendered":"<p>Uchwyt drzwi ASSA ABLOY 271<\/p>","protected":false},"featured_media":147786,"template":"","meta":{"_acf_changed":false},"product_brand":[],"product_cat":[4607],"product_tag":[],"class_list":{"0":"post-147785","1":"product","2":"type-product","3":"status-publish","4":"has-post-thumbnail","6":"product_cat-porthallare","7":"product_shipping_class-tunga-paket","8":"pa_brands-abloy","9":"tm-no-options","11":"first","12":"instock","13":"sale","14":"taxable","15":"shipping-taxable","16":"purchasable","17":"product-type-simple"},"acf":[],"_links":{"self":[{"href":"https:\/\/secureus.se\/pl\/wp-json\/wp\/v2\/product\/147785","targetHints":{"allow":["GET"]}}],"collection":[{"href":"https:\/\/secureus.se\/pl\/wp-json\/wp\/v2\/product"}],"about":[{"href":"https:\/\/secureus.se\/pl\/wp-json\/wp\/v2\/types\/product"}],"wp:featuredmedia":[{"embeddable":true,"href":"https:\/\/secureus.se\/pl\/wp-json\/wp\/v2\/media\/147786"}],"wp:attachment":[{"href":"https:\/\/secureus.se\/pl\/wp-json\/wp\/v2\/media?parent=147785"}],"wp:term":[{"taxonomy":"product_brand","embeddable":true,"href":"https:\/\/secureus.se\/pl\/wp-json\/wp\/v2\/product_brand?post=147785"},{"taxonomy":"product_cat","embeddable":true,"href":"https:\/\/secureus.se\/pl\/wp-json\/wp\/v2\/product_cat?post=147785"},{"taxonomy":"product_tag","embeddable":true,"href":"https:\/\/secureus.se\/pl\/wp-json\/wp\/v2\/product_tag?post=147785"}],"curies":[{"name":"wp","href":"https:\/\/api.w.org\/{rel}","templated":true}]}}