{"id":147790,"date":"2025-02-11T15:45:44","date_gmt":"2025-02-11T14:45:44","guid":{"rendered":"https:\/\/secureus.se\/porthallare-270-dorrbedd-800-1100mm-assa-abloy\/"},"modified":"2026-04-08T15:28:11","modified_gmt":"2026-04-08T13:28:11","slug":"porthallare-270-dorrbedd-800-1100mm-assa-abloy","status":"publish","type":"product","link":"https:\/\/secureus.se\/pl\/porthallare-270-dorrbedd-800-1100mm-assa-abloy\/","title":{"rendered":"Uchwyt drzwi 270 \u2013 \u0141\u00f3\u017cko drzwiowe 800-1100mm \u2013 Assa Abloy"},"content":{"rendered":"<div>ASSA ABLOY 270 to uchwyt drzwiowy umo\u017cliwiaj\u0105cy ustawienie drzwi lub bramy w pozycji ca\u0142kowicie otwartej, pod k\u0105tem oko\u0142o 90 stopni. \u015aruba w zestawie.<\/div>\n<div><b><br \/>\nW\u0142a\u015bciwo\u015bci: <\/b><\/div>\n<div>\n<ul>\n<li>Do drzwi o szeroko\u015bci 800-1100 mm. (271 mo\u017ce obs\u0142u\u017cy\u0107 1100-1300 mm)<\/li>\n<li>Pasuje do drzwi prawych i lewych (okre\u015blane podczas monta\u017cu).<\/li>\n<li>Maksymalna waga drzwi: 125 kg<\/li>\n<li>W pozycji pe\u0142nego otwarcia (ok. 90 stopni) zatrzask automatycznie przechodzi w pozycj\u0119 zablokowania, utrzymuj\u0105c drzwi na miejscu.<\/li>\n<li>Gdy drzwi zostan\u0105 przesuni\u0119te dalej w kierunku pozycji otwartej, zatrzask zostanie zwolniony, umo\u017cliwiaj\u0105c zamkni\u0119cie drzwi.<\/li>\n<li>Spr\u0119\u017cyna zatrzymuj\u0105ca pe\u0142ni r\u00f3wnie\u017c funkcj\u0119 amortyzatora i w ten spos\u00f3b chroni drzwi i zawiasy.<\/li>\n<\/ul>\n<\/div>\n<div><\/div>","protected":false},"excerpt":{"rendered":"<p>Uchwyt drzwi ASSA ABLOY 270<\/p>","protected":false},"featured_media":147786,"template":"","meta":{"_acf_changed":false},"product_brand":[],"product_cat":[4607],"product_tag":[],"class_list":{"0":"post-147790","1":"product","2":"type-product","3":"status-publish","4":"has-post-thumbnail","6":"product_cat-porthallare","7":"pa_brands-abloy","8":"tm-no-options","10":"first","11":"instock","12":"sale","13":"taxable","14":"shipping-taxable","15":"purchasable","16":"product-type-simple"},"acf":[],"_links":{"self":[{"href":"https:\/\/secureus.se\/pl\/wp-json\/wp\/v2\/product\/147790","targetHints":{"allow":["GET"]}}],"collection":[{"href":"https:\/\/secureus.se\/pl\/wp-json\/wp\/v2\/product"}],"about":[{"href":"https:\/\/secureus.se\/pl\/wp-json\/wp\/v2\/types\/product"}],"wp:featuredmedia":[{"embeddable":true,"href":"https:\/\/secureus.se\/pl\/wp-json\/wp\/v2\/media\/147786"}],"wp:attachment":[{"href":"https:\/\/secureus.se\/pl\/wp-json\/wp\/v2\/media?parent=147790"}],"wp:term":[{"taxonomy":"product_brand","embeddable":true,"href":"https:\/\/secureus.se\/pl\/wp-json\/wp\/v2\/product_brand?post=147790"},{"taxonomy":"product_cat","embeddable":true,"href":"https:\/\/secureus.se\/pl\/wp-json\/wp\/v2\/product_cat?post=147790"},{"taxonomy":"product_tag","embeddable":true,"href":"https:\/\/secureus.se\/pl\/wp-json\/wp\/v2\/product_tag?post=147790"}],"curies":[{"name":"wp","href":"https:\/\/api.w.org\/{rel}","templated":true}]}}