{"id":147793,"date":"2025-02-11T15:45:49","date_gmt":"2025-02-11T14:45:49","guid":{"rendered":"https:\/\/secureus.se\/garageporthallare-1291-habo\/"},"modified":"2026-04-13T11:45:32","modified_gmt":"2026-04-13T09:45:32","slug":"garageporthallare-1291-habo","status":"publish","type":"product","link":"https:\/\/secureus.se\/pl\/garageporthallare-1291-habo\/","title":{"rendered":"Uchwyt na drzwi gara\u017cowe 1291 \u2013 Habo"},"content":{"rendered":"<header class=\"product-header\" role=\"banner\">\n<div class=\"short description product-short-description\">Uchwyt na drzwi gara\u017cowe Habo 1291 para<\/div>\n<div>\n<p><strong>Aby zamkn\u0105\u0107 drzwi w pozycji otwartej:<\/strong><\/p>\n<p>Odchyl drzwi nieco bardziej, tak aby metalowy element opad\u0142, a nast\u0119pnie zamknij drzwi w zwyk\u0142y spos\u00f3b.<\/p>\n<\/div>\n<\/header>","protected":false},"excerpt":{"rendered":"<div>Habo 1291 to uchwyt drzwi gara\u017cowych wykonany z rury stalowej o \u015brednicy 17 mm. Dostarczane parami, w komplecie ze \u015brubami.<\/div>\n<div><b><br \/>\nW\u0142a\u015bciwo\u015bci: <\/b><\/div>\n<div>\n<ul>\n<li>Maksymalny k\u0105t otwarcia 100\u00ba<\/li>\n<li>D\u0142ugo\u015b\u0107 pr\u0119ta: 1000 mm<\/li>\n<\/ul>\n<\/div>\n<div><\/div>","protected":false},"featured_media":147791,"template":"","meta":{"_acf_changed":false},"product_brand":[],"product_cat":[4607],"product_tag":[],"class_list":{"0":"post-147793","1":"product","2":"type-product","3":"status-publish","4":"has-post-thumbnail","6":"product_cat-porthallare","7":"product_shipping_class-tunga-paket","8":"pa_brands-habo","9":"tm-no-options","11":"first","12":"instock","13":"sale","14":"taxable","15":"shipping-taxable","16":"purchasable","17":"product-type-simple"},"acf":[],"_links":{"self":[{"href":"https:\/\/secureus.se\/pl\/wp-json\/wp\/v2\/product\/147793","targetHints":{"allow":["GET"]}}],"collection":[{"href":"https:\/\/secureus.se\/pl\/wp-json\/wp\/v2\/product"}],"about":[{"href":"https:\/\/secureus.se\/pl\/wp-json\/wp\/v2\/types\/product"}],"wp:featuredmedia":[{"embeddable":true,"href":"https:\/\/secureus.se\/pl\/wp-json\/wp\/v2\/media\/147791"}],"wp:attachment":[{"href":"https:\/\/secureus.se\/pl\/wp-json\/wp\/v2\/media?parent=147793"}],"wp:term":[{"taxonomy":"product_brand","embeddable":true,"href":"https:\/\/secureus.se\/pl\/wp-json\/wp\/v2\/product_brand?post=147793"},{"taxonomy":"product_cat","embeddable":true,"href":"https:\/\/secureus.se\/pl\/wp-json\/wp\/v2\/product_cat?post=147793"},{"taxonomy":"product_tag","embeddable":true,"href":"https:\/\/secureus.se\/pl\/wp-json\/wp\/v2\/product_tag?post=147793"}],"curies":[{"name":"wp","href":"https:\/\/api.w.org\/{rel}","templated":true}]}}