{"id":147836,"date":"2025-02-12T16:15:38","date_gmt":"2025-02-12T15:15:38","guid":{"rendered":"https:\/\/secureus.se\/ajax-hub-bp-4g-batteridriven-vit\/"},"modified":"2026-03-11T14:47:52","modified_gmt":"2026-03-11T13:47:52","slug":"ajax-hub-bp-4g-batteridriven-vit","status":"publish","type":"product","link":"https:\/\/secureus.se\/pl\/ajax-hub-bp-4g-batteridriven-vit\/","title":{"rendered":"Ajax Hub BP 4G zasilany bateri\u0105 \u2013 bia\u0142y"},"content":{"rendered":"<h3 data-start=\"0\" data-end=\"63\"><strong data-start=\"0\" data-end=\"63\">Hub BP \u2013 Centrum bezpiecze\u0144stwa zasilane bateriami dla miejsc bez pr\u0105du<\/strong><\/h3>\n<p data-start=\"65\" data-end=\"404\">Hub BP to innowacyjne urz\u0105dzenie centralne firmy Ajax, zaprojektowane tak, aby zapewni\u0107 bezpiecze\u0144stwo nawet tam, gdzie sie\u0107 energetyczna jest zawodna lub ca\u0142kowicie niedost\u0119pna. Hub BP doskonale sprawdzi si\u0119 w pustych domach, na placach budowy, w biurach lub innych odleg\u0142ych lokalizacjach. Zapewnia solidne i elastyczne rozwi\u0105zanie w zakresie bezpiecze\u0144stwa, d\u0142ugi czas pracy baterii i niezawodn\u0105 komunikacj\u0119 przez 4G\/LTE.<\/p>\n<h3 data-start=\"411\" data-end=\"433\">G\u0142\u00f3wne cechy<\/h3>\n<ul data-start=\"435\" data-end=\"2066\">\n<li data-start=\"435\" data-end=\"665\">\n<p data-start=\"437\" data-end=\"665\"><strong data-start=\"437\" data-end=\"461\">Dzia\u0142anie zasilane bateryjnie:<\/strong><br data-start=\"461\" data-end=\"464\" \/>Dzia\u0142a wy\u0142\u0105cznie przy u\u017cyciu baterii wewn\u0119trznych lub zewn\u0119trznych. Mo\u017cesz na przyk\u0142ad wybra\u0107 akumulator kwasowo-o\u0142owiowy 12 V 7,2 Ah, kt\u00f3ry zapewni Ci do 2 miesi\u0119cy pracy, lub akumulator 7,2 V 95 Ah, kt\u00f3ry zapewni do 17 miesi\u0119cy pracy.<\/p>\n<\/li>\n<li data-start=\"667\" data-end=\"839\">\n<p data-start=\"669\" data-end=\"839\"><strong data-start=\"669\" data-end=\"700\">4G\/LTE z dwiema kartami SIM:<\/strong><br data-start=\"700\" data-end=\"703\" \/>Dwa gniazda na karty micro-SIM gwarantuj\u0105 stabilne i bezpieczne po\u0142\u0105czenie, dzi\u0119ki czemu zawsze b\u0119dziesz mie\u0107 dost\u0119p do sieci, niezale\u017cnie od warunk\u00f3w sieciowych.<\/p>\n<\/li>\n<li data-start=\"841\" data-end=\"1022\">\n<p data-start=\"843\" data-end=\"1022\"><strong data-start=\"843\" data-end=\"861\">Antena zewn\u0119trzna:<\/strong><br data-start=\"861\" data-end=\"864\" \/>Zwi\u0119ksz zasi\u0119g sygna\u0142u dzi\u0119ki mo\u017cliwo\u015bci pod\u0142\u0105czenia zewn\u0119trznych anten. Wbudowane anteny stanowi\u0105 zabezpieczenie na wypadek uszkodzenia anteny zewn\u0119trznej.<\/p>\n<\/li>\n<li data-start=\"1024\" data-end=\"1183\">\n<p data-start=\"1026\" data-end=\"1183\"><strong data-start=\"1026\" data-end=\"1056\">Pe\u0142na kompatybilno\u015b\u0107:<\/strong><br data-start=\"1056\" data-end=\"1059\" \/>Hub BP jest w pe\u0142ni kompatybilny ze wszystkimi produktami Ajax, co u\u0142atwia integracj\u0119 z istniej\u0105cym systemem bezpiecze\u0144stwa.<\/p>\n<\/li>\n<li data-start=\"1185\" data-end=\"1331\">\n<p data-start=\"1187\" data-end=\"1331\"><strong data-start=\"1187\" data-end=\"1213\">Du\u017cy zasi\u0119g sieci bezprzewodowej:<\/strong><br data-start=\"1213\" data-end=\"1216\" \/>Dzi\u0119ki zasi\u0119gowi do 2000 metr\u00f3w w terenie otwartym mo\u017cesz bez problemu pokry\u0107 du\u017ce obszary i wiele budynk\u00f3w.<\/p>\n<\/li>\n<li data-start=\"1333\" data-end=\"1487\">\n<p data-start=\"1335\" data-end=\"1487\"><strong data-start=\"1335\" data-end=\"1366\">Zintegrowane zarz\u0105dzanie kamer\u0105:<\/strong><br data-start=\"1366\" data-end=\"1369\" \/>Obs\u0142uga kamer Ajax IR umo\u017cliwia urz\u0105dzeniu wykonywanie serii zdj\u0119\u0107 w przypadku wyst\u0105pienia alarmu \u2013 co doskonale sprawdza si\u0119 w przypadku weryfikacji zdarze\u0144.<\/p>\n<\/li>\n<li data-start=\"1489\" data-end=\"1712\">\n<p data-start=\"1491\" data-end=\"1712\"><strong data-start=\"1491\" data-end=\"1515\">\u0141atwa konfiguracja:<\/strong><br data-start=\"1515\" data-end=\"1518\" \/>Zarz\u0105dzaj systemem i konfiguruj go za pomoc\u0105 bezp\u0142atnych aplikacji Ajax PRO (dla instalator\u00f3w) i Ajax Security System (dla u\u017cytkownik\u00f3w). Dost\u0119pna jest r\u00f3wnie\u017c wersja PRO Desktop na systemy Windows i macOS.<\/p>\n<\/li>\n<li data-start=\"1714\" data-end=\"1887\">\n<p data-start=\"1716\" data-end=\"1887\"><strong data-start=\"1716\" data-end=\"1746\">Aktualizacje automatyczne:<\/strong><br data-start=\"1746\" data-end=\"1749\" \/>Aktualizacje oprogramowania sprz\u0119towego odbywaj\u0105 si\u0119 automatycznie po rozbrojeniu systemu, dzi\u0119ki czemu zawsze posiadasz najnowsz\u0105 i najbezpieczniejsz\u0105 wersj\u0119.<\/p>\n<\/li>\n<li data-start=\"1889\" data-end=\"2066\">\n<p data-start=\"1891\" data-end=\"2066\"><strong data-start=\"1891\" data-end=\"1914\">Elastyczne scenariusze:<\/strong><br data-start=\"1914\" data-end=\"1917\" \/>Utw\u00f3rz do 32 scenariuszy, aby na przyk\u0142ad sterowa\u0107 o\u015bwietleniem, wy\u0142\u0105cza\u0107 dop\u0142yw wody lub otwiera\u0107 drzwi gara\u017cu za pomoc\u0105 jednego naci\u015bni\u0119cia przycisku.<\/p>\n<\/li>\n<\/ul>\n<hr data-start=\"2303\" data-end=\"2306\" \/>\n<p data-start=\"2328\" data-end=\"2769\">Hub BP to najlepsze rozwi\u0105zanie zapewniaj\u0105ce bezpiecze\u0144stwo Twojej nieruchomo\u015bci, nawet gdy dost\u0119p do energii elektrycznej jest ograniczony. Dzi\u0119ki solidnemu zasilaniu bateryjnemu, niezawodnej komunikacji 4G\/LTE, du\u017cemu zasi\u0119gowi i \u0142atwej integracji z ca\u0142\u0105 gam\u0105 produkt\u00f3w Ajax otrzymujesz elastyczne i \u0142atwe w obs\u0142udze centrum bezpiecze\u0144stwa. Niezale\u017cnie od tego, czy chcesz zabezpieczy\u0107 pusty dom, czy skomplikowany system obiektowy, Hub BP zapewni Ci spok\u00f3j ducha i ci\u0105g\u0142\u0105 ochron\u0119 \u2013 dzie\u0144 po dniu.<\/p>\n<p data-start=\"2771\" data-end=\"2865\" data-is-last-node=\"\">Wybierz Hub BP, aby uzyska\u0107 kompletne i niezawodne rozwi\u0105zanie bezpiecze\u0144stwa, kt\u00f3re zapewni Ci sta\u0142\u0105 \u0142\u0105czno\u015b\u0107!<\/p>","protected":false},"excerpt":{"rendered":"<p data-start=\"0\" data-end=\"63\"><strong data-start=\"0\" data-end=\"63\">Hub BP \u2013 Centrum bezpiecze\u0144stwa zasilane bateriami dla miejsc bez pr\u0105du<\/strong><\/p>\n<p data-start=\"65\" data-end=\"404\">Hub BP to innowacyjne urz\u0105dzenie centralne firmy Ajax, zaprojektowane tak, aby zapewni\u0107 bezpiecze\u0144stwo nawet tam, gdzie sie\u0107 energetyczna jest zawodna lub ca\u0142kowicie niedost\u0119pna. Hub BP doskonale sprawdzi si\u0119 w pustych domach, na placach budowy, w biurach lub innych odleg\u0142ych lokalizacjach. Zapewnia solidne i elastyczne rozwi\u0105zanie w zakresie bezpiecze\u0144stwa, d\u0142ugi czas pracy baterii i niezawodn\u0105 komunikacj\u0119 przez 4G\/LTE.<\/p>","protected":false},"featured_media":151918,"template":"","meta":{"_acf_changed":false},"product_brand":[],"product_cat":[3154],"product_tag":[4863],"class_list":{"0":"post-147836","1":"product","2":"type-product","3":"status-publish","4":"has-post-thumbnail","6":"product_cat-centralenheter","7":"product_tag-pf","8":"product_shipping_class-tunga-paket","9":"pa_brands-ajax-systems","10":"pa_farg-svart","11":"pa_farg-vit","12":"tm-no-options","14":"first","15":"instock","16":"sale","17":"taxable","18":"shipping-taxable","19":"purchasable","20":"product-type-simple"},"acf":[],"_links":{"self":[{"href":"https:\/\/secureus.se\/pl\/wp-json\/wp\/v2\/product\/147836","targetHints":{"allow":["GET"]}}],"collection":[{"href":"https:\/\/secureus.se\/pl\/wp-json\/wp\/v2\/product"}],"about":[{"href":"https:\/\/secureus.se\/pl\/wp-json\/wp\/v2\/types\/product"}],"wp:featuredmedia":[{"embeddable":true,"href":"https:\/\/secureus.se\/pl\/wp-json\/wp\/v2\/media\/151918"}],"wp:attachment":[{"href":"https:\/\/secureus.se\/pl\/wp-json\/wp\/v2\/media?parent=147836"}],"wp:term":[{"taxonomy":"product_brand","embeddable":true,"href":"https:\/\/secureus.se\/pl\/wp-json\/wp\/v2\/product_brand?post=147836"},{"taxonomy":"product_cat","embeddable":true,"href":"https:\/\/secureus.se\/pl\/wp-json\/wp\/v2\/product_cat?post=147836"},{"taxonomy":"product_tag","embeddable":true,"href":"https:\/\/secureus.se\/pl\/wp-json\/wp\/v2\/product_tag?post=147836"}],"curies":[{"name":"wp","href":"https:\/\/api.w.org\/{rel}","templated":true}]}}