{"id":147843,"date":"2025-02-12T16:32:47","date_gmt":"2025-02-12T15:32:47","guid":{"rendered":"https:\/\/secureus.se\/ajax-externalantenna-antenn-till-hub-bp\/"},"modified":"2026-03-09T17:37:19","modified_gmt":"2026-03-09T16:37:19","slug":"ajax-externalantenna-antenn-till-hub-bp","status":"publish","type":"product","link":"https:\/\/secureus.se\/pl\/ajax-externalantenna-antenn-till-hub-bp\/","title":{"rendered":"Ajax ExternalAntenna \u2013 Antena do Hub BP"},"content":{"rendered":"<p data-start=\"0\" data-end=\"65\"><strong data-start=\"0\" data-end=\"65\">Ajax ExternalAntenna \u2013 Ulepszona si\u0142a sygna\u0142u dla Twojego Hub BP<\/strong><\/p>\n<p data-start=\"67\" data-end=\"341\">Zapewnij swojemu Hub BP optymaln\u0105 komunikacj\u0119 dzi\u0119ki zewn\u0119trznej antenie Ajax. Ta zewn\u0119trzna antena zosta\u0142a zaprojektowana specjalnie do wzmacniania sygna\u0142u w miejscach, w kt\u00f3rych sygna\u0142y bezprzewodowe s\u0105 s\u0142abe lub w og\u00f3le nie wyst\u0119puj\u0105, na przyk\u0142ad w kontenerach, sejfach, betonowych pomieszczeniach lub innych trudnych miejscach.<\/p>\n<hr data-start=\"343\" data-end=\"346\" \/>\n<h3 data-start=\"348\" data-end=\"370\">G\u0142\u00f3wne cechy<\/h3>\n<ul data-start=\"372\" data-end=\"1125\">\n<li data-start=\"372\" data-end=\"616\">\n<p data-start=\"374\" data-end=\"616\"><strong data-start=\"374\" data-end=\"396\">Ulepszony sygna\u0142:<\/strong><br data-start=\"396\" data-end=\"399\" \/>Zwi\u0119ksza si\u0142\u0119 sygna\u0142u Twojego Hub BP, zapewniaj\u0105c bardziej niezawodne i stabilne po\u0142\u0105czenie.<br data-start=\"494\" data-end=\"497\" \/>Obs\u0142uguje kana\u0142y komunikacyjne dla Jeweller (produkty bezprzewodowe), Wings (produkty bezprzewodowe z kamer\u0105) i LTE (4G).<\/p>\n<\/li>\n<li data-start=\"618\" data-end=\"742\">\n<p data-start=\"620\" data-end=\"742\"><strong data-start=\"620\" data-end=\"640\">D\u0142ugo\u015b\u0107 d\u0142ugiego kabla:<\/strong><br data-start=\"640\" data-end=\"643\" \/>Dzi\u0119ki kablowi o d\u0142ugo\u015bci 3 metr\u00f3w masz mo\u017cliwo\u015b\u0107 umieszczenia anteny w miejscu, w kt\u00f3rym sygna\u0142 jest najs\u0142abszy.<\/p>\n<\/li>\n<li data-start=\"744\" data-end=\"975\">\n<p data-start=\"746\" data-end=\"975\"><strong data-start=\"746\" data-end=\"768\">Funkcja bezpiecze\u0144stwa:<\/strong><br data-start=\"768\" data-end=\"771\" \/>Je\u015bli kabel antenowy zostanie przeci\u0119ty lub uszkodzony, bezpo\u015brednie ostrze\u017cenie zostanie wys\u0142ane do centrum alarmowego oraz za po\u015brednictwem aplikacji. Jednocze\u015bnie Hub BP automatycznie prze\u0142\u0105cza si\u0119 na anteny wewn\u0119trzne, aby zapewni\u0107 nieprzerwan\u0105 prac\u0119.<\/p>\n<\/li>\n<li data-start=\"977\" data-end=\"1125\">\n<p data-start=\"979\" data-end=\"1125\"><strong data-start=\"979\" data-end=\"1002\">\u0141atwa instalacja:<\/strong><br data-start=\"1002\" data-end=\"1005\" \/>Szybki i \u0142atwy monta\u017c anteny dzi\u0119ki do\u0142\u0105czonej dwustronnej ta\u015bmie klej\u0105cej \u2013 bez konieczno\u015bci u\u017cywania skomplikowanych narz\u0119dzi.<\/p>\n<\/li>\n<\/ul>\n<hr data-start=\"1127\" data-end=\"1130\" \/>\n<h3 data-start=\"1132\" data-end=\"1151\">Dane techniczne<\/h3>\n<ul data-start=\"1153\" data-end=\"1338\">\n<li data-start=\"1153\" data-end=\"1196\">\n<p data-start=\"1155\" data-end=\"1196\"><strong data-start=\"1155\" data-end=\"1174\">Zgodno\u015b\u0107:<\/strong><br data-start=\"1174\" data-end=\"1177\" \/>Tylko dla Hub BP<\/p>\n<\/li>\n<li data-start=\"1198\" data-end=\"1227\">\n<p data-start=\"1200\" data-end=\"1227\"><strong data-start=\"1200\" data-end=\"1215\">D\u0142ugo\u015b\u0107 kabla:<\/strong><br data-start=\"1215\" data-end=\"1218\" \/>3 metry<\/p>\n<\/li>\n<li data-start=\"1229\" data-end=\"1254\">\n<p data-start=\"1231\" data-end=\"1254\"><strong data-start=\"1231\" data-end=\"1246\">Typ kontaktu:<\/strong><br data-start=\"1246\" data-end=\"1249\" \/>SMA<\/p>\n<\/li>\n<li data-start=\"1256\" data-end=\"1338\">\n<p data-start=\"1258\" data-end=\"1338\"><strong data-start=\"1258\" data-end=\"1279\">Zakres temperatur:<\/strong><br data-start=\"1279\" data-end=\"1282\" \/>-10\u00b0C do +85\u00b0C, przy wilgotno\u015bci do 95%<\/p>\n<\/li>\n<\/ul>\n<hr data-start=\"1340\" data-end=\"1343\" \/>\n<p data-start=\"1365\" data-end=\"1746\">Ajax ExternalAntenna to rozwi\u0105zanie pozwalaj\u0105ce pokona\u0107 bariery fizyczne utrudniaj\u0105ce komunikacj\u0119 radiow\u0105. Umieszczenie anteny w miejscu, w kt\u00f3rym jest najbardziej potrzebna, poprawia jako\u015b\u0107 sygna\u0142u zar\u00f3wno produkt\u00f3w bezprzewodowych, jak i po\u0142\u0105cze\u0144 4G. Dzi\u0119ki \u0142atwej instalacji, funkcjom bezpiecze\u0144stwa i solidnej konstrukcji ta antena gwarantuje niezawodn\u0105 prac\u0119 Twojego Hub BP nawet w najtrudniejszych warunkach.<\/p>\n<p data-start=\"1748\" data-end=\"1868\" data-is-last-node=\"\">Wybierz Ajax ExternalAntenna, aby mie\u0107 pewno\u015b\u0107, \u017ce Tw\u00f3j Hub BP zawsze b\u0119dzie mia\u0142 silne i stabilne po\u0142\u0105czenie, niezale\u017cnie od otoczenia!<\/p>","protected":false},"excerpt":{"rendered":"<p data-start=\"0\" data-end=\"65\"><strong data-start=\"0\" data-end=\"65\">Ajax ExternalAntenna \u2013 Ulepszona si\u0142a sygna\u0142u dla Twojego Hub BP<\/strong><\/p>\n<p data-start=\"67\" data-end=\"341\">Zapewnij swojemu Hub BP optymaln\u0105 komunikacj\u0119 dzi\u0119ki zewn\u0119trznej antenie Ajax. Ta zewn\u0119trzna antena zosta\u0142a zaprojektowana specjalnie do wzmacniania sygna\u0142u w miejscach, w kt\u00f3rych sygna\u0142y bezprzewodowe s\u0105 s\u0142abe lub w og\u00f3le nie wyst\u0119puj\u0105, na przyk\u0142ad w kontenerach, sejfach, betonowych pomieszczeniach lub innych trudnych miejscach.<\/p>","protected":false},"featured_media":156679,"template":"","meta":{"_acf_changed":false},"product_brand":[],"product_cat":[3168],"product_tag":[4863],"class_list":{"0":"post-147843","1":"product","2":"type-product","3":"status-publish","4":"has-post-thumbnail","6":"product_cat-range-extender-repeater","7":"product_tag-pf","8":"product_shipping_class-postnord-varubrev","9":"pa_brands-ajax-systems","10":"pa_farg-svart","11":"tm-no-options","13":"first","14":"instock","15":"taxable","16":"shipping-taxable","17":"purchasable","18":"product-type-simple"},"acf":[],"_links":{"self":[{"href":"https:\/\/secureus.se\/pl\/wp-json\/wp\/v2\/product\/147843","targetHints":{"allow":["GET"]}}],"collection":[{"href":"https:\/\/secureus.se\/pl\/wp-json\/wp\/v2\/product"}],"about":[{"href":"https:\/\/secureus.se\/pl\/wp-json\/wp\/v2\/types\/product"}],"wp:featuredmedia":[{"embeddable":true,"href":"https:\/\/secureus.se\/pl\/wp-json\/wp\/v2\/media\/156679"}],"wp:attachment":[{"href":"https:\/\/secureus.se\/pl\/wp-json\/wp\/v2\/media?parent=147843"}],"wp:term":[{"taxonomy":"product_brand","embeddable":true,"href":"https:\/\/secureus.se\/pl\/wp-json\/wp\/v2\/product_brand?post=147843"},{"taxonomy":"product_cat","embeddable":true,"href":"https:\/\/secureus.se\/pl\/wp-json\/wp\/v2\/product_cat?post=147843"},{"taxonomy":"product_tag","embeddable":true,"href":"https:\/\/secureus.se\/pl\/wp-json\/wp\/v2\/product_tag?post=147843"}],"curies":[{"name":"wp","href":"https:\/\/api.w.org\/{rel}","templated":true}]}}