{"id":147856,"date":"2025-02-13T15:24:30","date_gmt":"2025-02-13T14:24:30","guid":{"rendered":"https:\/\/secureus.se\/batteribox-sbb2-45-vagg-max-2x45ah\/"},"modified":"2025-12-31T21:48:01","modified_gmt":"2025-12-31T20:48:01","slug":"batteribox-sbb2-45-vagg-max-2x45ah","status":"publish","type":"product","link":"https:\/\/secureus.se\/pl\/batteribox-sbb2-45-vagg-max-2x45ah\/","title":{"rendered":"Skrzynka akumulatorowa SBB2-45 \u015bcienna max 2x45Ah"},"content":{"rendered":"<h1 data-start=\"456\" data-end=\"918\">Obudowa akumulatorowa SBB2-45 przeznaczona jest do akumulator\u00f3w o pojemno\u015bci od 7 do 45 Ah i stanowi bezpieczne i wydajne rozwi\u0105zanie do zasilania system\u00f3w bezpiecze\u0144stwa i innych zastosowa\u0144.<\/h1>\n<p data-start=\"456\" data-end=\"918\">Wyposa\u017cony jest w centraln\u0105 bateri\u0119 typu MCB 32A i posiada wewn\u0119trzne okablowanie, dzi\u0119ki czemu instalacja jest szybka i \u0142atwa.<\/p>\n<p data-start=\"456\" data-end=\"918\">Obudowa akumulatora pasuje do SM40 i jest przeznaczona do monta\u017cu na \u015bcianie, co pozwala zaoszcz\u0119dzi\u0107 miejsce i zachowa\u0107 porz\u0105dek podczas instalacji.<\/p>\n<p data-start=\"920\" data-end=\"1271\">Ca\u0142kowicie zamkni\u0119ta konstrukcja gwarantuje dobr\u0105 ochron\u0119 przed kurzem i wilgoci\u0105, co pozwala na stosowanie urz\u0105dzenia zar\u00f3wno wewn\u0105trz, jak i w trudniejszych warunkach.<\/p>\n<p data-start=\"920\" data-end=\"1271\">Wymiary obudowy akumulatora wynosz\u0105 180 mm g\u0142\u0119boko\u015bci, 320 mm wysoko\u015bci i 420 mm szeroko\u015bci, dzi\u0119ki czemu mo\u017cna go \u0142atwo zintegrowa\u0107 z wi\u0119kszo\u015bci\u0105 instalacji.<\/p>\n<p data-start=\"920\" data-end=\"1271\">Produkt obj\u0119ty jest 24-miesi\u0119czn\u0105 gwarancj\u0105, co zapewnia spok\u00f3j ducha podczas d\u0142ugotrwa\u0142ego u\u017cytkowania.<\/p>\n<p data-start=\"1273\" data-end=\"1303\"><strong data-start=\"1273\" data-end=\"1301\">Funkcje i zalety:<\/strong><\/p>\n<ul data-start=\"1304\" data-end=\"1531\">\n<li data-start=\"1304\" data-end=\"1343\">Pasuje do akumulator\u00f3w od 7Ah do 45Ah<\/li>\n<li data-start=\"1344\" data-end=\"1396\">Zawiera wewn\u0119trzne okablowanie u\u0142atwiaj\u0105ce instalacj\u0119<\/li>\n<li data-start=\"1397\" data-end=\"1481\">Wyposa\u017cony w centralk\u0119 akumulatorow\u0105 typu MCB 32A i kabel do pod\u0142\u0105czenia do prostownika<\/li>\n<li data-start=\"1482\" data-end=\"1531\">Ca\u0142kowicie zamkni\u0119ta i trwa\u0142a konstrukcja do monta\u017cu na \u015bcianie<\/li>\n<\/ul>\n<p data-start=\"1538\" data-end=\"1569\"><strong data-start=\"1538\" data-end=\"1567\">Dane techniczne:<\/strong><\/p>\n<ul data-start=\"1570\" data-end=\"1823\">\n<li data-start=\"1570\" data-end=\"1598\">Pojemno\u015b\u0107 akumulatora: 7\u201345Ah<\/li>\n<li data-start=\"1599\" data-end=\"1630\">Centrum baterii: typ MCB 32A<\/li>\n<li data-start=\"1631\" data-end=\"1664\">Okablowanie: Okablowanie wewn\u0119trzne w zestawie<\/li>\n<li data-start=\"1665\" data-end=\"1705\">Wymiary (szer. x wys. x g\u0142.): 420 x 320 x 180 mm<\/li>\n<li data-start=\"1706\" data-end=\"1738\">Certyfikacja: Nie certyfikowana<\/li>\n<li data-start=\"1739\" data-end=\"1762\">Gwarancja: 24 miesi\u0105ce<\/li>\n<li data-start=\"1763\" data-end=\"1779\">Pasuje do: SM40<\/li>\n<li data-start=\"1780\" data-end=\"1803\">Marka: Swansons<\/li>\n<\/ul>","protected":false},"excerpt":{"rendered":"<p>Obudowa akumulatorowa SBB2-45 do monta\u017cu na \u015bcianie to solidna, ca\u0142kowicie zamkni\u0119ta obudowa akumulatorowa, mieszcz\u0105ca akumulatory o pojemno\u015bci od 7 do 45 Ah.<\/p>\n<p>Posiada wewn\u0119trzne okablowanie i centraln\u0105 bateri\u0119 typu MCB 32A umo\u017cliwiaj\u0105c\u0105 \u0142atwe pod\u0142\u0105czanie do prostownik\u00f3w.<\/p>\n<p>Pasuje do SM40 i stanowi praktyczne rozwi\u0105zanie zasilania, charakteryzuj\u0105ce si\u0119 \u0142atw\u0105 instalacj\u0105 i du\u017c\u0105 trwa\u0142o\u015bci\u0105.<\/p>","protected":false},"featured_media":147855,"template":"","meta":{"_acf_changed":false},"product_brand":[],"product_cat":[4613,2428],"product_tag":[],"class_list":{"0":"post-147856","1":"product","2":"type-product","3":"status-publish","4":"has-post-thumbnail","6":"product_cat-batteribox","7":"product_cat-stromforsorjning-batterier","8":"pa_brands-swansons","9":"tm-no-options","11":"first","12":"instock","13":"taxable","14":"shipping-taxable","15":"purchasable","16":"product-type-simple"},"acf":[],"_links":{"self":[{"href":"https:\/\/secureus.se\/pl\/wp-json\/wp\/v2\/product\/147856","targetHints":{"allow":["GET"]}}],"collection":[{"href":"https:\/\/secureus.se\/pl\/wp-json\/wp\/v2\/product"}],"about":[{"href":"https:\/\/secureus.se\/pl\/wp-json\/wp\/v2\/types\/product"}],"wp:featuredmedia":[{"embeddable":true,"href":"https:\/\/secureus.se\/pl\/wp-json\/wp\/v2\/media\/147855"}],"wp:attachment":[{"href":"https:\/\/secureus.se\/pl\/wp-json\/wp\/v2\/media?parent=147856"}],"wp:term":[{"taxonomy":"product_brand","embeddable":true,"href":"https:\/\/secureus.se\/pl\/wp-json\/wp\/v2\/product_brand?post=147856"},{"taxonomy":"product_cat","embeddable":true,"href":"https:\/\/secureus.se\/pl\/wp-json\/wp\/v2\/product_cat?post=147856"},{"taxonomy":"product_tag","embeddable":true,"href":"https:\/\/secureus.se\/pl\/wp-json\/wp\/v2\/product_tag?post=147856"}],"curies":[{"name":"wp","href":"https:\/\/api.w.org\/{rel}","templated":true}]}}