{"id":147858,"date":"2025-02-13T15:19:15","date_gmt":"2025-02-13T14:19:15","guid":{"rendered":"https:\/\/secureus.se\/batteribox-sbb1-20-vagg-max-2x20ah\/"},"modified":"2025-12-31T21:47:56","modified_gmt":"2025-12-31T20:47:56","slug":"batteribox-sbb1-20-vagg-max-2x20ah","status":"publish","type":"product","link":"https:\/\/secureus.se\/pl\/batteribox-sbb1-20-vagg-max-2x20ah\/","title":{"rendered":"Skrzynka akumulatorowa SBB1-20 \u015bcienna max 2x20Ah"},"content":{"rendered":"<h1>Skrzynka akumulatorowa SBB1-20 \u015bcienna max 2x20Ah<\/h1>\n<p>Ta w pe\u0142ni zamkni\u0119ta, montowana na \u015bcianie obudowa akumulatorowa idealnie nadaje si\u0119 do przechowywania akumulator\u00f3w o pojemno\u015bci 7\u201320 Ah i stanowi niezawodne rozwi\u0105zanie do zasilania r\u00f3\u017cnych system\u00f3w bezpiecze\u0144stwa i innego sprz\u0119tu.<\/p>\n<p data-start=\"488\" data-end=\"883\">Wyposa\u017cono go w centraln\u0105 bateri\u0119 MCB 16 A i wewn\u0119trzne okablowanie umo\u017cliwiaj\u0105ce \u0142atwe pod\u0142\u0105czenie do prostownik\u00f3w, dzi\u0119ki czemu instalacja jest szybka i bezproblemowa.<\/p>\n<p data-start=\"885\" data-end=\"1263\">Obudowa akumulatora zosta\u0142a zaprojektowana specjalnie do SM40 i stanowi bezpieczne i praktyczne rozwi\u0105zanie do monta\u017cu na \u015bcianie.<\/p>\n<p data-start=\"885\" data-end=\"1263\">Kompaktowa konstrukcja (wymiary: g\u0142\u0119boko\u015b\u0107 110 mm, wysoko\u015b\u0107 300 mm, szeroko\u015b\u0107 360 mm) pozwala na \u0142atw\u0105 integracj\u0119 z r\u00f3\u017cnymi typami instalacji.<\/p>\n<p data-start=\"885\" data-end=\"1263\">Pude\u0142ko nie jest certyfikowane, ale posiada d\u0142ug\u0105, 24-miesi\u0119czn\u0105 gwarancj\u0119, co zapewnia spok\u00f3j ducha i d\u0142ugotrwa\u0142e u\u017cytkowanie.<\/p>\n<p data-start=\"1265\" data-end=\"1295\"><strong data-start=\"1265\" data-end=\"1293\">Funkcje i zalety:<\/strong><\/p>\n<ul data-start=\"1296\" data-end=\"1518\">\n<li data-start=\"1296\" data-end=\"1335\">Pasuje do akumulator\u00f3w od 7Ah do 20Ah<\/li>\n<li data-start=\"1336\" data-end=\"1388\">Zawiera wewn\u0119trzne okablowanie u\u0142atwiaj\u0105ce instalacj\u0119<\/li>\n<li data-start=\"1389\" data-end=\"1473\">Wyposa\u017cony w centralk\u0119 akumulatorow\u0105 typu MCB 16A i kabel do pod\u0142\u0105czenia do prostownika<\/li>\n<li data-start=\"1474\" data-end=\"1518\">Kompaktowa i trwa\u0142a konstrukcja do monta\u017cu na \u015bcianie<\/li>\n<\/ul>\n<p data-start=\"1525\" data-end=\"1556\"><strong data-start=\"1525\" data-end=\"1554\">Dane techniczne:<\/strong><\/p>\n<ul data-start=\"1557\" data-end=\"1839\">\n<li data-start=\"1557\" data-end=\"1585\">Pojemno\u015b\u0107 akumulatora: 7\u201320Ah<\/li>\n<li data-start=\"1586\" data-end=\"1617\">Centrum baterii: typ MCB 16A<\/li>\n<li data-start=\"1618\" data-end=\"1651\">Okablowanie: Okablowanie wewn\u0119trzne w zestawie<\/li>\n<li data-start=\"1652\" data-end=\"1692\">Wymiary (szer. x wys. x g\u0142.): 360 x 300 x 110 mm<\/li>\n<li data-start=\"1693\" data-end=\"1725\">Certyfikacja: Nie certyfikowana<\/li>\n<li data-start=\"1726\" data-end=\"1749\">Gwarancja: 24 miesi\u0105ce<\/li>\n<li data-start=\"1796\" data-end=\"1819\">Marka: Swansons<\/li>\n<\/ul>","protected":false},"excerpt":{"rendered":"<p>Montowana na \u015bcianie obudowa akumulatorowa, przeznaczona do akumulator\u00f3w o pojemno\u015bci 7\u201320 Ah, w tym wewn\u0119trzne okablowanie dla \u0142atwej instalacji.<\/p>\n<p>Wyposa\u017cony w centralk\u0119 akumulatorow\u0105 typu MCB 16A i kabel umo\u017cliwiaj\u0105cy \u0142atwe pod\u0142\u0105czenie do prostownika.<\/p>\n<p>Kompaktowa konstrukcja o wysokiej trwa\u0142o\u015bci i 24-miesi\u0119czna gwarancja.<\/p>\n<p>Doskonale nadaje si\u0119 do zasilania system\u00f3w bezpiecze\u0144stwa.<\/p>","protected":false},"featured_media":147857,"template":"","meta":{"_acf_changed":false},"product_brand":[],"product_cat":[4613,2428],"product_tag":[],"class_list":{"0":"post-147858","1":"product","2":"type-product","3":"status-publish","4":"has-post-thumbnail","6":"product_cat-batteribox","7":"product_cat-stromforsorjning-batterier","8":"pa_brands-swansons","9":"tm-no-options","11":"first","12":"instock","13":"taxable","14":"shipping-taxable","15":"purchasable","16":"product-type-simple"},"acf":[],"_links":{"self":[{"href":"https:\/\/secureus.se\/pl\/wp-json\/wp\/v2\/product\/147858","targetHints":{"allow":["GET"]}}],"collection":[{"href":"https:\/\/secureus.se\/pl\/wp-json\/wp\/v2\/product"}],"about":[{"href":"https:\/\/secureus.se\/pl\/wp-json\/wp\/v2\/types\/product"}],"wp:featuredmedia":[{"embeddable":true,"href":"https:\/\/secureus.se\/pl\/wp-json\/wp\/v2\/media\/147857"}],"wp:attachment":[{"href":"https:\/\/secureus.se\/pl\/wp-json\/wp\/v2\/media?parent=147858"}],"wp:term":[{"taxonomy":"product_brand","embeddable":true,"href":"https:\/\/secureus.se\/pl\/wp-json\/wp\/v2\/product_brand?post=147858"},{"taxonomy":"product_cat","embeddable":true,"href":"https:\/\/secureus.se\/pl\/wp-json\/wp\/v2\/product_cat?post=147858"},{"taxonomy":"product_tag","embeddable":true,"href":"https:\/\/secureus.se\/pl\/wp-json\/wp\/v2\/product_tag?post=147858"}],"curies":[{"name":"wp","href":"https:\/\/api.w.org\/{rel}","templated":true}]}}