{"id":147870,"date":"2025-02-14T11:54:09","date_gmt":"2025-02-14T10:54:09","guid":{"rendered":"https:\/\/secureus.se\/kolsyreslackare-co2-5kg\/"},"modified":"2026-01-07T10:15:39","modified_gmt":"2026-01-07T09:15:39","slug":"kolsyreslackare-co2-5kg","status":"publish","type":"product","link":"https:\/\/secureus.se\/pl\/kolsyreslackare-co2-5kg\/","title":{"rendered":"Ga\u015bnica dwutlenkiem w\u0119gla Co2 5 kg \u2013 Mocna ga\u015bnica do po\u017car\u00f3w klasy B"},"content":{"rendered":"<h3 data-start=\"0\" data-end=\"81\"><strong data-start=\"4\" data-end=\"79\">Ga\u015bnica dwutlenkiem w\u0119gla Co2 5 kg \u2013 Mocna ga\u015bnica do po\u017car\u00f3w klasy B<\/strong><\/h3>\n<p data-start=\"331\" data-end=\"655\">Ten <strong data-start=\"375\" data-end=\"403\">ga\u015bnica ogniowa na dwutlenek w\u0119gla Co2 5 kg<\/strong> jest wydajnym i niezawodnym rozwi\u0105zaniem do gaszenia po\u017car\u00f3w cieczy \u0142atwopalnych (klasa B). Urz\u0105dzenie zosta\u0142o zbudowane zgodnie z norm\u0105 UNI EN 3-7:2008 i certyfikowane zgodnie z dyrektyw\u0105 PED dotycz\u0105c\u0105 urz\u0105dze\u0144 ci\u015bnieniowych 2014\/68\/UE, co gwarantuje najwy\u017csz\u0105 jako\u015b\u0107 i wydajno\u015b\u0107.<\/p>\n<p data-start=\"657\" data-end=\"1025\">Ga\u015bnica na dwutlenek w\u0119gla zawiera <strong data-start=\"685\" data-end=\"706\">99,99 % dwutlenek w\u0119gla<\/strong>, co oznacza, \u017ce gasi po\u017car nie pozostawiaj\u0105c \u017cadnych pozosta\u0142o\u015bci. Dzi\u0119ki temu doskonale nadaje si\u0119 do delikatnego sprz\u0119tu elektronicznego i instalacji elektrycznych do 1000 V. Ga\u015bnica ma solidn\u0105 konstrukcj\u0119 ze stali o wysokiej wytrzyma\u0142o\u015bci, pokryt\u0105 epoksydowo-poliestrow\u0105 pow\u0142ok\u0105 w kolorze RAL 3000, co zapewnia doskona\u0142\u0105 ochron\u0119 przed korozj\u0105 i trwa\u0142o\u015b\u0107.<\/p>\n<p data-start=\"1027\" data-end=\"1057\"><strong data-start=\"1027\" data-end=\"1055\">Cechy i korzy\u015bci:<\/strong><\/p>\n<ul data-start=\"1058\" data-end=\"1375\">\n<li data-start=\"1058\" data-end=\"1119\"><strong data-start=\"1060\" data-end=\"1079\">Wysoka moc gaszenia<\/strong> \u2013 klasa 113B dla cieczy \u0142atwopalnych<\/li>\n<li data-start=\"1120\" data-end=\"1184\"><strong data-start=\"1122\" data-end=\"1167\">Bezpieczny do stosowania w urz\u0105dzeniach elektrycznych<\/strong> do 1000V<\/li>\n<li data-start=\"1185\" data-end=\"1246\"><strong data-start=\"1187\" data-end=\"1215\">Trwa\u0142a konstrukcja stalowa<\/strong> z pow\u0142ok\u0105 poliestrowo-epoksydow\u0105<\/li>\n<li data-start=\"1247\" data-end=\"1313\"><strong data-start=\"1249\" data-end=\"1269\">D\u0142ugi czas opr\u00f3\u017cniania<\/strong> w 15 sekund, co zapewnia maksymaln\u0105 skuteczno\u015b\u0107 gaszenia<\/li>\n<li data-start=\"1314\" data-end=\"1375\"><strong data-start=\"1316\" data-end=\"1373\">Certyfikowany zgodnie z normami UNI EN 3-7:2008 i PED 2014\/68\/UE<\/strong><\/li>\n<\/ul>\n<p data-start=\"1377\" data-end=\"1408\"><strong data-start=\"1377\" data-end=\"1406\">Dane techniczne:<\/strong><\/p>\n<ul data-start=\"1409\" data-end=\"1856\">\n<li data-start=\"1409\" data-end=\"1440\"><strong data-start=\"1411\" data-end=\"1426\">\u015arodki ga\u015bnicze:<\/strong> 99,99 % Co2<\/li>\n<li data-start=\"1441\" data-end=\"1465\"><strong data-start=\"1443\" data-end=\"1458\">Klasa ogniowa:<\/strong> 113B<\/li>\n<li data-start=\"1466\" data-end=\"1509\"><strong data-start=\"1468\" data-end=\"1488\">Temperatura pracy:<\/strong> -20\u00b0C do +60\u00b0C<\/li>\n<li data-start=\"1510\" data-end=\"1541\"><strong data-start=\"1512\" data-end=\"1534\">Wype\u0142nienie nominalne:<\/strong> 5 kilogram\u00f3w<\/li>\n<li data-start=\"1542\" data-end=\"1569\"><strong data-start=\"1544\" data-end=\"1558\">Ca\u0142kowita waga:<\/strong> ~13,8 kg<\/li>\n<li data-start=\"1570\" data-end=\"1602\"><strong data-start=\"1572\" data-end=\"1588\">Czas opr\u00f3\u017cniania:<\/strong> 15 sekund<\/li>\n<li data-start=\"1603\" data-end=\"1633\"><strong data-start=\"1605\" data-end=\"1624\">Maksymalny moment obrotowy:<\/strong> 196 Nm<\/li>\n<li data-start=\"1634\" data-end=\"1668\"><strong data-start=\"1636\" data-end=\"1658\">Ci\u015bnienie pr\u00f3bne zbiornika:<\/strong> 250 bar<\/li>\n<li data-start=\"1669\" data-end=\"1697\"><strong data-start=\"1671\" data-end=\"1689\">Pojemno\u015b\u0107 zbiornika:<\/strong> 7,5 litra<\/li>\n<li data-start=\"1698\" data-end=\"1746\"><strong data-start=\"1700\" data-end=\"1729\">Ci\u015bnienie zaworu bezpiecze\u0144stwa:<\/strong> 185 +\/- 15 bar<\/li>\n<li data-start=\"1747\" data-end=\"1777\"><strong data-start=\"1749\" data-end=\"1762\">Tworzywo:<\/strong> Stal stopowa<\/li>\n<li data-start=\"1778\" data-end=\"1856\"><strong data-start=\"1780\" data-end=\"1797\">Obr\u00f3bka powierzchni:<\/strong> Epoksyd poliester RAL 3000, piaskowany i malowany proszkowo<\/li>\n<\/ul>\n<p data-start=\"1991\" data-end=\"2156\" data-is-last-node=\"\">","protected":false},"excerpt":{"rendered":"<p>Ga\u015bnica dwutlenkowa Co2 5 kg - Skuteczna ga\u015bnica do po\u017car\u00f3w klasy B Ga\u015bnica dwutlenkowa Co2 5 kg to skuteczne i niezawodne rozwi\u0105zanie do gaszenia po\u017car\u00f3w cieczy \u0142atwopalnych (klasa B).<\/p>","protected":false},"featured_media":147869,"template":"","meta":{"_acf_changed":false},"product_brand":[],"product_cat":[1533],"product_tag":[],"class_list":{"0":"post-147870","1":"product","2":"type-product","3":"status-publish","4":"has-post-thumbnail","6":"product_cat-brandslackare","7":"tm-no-options","9":"first","10":"outofstock","11":"sale","12":"taxable","13":"shipping-taxable","14":"purchasable","15":"product-type-simple"},"acf":[],"_links":{"self":[{"href":"https:\/\/secureus.se\/pl\/wp-json\/wp\/v2\/product\/147870","targetHints":{"allow":["GET"]}}],"collection":[{"href":"https:\/\/secureus.se\/pl\/wp-json\/wp\/v2\/product"}],"about":[{"href":"https:\/\/secureus.se\/pl\/wp-json\/wp\/v2\/types\/product"}],"wp:featuredmedia":[{"embeddable":true,"href":"https:\/\/secureus.se\/pl\/wp-json\/wp\/v2\/media\/147869"}],"wp:attachment":[{"href":"https:\/\/secureus.se\/pl\/wp-json\/wp\/v2\/media?parent=147870"}],"wp:term":[{"taxonomy":"product_brand","embeddable":true,"href":"https:\/\/secureus.se\/pl\/wp-json\/wp\/v2\/product_brand?post=147870"},{"taxonomy":"product_cat","embeddable":true,"href":"https:\/\/secureus.se\/pl\/wp-json\/wp\/v2\/product_cat?post=147870"},{"taxonomy":"product_tag","embeddable":true,"href":"https:\/\/secureus.se\/pl\/wp-json\/wp\/v2\/product_tag?post=147870"}],"curies":[{"name":"wp","href":"https:\/\/api.w.org\/{rel}","templated":true}]}}