{"id":147915,"date":"2025-02-17T12:59:02","date_gmt":"2025-02-17T11:59:02","guid":{"rendered":"https:\/\/secureus.se\/?post_type=product&#038;p=147915"},"modified":"2026-03-25T15:31:43","modified_gmt":"2026-03-25T14:31:43","slug":"skruvogla-25-08-gulkrom","status":"publish","type":"product","link":"https:\/\/secureus.se\/pl\/skruvogla-25-08-gulkrom\/","title":{"rendered":"\u015aruba oczkowa 25\/08 Chrom \u017c\u00f3\u0142ty"},"content":{"rendered":"","protected":false},"excerpt":{"rendered":"<p>\nOczko \u015brubowe uzupe\u0142niaj\u0105ce hak sztormowy ROCA. \u015aruba oczkowa dost\u0119pna jest w wykonaniu ze stali nierdzewnej odpornej na kwasy (AISI316) oraz stali.<\/p>","protected":false},"featured_media":147914,"template":"","meta":{"_acf_changed":false},"product_brand":[],"product_cat":[4649],"product_tag":[],"class_list":{"0":"post-147915","1":"product","2":"type-product","3":"status-publish","4":"has-post-thumbnail","6":"product_cat-fonsterhallare","7":"product_shipping_class-postnord-varubrev","8":"pa_brands-roca","9":"tm-no-options","11":"first","12":"instock","13":"taxable","14":"shipping-taxable","15":"purchasable","16":"product-type-simple"},"acf":[],"_links":{"self":[{"href":"https:\/\/secureus.se\/pl\/wp-json\/wp\/v2\/product\/147915","targetHints":{"allow":["GET"]}}],"collection":[{"href":"https:\/\/secureus.se\/pl\/wp-json\/wp\/v2\/product"}],"about":[{"href":"https:\/\/secureus.se\/pl\/wp-json\/wp\/v2\/types\/product"}],"wp:featuredmedia":[{"embeddable":true,"href":"https:\/\/secureus.se\/pl\/wp-json\/wp\/v2\/media\/147914"}],"wp:attachment":[{"href":"https:\/\/secureus.se\/pl\/wp-json\/wp\/v2\/media?parent=147915"}],"wp:term":[{"taxonomy":"product_brand","embeddable":true,"href":"https:\/\/secureus.se\/pl\/wp-json\/wp\/v2\/product_brand?post=147915"},{"taxonomy":"product_cat","embeddable":true,"href":"https:\/\/secureus.se\/pl\/wp-json\/wp\/v2\/product_cat?post=147915"},{"taxonomy":"product_tag","embeddable":true,"href":"https:\/\/secureus.se\/pl\/wp-json\/wp\/v2\/product_tag?post=147915"}],"curies":[{"name":"wp","href":"https:\/\/api.w.org\/{rel}","templated":true}]}}