{"id":147918,"date":"2025-02-17T12:59:02","date_gmt":"2025-02-17T11:59:02","guid":{"rendered":"https:\/\/secureus.se\/?post_type=product&#038;p=147918"},"modified":"2026-03-25T15:32:17","modified_gmt":"2026-03-25T14:32:17","slug":"fonsterhallare-225-vit","status":"publish","type":"product","link":"https:\/\/secureus.se\/pl\/fonsterhallare-225-vit\/","title":{"rendered":"Uchwyt na okno 225 Bia\u0142y"},"content":{"rendered":"<div>Uchwyt okienny ASSA ABLOY 225 przeznaczony jest do okien otwieranych na zewn\u0105trz.<\/div>\n<div><b><br \/>W\u0142a\u015bciwo\u015bci: <\/b><\/div>\n<div>\n<ul>\n<li>Po\u017c\u0105dan\u0105 pozycj\u0119 otwarcia ustala si\u0119 za pomoc\u0105 \u015bruby regulacyjnej.<\/li>\n<li>Pasuje zar\u00f3wno do prawej, jak i lewej strony<\/li>\n<li>Dla szeroko\u015bci \u0142uku poni\u017cej 500 mm (230 dla szeroko\u015bci \u0142uku powy\u017cej 500 mm)<\/li>\n<li>Mo\u017cna go r\u00f3wnie\u017c u\u017cywa\u0107 do ustawiania w oddzielnym \u0142uku. Podnie\u015b sworze\u0144 pr\u0119ta, od\u0142\u0105cz pr\u0119t od uchwytu pr\u0119ta i zawie\u015b go w podk\u0142adce na zewn\u0119trznym pier\u015bcieniu<\/li>\n<li>Zalecana \u015bruba: uchwyt pr\u0119ta TKX 4,0 mm i uchwyt ramy TKFX 3,5 mm<\/li>\n<li>UWAGA! Niezabezpieczone przed dzie\u0107mi<\/li>\n<\/ul>\n<\/div>\n<div><b><br \/>Montowanie:<\/b><\/div>\n<div>\n<ul>\n<li>Z\u0142\u00f3\u017c zgodnie z instrukcj\u0105<\/li>\n<li>Wymiary liczone s\u0105 od strony zawias\u00f3w.<\/li>\n<li>Uchwyt pr\u0119ta montuje si\u0119 tak, aby pr\u0119t by\u0142 r\u00f3wnoleg\u0142y do ramy.<\/li>\n<li>Podk\u0142adk\u0119 montuje si\u0119 na ramie zewn\u0119trznej po wykonaniu wg\u0142\u0119bienia na ko\u0144c\u00f3wk\u0119 pr\u0119ta.<\/li>\n<\/ul>\n<\/div>\n<div><\/div>\n<div><\/div>","protected":false},"excerpt":{"rendered":"<p>Uchwyt okienny ASSA ABLOY 225 przeznaczony jest do okien otwieranych na zewn\u0105trz. W\u0142a\u015bciwo\u015bci: Po\u017c\u0105dan\u0105 pozycj\u0119 otwarcia ustala si\u0119 za pomoc\u0105 \u015bruby regulacyjnej. Pasuje zar\u00f3wno do prawej, jak i lewej strony. Do szeroko\u015bci \u0142uku poni\u017cej 500 mm (230 dla szeroko\u015bci \u0142uku powy\u017cej 500 mm).<\/p>","protected":false},"featured_media":147917,"template":"","meta":{"_acf_changed":false},"product_brand":[],"product_cat":[4649],"product_tag":[],"class_list":{"0":"post-147918","1":"product","2":"type-product","3":"status-publish","4":"has-post-thumbnail","6":"product_cat-fonsterhallare","7":"product_shipping_class-postnord-varubrev","8":"pa_brands-abloy","9":"tm-no-options","11":"first","12":"instock","13":"sale","14":"taxable","15":"shipping-taxable","16":"purchasable","17":"product-type-simple"},"acf":[],"_links":{"self":[{"href":"https:\/\/secureus.se\/pl\/wp-json\/wp\/v2\/product\/147918","targetHints":{"allow":["GET"]}}],"collection":[{"href":"https:\/\/secureus.se\/pl\/wp-json\/wp\/v2\/product"}],"about":[{"href":"https:\/\/secureus.se\/pl\/wp-json\/wp\/v2\/types\/product"}],"wp:featuredmedia":[{"embeddable":true,"href":"https:\/\/secureus.se\/pl\/wp-json\/wp\/v2\/media\/147917"}],"wp:attachment":[{"href":"https:\/\/secureus.se\/pl\/wp-json\/wp\/v2\/media?parent=147918"}],"wp:term":[{"taxonomy":"product_brand","embeddable":true,"href":"https:\/\/secureus.se\/pl\/wp-json\/wp\/v2\/product_brand?post=147918"},{"taxonomy":"product_cat","embeddable":true,"href":"https:\/\/secureus.se\/pl\/wp-json\/wp\/v2\/product_cat?post=147918"},{"taxonomy":"product_tag","embeddable":true,"href":"https:\/\/secureus.se\/pl\/wp-json\/wp\/v2\/product_tag?post=147918"}],"curies":[{"name":"wp","href":"https:\/\/api.w.org\/{rel}","templated":true}]}}