{"id":147929,"date":"2025-02-17T12:59:04","date_gmt":"2025-02-17T11:59:04","guid":{"rendered":"https:\/\/secureus.se\/?post_type=product&#038;p=147929"},"modified":"2026-04-08T15:27:24","modified_gmt":"2026-04-08T13:27:24","slug":"spik-for-stjarthake-formassigad","status":"publish","type":"product","link":"https:\/\/secureus.se\/pl\/spik-for-stjarthake-formassigad\/","title":{"rendered":"Gw\u00f3\u017ad\u017a do haka ogonowego wst\u0119pnie uformowany"},"content":{"rendered":"","protected":false},"excerpt":{"rendered":"<p>\nGw\u00f3\u017ad\u017a przeznaczony do zaczep\u00f3w wentylacyjnych ROCA do okien.<\/p>\n<p><b>W\u0142a\u015bciwo\u015bci:<\/b><br \/>\n<\/p>\n<ul>\n<li>D\u0142ugo\u015b\u0107: 27 mm<\/li>\n<li>\u015arednica: \u00d8 2,5 mm<\/li>\n<li>\u015arednica skorupy: \u00d8 5,9<\/li>\n<li>Stal mosi\u0105dzowana<\/li>\n<\/ul>\n<p><\/p>","protected":false},"featured_media":147928,"template":"","meta":{"_acf_changed":false},"product_brand":[],"product_cat":[4649],"product_tag":[],"class_list":{"0":"post-147929","1":"product","2":"type-product","3":"status-publish","4":"has-post-thumbnail","6":"product_cat-fonsterhallare","7":"product_shipping_class-postnord-varubrev","8":"pa_brands-roca","9":"tm-no-options","11":"first","12":"instock","13":"sale","14":"taxable","15":"shipping-taxable","16":"purchasable","17":"product-type-simple"},"acf":[],"_links":{"self":[{"href":"https:\/\/secureus.se\/pl\/wp-json\/wp\/v2\/product\/147929","targetHints":{"allow":["GET"]}}],"collection":[{"href":"https:\/\/secureus.se\/pl\/wp-json\/wp\/v2\/product"}],"about":[{"href":"https:\/\/secureus.se\/pl\/wp-json\/wp\/v2\/types\/product"}],"wp:featuredmedia":[{"embeddable":true,"href":"https:\/\/secureus.se\/pl\/wp-json\/wp\/v2\/media\/147928"}],"wp:attachment":[{"href":"https:\/\/secureus.se\/pl\/wp-json\/wp\/v2\/media?parent=147929"}],"wp:term":[{"taxonomy":"product_brand","embeddable":true,"href":"https:\/\/secureus.se\/pl\/wp-json\/wp\/v2\/product_brand?post=147929"},{"taxonomy":"product_cat","embeddable":true,"href":"https:\/\/secureus.se\/pl\/wp-json\/wp\/v2\/product_cat?post=147929"},{"taxonomy":"product_tag","embeddable":true,"href":"https:\/\/secureus.se\/pl\/wp-json\/wp\/v2\/product_tag?post=147929"}],"curies":[{"name":"wp","href":"https:\/\/api.w.org\/{rel}","templated":true}]}}