{"id":147934,"date":"2025-02-17T12:59:04","date_gmt":"2025-02-17T11:59:04","guid":{"rendered":"https:\/\/secureus.se\/?post_type=product&#038;p=147934"},"modified":"2026-04-23T11:57:56","modified_gmt":"2026-04-23T09:57:56","slug":"skruvogla-25-08-z","status":"publish","type":"product","link":"https:\/\/secureus.se\/pl\/skruvogla-25-08-z\/","title":{"rendered":"\u015aruba oczkowa 25\/08 Z"},"content":{"rendered":"","protected":false},"excerpt":{"rendered":"<p>Oczko \u015brubowe uzupe\u0142niaj\u0105ce hak sztormowy ROCA. \u015aruba oczkowa dost\u0119pna jest w wykonaniu ze stali nierdzewnej odpornej na kwasy (AISI316) oraz stali.<\/p>","protected":false},"featured_media":147933,"template":"","meta":{"_acf_changed":false},"product_brand":[],"product_cat":[4649],"product_tag":[],"class_list":{"0":"post-147934","1":"product","2":"type-product","3":"status-publish","4":"has-post-thumbnail","6":"product_cat-fonsterhallare","7":"product_shipping_class-postnord-varubrev","8":"pa_brands-roca","9":"tm-no-options","11":"first","12":"instock","13":"taxable","14":"shipping-taxable","15":"purchasable","16":"product-type-simple"},"acf":[],"_links":{"self":[{"href":"https:\/\/secureus.se\/pl\/wp-json\/wp\/v2\/product\/147934","targetHints":{"allow":["GET"]}}],"collection":[{"href":"https:\/\/secureus.se\/pl\/wp-json\/wp\/v2\/product"}],"about":[{"href":"https:\/\/secureus.se\/pl\/wp-json\/wp\/v2\/types\/product"}],"wp:featuredmedia":[{"embeddable":true,"href":"https:\/\/secureus.se\/pl\/wp-json\/wp\/v2\/media\/147933"}],"wp:attachment":[{"href":"https:\/\/secureus.se\/pl\/wp-json\/wp\/v2\/media?parent=147934"}],"wp:term":[{"taxonomy":"product_brand","embeddable":true,"href":"https:\/\/secureus.se\/pl\/wp-json\/wp\/v2\/product_brand?post=147934"},{"taxonomy":"product_cat","embeddable":true,"href":"https:\/\/secureus.se\/pl\/wp-json\/wp\/v2\/product_cat?post=147934"},{"taxonomy":"product_tag","embeddable":true,"href":"https:\/\/secureus.se\/pl\/wp-json\/wp\/v2\/product_tag?post=147934"}],"curies":[{"name":"wp","href":"https:\/\/api.w.org\/{rel}","templated":true}]}}