{"id":147941,"date":"2025-02-17T12:59:04","date_gmt":"2025-02-17T11:59:04","guid":{"rendered":"https:\/\/secureus.se\/?post_type=product&#038;p=147941"},"modified":"2026-04-08T15:27:13","modified_gmt":"2026-04-08T13:27:13","slug":"stormhasp-21-250mm-rostfri","status":"publish","type":"product","link":"https:\/\/secureus.se\/pl\/stormhasp-21-250mm-rostfri\/","title":{"rendered":"Zasuwka sztormowa 21 250mm nierdzewna"},"content":{"rendered":"<div>\n<p>Klasyczna i stabilna armatura wentylacyjna. Dost\u0119pne w r\u00f3\u017cnych rozmiarach, ze stali nierdzewnej odpornej na kwasy (AISI316) lub stali. W komplecie z oczkiem \u015brubowym do okien jednoskrzyd\u0142owych lub hakiem przeciwsztormowym do okien dwuskrzyd\u0142owych.<\/p>\n<p><b>W\u0142a\u015bciwo\u015bci:<\/b><\/p>\n<ul>\n<li>Materia\u0142: Stal nierdzewna (AISI316)<\/li>\n<li>D\u0142ugo\u015b\u0107: 250mm<\/li>\n<\/ul>\n<\/div>","protected":false},"excerpt":{"rendered":"<p>Klasyczna i stabilna armatura wentylacyjna. Dost\u0119pne w r\u00f3\u017cnych rozmiarach, ze stali nierdzewnej odpornej na kwasy (AISI316) lub stali. W komplecie z oczkiem \u015brubowym do okien jednoskrzyd\u0142owych lub hakiem przeciwsztormowym do okien dwuskrzyd\u0142owych. Cechy:<\/p>","protected":false},"featured_media":147939,"template":"","meta":{"_acf_changed":false},"product_brand":[],"product_cat":[4649],"product_tag":[],"class_list":{"0":"post-147941","1":"product","2":"type-product","3":"status-publish","4":"has-post-thumbnail","6":"product_cat-fonsterhallare","7":"product_shipping_class-postnord-varubrev","8":"pa_brands-roca","9":"tm-no-options","11":"first","12":"instock","13":"sale","14":"taxable","15":"shipping-taxable","16":"purchasable","17":"product-type-simple"},"acf":[],"_links":{"self":[{"href":"https:\/\/secureus.se\/pl\/wp-json\/wp\/v2\/product\/147941","targetHints":{"allow":["GET"]}}],"collection":[{"href":"https:\/\/secureus.se\/pl\/wp-json\/wp\/v2\/product"}],"about":[{"href":"https:\/\/secureus.se\/pl\/wp-json\/wp\/v2\/types\/product"}],"wp:featuredmedia":[{"embeddable":true,"href":"https:\/\/secureus.se\/pl\/wp-json\/wp\/v2\/media\/147939"}],"wp:attachment":[{"href":"https:\/\/secureus.se\/pl\/wp-json\/wp\/v2\/media?parent=147941"}],"wp:term":[{"taxonomy":"product_brand","embeddable":true,"href":"https:\/\/secureus.se\/pl\/wp-json\/wp\/v2\/product_brand?post=147941"},{"taxonomy":"product_cat","embeddable":true,"href":"https:\/\/secureus.se\/pl\/wp-json\/wp\/v2\/product_cat?post=147941"},{"taxonomy":"product_tag","embeddable":true,"href":"https:\/\/secureus.se\/pl\/wp-json\/wp\/v2\/product_tag?post=147941"}],"curies":[{"name":"wp","href":"https:\/\/api.w.org\/{rel}","templated":true}]}}