{"id":147949,"date":"2025-02-17T12:59:05","date_gmt":"2025-02-17T11:59:05","guid":{"rendered":"https:\/\/secureus.se\/?post_type=product&#038;p=147949"},"modified":"2026-03-25T15:32:05","modified_gmt":"2026-03-25T14:32:05","slug":"fonsterhallare-220-vit","status":"publish","type":"product","link":"https:\/\/secureus.se\/pl\/fonsterhallare-220-vit\/","title":{"rendered":"Uchwyt okienny 220 Bia\u0142y"},"content":{"rendered":"<div>Uchwyt okienny ASSA ABLOY 220 przeznaczony jest do okien otwieranych do wewn\u0105trz z nadwr\u0119\u017cnym skrzyd\u0142em.<\/div>\n<div><b><br \/>\nW\u0142a\u015bciwo\u015bci:<\/b><\/div>\n<div>\n<ul>\n<li>Po\u017c\u0105dan\u0105 pozycj\u0119 otwarcia ustala si\u0119 za pomoc\u0105 \u015bruby regulacyjnej.<\/li>\n<li>Pasuje zar\u00f3wno do prawej, jak i lewej strony<\/li>\n<li>Zalecana \u015bruba: mocowanie pr\u0119ta TFX 4,0 mm i mocowanie \u0142uku TKFX 3,5 mm<\/li>\n<li>Dla \u0142uk\u00f3w o szeroko\u015bci powy\u017cej 500 mm (202 dla \u0142uk\u00f3w o szeroko\u015bci poni\u017cej 500 mm)<\/li>\n<li>UWAGA! Niezabezpieczone przed dzie\u0107mi<\/li>\n<\/ul>\n<\/div>\n<div><b><br \/>\nMontowanie:<\/b><\/div>\n<div>\n<ul>\n<li>Z\u0142\u00f3\u017c uchwyt okna do skrzyd\u0142a okiennego prawego lub lewego.<\/li>\n<li>Naci\u015bnij na sworze\u0144 wspornika pr\u0119ta, tak aby zatrzasn\u0105\u0142 si\u0119 na swoim miejscu.<\/li>\n<li>Zainstaluj zgodnie z za\u0142\u0105czon\u0105 instrukcj\u0105.<\/li>\n<li>Wymiary liczone s\u0105 od strony zawias\u00f3w.<\/li>\n<li>Wspornik s\u0142upa montuje si\u0119 tak, aby s\u0142up by\u0142 r\u00f3wnoleg\u0142y do \u0142uku.<\/li>\n<\/ul>\n<\/div>","protected":false},"excerpt":{"rendered":"<p>Uchwyt okienny ASSA ABLOY 220 jest przystosowany do okien otwieranych do wewn\u0105trz z nadwr\u0119\u017conym skrzyd\u0142em. Cechy: Po\u017c\u0105dana pozycja otwarcia jest ustalana za pomoc\u0105 \u015bruby regulacyjnej Pasuje zar\u00f3wno do prawej, jak i lewej strony Zalecana \u015bruba: Wspornik pr\u0119ta TFX 4,0 mm i<\/p>","protected":false},"featured_media":147948,"template":"","meta":{"_acf_changed":false},"product_brand":[],"product_cat":[4649],"product_tag":[],"class_list":{"0":"post-147949","1":"product","2":"type-product","3":"status-publish","4":"has-post-thumbnail","6":"product_cat-fonsterhallare","7":"product_shipping_class-postnord-varubrev","8":"pa_brands-abloy","9":"tm-no-options","11":"first","12":"instock","13":"sale","14":"taxable","15":"shipping-taxable","16":"purchasable","17":"product-type-simple"},"acf":[],"_links":{"self":[{"href":"https:\/\/secureus.se\/pl\/wp-json\/wp\/v2\/product\/147949","targetHints":{"allow":["GET"]}}],"collection":[{"href":"https:\/\/secureus.se\/pl\/wp-json\/wp\/v2\/product"}],"about":[{"href":"https:\/\/secureus.se\/pl\/wp-json\/wp\/v2\/types\/product"}],"wp:featuredmedia":[{"embeddable":true,"href":"https:\/\/secureus.se\/pl\/wp-json\/wp\/v2\/media\/147948"}],"wp:attachment":[{"href":"https:\/\/secureus.se\/pl\/wp-json\/wp\/v2\/media?parent=147949"}],"wp:term":[{"taxonomy":"product_brand","embeddable":true,"href":"https:\/\/secureus.se\/pl\/wp-json\/wp\/v2\/product_brand?post=147949"},{"taxonomy":"product_cat","embeddable":true,"href":"https:\/\/secureus.se\/pl\/wp-json\/wp\/v2\/product_cat?post=147949"},{"taxonomy":"product_tag","embeddable":true,"href":"https:\/\/secureus.se\/pl\/wp-json\/wp\/v2\/product_tag?post=147949"}],"curies":[{"name":"wp","href":"https:\/\/api.w.org\/{rel}","templated":true}]}}