{"id":147959,"date":"2025-02-17T12:59:05","date_gmt":"2025-02-17T11:59:05","guid":{"rendered":"https:\/\/secureus.se\/?post_type=product&#038;p=147959"},"modified":"2026-04-08T15:26:45","modified_gmt":"2026-04-08T13:26:45","slug":"stormkrok-nickel","status":"publish","type":"product","link":"https:\/\/secureus.se\/pl\/stormkrok-nickel\/","title":{"rendered":"Hak sztormowy Nikiel"},"content":{"rendered":"<p>ROCA Stormkrok to klasyczna i niezawodna armatura wentylacyjna z dwoma pozycjami wentylacji. Okucie dekoracyjne i funkcjonalne przeznaczone do okien rozwieranych i otwieranych na zewn\u0105trz. Nadaje si\u0119 r\u00f3wnie\u017c do okien rustykalnych w skandynawskim stylu wiejskim. W komplecie z hakiem i gwo\u017adziem. Zobacz w zak\u0142adce Po\u0142\u0105cz z.<\/p>\n<p><b>W\u0142a\u015bciwo\u015bci:<\/b><\/p>\n<ul>\n<li>Materia\u0142: Stal\/cynk<\/li>\n<li>Obr\u00f3bka powierzchni: Niklowana<\/li>\n<\/ul>","protected":false},"excerpt":{"rendered":"<p>ROCA Stormkrok to klasyczna i niezawodna armatura wentylacyjna z dwoma pozycjami wentylacji. Okucie dekoracyjne i funkcjonalne przeznaczone do okien rozwieranych i otwieranych na zewn\u0105trz. Nadaje si\u0119 r\u00f3wnie\u017c do okien rustykalnych w skandynawskim stylu wiejskim. Do uzupe\u0142nienia<\/p>","protected":false},"featured_media":147957,"template":"","meta":{"_acf_changed":false},"product_brand":[],"product_cat":[4649],"product_tag":[],"class_list":{"0":"post-147959","1":"product","2":"type-product","3":"status-publish","4":"has-post-thumbnail","6":"product_cat-fonsterhallare","7":"product_shipping_class-postnord-varubrev","8":"pa_brands-roca","9":"tm-no-options","11":"first","12":"instock","13":"sale","14":"taxable","15":"shipping-taxable","16":"purchasable","17":"product-type-simple"},"acf":[],"_links":{"self":[{"href":"https:\/\/secureus.se\/pl\/wp-json\/wp\/v2\/product\/147959","targetHints":{"allow":["GET"]}}],"collection":[{"href":"https:\/\/secureus.se\/pl\/wp-json\/wp\/v2\/product"}],"about":[{"href":"https:\/\/secureus.se\/pl\/wp-json\/wp\/v2\/types\/product"}],"wp:featuredmedia":[{"embeddable":true,"href":"https:\/\/secureus.se\/pl\/wp-json\/wp\/v2\/media\/147957"}],"wp:attachment":[{"href":"https:\/\/secureus.se\/pl\/wp-json\/wp\/v2\/media?parent=147959"}],"wp:term":[{"taxonomy":"product_brand","embeddable":true,"href":"https:\/\/secureus.se\/pl\/wp-json\/wp\/v2\/product_brand?post=147959"},{"taxonomy":"product_cat","embeddable":true,"href":"https:\/\/secureus.se\/pl\/wp-json\/wp\/v2\/product_cat?post=147959"},{"taxonomy":"product_tag","embeddable":true,"href":"https:\/\/secureus.se\/pl\/wp-json\/wp\/v2\/product_tag?post=147959"}],"curies":[{"name":"wp","href":"https:\/\/api.w.org\/{rel}","templated":true}]}}