{"id":147992,"date":"2025-02-25T12:22:20","date_gmt":"2025-02-25T11:22:20","guid":{"rendered":"https:\/\/secureus.se\/?post_type=product&#038;p=147992"},"modified":"2026-04-08T16:28:12","modified_gmt":"2026-04-08T14:28:12","slug":"plejd-belysning-downlight-deep-svart","status":"publish","type":"product","link":"https:\/\/secureus.se\/pl\/plejd-belysning-downlight-deep-svart\/","title":{"rendered":"O\u015bwietlenie Plejd Downlight G\u0142\u0119boka czer\u0144"},"content":{"rendered":"<h1 data-start=\"413\" data-end=\"492\"><strong data-start=\"417\" data-end=\"490\">Plejd DWN-02 \u2013 Inteligentne o\u015bwietlenie punktowe z regulacj\u0105 bieli i sterowaniem bezprzewodowym<\/strong><\/h1>\n<p data-start=\"494\" data-end=\"777\">Plejd DWN-02 to elegancka i funkcjonalna oprawa typu downlight zapewniaj\u0105ca maksymaln\u0105 elastyczno\u015b\u0107 sterowania o\u015bwietleniem.<\/p>\n<p data-start=\"494\" data-end=\"777\">Dzi\u0119ki wbudowanej funkcji \u015bciemniania nie jest potrzebny \u017caden zewn\u0119trzny \u015bciemniacz, a \u015bwiat\u0142em mo\u017cna \u0142atwo sterowa\u0107 za pomoc\u0105 aplikacji Plejd, przewodowego przycisku lub innych urz\u0105dze\u0144 Plejd.<\/p>\n<p data-start=\"779\" data-end=\"1164\">Zintegrowana technologia Tunable White umo\u017cliwia regulacj\u0119 temperatury barwowej \u015bwiat\u0142a w zakresie od 2200 K do 4000 K, co oznacza, \u017ce \u015bwiat\u0142o mo\u017cna dostosowa\u0107 do r\u00f3\u017cnych warunk\u00f3w otoczenia i potrzeb \u2013 od ciep\u0142ego i przytulnego blasku po bardziej funkcjonalne bia\u0142e \u015bwiat\u0142o.<\/p>\n<p data-start=\"779\" data-end=\"1164\">Funkcja Dim to Warm tworzy naturaln\u0105 zmian\u0119 temperatury barwowej podczas \u015bciemniania, co zapewnia bardziej komfortowe o\u015bwietlenie.<\/p>\n<p data-start=\"1166\" data-end=\"1414\">Model ten charakteryzuje si\u0119 symetrycznym rozk\u0142adem \u015bwiat\u0142a i k\u0105tem \u015bwiecenia 40\u00b0, dzi\u0119ki czemu nadaje si\u0119 zar\u00f3wno do o\u015bwietlenia og\u00f3lnego, jak i kierunkowego.<\/p>\n<p data-start=\"1166\" data-end=\"1414\">Oprawa DWN-02 ma sta\u0142y kierunek padania \u015bwiat\u0142a, co zapewnia r\u00f3wnomierne rozprowadzenie \u015bwiat\u0142a w ca\u0142ym pomieszczeniu.<\/p>\n<p data-start=\"1416\" data-end=\"1711\">Monta\u017c jest \u0142atwy dzi\u0119ki niewielkiej g\u0142\u0119boko\u015bci monta\u017cowej wynosz\u0105cej zaledwie 40 mm, co oznacza, \u017ce mo\u017cna go montowa\u0107 nawet w miejscach o ograniczonej g\u0142\u0119boko\u015bci.<\/p>\n<p data-start=\"1416\" data-end=\"1711\">Posiada stopie\u0144 ochrony IP44, co oznacza, \u017ce mo\u017cna go stosowa\u0107 w \u0142azienkach i innych wilgotnych miejscach, a tak\u017ce w instalacjach na zewn\u0119trznych okapach.<\/p>\n<p data-start=\"1713\" data-end=\"1982\">Dzi\u0119ki technologii Bluetooth\u00ae Mesh mo\u017cliwe jest bezprzewodowe grupowanie i sterowanie wieloma jednostkami DWN-02.<\/p>\n<p data-start=\"1713\" data-end=\"1982\">Produkt posiada r\u00f3wnie\u017c wbudowane funkcje czasowe, takie jak zegar astro i zegar tygodniowy, co umo\u017cliwia zautomatyzowane sterowanie o\u015bwietleniem w zale\u017cno\u015bci od warunk\u00f3w o\u015bwietleniowych w ci\u0105gu dnia.<\/p>\n<p data-start=\"1984\" data-end=\"2143\">DWN-02 to stylowe i energooszcz\u0119dne rozwi\u0105zanie, kt\u00f3re sprawdzi si\u0119 zar\u00f3wno w instalacjach prywatnych, jak i komercyjnych, wsz\u0119dzie tam, gdzie wymagane jest nowoczesne i inteligentne o\u015bwietlenie.<\/p>\n<h3 data-start=\"2145\" data-end=\"2180\"><strong data-start=\"2149\" data-end=\"2178\">Dane techniczne:<\/strong><\/h3>\n<ul data-start=\"2181\" data-end=\"2967\">\n<li data-start=\"2181\" data-end=\"2217\"><strong data-start=\"2183\" data-end=\"2197\">\u0179r\u00f3d\u0142o \u015bwiat\u0142a:<\/strong> Dioda LED (niewymienna)<\/li>\n<li data-start=\"2218\" data-end=\"2243\"><strong data-start=\"2220\" data-end=\"2234\">Strumie\u0144 \u015bwietlny:<\/strong> 515 lumen\u00f3w<\/li>\n<li data-start=\"2244\" data-end=\"2294\"><strong data-start=\"2246\" data-end=\"2265\">Temperatura barwowa:<\/strong> 2200\u20134000K (regulowana biel)<\/li>\n<li data-start=\"2295\" data-end=\"2328\"><strong data-start=\"2297\" data-end=\"2316\">Zakres \u015bciemniania:<\/strong> 0,1\u2013100 %<\/li>\n<li data-start=\"2329\" data-end=\"2358\"><strong data-start=\"2331\" data-end=\"2352\">K\u0105t rozprzestrzeniania:<\/strong> 40\u00b0<\/li>\n<li data-start=\"2359\" data-end=\"2392\"><strong data-start=\"2361\" data-end=\"2387\">Oddawanie barw (CRI):<\/strong> 90<\/li>\n<li data-start=\"2393\" data-end=\"2445\"><strong data-start=\"2395\" data-end=\"2409\">\u017bycie:<\/strong> 60 000 godzin (L70\/B50 w temp. 25\u00b0C)<\/li>\n<li data-start=\"2446\" data-end=\"2465\"><strong data-start=\"2448\" data-end=\"2459\">Efekt:<\/strong> 8W<\/li>\n<li data-start=\"2466\" data-end=\"2501\"><strong data-start=\"2468\" data-end=\"2497\">Klasa efektywno\u015bci energetycznej:<\/strong> F<\/li>\n<li data-start=\"2502\" data-end=\"2531\"><strong data-start=\"2504\" data-end=\"2520\">Klasa ochrony:<\/strong> Klasa II<\/li>\n<li data-start=\"2532\" data-end=\"2580\"><strong data-start=\"2534\" data-end=\"2547\">Klasa IP:<\/strong> IP44 (oprawa), IP20 (sterownik)<\/li>\n<li data-start=\"2581\" data-end=\"2613\"><strong data-start=\"2583\" data-end=\"2599\">Napi\u0119cie sieciowe:<\/strong> 230V \/ 50Hz<\/li>\n<li data-start=\"2614\" data-end=\"2640\"><strong data-start=\"2616\" data-end=\"2633\">Wsp\u00f3\u0142czynnik mocy:<\/strong> 0,84<\/li>\n<li data-start=\"2641\" data-end=\"2687\"><strong data-start=\"2643\" data-end=\"2661\">Komunikacja:<\/strong> Sie\u0107 Bluetooth\u00ae 2,4 GHz<\/li>\n<li data-start=\"2688\" data-end=\"2763\"><strong data-start=\"2690\" data-end=\"2708\">Zasi\u0119g radiowy:<\/strong> Oko\u0142o 10 metr\u00f3w wewn\u0105trz (rozszerzone technologi\u0105 siatki Plejd)<\/li>\n<li data-start=\"2764\" data-end=\"2810\"><strong data-start=\"2766\" data-end=\"2780\">Montowanie:<\/strong> Do wbudowania w sufit (otw\u00f3r \u00d8 83 mm)<\/li>\n<li data-start=\"2811\" data-end=\"2850\"><strong data-start=\"2813\" data-end=\"2842\">Minimalna g\u0142\u0119boko\u015b\u0107 instalacji:<\/strong> 40 mm<\/li>\n<li data-start=\"2851\" data-end=\"2911\"><strong data-start=\"2853\" data-end=\"2866\">Tworzywo:<\/strong> Aluminium malowane proszkowo, kolor czarny (RAL 9004)<\/li>\n<li data-start=\"2912\" data-end=\"2967\"><strong data-start=\"2914\" data-end=\"2933\">Zgodno\u015b\u0107:<\/strong> Apple HomeKit, Asystent Google<\/li>\n<\/ul>\n<p data-start=\"2969\" data-end=\"3095\">Plejd DWN-02 to idealne rozwi\u0105zanie dla inteligentnych instalacji o\u015bwietleniowych, w kt\u00f3rych \u0142\u0105czy si\u0119 design z funkcjonalno\u015bci\u0105.<\/p>","protected":false},"excerpt":{"rendered":"<p>Plejd DWN-02 to inteligentne o\u015bwietlenie typu downlight z regulacj\u0105 bieli i wbudowan\u0105 funkcj\u0105 \u015bciemniania.<\/p>\n<p>Nie jest potrzebny \u017caden zewn\u0119trzny \u015bciemniacz.<\/p>\n<p>Mo\u017cna nim sterowa\u0107 za pomoc\u0105 aplikacji Plejd, przycisku lub innych urz\u0105dze\u0144 Plejd.<\/p>\n<p>Regulowana temperatura barwowa od 2200K do 4000K i obs\u0142uga przyciemniania do ocieplania.<\/p>\n<p>Klasa ochrony IP44, nadaje si\u0119 do stosowania zar\u00f3wno wewn\u0105trz, jak i na zewn\u0105trz w os\u0142oni\u0119tych miejscach.<\/p>","protected":false},"featured_media":147991,"template":"","meta":{"_acf_changed":false},"product_brand":[],"product_cat":[4664],"product_tag":[4670],"class_list":{"0":"post-147992","1":"product","2":"type-product","3":"status-publish","4":"has-post-thumbnail","6":"product_cat-plejd-belysning","7":"product_tag-plejd","8":"product_shipping_class-postnord-varubrev","9":"pa_brands-plejd","10":"tm-has-options","12":"first","13":"instock","14":"sale","15":"taxable","16":"shipping-taxable","17":"purchasable","18":"product-type-simple"},"acf":[],"_links":{"self":[{"href":"https:\/\/secureus.se\/pl\/wp-json\/wp\/v2\/product\/147992","targetHints":{"allow":["GET"]}}],"collection":[{"href":"https:\/\/secureus.se\/pl\/wp-json\/wp\/v2\/product"}],"about":[{"href":"https:\/\/secureus.se\/pl\/wp-json\/wp\/v2\/types\/product"}],"wp:featuredmedia":[{"embeddable":true,"href":"https:\/\/secureus.se\/pl\/wp-json\/wp\/v2\/media\/147991"}],"wp:attachment":[{"href":"https:\/\/secureus.se\/pl\/wp-json\/wp\/v2\/media?parent=147992"}],"wp:term":[{"taxonomy":"product_brand","embeddable":true,"href":"https:\/\/secureus.se\/pl\/wp-json\/wp\/v2\/product_brand?post=147992"},{"taxonomy":"product_cat","embeddable":true,"href":"https:\/\/secureus.se\/pl\/wp-json\/wp\/v2\/product_cat?post=147992"},{"taxonomy":"product_tag","embeddable":true,"href":"https:\/\/secureus.se\/pl\/wp-json\/wp\/v2\/product_tag?post=147992"}],"curies":[{"name":"wp","href":"https:\/\/api.w.org\/{rel}","templated":true}]}}