{"id":147996,"date":"2025-02-25T12:22:21","date_gmt":"2025-02-25T11:22:21","guid":{"rendered":"https:\/\/secureus.se\/?post_type=product&#038;p=147996"},"modified":"2026-04-08T16:30:38","modified_gmt":"2026-04-08T14:30:38","slug":"plejd-plafond-svart","status":"publish","type":"product","link":"https:\/\/secureus.se\/pl\/plejd-plafond-svart\/","title":{"rendered":"Plafon w krat\u0119 czarny"},"content":{"rendered":"<h1>Plejd CCL-01 \u2013 Inteligentna lampa sufitowa LED z regulacj\u0105 bieli i bezprzewodowym sterowaniem<\/h1>\n<p data-start=\"471\" data-end=\"826\">Plejd CCL-01 to nowoczesna i stylowa lampa sufitowa LED, kt\u00f3ra oferuje elastyczne i inteligentne o\u015bwietlenie.<\/p>\n<p data-start=\"471\" data-end=\"826\">Urz\u0105dzenie jest wyposa\u017cone we wbudowan\u0105 funkcj\u0119 \u015bciemniacza, co oznacza, \u017ce nie jest potrzebny \u017caden zewn\u0119trzny \u015bciemniacz.<\/p>\n<p data-start=\"471\" data-end=\"826\">O\u015bwietlenie mo\u017cna \u0142atwo kontrolowa\u0107 za pomoc\u0105 aplikacji Plejd, przycisku lub innych urz\u0105dze\u0144 Plejd, co sprawia, \u017ce jest to wszechstronne rozwi\u0105zanie do r\u00f3\u017cnych zastosowa\u0144.<\/p>\n<p data-start=\"828\" data-end=\"1223\">O\u015bwietlenie sufitowe wykorzystuje technologi\u0119 Tunable White, kt\u00f3ra umo\u017cliwia regulacj\u0119 temperatury barwowej w zakresie od 2200K do 4000K.<\/p>\n<p data-start=\"828\" data-end=\"1223\">Dzi\u0119ki temu mo\u017cna zmienia\u0107 barw\u0119 \u015bwiat\u0142a, od ciep\u0142ej i przytulnej po bardziej funkcjonaln\u0105 i neutraln\u0105.<\/p>\n<p data-start=\"828\" data-end=\"1223\">Funkcja Dim to Warm automatycznie dostosowuje temperatur\u0119 barwow\u0105 po zmianie jasno\u015bci, zapewniaj\u0105c komfortowe i naturalne o\u015bwietlenie.<\/p>\n<p data-start=\"1225\" data-end=\"1423\">Ta lampa sufitowa ma szeroki k\u0105t \u015bwiecenia wynosz\u0105cy 120\u00b0, co oznacza, \u017ce \u015bwiat\u0142o rozchodzi si\u0119 r\u00f3wnomiernie po ca\u0142ym pomieszczeniu.<\/p>\n<p data-start=\"1225\" data-end=\"1423\">Dlatego idealnie nadaje si\u0119 do o\u015bwietlenia og\u00f3lnego w domach, biurach i przestrzeniach komercyjnych.<\/p>\n<p data-start=\"1425\" data-end=\"1705\">Dzi\u0119ki technologii Bluetooth\u00ae Mesh mo\u017cliwe jest bezprzewodowe grupowanie wielu jednostek CCL-01 i sterowanie nimi za pomoc\u0105 systemu Plejd.<\/p>\n<p data-start=\"1425\" data-end=\"1705\">Ponadto produkt posiada wbudowane funkcje czasowe, takie jak zegar astro i zegar tygodniowy, co umo\u017cliwia automatyzacj\u0119 harmonogram\u00f3w o\u015bwietlenia w zale\u017cno\u015bci od pory dnia.<\/p>\n<p data-start=\"1707\" data-end=\"1979\">Monta\u017c jest prosty i elastyczny \u2013 lampa sufitowa mo\u017ce by\u0107 montowana na suficie lub \u015bcianie i ma solidn\u0105 konstrukcj\u0119.<\/p>\n<p data-start=\"1707\" data-end=\"1979\">Stopie\u0144 ochrony IP44 sprawia, \u017ce nadaje si\u0119 do \u0142azienek i innych wilgotnych pomieszcze\u0144, natomiast odporno\u015b\u0107 na uderzenia na poziomie IK07 sprawia, \u017ce jest wyj\u0105tkowo trwa\u0142y.<\/p>\n<p data-start=\"1981\" data-end=\"2281\">Plejd CCL-01 to energooszcz\u0119dne rozwi\u0105zanie o\u015bwietleniowe o \u017cywotno\u015bci do 100 000 godzin, zapewniaj\u0105ce d\u0142ugotrwa\u0142\u0105 i niezawodn\u0105 prac\u0119.<\/p>\n<p data-start=\"1981\" data-end=\"2281\">Wysoki wsp\u00f3\u0142czynnik oddawania barw CRI 93 gwarantuje naturalne i przyjemne \u015bwiat\u0142o, idealne do wszystkich pomieszcze\u0144, w kt\u00f3rych wymagana jest wysoka jako\u015b\u0107 \u015bwiat\u0142a.<\/p>\n<h3 data-start=\"2283\" data-end=\"2318\"><strong data-start=\"2287\" data-end=\"2316\">Dane techniczne:<\/strong><\/h3>\n<ul data-start=\"2319\" data-end=\"3143\">\n<li data-start=\"2319\" data-end=\"2355\"><strong data-start=\"2321\" data-end=\"2335\">\u0179r\u00f3d\u0142o \u015bwiat\u0142a:<\/strong> Dioda LED (niewymienna)<\/li>\n<li data-start=\"2356\" data-end=\"2382\"><strong data-start=\"2358\" data-end=\"2372\">Strumie\u0144 \u015bwietlny:<\/strong> 2000 lumen\u00f3w<\/li>\n<li data-start=\"2383\" data-end=\"2433\"><strong data-start=\"2385\" data-end=\"2404\">Temperatura barwowa:<\/strong> 2200\u20134000K (regulowana biel)<\/li>\n<li data-start=\"2434\" data-end=\"2467\"><strong data-start=\"2436\" data-end=\"2455\">Zakres \u015bciemniania:<\/strong> 0,1\u2013100 %<\/li>\n<li data-start=\"2468\" data-end=\"2498\"><strong data-start=\"2470\" data-end=\"2491\">K\u0105t rozprzestrzeniania:<\/strong> 120\u00b0<\/li>\n<li data-start=\"2499\" data-end=\"2532\"><strong data-start=\"2501\" data-end=\"2527\">Oddawanie barw (CRI):<\/strong> 93<\/li>\n<li data-start=\"2533\" data-end=\"2586\"><strong data-start=\"2535\" data-end=\"2549\">\u017bycie:<\/strong> 100 000 godzin (L70\/B50 w temp. 25\u00b0C)<\/li>\n<li data-start=\"2587\" data-end=\"2607\"><strong data-start=\"2589\" data-end=\"2600\">Efekt:<\/strong> 22W<\/li>\n<li data-start=\"2608\" data-end=\"2643\"><strong data-start=\"2610\" data-end=\"2639\">Klasa efektywno\u015bci energetycznej:<\/strong> F<\/li>\n<li data-start=\"2644\" data-end=\"2673\"><strong data-start=\"2646\" data-end=\"2662\">Klasa ochrony:<\/strong> Klasa II<\/li>\n<li data-start=\"2674\" data-end=\"2733\"><strong data-start=\"2676\" data-end=\"2689\">Klasa IP:<\/strong> IP44 (monta\u017c sufitowy), IP20 (monta\u017c \u015bcienny)<\/li>\n<li data-start=\"2734\" data-end=\"2760\"><strong data-start=\"2736\" data-end=\"2753\">Odporno\u015b\u0107 na uderzenia:<\/strong> IK07<\/li>\n<li data-start=\"2761\" data-end=\"2793\"><strong data-start=\"2763\" data-end=\"2779\">Napi\u0119cie sieciowe:<\/strong> 230V \/ 50Hz<\/li>\n<li data-start=\"2794\" data-end=\"2819\"><strong data-start=\"2796\" data-end=\"2813\">Wsp\u00f3\u0142czynnik mocy:<\/strong> 0,9<\/li>\n<li data-start=\"2820\" data-end=\"2866\"><strong data-start=\"2822\" data-end=\"2840\">Komunikacja:<\/strong> Sie\u0107 Bluetooth\u00ae 2,4 GHz<\/li>\n<li data-start=\"2867\" data-end=\"2942\"><strong data-start=\"2869\" data-end=\"2887\">Zasi\u0119g radiowy:<\/strong> Oko\u0142o 10 metr\u00f3w wewn\u0105trz (rozszerzone technologi\u0105 siatki Plejd)<\/li>\n<li data-start=\"2943\" data-end=\"2991\"><strong data-start=\"2945\" data-end=\"2959\">Montowanie:<\/strong> Monta\u017c powierzchniowy na suficie lub \u015bcianie<\/li>\n<li data-start=\"2992\" data-end=\"3026\"><strong data-start=\"2994\" data-end=\"3003\">Mierzy\u0107:<\/strong> \u00d8 294 mm, wysoko\u015b\u0107 50 mm<\/li>\n<li data-start=\"3027\" data-end=\"3073\"><strong data-start=\"3029\" data-end=\"3042\">Tworzywo:<\/strong> Plastik matowy, czarny (RAL 7016)<\/li>\n<li data-start=\"3074\" data-end=\"3143\"><strong data-start=\"3076\" data-end=\"3095\">Zgodno\u015b\u0107:<\/strong> Apple HomeKit, Asystent Google, Amazon Alexa<\/li>\n<\/ul>\n<p data-start=\"3145\" data-end=\"3275\">Plejd CCL-01 to najwy\u017cszej jako\u015bci, energooszcz\u0119dna lampa sufitowa \u0142\u0105cz\u0105ca nowoczesny design z zaawansowan\u0105 technologi\u0105 o\u015bwietleniow\u0105.<\/p>","protected":false},"excerpt":{"rendered":"<p>Plejd CCL-01 to inteligentna lampa sufitowa LED z regulacj\u0105 bieli i wbudowan\u0105 funkcj\u0105 \u015bciemniania.<\/p>\n<p>Nie jest potrzebny \u017caden zewn\u0119trzny \u015bciemniacz.<\/p>\n<p>Mo\u017cna nim sterowa\u0107 za pomoc\u0105 aplikacji Plejd, przycisku lub innych urz\u0105dze\u0144 Plejd. Ma regulowan\u0105 temperatur\u0119 barwow\u0105 w zakresie 2200\u20134000 K, a tak\u017ce obs\u0142uguje tryb \u015bciemniania i ocieplania.<\/p>\n<p>Nadaje si\u0119 do monta\u017cu na suficie i \u015bcianie.<\/p>","protected":false},"featured_media":147995,"template":"","meta":{"_acf_changed":false},"product_brand":[],"product_cat":[4664],"product_tag":[4670],"class_list":{"0":"post-147996","1":"product","2":"type-product","3":"status-publish","4":"has-post-thumbnail","6":"product_cat-plejd-belysning","7":"product_tag-plejd","8":"product_shipping_class-postnord-varubrev","9":"pa_brands-plejd","10":"tm-has-options","12":"first","13":"instock","14":"sale","15":"taxable","16":"shipping-taxable","17":"purchasable","18":"product-type-simple"},"acf":[],"_links":{"self":[{"href":"https:\/\/secureus.se\/pl\/wp-json\/wp\/v2\/product\/147996","targetHints":{"allow":["GET"]}}],"collection":[{"href":"https:\/\/secureus.se\/pl\/wp-json\/wp\/v2\/product"}],"about":[{"href":"https:\/\/secureus.se\/pl\/wp-json\/wp\/v2\/types\/product"}],"wp:featuredmedia":[{"embeddable":true,"href":"https:\/\/secureus.se\/pl\/wp-json\/wp\/v2\/media\/147995"}],"wp:attachment":[{"href":"https:\/\/secureus.se\/pl\/wp-json\/wp\/v2\/media?parent=147996"}],"wp:term":[{"taxonomy":"product_brand","embeddable":true,"href":"https:\/\/secureus.se\/pl\/wp-json\/wp\/v2\/product_brand?post=147996"},{"taxonomy":"product_cat","embeddable":true,"href":"https:\/\/secureus.se\/pl\/wp-json\/wp\/v2\/product_cat?post=147996"},{"taxonomy":"product_tag","embeddable":true,"href":"https:\/\/secureus.se\/pl\/wp-json\/wp\/v2\/product_tag?post=147996"}],"curies":[{"name":"wp","href":"https:\/\/api.w.org\/{rel}","templated":true}]}}