{"id":147998,"date":"2025-02-25T12:22:21","date_gmt":"2025-02-25T11:22:21","guid":{"rendered":"https:\/\/secureus.se\/?post_type=product&#038;p=147998"},"modified":"2026-03-26T11:07:44","modified_gmt":"2026-03-26T10:07:44","slug":"plejd-belysning-downlight-deep-svart-6-pack","status":"publish","type":"product","link":"https:\/\/secureus.se\/pl\/plejd-belysning-downlight-deep-svart-6-pack\/","title":{"rendered":"Plejd lighting Downlight G\u0142\u0119boka czer\u0144 6 sztuk"},"content":{"rendered":"<h1>Plejd DWN-02 \u2013 Smart Downlight Deep 6-pak z regulowanym \u015bwiat\u0142em bia\u0142ym i sterowaniem bezprzewodowym<\/h1>\n<p data-start=\"521\" data-end=\"903\">Plejd DWN-02 to nowoczesna i funkcjonalna oprawa typu downlight oferuj\u0105ca inteligentne sterowanie o\u015bwietleniem.<\/p>\n<p data-start=\"521\" data-end=\"903\">Urz\u0105dzenie jest wyposa\u017cone we wbudowan\u0105 funkcj\u0119 \u015bciemniacza, co oznacza, \u017ce nie jest potrzebny \u017caden zewn\u0119trzny \u015bciemniacz.<\/p>\n<p data-start=\"521\" data-end=\"903\">O\u015bwietlenie mo\u017cna \u0142atwo regulowa\u0107 i sterowa\u0107 za pomoc\u0105 aplikacji Plejd, przewodowego przycisku lub innych urz\u0105dze\u0144 Plejd, co czyni je elastycznym rozwi\u0105zaniem dla dom\u00f3w i obiekt\u00f3w komercyjnych.<\/p>\n<p data-start=\"905\" data-end=\"1253\">Zaawansowana technologia Tunable White umo\u017cliwia u\u017cytkownikowi regulacj\u0119 temperatury barwowej w zakresie od 2200 K do 4000 K, dzi\u0119ki czemu o\u015bwietlenie mo\u017ce zmienia\u0107 si\u0119 od ciep\u0142ego i nastrojowego po bardziej funkcjonalne i neutralne.<\/p>\n<p data-start=\"905\" data-end=\"1253\">Funkcja Dim to Warm pozwala na naturaln\u0105 zmian\u0119 koloru \u015bwiat\u0142a podczas \u015bciemniania, co dodatkowo poprawia wra\u017cenia \u015bwietlne.<\/p>\n<p data-start=\"1255\" data-end=\"1513\">Oprawa DWN-02 charakteryzuje si\u0119 symetrycznym rozk\u0142adem \u015bwiat\u0142a i k\u0105tem \u015bwiecenia 40\u00b0, dzi\u0119ki czemu doskonale nadaje si\u0119 zar\u00f3wno do o\u015bwietlenia og\u00f3lnego, jak i bardziej skupionego.<\/p>\n<p data-start=\"1255\" data-end=\"1513\">Nie jest on regulowany, co oznacza, \u017ce r\u00f3wnomiernie rozprowadza \u015bwiat\u0142o w ca\u0142ym pomieszczeniu.<\/p>\n<p data-start=\"1515\" data-end=\"1792\">Dzi\u0119ki technologii Bluetooth\u00ae Mesh mo\u017cliwe jest bezprzewodowe grupowanie wielu opraw o\u015bwietleniowych i sterowanie nimi za pomoc\u0105 systemu Plejd.<\/p>\n<p data-start=\"1515\" data-end=\"1792\">Produkt posiada tak\u017ce wbudowane funkcje czasowe, takie jak zegar astronomiczny i tygodniowy, kt\u00f3re u\u0142atwiaj\u0105 automatyzacj\u0119 harmonogram\u00f3w o\u015bwietlenia na podstawie pory dnia.<\/p>\n<p data-start=\"1794\" data-end=\"2046\">Monta\u017c jest \u0142atwy i pasuje do wi\u0119kszo\u015bci sufit\u00f3w dzi\u0119ki niewielkiej g\u0142\u0119boko\u015bci monta\u017cu wynosz\u0105cej zaledwie 40 mm.<\/p>\n<p data-start=\"1794\" data-end=\"2046\">Oprawa sufitowa ma klas\u0119 ochrony IP44, co sprawia, \u017ce nadaje si\u0119 do \u0142azienek i innych wilgotnych pomieszcze\u0144, a tak\u017ce do monta\u017cu w okapach zewn\u0119trznych.<\/p>\n<p data-start=\"2048\" data-end=\"2292\">Opakowanie zawiera 6 sztuk, dzi\u0119ki czemu idealnie nadaje si\u0119 do wi\u0119kszych instalacji, w kt\u00f3rych potrzebnych jest wiele punkt\u00f3w \u015bwietlnych.<\/p>\n<p data-start=\"2048\" data-end=\"2292\">Solidna konstrukcja i wysoka efektywno\u015b\u0107 energetyczna gwarantuj\u0105 d\u0142ugotrwa\u0142\u0105 prac\u0119 urz\u0105dzenia, kt\u00f3rej \u017cywotno\u015b\u0107 si\u0119ga nawet 60 000 godzin.<\/p>\n<h3 data-start=\"2294\" data-end=\"2329\"><strong data-start=\"2298\" data-end=\"2327\">Dane techniczne:<\/strong><\/h3>\n<ul data-start=\"2330\" data-end=\"3140\">\n<li data-start=\"2330\" data-end=\"2366\"><strong data-start=\"2332\" data-end=\"2346\">\u0179r\u00f3d\u0142o \u015bwiat\u0142a:<\/strong> Dioda LED (niewymienna)<\/li>\n<li data-start=\"2367\" data-end=\"2406\"><strong data-start=\"2369\" data-end=\"2383\">Strumie\u0144 \u015bwietlny:<\/strong> 515 lm na opraw\u0119<\/li>\n<li data-start=\"2407\" data-end=\"2457\"><strong data-start=\"2409\" data-end=\"2428\">Temperatura barwowa:<\/strong> 2200\u20134000K (regulowana biel)<\/li>\n<li data-start=\"2458\" data-end=\"2491\"><strong data-start=\"2460\" data-end=\"2479\">Zakres \u015bciemniania:<\/strong> 0,1\u2013100 %<\/li>\n<li data-start=\"2492\" data-end=\"2521\"><strong data-start=\"2494\" data-end=\"2515\">K\u0105t rozprzestrzeniania:<\/strong> 40\u00b0<\/li>\n<li data-start=\"2522\" data-end=\"2555\"><strong data-start=\"2524\" data-end=\"2550\">Oddawanie barw (CRI):<\/strong> 90<\/li>\n<li data-start=\"2556\" data-end=\"2608\"><strong data-start=\"2558\" data-end=\"2572\">\u017bycie:<\/strong> 60 000 godzin (L70\/B50 w temp. 25\u00b0C)<\/li>\n<li data-start=\"2609\" data-end=\"2638\"><strong data-start=\"2611\" data-end=\"2622\">Efekt:<\/strong> 8 W na jednostk\u0119<\/li>\n<li data-start=\"2639\" data-end=\"2674\"><strong data-start=\"2641\" data-end=\"2670\">Klasa efektywno\u015bci energetycznej:<\/strong> F<\/li>\n<li data-start=\"2675\" data-end=\"2704\"><strong data-start=\"2677\" data-end=\"2693\">Klasa ochrony:<\/strong> Klasa II<\/li>\n<li data-start=\"2705\" data-end=\"2753\"><strong data-start=\"2707\" data-end=\"2720\">Klasa IP:<\/strong> IP44 (oprawa), IP20 (sterownik)<\/li>\n<li data-start=\"2754\" data-end=\"2786\"><strong data-start=\"2756\" data-end=\"2772\">Napi\u0119cie sieciowe:<\/strong> 230V \/ 50Hz<\/li>\n<li data-start=\"2787\" data-end=\"2813\"><strong data-start=\"2789\" data-end=\"2806\">Wsp\u00f3\u0142czynnik mocy:<\/strong> 0,84<\/li>\n<li data-start=\"2814\" data-end=\"2860\"><strong data-start=\"2816\" data-end=\"2834\">Komunikacja:<\/strong> Sie\u0107 Bluetooth\u00ae 2,4 GHz<\/li>\n<li data-start=\"2861\" data-end=\"2936\"><strong data-start=\"2863\" data-end=\"2881\">Zasi\u0119g radiowy:<\/strong> Oko\u0142o 10 metr\u00f3w wewn\u0105trz (rozszerzone technologi\u0105 siatki Plejd)<\/li>\n<li data-start=\"2937\" data-end=\"2983\"><strong data-start=\"2939\" data-end=\"2953\">Montowanie:<\/strong> Do wbudowania w sufit (otw\u00f3r \u00d8 83 mm)<\/li>\n<li data-start=\"2984\" data-end=\"3023\"><strong data-start=\"2986\" data-end=\"3015\">Minimalna g\u0142\u0119boko\u015b\u0107 instalacji:<\/strong> 40 mm<\/li>\n<li data-start=\"3024\" data-end=\"3084\"><strong data-start=\"3026\" data-end=\"3039\">Tworzywo:<\/strong> Aluminium malowane proszkowo, kolor czarny (RAL 9004)<\/li>\n<li data-start=\"3085\" data-end=\"3140\"><strong data-start=\"3087\" data-end=\"3106\">Zgodno\u015b\u0107:<\/strong> Apple HomeKit, Asystent Google<\/li>\n<\/ul>\n<p data-start=\"3142\" data-end=\"3285\">Plejd DWN-02 to najlepsze rozwi\u0105zanie o\u015bwietleniowe dla nowoczesnych dom\u00f3w i inteligentnych obiekt\u00f3w, gdzie funkcjonalno\u015b\u0107, styl i technologia \u0142\u0105cz\u0105 si\u0119 ze sob\u0105.<\/p>","protected":false},"excerpt":{"rendered":"<p>Plejd DWN-02 to inteligentne o\u015bwietlenie punktowe z regulacj\u0105 bieli i wbudowan\u0105 funkcj\u0105 \u015bciemniania - nie wymaga zewn\u0119trznego \u015bciemniacza.<\/p>\n<p>Mo\u017cna nim sterowa\u0107 za pomoc\u0105 aplikacji Plejd, przycisku lub innych urz\u0105dze\u0144 Plejd.<\/p>\n<p>Regulowana temperatura barwowa od 2200K do 4000K i obs\u0142uga przyciemniania do ocieplania.<\/p>\n<p>Klasa ochrony IP44, dostarczane w 6-paku, co umo\u017cliwia \u0142atw\u0105 instalacj\u0119 w ca\u0142ym domu.<\/p>","protected":false},"featured_media":147997,"template":"","meta":{"_acf_changed":false},"product_brand":[],"product_cat":[4664],"product_tag":[4670],"class_list":{"0":"post-147998","1":"product","2":"type-product","3":"status-publish","4":"has-post-thumbnail","6":"product_cat-plejd-belysning","7":"product_tag-plejd","8":"product_shipping_class-tunga-paket","9":"pa_brands-plejd","10":"tm-has-options","12":"first","13":"instock","14":"sale","15":"taxable","16":"shipping-taxable","17":"purchasable","18":"product-type-simple"},"acf":[],"_links":{"self":[{"href":"https:\/\/secureus.se\/pl\/wp-json\/wp\/v2\/product\/147998","targetHints":{"allow":["GET"]}}],"collection":[{"href":"https:\/\/secureus.se\/pl\/wp-json\/wp\/v2\/product"}],"about":[{"href":"https:\/\/secureus.se\/pl\/wp-json\/wp\/v2\/types\/product"}],"wp:featuredmedia":[{"embeddable":true,"href":"https:\/\/secureus.se\/pl\/wp-json\/wp\/v2\/media\/147997"}],"wp:attachment":[{"href":"https:\/\/secureus.se\/pl\/wp-json\/wp\/v2\/media?parent=147998"}],"wp:term":[{"taxonomy":"product_brand","embeddable":true,"href":"https:\/\/secureus.se\/pl\/wp-json\/wp\/v2\/product_brand?post=147998"},{"taxonomy":"product_cat","embeddable":true,"href":"https:\/\/secureus.se\/pl\/wp-json\/wp\/v2\/product_cat?post=147998"},{"taxonomy":"product_tag","embeddable":true,"href":"https:\/\/secureus.se\/pl\/wp-json\/wp\/v2\/product_tag?post=147998"}],"curies":[{"name":"wp","href":"https:\/\/api.w.org\/{rel}","templated":true}]}}