{"id":148000,"date":"2025-02-25T12:22:21","date_gmt":"2025-02-25T11:22:21","guid":{"rendered":"https:\/\/secureus.se\/?post_type=product&#038;p=148000"},"modified":"2026-04-08T16:38:26","modified_gmt":"2026-04-08T14:38:26","slug":"plejd-belysning-downlight-tilt-svart-6-pack","status":"publish","type":"product","link":"https:\/\/secureus.se\/pl\/plejd-belysning-downlight-tilt-svart-6-pack\/","title":{"rendered":"Plejd lighting Downlight Tilt czarny 6 szt."},"content":{"rendered":"<h1>Plejd DWN-01 \u2013 Smart Downlight Tilt 6-pak z regulowanym k\u0105tem padania \u015bwiat\u0142a i bezprzewodowym sterowaniem<\/h1>\n<p data-start=\"545\" data-end=\"825\">Plejd DWN-01 to stylowa i funkcjonalna oprawa typu downlight, kt\u00f3ra oferuje inteligentne sterowanie o\u015bwietleniem w domach i obiektach komercyjnych.<\/p>\n<p data-start=\"545\" data-end=\"825\">Dzi\u0119ki wbudowanej funkcji \u015bciemniania nie jest potrzebny \u017caden zewn\u0119trzny \u015bciemniacz, a sterowanie odbywa si\u0119 p\u0142ynnie za pomoc\u0105 aplikacji Plejd, przycisku lub innych urz\u0105dze\u0144 Plejd.<\/p>\n<p data-start=\"827\" data-end=\"1100\">Du\u017c\u0105 zalet\u0105 lampy DWN-01 jest funkcja pochylenia o 22\u00b0, kt\u00f3ra umo\u017cliwia ukierunkowanie \u015bwiat\u0142a i stworzenie bardziej elastycznego o\u015bwietlenia w pomieszczeniu.<\/p>\n<p data-start=\"827\" data-end=\"1100\">Doskonale nadaje si\u0119 do podkre\u015blania szczeg\u00f3\u0142\u00f3w, tworzenia o\u015bwietlenia punktowego lub zapewnienia r\u00f3wnomiernego rozproszenia \u015bwiat\u0142a, w zale\u017cno\u015bci od potrzeb instalacji.<\/p>\n<p data-start=\"1102\" data-end=\"1454\">Zaawansowana technologia Tunable White pozwala na \u0142atw\u0105 regulacj\u0119 temperatury barwowej w zakresie od 2200 K do 4000 K, co oznacza, \u017ce \u015bwiat\u0142o mo\u017cna zmieni\u0107 z ciep\u0142ego i nastrojowego blasku na bardziej funkcjonalne bia\u0142e \u015bwiat\u0142o.<\/p>\n<p data-start=\"1102\" data-end=\"1454\">Funkcja \u015bciemniania i ocieplania pozwala uzyska\u0107 bardziej naturalne o\u015bwietlenie poprzez automatyczn\u0105 regulacj\u0119 temperatury barwowej.<\/p>\n<p data-start=\"1456\" data-end=\"1668\">DWN-01 ma k\u0105t \u015bwiecenia 40\u00b0, co zapewnia symetryczny rozk\u0142ad \u015bwiat\u0142a.<\/p>\n<p data-start=\"1456\" data-end=\"1668\">Wysoki wsp\u00f3\u0142czynnik oddawania barw (CRI 90) gwarantuje naturalne i przyjemne \u015bwiat\u0142o, idealne do dom\u00f3w, biur i sklep\u00f3w.<\/p>\n<p data-start=\"1670\" data-end=\"1953\">Dzi\u0119ki technologii Bluetooth\u00ae Mesh mo\u017cliwe jest bezprzewodowe grupowanie wielu opraw o\u015bwietleniowych i sterowanie nimi za pomoc\u0105 systemu Plejd.<\/p>\n<p data-start=\"1670\" data-end=\"1953\">Produkt posiada r\u00f3wnie\u017c wbudowane funkcje czasowe, takie jak zegar astronomiczny i tygodniowy, co umo\u017cliwia automatyzacj\u0119 harmonogram\u00f3w o\u015bwietlenia w zale\u017cno\u015bci od pory dnia i pory roku.<\/p>\n<p data-start=\"1955\" data-end=\"2242\">Monta\u017c jest \u0142atwy dzi\u0119ki niewielkiej g\u0142\u0119boko\u015bci monta\u017cowej wynosz\u0105cej zaledwie 40 mm, co oznacza, \u017ce downlight mo\u017cna zamontowa\u0107 nawet w pomieszczeniach o ograniczonej g\u0142\u0119boko\u015bci.<\/p>\n<p data-start=\"1955\" data-end=\"2242\">Posiada stopie\u0144 ochrony IP44, co oznacza, \u017ce jest zabezpieczony przed wilgoci\u0105 i nadaje si\u0119 do stosowania w \u0142azienkach i os\u0142oni\u0119tych miejscach na zewn\u0105trz.<\/p>\n<p data-start=\"2244\" data-end=\"2492\">Dost\u0119pne w paczkach po 6 sztuk, dzi\u0119ki czemu idealnie nadaj\u0105 si\u0119 do wi\u0119kszych instalacji, w kt\u00f3rych potrzeba wielu punkt\u00f3w \u015bwietlnych.<\/p>\n<p data-start=\"2244\" data-end=\"2492\">Lampa DWN-01 charakteryzuje si\u0119 d\u0142ug\u0105 \u017cywotno\u015bci\u0105, si\u0119gaj\u0105c\u0105 nawet 60 000 godzin, co zapewnia trwa\u0142e i energooszcz\u0119dne rozwi\u0105zanie dla nowoczesnego o\u015bwietlenia.<\/p>\n<h3 data-start=\"2494\" data-end=\"2529\"><strong data-start=\"2498\" data-end=\"2527\">Dane techniczne:<\/strong><\/h3>\n<ul data-start=\"2530\" data-end=\"3364\">\n<li data-start=\"2530\" data-end=\"2566\"><strong data-start=\"2532\" data-end=\"2546\">\u0179r\u00f3d\u0142o \u015bwiat\u0142a:<\/strong> Dioda LED (niewymienna)<\/li>\n<li data-start=\"2567\" data-end=\"2606\"><strong data-start=\"2569\" data-end=\"2583\">Strumie\u0144 \u015bwietlny:<\/strong> 515 lm na opraw\u0119<\/li>\n<li data-start=\"2607\" data-end=\"2657\"><strong data-start=\"2609\" data-end=\"2628\">Temperatura barwowa:<\/strong> 2200\u20134000K (regulowana biel)<\/li>\n<li data-start=\"2658\" data-end=\"2691\"><strong data-start=\"2660\" data-end=\"2679\">Zakres \u015bciemniania:<\/strong> 0,1\u2013100 %<\/li>\n<li data-start=\"2692\" data-end=\"2715\"><strong data-start=\"2694\" data-end=\"2709\">Mo\u017cliwo\u015b\u0107 pochylenia:<\/strong> 22\u00b0<\/li>\n<li data-start=\"2716\" data-end=\"2745\"><strong data-start=\"2718\" data-end=\"2739\">K\u0105t rozprzestrzeniania:<\/strong> 40\u00b0<\/li>\n<li data-start=\"2746\" data-end=\"2779\"><strong data-start=\"2748\" data-end=\"2774\">Oddawanie barw (CRI):<\/strong> 90<\/li>\n<li data-start=\"2780\" data-end=\"2832\"><strong data-start=\"2782\" data-end=\"2796\">\u017bycie:<\/strong> 60 000 godzin (L70\/B50 w temp. 25\u00b0C)<\/li>\n<li data-start=\"2833\" data-end=\"2862\"><strong data-start=\"2835\" data-end=\"2846\">Efekt:<\/strong> 8 W na jednostk\u0119<\/li>\n<li data-start=\"2863\" data-end=\"2898\"><strong data-start=\"2865\" data-end=\"2894\">Klasa efektywno\u015bci energetycznej:<\/strong> F<\/li>\n<li data-start=\"2899\" data-end=\"2928\"><strong data-start=\"2901\" data-end=\"2917\">Klasa ochrony:<\/strong> Klasa II<\/li>\n<li data-start=\"2929\" data-end=\"2977\"><strong data-start=\"2931\" data-end=\"2944\">Klasa IP:<\/strong> IP44 (oprawa), IP20 (sterownik)<\/li>\n<li data-start=\"2978\" data-end=\"3010\"><strong data-start=\"2980\" data-end=\"2996\">Napi\u0119cie sieciowe:<\/strong> 230V \/ 50Hz<\/li>\n<li data-start=\"3011\" data-end=\"3037\"><strong data-start=\"3013\" data-end=\"3030\">Wsp\u00f3\u0142czynnik mocy:<\/strong> 0,84<\/li>\n<li data-start=\"3038\" data-end=\"3084\"><strong data-start=\"3040\" data-end=\"3058\">Komunikacja:<\/strong> Sie\u0107 Bluetooth\u00ae 2,4 GHz<\/li>\n<li data-start=\"3085\" data-end=\"3160\"><strong data-start=\"3087\" data-end=\"3105\">Zasi\u0119g radiowy:<\/strong> Oko\u0142o 10 metr\u00f3w wewn\u0105trz (rozszerzone technologi\u0105 siatki Plejd)<\/li>\n<li data-start=\"3161\" data-end=\"3207\"><strong data-start=\"3163\" data-end=\"3177\">Montowanie:<\/strong> Do wbudowania w sufit (otw\u00f3r \u00d8 83 mm)<\/li>\n<li data-start=\"3208\" data-end=\"3247\"><strong data-start=\"3210\" data-end=\"3239\">Minimalna g\u0142\u0119boko\u015b\u0107 instalacji:<\/strong> 40 mm<\/li>\n<li data-start=\"3248\" data-end=\"3308\"><strong data-start=\"3250\" data-end=\"3263\">Tworzywo:<\/strong> Aluminium malowane proszkowo, kolor czarny (RAL 9004)<\/li>\n<li data-start=\"3309\" data-end=\"3364\"><strong data-start=\"3311\" data-end=\"3330\">Zgodno\u015b\u0107:<\/strong> Apple HomeKit, Asystent Google<\/li>\n<\/ul>\n<p data-start=\"3366\" data-end=\"3535\">Plejd DWN-01 w opakowaniu 6 sztuk to idealne rozwi\u0105zanie dla du\u017cych projekt\u00f3w o\u015bwietleniowych, w kt\u00f3rych funkcjonalno\u015b\u0107, design i technologia wsp\u00f3\u0142graj\u0105 ze sob\u0105, tworz\u0105c inteligentne i elastyczne \u015brodowisko o\u015bwietleniowe.<\/p>","protected":false},"excerpt":{"rendered":"<p>Plejd DWN-01 to inteligentne o\u015bwietlenie punktowe z regulacj\u0105 bieli i wbudowan\u0105 funkcj\u0105 \u015bciemniania - nie wymaga zewn\u0119trznego \u015bciemniacza.<\/p>\n<p>\u0179r\u00f3d\u0142o \u015bwiat\u0142a mo\u017cna ustawi\u0107 pod k\u0105tem, aby uzyska\u0107 elastyczne o\u015bwietlenie, i sterowa\u0107 nim za pomoc\u0105 aplikacji Plejd, przycisku lub innych urz\u0105dze\u0144 Plejd.<\/p>\n<p>Regulowana temperatura barwowa od 2200K do 4000K i obs\u0142uga przyciemniania do ocieplania.<\/p>\n<p>Dostarczane w paczkach po 6 sztuk w przypadku wi\u0119kszych instalacji.<\/p>","protected":false},"featured_media":147999,"template":"","meta":{"_acf_changed":false},"product_brand":[],"product_cat":[4664],"product_tag":[4670],"class_list":{"0":"post-148000","1":"product","2":"type-product","3":"status-publish","4":"has-post-thumbnail","6":"product_cat-plejd-belysning","7":"product_tag-plejd","8":"product_shipping_class-postnord-varubrev","9":"pa_brands-plejd","10":"tm-has-options","12":"first","13":"instock","14":"sale","15":"taxable","16":"shipping-taxable","17":"purchasable","18":"product-type-simple"},"acf":[],"_links":{"self":[{"href":"https:\/\/secureus.se\/pl\/wp-json\/wp\/v2\/product\/148000","targetHints":{"allow":["GET"]}}],"collection":[{"href":"https:\/\/secureus.se\/pl\/wp-json\/wp\/v2\/product"}],"about":[{"href":"https:\/\/secureus.se\/pl\/wp-json\/wp\/v2\/types\/product"}],"wp:featuredmedia":[{"embeddable":true,"href":"https:\/\/secureus.se\/pl\/wp-json\/wp\/v2\/media\/147999"}],"wp:attachment":[{"href":"https:\/\/secureus.se\/pl\/wp-json\/wp\/v2\/media?parent=148000"}],"wp:term":[{"taxonomy":"product_brand","embeddable":true,"href":"https:\/\/secureus.se\/pl\/wp-json\/wp\/v2\/product_brand?post=148000"},{"taxonomy":"product_cat","embeddable":true,"href":"https:\/\/secureus.se\/pl\/wp-json\/wp\/v2\/product_cat?post=148000"},{"taxonomy":"product_tag","embeddable":true,"href":"https:\/\/secureus.se\/pl\/wp-json\/wp\/v2\/product_tag?post=148000"}],"curies":[{"name":"wp","href":"https:\/\/api.w.org\/{rel}","templated":true}]}}