{"id":148002,"date":"2025-02-25T12:22:21","date_gmt":"2025-02-25T11:22:21","guid":{"rendered":"https:\/\/secureus.se\/?post_type=product&#038;p=148002"},"modified":"2026-04-23T10:19:05","modified_gmt":"2026-04-23T08:19:05","slug":"plejd-belysning-downlight-deep-vit","status":"publish","type":"product","link":"https:\/\/secureus.se\/pl\/plejd-belysning-downlight-deep-vit\/","title":{"rendered":"O\u015bwietlenie Plejd Downlight G\u0142\u0119boka biel"},"content":{"rendered":"<h1 data-start=\"415\" data-end=\"499\"><strong data-start=\"419\" data-end=\"497\">Plejd DWN-02 \u2013 Inteligentne o\u015bwietlenie Downlight Deep z regulacj\u0105 bieli i bezprzewodowym sterowaniem<\/strong><\/h1>\n<p data-start=\"501\" data-end=\"837\">Plejd DWN-02 to stylowy i funkcjonalny downlight oferuj\u0105cy inteligentne o\u015bwietlenie nowoczesnych wn\u0119trz.<\/p>\n<p data-start=\"501\" data-end=\"837\">Dzi\u0119ki wbudowanej funkcji \u015bciemniania nie jest potrzebny \u017caden zewn\u0119trzny \u015bciemniacz, co u\u0142atwia instalacj\u0119 i zapewnia wi\u0119ksz\u0105 kontrol\u0119 nad \u015bwiat\u0142em.<\/p>\n<p data-start=\"501\" data-end=\"837\">Sterowanie odbywa si\u0119 za pomoc\u0105 aplikacji Plejd, przewodowego przycisku lub innych urz\u0105dze\u0144 Plejd.<\/p>\n<p data-start=\"839\" data-end=\"1199\">Zaawansowana technologia Tunable White pozwala na regulacj\u0119 temperatury barwowej w zakresie od 2200 K do 4000 K, dzi\u0119ki czemu mo\u017cna \u0142atwo dostosowa\u0107 \u015bwiat\u0142o do swoich potrzeb \u2013 od ciep\u0142ego i przytulnego blasku po bardziej neutralne \u015bwiat\u0142o robocze.<\/p>\n<p data-start=\"839\" data-end=\"1199\">Funkcja Dim to Warm zapewnia naturaln\u0105 regulacj\u0119 temperatury barwowej podczas \u015bciemniania, zapewniaj\u0105c mi\u0119kkie i przyjemne o\u015bwietlenie.<\/p>\n<p data-start=\"1201\" data-end=\"1492\">Oprawa DWN-02 charakteryzuje si\u0119 k\u0105tem \u015bwiecenia 40\u00b0, co pozwala na symetryczne rozsy\u0142anie \u015bwiat\u0142a, idealne zar\u00f3wno do o\u015bwietlenia og\u00f3lnego, jak i kierunkowego.<\/p>\n<p data-start=\"1201\" data-end=\"1492\">Wysoki wsp\u00f3\u0142czynnik oddawania barw (CRI 90) sprawia, \u017ce kolory s\u0105 odwzorowywane w naturalny i przyjemny spos\u00f3b, co czyni ten produkt idealnym do dom\u00f3w, biur i sklep\u00f3w.<\/p>\n<p data-start=\"1494\" data-end=\"1792\">Dzi\u0119ki technologii Bluetooth\u00ae Mesh mo\u017cliwe jest bezprzewodowe grupowanie wielu opraw o\u015bwietleniowych i sterowanie nimi za pomoc\u0105 systemu Plejd.<\/p>\n<p data-start=\"1494\" data-end=\"1792\">Produkt posiada tak\u017ce wbudowane funkcje czasowe, takie jak zegar astro i zegar tygodniowy, kt\u00f3re u\u0142atwiaj\u0105 automatyzacj\u0119 o\u015bwietlenia na podstawie pory dnia i warunk\u00f3w o\u015bwietleniowych.<\/p>\n<p data-start=\"1794\" data-end=\"2072\">Monta\u017c jest \u0142atwy, a dzi\u0119ki niewielkiej g\u0142\u0119boko\u015bci monta\u017cowej, wynosz\u0105cej zaledwie 40 mm, downlight mo\u017cna zamontowa\u0107 tak\u017ce w pomieszczeniach o ograniczonej g\u0142\u0119boko\u015bci.<\/p>\n<p data-start=\"1794\" data-end=\"2072\">Posiada klas\u0119 ochrony IP44, co oznacza, \u017ce jest zabezpieczony przed wilgoci\u0105 i nadaje si\u0119 do monta\u017cu w \u0142azienkach oraz na zewn\u0119trznych okapach dachowych.<\/p>\n<p data-start=\"2074\" data-end=\"2240\">Plejd DWN-02 to energooszcz\u0119dne i ekologiczne rozwi\u0105zanie o \u017cywotno\u015bci do 60 000 godzin, zapewniaj\u0105ce d\u0142ugotrwa\u0142e i niezawodne o\u015bwietlenie.<\/p>\n<h3 data-start=\"2242\" data-end=\"2277\"><strong data-start=\"2246\" data-end=\"2275\">Dane techniczne:<\/strong><\/h3>\n<ul data-start=\"2278\" data-end=\"3062\">\n<li data-start=\"2278\" data-end=\"2314\"><strong data-start=\"2280\" data-end=\"2294\">\u0179r\u00f3d\u0142o \u015bwiat\u0142a:<\/strong> Dioda LED (niewymienna)<\/li>\n<li data-start=\"2315\" data-end=\"2340\"><strong data-start=\"2317\" data-end=\"2331\">Strumie\u0144 \u015bwietlny:<\/strong> 515 lumen\u00f3w<\/li>\n<li data-start=\"2341\" data-end=\"2391\"><strong data-start=\"2343\" data-end=\"2362\">Temperatura barwowa:<\/strong> 2200\u20134000K (regulowana biel)<\/li>\n<li data-start=\"2392\" data-end=\"2425\"><strong data-start=\"2394\" data-end=\"2413\">Zakres \u015bciemniania:<\/strong> 0,1\u2013100 %<\/li>\n<li data-start=\"2426\" data-end=\"2455\"><strong data-start=\"2428\" data-end=\"2449\">K\u0105t rozprzestrzeniania:<\/strong> 40\u00b0<\/li>\n<li data-start=\"2456\" data-end=\"2489\"><strong data-start=\"2458\" data-end=\"2484\">Oddawanie barw (CRI):<\/strong> 90<\/li>\n<li data-start=\"2490\" data-end=\"2542\"><strong data-start=\"2492\" data-end=\"2506\">\u017bycie:<\/strong> 60 000 godzin (L70\/B50 w temp. 25\u00b0C)<\/li>\n<li data-start=\"2543\" data-end=\"2562\"><strong data-start=\"2545\" data-end=\"2556\">Efekt:<\/strong> 8W<\/li>\n<li data-start=\"2563\" data-end=\"2598\"><strong data-start=\"2565\" data-end=\"2594\">Klasa efektywno\u015bci energetycznej:<\/strong> F<\/li>\n<li data-start=\"2599\" data-end=\"2628\"><strong data-start=\"2601\" data-end=\"2617\">Klasa ochrony:<\/strong> Klasa II<\/li>\n<li data-start=\"2629\" data-end=\"2677\"><strong data-start=\"2631\" data-end=\"2644\">Klasa IP:<\/strong> IP44 (oprawa), IP20 (sterownik)<\/li>\n<li data-start=\"2678\" data-end=\"2710\"><strong data-start=\"2680\" data-end=\"2696\">Napi\u0119cie sieciowe:<\/strong> 230V \/ 50Hz<\/li>\n<li data-start=\"2711\" data-end=\"2737\"><strong data-start=\"2713\" data-end=\"2730\">Wsp\u00f3\u0142czynnik mocy:<\/strong> 0,84<\/li>\n<li data-start=\"2738\" data-end=\"2784\"><strong data-start=\"2740\" data-end=\"2758\">Komunikacja:<\/strong> Sie\u0107 Bluetooth\u00ae 2,4 GHz<\/li>\n<li data-start=\"2785\" data-end=\"2860\"><strong data-start=\"2787\" data-end=\"2805\">Zasi\u0119g radiowy:<\/strong> Oko\u0142o 10 metr\u00f3w wewn\u0105trz (rozszerzone technologi\u0105 siatki Plejd)<\/li>\n<li data-start=\"2861\" data-end=\"2907\"><strong data-start=\"2863\" data-end=\"2877\">Montowanie:<\/strong> Do wbudowania w sufit (otw\u00f3r \u00d8 83 mm)<\/li>\n<li data-start=\"2908\" data-end=\"2947\"><strong data-start=\"2910\" data-end=\"2939\">Minimalna g\u0142\u0119boko\u015b\u0107 instalacji:<\/strong> 40 mm<\/li>\n<li data-start=\"2948\" data-end=\"3006\"><strong data-start=\"2950\" data-end=\"2963\">Tworzywo:<\/strong> Aluminium malowane proszkowo, kolor bia\u0142y (RAL 9003)<\/li>\n<li data-start=\"3007\" data-end=\"3062\"><strong data-start=\"3009\" data-end=\"3028\">Zgodno\u015b\u0107:<\/strong> Apple HomeKit, Asystent Google<\/li>\n<\/ul>\n<p data-start=\"3064\" data-end=\"3213\">Plejd DWN-02 to idealne rozwi\u0105zanie dla inteligentnego i stylowego o\u015bwietlenia, w kt\u00f3rym funkcjonalno\u015b\u0107, design i technologia wsp\u00f3\u0142graj\u0105 ze sob\u0105, tworz\u0105c optymalne \u015brodowisko o\u015bwietleniowe.<\/p>","protected":false},"excerpt":{"rendered":"<p>Plejd DWN-02 to inteligentne o\u015bwietlenie punktowe z regulacj\u0105 bieli i wbudowan\u0105 funkcj\u0105 \u015bciemniania - nie wymaga zewn\u0119trznego \u015bciemniacza.<\/p>\n<p>Mo\u017cna nim sterowa\u0107 za pomoc\u0105 aplikacji Plejd, przycisku lub innych urz\u0105dze\u0144 Plejd.<\/p>\n<p>Regulowana temperatura barwowa od 2200K do 4000K i obs\u0142uga przyciemniania do ocieplania.<\/p>\n<p>Posiada stopie\u0144 ochrony IP44 i nadaje si\u0119 do stosowania zar\u00f3wno wewn\u0105trz, jak i na zewn\u0105trz w os\u0142oni\u0119tych warunkach.<\/p>","protected":false},"featured_media":148001,"template":"","meta":{"_acf_changed":false},"product_brand":[],"product_cat":[4664],"product_tag":[4670],"class_list":{"0":"post-148002","1":"product","2":"type-product","3":"status-publish","4":"has-post-thumbnail","6":"product_cat-plejd-belysning","7":"product_tag-plejd","8":"product_shipping_class-postnord-varubrev","9":"pa_brands-plejd","10":"tm-has-options","12":"first","13":"instock","14":"sale","15":"taxable","16":"shipping-taxable","17":"purchasable","18":"product-type-simple"},"acf":[],"_links":{"self":[{"href":"https:\/\/secureus.se\/pl\/wp-json\/wp\/v2\/product\/148002","targetHints":{"allow":["GET"]}}],"collection":[{"href":"https:\/\/secureus.se\/pl\/wp-json\/wp\/v2\/product"}],"about":[{"href":"https:\/\/secureus.se\/pl\/wp-json\/wp\/v2\/types\/product"}],"wp:featuredmedia":[{"embeddable":true,"href":"https:\/\/secureus.se\/pl\/wp-json\/wp\/v2\/media\/148001"}],"wp:attachment":[{"href":"https:\/\/secureus.se\/pl\/wp-json\/wp\/v2\/media?parent=148002"}],"wp:term":[{"taxonomy":"product_brand","embeddable":true,"href":"https:\/\/secureus.se\/pl\/wp-json\/wp\/v2\/product_brand?post=148002"},{"taxonomy":"product_cat","embeddable":true,"href":"https:\/\/secureus.se\/pl\/wp-json\/wp\/v2\/product_cat?post=148002"},{"taxonomy":"product_tag","embeddable":true,"href":"https:\/\/secureus.se\/pl\/wp-json\/wp\/v2\/product_tag?post=148002"}],"curies":[{"name":"wp","href":"https:\/\/api.w.org\/{rel}","templated":true}]}}