{"id":148004,"date":"2025-02-25T12:22:22","date_gmt":"2025-02-25T11:22:22","guid":{"rendered":"https:\/\/secureus.se\/?post_type=product&#038;p=148004"},"modified":"2026-03-26T11:07:33","modified_gmt":"2026-03-26T10:07:33","slug":"plejd-belysning-downlight-tilt-vit","status":"publish","type":"product","link":"https:\/\/secureus.se\/pl\/plejd-belysning-downlight-tilt-vit\/","title":{"rendered":"O\u015bwietlenie Plejd Downlight Tilt bia\u0142e"},"content":{"rendered":"<h1>Plejd DWN-01 \u2013 Inteligentny downlight z regulowanym k\u0105tem padania \u015bwiat\u0142a i bezprzewodowym sterowaniem<\/h1>\n<p data-start=\"519\" data-end=\"919\">Plejd DWN-01 to stylowy i elastyczny downlight, kt\u00f3ry umo\u017cliwia inteligentne sterowanie o\u015bwietleniem zar\u00f3wno w domach, jak i obiektach komercyjnych.<\/p>\n<p data-start=\"519\" data-end=\"919\">Dzi\u0119ki wbudowanej funkcji \u015bciemniania nie jest potrzebny \u017caden zewn\u0119trzny \u015bciemniacz, co upraszcza instalacj\u0119 i zapewnia bezpo\u015bredni\u0105 kontrol\u0119 nad \u015bwiat\u0142em.<\/p>\n<p data-start=\"519\" data-end=\"919\">Sterowanie odbywa si\u0119 za pomoc\u0105 aplikacji Plejd, przycisku lub innych urz\u0105dze\u0144 Plejd, co pozwala na dostosowanie o\u015bwietlenia do w\u0142asnych potrzeb.<\/p>\n<p data-start=\"921\" data-end=\"1182\">Regulowane \u017ar\u00f3d\u0142o \u015bwiat\u0142a mo\u017cna ustawi\u0107 pod k\u0105tem nawet do 22\u00b0, co pozwala na odpowiednie ukierunkowanie \u015bwiat\u0142a i stworzenie bardziej dynamicznego efektu \u015bwietlnego.<\/p>\n<p data-start=\"921\" data-end=\"1182\">Doskonale nadaje si\u0119 do podkre\u015blania szczeg\u00f3\u0142\u00f3w, tworzenia o\u015bwietlenia punktowego lub zapewniania r\u00f3wnomiernego rozproszenia \u015bwiat\u0142a, w zale\u017cno\u015bci od wymaga\u0144 instalacji.<\/p>\n<p data-start=\"1184\" data-end=\"1539\">Dzi\u0119ki technologii Tunable White temperatur\u0119 barwow\u0105 mo\u017cna regulowa\u0107 w zakresie od 2200 K do 4000 K, co daje pe\u0142n\u0105 swobod\u0119 wyboru o\u015bwietlenia \u2014 od ciep\u0142ego i przytulnego blasku po bardziej funkcjonalne bia\u0142e \u015bwiat\u0142o.<\/p>\n<p data-start=\"1184\" data-end=\"1539\">Funkcja Dim to Warm zapewnia naturalne o\u015bwietlenie podczas \u015bciemniania, automatycznie dostosowuj\u0105c temperatur\u0119 barwow\u0105 do r\u00f3\u017cnych poziom\u00f3w jasno\u015bci.<\/p>\n<p data-start=\"1541\" data-end=\"1790\">DWN-01 charakteryzuje si\u0119 k\u0105tem \u015bwiecenia 40\u00b0, co zapewnia symetryczny i przyjemny rozk\u0142ad \u015bwiat\u0142a.<\/p>\n<p data-start=\"1541\" data-end=\"1790\">Wysoki wsp\u00f3\u0142czynnik oddawania barw (CRI 90) gwarantuje naturalne i przyjemne o\u015bwietlenie, dzi\u0119ki czemu lampa idealnie nadaje si\u0119 do dom\u00f3w, biur i sklep\u00f3w.<\/p>\n<p data-start=\"1792\" data-end=\"2090\">Dzi\u0119ki technologii Bluetooth\u00ae Mesh mo\u017cliwe jest bezprzewodowe grupowanie wielu opraw o\u015bwietleniowych i sterowanie nimi za pomoc\u0105 systemu Plejd.<\/p>\n<p data-start=\"1792\" data-end=\"2090\">Produkt posiada tak\u017ce wbudowane funkcje czasowe, takie jak zegar astro i zegar tygodniowy, kt\u00f3re u\u0142atwiaj\u0105 automatyzacj\u0119 harmonogram\u00f3w o\u015bwietlenia w zale\u017cno\u015bci od pory dnia i warunk\u00f3w o\u015bwietleniowych.<\/p>\n<p data-start=\"2092\" data-end=\"2386\">Monta\u017c jest \u0142atwy dzi\u0119ki niewielkiej g\u0142\u0119boko\u015bci monta\u017cowej wynosz\u0105cej zaledwie 40 mm, co oznacza, \u017ce downlight mo\u017cna zamontowa\u0107 nawet w pomieszczeniach o ograniczonej g\u0142\u0119boko\u015bci.<\/p>\n<p data-start=\"2092\" data-end=\"2386\">Posiada klas\u0119 ochrony IP44, co oznacza, \u017ce jest zabezpieczony przed wilgoci\u0105 i nadaje si\u0119 do monta\u017cu w \u0142azienkach oraz na zewn\u0119trznych okapach dachowych.<\/p>\n<p data-start=\"2388\" data-end=\"2544\">Plejd DWN-01 to energooszcz\u0119dne i ekologiczne rozwi\u0105zanie o \u017cywotno\u015bci do 60 000 godzin, zapewniaj\u0105ce d\u0142ugotrwa\u0142\u0105 i stabiln\u0105 prac\u0119.<\/p>\n<h3 data-start=\"2546\" data-end=\"2581\"><strong data-start=\"2550\" data-end=\"2579\">Dane techniczne:<\/strong><\/h3>\n<ul data-start=\"2582\" data-end=\"3390\">\n<li data-start=\"2582\" data-end=\"2618\"><strong data-start=\"2584\" data-end=\"2598\">\u0179r\u00f3d\u0142o \u015bwiat\u0142a:<\/strong> Dioda LED (niewymienna)<\/li>\n<li data-start=\"2619\" data-end=\"2644\"><strong data-start=\"2621\" data-end=\"2635\">Strumie\u0144 \u015bwietlny:<\/strong> 515 lumen\u00f3w<\/li>\n<li data-start=\"2645\" data-end=\"2695\"><strong data-start=\"2647\" data-end=\"2666\">Temperatura barwowa:<\/strong> 2200\u20134000K (regulowana biel)<\/li>\n<li data-start=\"2696\" data-end=\"2729\"><strong data-start=\"2698\" data-end=\"2717\">Zakres \u015bciemniania:<\/strong> 0,1\u2013100 %<\/li>\n<li data-start=\"2730\" data-end=\"2753\"><strong data-start=\"2732\" data-end=\"2747\">Mo\u017cliwo\u015b\u0107 pochylenia:<\/strong> 22\u00b0<\/li>\n<li data-start=\"2754\" data-end=\"2783\"><strong data-start=\"2756\" data-end=\"2777\">K\u0105t rozprzestrzeniania:<\/strong> 40\u00b0<\/li>\n<li data-start=\"2784\" data-end=\"2817\"><strong data-start=\"2786\" data-end=\"2812\">Oddawanie barw (CRI):<\/strong> 90<\/li>\n<li data-start=\"2818\" data-end=\"2870\"><strong data-start=\"2820\" data-end=\"2834\">\u017bycie:<\/strong> 60 000 godzin (L70\/B50 w temp. 25\u00b0C)<\/li>\n<li data-start=\"2871\" data-end=\"2890\"><strong data-start=\"2873\" data-end=\"2884\">Efekt:<\/strong> 8W<\/li>\n<li data-start=\"2891\" data-end=\"2926\"><strong data-start=\"2893\" data-end=\"2922\">Klasa efektywno\u015bci energetycznej:<\/strong> F<\/li>\n<li data-start=\"2927\" data-end=\"2956\"><strong data-start=\"2929\" data-end=\"2945\">Klasa ochrony:<\/strong> Klasa II<\/li>\n<li data-start=\"2957\" data-end=\"3005\"><strong data-start=\"2959\" data-end=\"2972\">Klasa IP:<\/strong> IP44 (oprawa), IP20 (sterownik)<\/li>\n<li data-start=\"3006\" data-end=\"3038\"><strong data-start=\"3008\" data-end=\"3024\">Napi\u0119cie sieciowe:<\/strong> 230V \/ 50Hz<\/li>\n<li data-start=\"3039\" data-end=\"3065\"><strong data-start=\"3041\" data-end=\"3058\">Wsp\u00f3\u0142czynnik mocy:<\/strong> 0,84<\/li>\n<li data-start=\"3066\" data-end=\"3112\"><strong data-start=\"3068\" data-end=\"3086\">Komunikacja:<\/strong> Sie\u0107 Bluetooth\u00ae 2,4 GHz<\/li>\n<li data-start=\"3113\" data-end=\"3188\"><strong data-start=\"3115\" data-end=\"3133\">Zasi\u0119g radiowy:<\/strong> Oko\u0142o 10 metr\u00f3w wewn\u0105trz (rozszerzone technologi\u0105 siatki Plejd)<\/li>\n<li data-start=\"3189\" data-end=\"3235\"><strong data-start=\"3191\" data-end=\"3205\">Montowanie:<\/strong> Do wbudowania w sufit (otw\u00f3r \u00d8 83 mm)<\/li>\n<li data-start=\"3236\" data-end=\"3275\"><strong data-start=\"3238\" data-end=\"3267\">Minimalna g\u0142\u0119boko\u015b\u0107 instalacji:<\/strong> 40 mm<\/li>\n<li data-start=\"3276\" data-end=\"3334\"><strong data-start=\"3278\" data-end=\"3291\">Tworzywo:<\/strong> Aluminium malowane proszkowo, kolor bia\u0142y (RAL 9003)<\/li>\n<li data-start=\"3335\" data-end=\"3390\"><strong data-start=\"3337\" data-end=\"3356\">Zgodno\u015b\u0107:<\/strong> Apple HomeKit, Asystent Google<\/li>\n<\/ul>\n<p data-start=\"3392\" data-end=\"3557\">Plejd DWN-01 to idealne rozwi\u0105zanie o\u015bwietleniowe do inteligentnych instalacji, w kt\u00f3rych funkcjonalno\u015b\u0107, design i technologia wsp\u00f3\u0142graj\u0105 ze sob\u0105, tworz\u0105c nowoczesne i wydajne \u015brodowisko o\u015bwietleniowe.<\/p>","protected":false},"excerpt":{"rendered":"<p>Plejd DWN-01 to inteligentne o\u015bwietlenie punktowe z regulacj\u0105 bieli i wbudowan\u0105 funkcj\u0105 \u015bciemniania - nie wymaga zewn\u0119trznego \u015bciemniacza.<\/p>\n<p>\u0179r\u00f3d\u0142o \u015bwiat\u0142a mo\u017cna ustawi\u0107 pod k\u0105tem, aby uzyska\u0107 elastyczne o\u015bwietlenie, i sterowa\u0107 nim za pomoc\u0105 aplikacji Plejd, przycisku lub innych urz\u0105dze\u0144 Plejd. Regulowana temperatura barwowa od 2200K do 4000K i obs\u0142uga przyciemniania do ocieplania.<\/p>\n<p>Klasa ochrony IP44, idealny do monta\u017cu na suficie.<\/p>","protected":false},"featured_media":148003,"template":"","meta":{"_acf_changed":false},"product_brand":[],"product_cat":[4664],"product_tag":[4670],"class_list":{"0":"post-148004","1":"product","2":"type-product","3":"status-publish","4":"has-post-thumbnail","6":"product_cat-plejd-belysning","7":"product_tag-plejd","8":"product_shipping_class-tunga-paket","9":"pa_brands-plejd","10":"tm-has-options","12":"first","13":"instock","14":"sale","15":"taxable","16":"shipping-taxable","17":"purchasable","18":"product-type-simple"},"acf":[],"_links":{"self":[{"href":"https:\/\/secureus.se\/pl\/wp-json\/wp\/v2\/product\/148004","targetHints":{"allow":["GET"]}}],"collection":[{"href":"https:\/\/secureus.se\/pl\/wp-json\/wp\/v2\/product"}],"about":[{"href":"https:\/\/secureus.se\/pl\/wp-json\/wp\/v2\/types\/product"}],"wp:featuredmedia":[{"embeddable":true,"href":"https:\/\/secureus.se\/pl\/wp-json\/wp\/v2\/media\/148003"}],"wp:attachment":[{"href":"https:\/\/secureus.se\/pl\/wp-json\/wp\/v2\/media?parent=148004"}],"wp:term":[{"taxonomy":"product_brand","embeddable":true,"href":"https:\/\/secureus.se\/pl\/wp-json\/wp\/v2\/product_brand?post=148004"},{"taxonomy":"product_cat","embeddable":true,"href":"https:\/\/secureus.se\/pl\/wp-json\/wp\/v2\/product_cat?post=148004"},{"taxonomy":"product_tag","embeddable":true,"href":"https:\/\/secureus.se\/pl\/wp-json\/wp\/v2\/product_tag?post=148004"}],"curies":[{"name":"wp","href":"https:\/\/api.w.org\/{rel}","templated":true}]}}