{"id":148006,"date":"2025-02-25T12:22:21","date_gmt":"2025-02-25T11:22:21","guid":{"rendered":"https:\/\/secureus.se\/?post_type=product&#038;p=148006"},"modified":"2026-03-26T11:07:36","modified_gmt":"2026-03-26T10:07:36","slug":"plejd-belysning-plafond-vit","status":"publish","type":"product","link":"https:\/\/secureus.se\/pl\/plejd-belysning-plafond-vit\/","title":{"rendered":"O\u015bwietlenie Plejd Plafon bia\u0142y"},"content":{"rendered":"<h1>Plejd CCL-01 \u2013 Inteligentna lampa sufitowa LED z regulacj\u0105 bieli i bezprzewodowym sterowaniem<\/h1>\n<p data-start=\"484\" data-end=\"762\">Plejd CCL-01 to nowoczesna i stylowa lampa sufitowa LED, kt\u00f3ra \u0142\u0105czy w sobie inteligentne sterowanie o\u015bwietleniem z wysok\u0105 jako\u015bci\u0105 \u015bwiat\u0142a.<\/p>\n<p data-start=\"484\" data-end=\"762\">Dzi\u0119ki wbudowanej funkcji \u015bciemniania nie jest potrzebny \u017caden zewn\u0119trzny \u015bciemniacz, co upraszcza instalacj\u0119 i zapewnia u\u017cytkownikowi pe\u0142n\u0105 kontrol\u0119 nad o\u015bwietleniem.<\/p>\n<p data-start=\"764\" data-end=\"1101\">O\u015bwietlenie sufitowe mo\u017cna kontrolowa\u0107 za pomoc\u0105 aplikacji Plejd, przewodowego przycisku lub innych urz\u0105dze\u0144 Plejd. Mo\u017cna je tak\u017ce grupowa\u0107 bezprzewodowo, dzi\u0119ki czemu idealnie nadaje si\u0119 zar\u00f3wno do zastosowa\u0144 domowych, jak i komercyjnych.<\/p>\n<p data-start=\"764\" data-end=\"1101\">Ponadto posiada wbudowane funkcje czasowe, takie jak zegar astro i zegar tygodniowy, kt\u00f3re umo\u017cliwiaj\u0105 automatyzacj\u0119 harmonogram\u00f3w o\u015bwietlenia na podstawie pory dnia.<\/p>\n<p data-start=\"1103\" data-end=\"1447\">Dzi\u0119ki technologii Tunable White temperatur\u0119 barwow\u0105 mo\u017cna regulowa\u0107 w zakresie od 2200 K do 4000 K, co pozwala na elastyczne dostosowywanie o\u015bwietlenia od ciep\u0142ego i przytulnego blasku po bardziej funkcjonalne bia\u0142e \u015bwiat\u0142o.<\/p>\n<p data-start=\"1103\" data-end=\"1447\">Funkcja przyciemniania i ocieplania zapewnia naturalne o\u015bwietlenie poprzez automatyczn\u0105 regulacj\u0119 temperatury barwowej przy r\u00f3\u017cnych poziomach jasno\u015bci.<\/p>\n<p data-start=\"1449\" data-end=\"1690\">CCL-01 posiada k\u0105t \u015bwiecenia 120\u00b0, co zapewnia szerokie i r\u00f3wnomierne rozsy\u0142anie \u015bwiat\u0142a.<\/p>\n<p data-start=\"1449\" data-end=\"1690\">Wysoki wsp\u00f3\u0142czynnik oddawania barw (CRI 93) gwarantuje naturalne i przyjemne odwzorowanie \u015bwiat\u0142a, dzi\u0119ki czemu lampa idealnie nadaje si\u0119 do dom\u00f3w, biur i sklep\u00f3w.<\/p>\n<p data-start=\"1692\" data-end=\"1934\">Posiada klas\u0119 ochrony IP44, co sprawia, \u017ce nadaje si\u0119 do \u0142azienek i innych wilgotnych pomieszcze\u0144, gdy jest montowany na suficie.<\/p>\n<p data-start=\"1692\" data-end=\"1934\">W przypadku monta\u017cu na \u015bcianie stopie\u0144 ochrony wynosi IP20. Lampa sufitowa charakteryzuje si\u0119 r\u00f3wnie\u017c odporno\u015bci\u0105 na uderzenia klasy IK07, co czyni j\u0105 wyj\u0105tkowo wytrzyma\u0142\u0105 i trwa\u0142\u0105.<\/p>\n<p data-start=\"1936\" data-end=\"2128\">Dzi\u0119ki technologii Bluetooth\u00ae Mesh wiele urz\u0105dze\u0144 mo\u017ce komunikowa\u0107 si\u0119 ze sob\u0105, zwi\u0119kszaj\u0105c tym samym zasi\u0119g radiowy, co gwarantuje stabiln\u0105 i niezawodn\u0105 kontrol\u0119 w wi\u0119kszych instalacjach.<\/p>\n<p data-start=\"2130\" data-end=\"2291\">Plejd CCL-01 to energooszcz\u0119dne i trwa\u0142e rozwi\u0105zanie o \u017cywotno\u015bci do 100 000 godzin, zapewniaj\u0105ce zr\u00f3wnowa\u017con\u0105 i niezawodn\u0105 prac\u0119.<\/p>\n<h3 data-start=\"2293\" data-end=\"2328\"><strong data-start=\"2297\" data-end=\"2326\">Dane techniczne:<\/strong><\/h3>\n<ul data-start=\"2329\" data-end=\"3155\">\n<li data-start=\"2329\" data-end=\"2365\"><strong data-start=\"2331\" data-end=\"2345\">\u0179r\u00f3d\u0142o \u015bwiat\u0142a:<\/strong> Dioda LED (niewymienna)<\/li>\n<li data-start=\"2366\" data-end=\"2392\"><strong data-start=\"2368\" data-end=\"2382\">Strumie\u0144 \u015bwietlny:<\/strong> 2000 lumen\u00f3w<\/li>\n<li data-start=\"2393\" data-end=\"2443\"><strong data-start=\"2395\" data-end=\"2414\">Temperatura barwowa:<\/strong> 2200\u20134000K (regulowana biel)<\/li>\n<li data-start=\"2444\" data-end=\"2477\"><strong data-start=\"2446\" data-end=\"2465\">Zakres \u015bciemniania:<\/strong> 0,1\u2013100 %<\/li>\n<li data-start=\"2478\" data-end=\"2508\"><strong data-start=\"2480\" data-end=\"2501\">K\u0105t rozprzestrzeniania:<\/strong> 120\u00b0<\/li>\n<li data-start=\"2509\" data-end=\"2542\"><strong data-start=\"2511\" data-end=\"2537\">Oddawanie barw (CRI):<\/strong> 93<\/li>\n<li data-start=\"2543\" data-end=\"2596\"><strong data-start=\"2545\" data-end=\"2559\">\u017bycie:<\/strong> 100 000 godzin (L70\/B50 w temp. 25\u00b0C)<\/li>\n<li data-start=\"2597\" data-end=\"2617\"><strong data-start=\"2599\" data-end=\"2610\">Efekt:<\/strong> 22W<\/li>\n<li data-start=\"2618\" data-end=\"2653\"><strong data-start=\"2620\" data-end=\"2649\">Klasa efektywno\u015bci energetycznej:<\/strong> F<\/li>\n<li data-start=\"2654\" data-end=\"2683\"><strong data-start=\"2656\" data-end=\"2672\">Klasa ochrony:<\/strong> Klasa II<\/li>\n<li data-start=\"2684\" data-end=\"2752\"><strong data-start=\"2686\" data-end=\"2699\">Klasa IP:<\/strong>\n<ul data-start=\"2704\" data-end=\"2752\">\n<li data-start=\"2704\" data-end=\"2726\">Monta\u017c sufitowy: IP44<\/li>\n<li data-start=\"2729\" data-end=\"2752\">Monta\u017c na \u015bcianie: IP20<\/li>\n<\/ul>\n<\/li>\n<li data-start=\"2753\" data-end=\"2779\"><strong data-start=\"2755\" data-end=\"2772\">Odporno\u015b\u0107 na uderzenia:<\/strong> IK07<\/li>\n<li data-start=\"2780\" data-end=\"2812\"><strong data-start=\"2782\" data-end=\"2798\">Napi\u0119cie sieciowe:<\/strong> 230V \/ 50Hz<\/li>\n<li data-start=\"2813\" data-end=\"2838\"><strong data-start=\"2815\" data-end=\"2832\">Wsp\u00f3\u0142czynnik mocy:<\/strong> 0,9<\/li>\n<li data-start=\"2839\" data-end=\"2885\"><strong data-start=\"2841\" data-end=\"2859\">Komunikacja:<\/strong> Sie\u0107 Bluetooth\u00ae 2,4 GHz<\/li>\n<li data-start=\"2886\" data-end=\"2961\"><strong data-start=\"2888\" data-end=\"2906\">Zasi\u0119g radiowy:<\/strong> Oko\u0142o 10 metr\u00f3w wewn\u0105trz (rozszerzone technologi\u0105 siatki Plejd)<\/li>\n<li data-start=\"2962\" data-end=\"3005\"><strong data-start=\"2964\" data-end=\"2978\">Montowanie:<\/strong> Monta\u017c na suficie lub \u015bcianie<\/li>\n<li data-start=\"3006\" data-end=\"3040\"><strong data-start=\"3008\" data-end=\"3017\">Mierzy\u0107:<\/strong> \u00d8 294 mm, wysoko\u015b\u0107 50 mm<\/li>\n<li data-start=\"3041\" data-end=\"3085\"><strong data-start=\"3043\" data-end=\"3056\">Tworzywo:<\/strong> Plastik matowy, bia\u0142y (RAL 9003)<\/li>\n<li data-start=\"3086\" data-end=\"3155\"><strong data-start=\"3088\" data-end=\"3107\">Zgodno\u015b\u0107:<\/strong> Apple HomeKit, Asystent Google, Amazon Alexa<\/li>\n<\/ul>\n<p data-start=\"3157\" data-end=\"3322\">Plejd CCL-01 to optymalne rozwi\u0105zanie o\u015bwietleniowe dla inteligentnych instalacji, w kt\u00f3rych styl, funkcjonalno\u015b\u0107 i nowoczesna technologia \u0142\u0105cz\u0105 si\u0119, tworz\u0105c idealne \u015brodowisko o\u015bwietleniowe.<\/p>","protected":false},"excerpt":{"rendered":"<p>Plejd CCL-01 to inteligentna lampa sufitowa LED z regulacj\u0105 bieli i wbudowan\u0105 funkcj\u0105 \u015bciemniania - nie wymaga zewn\u0119trznego \u015bciemniacza.<\/p>\n<p>Mo\u017cna nim sterowa\u0107 za pomoc\u0105 aplikacji Plejd, przycisku lub innych urz\u0105dze\u0144 Plejd. Ma regulowan\u0105 temperatur\u0119 barwow\u0105 w zakresie 2200\u20134000 K, a tak\u017ce obs\u0142uguje tryb \u015bciemniania i ocieplania.<\/p>\n<p>Klasa ochrony IP44, nadaje si\u0119 do monta\u017cu na suficie i \u015bcianie.<\/p>","protected":false},"featured_media":148005,"template":"","meta":{"_acf_changed":false},"product_brand":[],"product_cat":[4664],"product_tag":[4670],"class_list":{"0":"post-148006","1":"product","2":"type-product","3":"status-publish","4":"has-post-thumbnail","6":"product_cat-plejd-belysning","7":"product_tag-plejd","8":"product_shipping_class-tunga-paket","9":"pa_brands-plejd","10":"tm-has-options","12":"first","13":"instock","14":"sale","15":"taxable","16":"shipping-taxable","17":"purchasable","18":"product-type-simple"},"acf":[],"_links":{"self":[{"href":"https:\/\/secureus.se\/pl\/wp-json\/wp\/v2\/product\/148006","targetHints":{"allow":["GET"]}}],"collection":[{"href":"https:\/\/secureus.se\/pl\/wp-json\/wp\/v2\/product"}],"about":[{"href":"https:\/\/secureus.se\/pl\/wp-json\/wp\/v2\/types\/product"}],"wp:featuredmedia":[{"embeddable":true,"href":"https:\/\/secureus.se\/pl\/wp-json\/wp\/v2\/media\/148005"}],"wp:attachment":[{"href":"https:\/\/secureus.se\/pl\/wp-json\/wp\/v2\/media?parent=148006"}],"wp:term":[{"taxonomy":"product_brand","embeddable":true,"href":"https:\/\/secureus.se\/pl\/wp-json\/wp\/v2\/product_brand?post=148006"},{"taxonomy":"product_cat","embeddable":true,"href":"https:\/\/secureus.se\/pl\/wp-json\/wp\/v2\/product_cat?post=148006"},{"taxonomy":"product_tag","embeddable":true,"href":"https:\/\/secureus.se\/pl\/wp-json\/wp\/v2\/product_tag?post=148006"}],"curies":[{"name":"wp","href":"https:\/\/api.w.org\/{rel}","templated":true}]}}