{"id":148008,"date":"2025-02-25T12:22:22","date_gmt":"2025-02-25T11:22:22","guid":{"rendered":"https:\/\/secureus.se\/?post_type=product&#038;p=148008"},"modified":"2026-04-08T16:38:13","modified_gmt":"2026-04-08T14:38:13","slug":"plejd-belysning-downlight-deep-vit-6-pack","status":"publish","type":"product","link":"https:\/\/secureus.se\/pl\/plejd-belysning-downlight-deep-vit-6-pack\/","title":{"rendered":"Plejd lighting Downlight G\u0142\u0119boka biel 6 sztuk"},"content":{"rendered":"<h1>Plejd DWN-02 \u2013 Smart Downlight Deep 6-pak z regulowanym \u015bwiat\u0142em bia\u0142ym i sterowaniem bezprzewodowym<\/h1>\n<p data-start=\"505\" data-end=\"918\">Plejd DWN-02 to nowoczesna i stylowa oprawa typu downlight \u0142\u0105cz\u0105ca w sobie inteligentn\u0105 technologi\u0119 \u015bwietln\u0105 z wysok\u0105 jako\u015bci\u0105 \u015bwiat\u0142a.<\/p>\n<p data-start=\"505\" data-end=\"918\">Dzi\u0119ki wbudowanej funkcji \u015bciemniania nie jest potrzebny \u017caden zewn\u0119trzny \u015bciemniacz, co upraszcza instalacj\u0119 i zapewnia bezpo\u015bredni\u0105 kontrol\u0119 nad o\u015bwietleniem.<\/p>\n<p data-start=\"505\" data-end=\"918\">Sterowanie odbywa si\u0119 za pomoc\u0105 aplikacji Plejd, przewodowego przycisku lub innych urz\u0105dze\u0144 Plejd. O\u015bwietlenie mo\u017ce by\u0107 r\u00f3wnie\u017c sterowane automatycznie za pomoc\u0105 zegara astro i zegara tygodniowego.<\/p>\n<p data-start=\"920\" data-end=\"1296\">Zaawansowana technologia Tunable White umo\u017cliwia regulacj\u0119 temperatury barwowej w zakresie od 2200 K do 4000 K, co pozwala na zmian\u0119 odcienia \u015bwiat\u0142a z ciep\u0142ego i nastrojowego na bardziej funkcjonalne i neutralne.<\/p>\n<p data-start=\"920\" data-end=\"1296\">Funkcja Dim to Warm powoduje naturaln\u0105 zmian\u0119 temperatury barwowej podczas \u015bciemniania, dzi\u0119ki czemu \u015bwiat\u0142o wydaje si\u0119 \u0142agodniejsze przy ni\u017cszych poziomach jasno\u015bci.<\/p>\n<p data-start=\"1298\" data-end=\"1558\">DWN-02 charakteryzuje si\u0119 k\u0105tem \u015bwiecenia 40\u00b0, co zapewnia symetryczny rozk\u0142ad \u015bwiat\u0142a i r\u00f3wnomierne o\u015bwietlenie powierzchni.<\/p>\n<p data-start=\"1298\" data-end=\"1558\">Wysoki wsp\u00f3\u0142czynnik oddawania barw (CRI 90) sprawia, \u017ce kolory wydaj\u0105 si\u0119 naturalne, dzi\u0119ki czemu o\u015bwietlenie typu downlight idealnie nadaje si\u0119 do dom\u00f3w, biur i przestrzeni komercyjnych.<\/p>\n<p data-start=\"1560\" data-end=\"1834\">Monta\u017c jest \u0142atwy dzi\u0119ki niewielkiej g\u0142\u0119boko\u015bci monta\u017cowej wynosz\u0105cej zaledwie 40 mm, co oznacza, \u017ce DWN-02 mo\u017cna zamontowa\u0107 nawet w miejscach o ograniczonej g\u0142\u0119boko\u015bci.<\/p>\n<p data-start=\"1560\" data-end=\"1834\">Posiada klas\u0119 ochrony IP44, co sprawia, \u017ce nadaje si\u0119 do stosowania w \u0142azienkach i os\u0142oni\u0119tych miejscach na zewn\u0105trz, takich jak okapy.<\/p>\n<p data-start=\"1836\" data-end=\"2107\">Dzi\u0119ki technologii Bluetooth\u00ae Mesh mo\u017cliwe jest bezprzewodowe grupowanie wielu opraw o\u015bwietleniowych i sterowanie nimi za pomoc\u0105 systemu Plejd.<\/p>\n<p data-start=\"1836\" data-end=\"2107\">Technologia siatkowa Plejd umo\u017cliwia urz\u0105dzeniom komunikacj\u0119 ze sob\u0105 i zwi\u0119ksza zasi\u0119g radiowy, zapewniaj\u0105c stabiln\u0105 i niezawodn\u0105 kontrol\u0119.<\/p>\n<p data-start=\"2109\" data-end=\"2346\">Plejd DWN-02 sprzedawany jest w opakowaniach po 6 sztuk, co czyni go doskona\u0142ym wyborem w przypadku wi\u0119kszych instalacji, w kt\u00f3rych potrzebnych jest wiele punkt\u00f3w \u015bwietlnych.<\/p>\n<p data-start=\"2109\" data-end=\"2346\">\u017bywotno\u015b\u0107 urz\u0105dzenia si\u0119gaj\u0105ca 60 000 godzin gwarantuje energooszcz\u0119dn\u0105 i zr\u00f3wnowa\u017con\u0105 prac\u0119.<\/p>\n<h3 data-start=\"2348\" data-end=\"2383\"><strong data-start=\"2352\" data-end=\"2381\">Dane techniczne:<\/strong><\/h3>\n<ul data-start=\"2384\" data-end=\"3241\">\n<li data-start=\"2384\" data-end=\"2420\"><strong data-start=\"2386\" data-end=\"2400\">\u0179r\u00f3d\u0142o \u015bwiat\u0142a:<\/strong> Dioda LED (niewymienna)<\/li>\n<li data-start=\"2421\" data-end=\"2460\"><strong data-start=\"2423\" data-end=\"2437\">Strumie\u0144 \u015bwietlny:<\/strong> 515 lm na opraw\u0119<\/li>\n<li data-start=\"2461\" data-end=\"2511\"><strong data-start=\"2463\" data-end=\"2482\">Temperatura barwowa:<\/strong> 2200\u20134000K (regulowana biel)<\/li>\n<li data-start=\"2512\" data-end=\"2545\"><strong data-start=\"2514\" data-end=\"2533\">Zakres \u015bciemniania:<\/strong> 0,1\u2013100 %<\/li>\n<li data-start=\"2546\" data-end=\"2575\"><strong data-start=\"2548\" data-end=\"2569\">K\u0105t rozprzestrzeniania:<\/strong> 40\u00b0<\/li>\n<li data-start=\"2576\" data-end=\"2609\"><strong data-start=\"2578\" data-end=\"2604\">Oddawanie barw (CRI):<\/strong> 90<\/li>\n<li data-start=\"2610\" data-end=\"2662\"><strong data-start=\"2612\" data-end=\"2626\">\u017bycie:<\/strong> 60 000 godzin (L70\/B50 w temp. 25\u00b0C)<\/li>\n<li data-start=\"2663\" data-end=\"2692\"><strong data-start=\"2665\" data-end=\"2676\">Efekt:<\/strong> 8 W na jednostk\u0119<\/li>\n<li data-start=\"2693\" data-end=\"2728\"><strong data-start=\"2695\" data-end=\"2724\">Klasa efektywno\u015bci energetycznej:<\/strong> F<\/li>\n<li data-start=\"2729\" data-end=\"2758\"><strong data-start=\"2731\" data-end=\"2747\">Klasa ochrony:<\/strong> Klasa II<\/li>\n<li data-start=\"2759\" data-end=\"2829\"><strong data-start=\"2761\" data-end=\"2774\">Klasa IP:<\/strong>\n<ul data-start=\"2779\" data-end=\"2829\">\n<li data-start=\"2779\" data-end=\"2805\"><strong data-start=\"2781\" data-end=\"2798\">Monta\u017c sufitowy:<\/strong> IP44<\/li>\n<li data-start=\"2808\" data-end=\"2829\"><strong data-start=\"2810\" data-end=\"2822\">Kierowca:<\/strong> IP20<\/li>\n<\/ul>\n<\/li>\n<li data-start=\"2830\" data-end=\"2856\"><strong data-start=\"2832\" data-end=\"2849\">Odporno\u015b\u0107 na uderzenia:<\/strong> IK07<\/li>\n<li data-start=\"2857\" data-end=\"2889\"><strong data-start=\"2859\" data-end=\"2875\">Napi\u0119cie sieciowe:<\/strong> 230V \/ 50Hz<\/li>\n<li data-start=\"2890\" data-end=\"2916\"><strong data-start=\"2892\" data-end=\"2909\">Wsp\u00f3\u0142czynnik mocy:<\/strong> 0,84<\/li>\n<li data-start=\"2917\" data-end=\"2963\"><strong data-start=\"2919\" data-end=\"2937\">Komunikacja:<\/strong> Sie\u0107 Bluetooth\u00ae 2,4 GHz<\/li>\n<li data-start=\"2964\" data-end=\"3039\"><strong data-start=\"2966\" data-end=\"2984\">Zasi\u0119g radiowy:<\/strong> Oko\u0142o 10 metr\u00f3w wewn\u0105trz (rozszerzone technologi\u0105 siatki Plejd)<\/li>\n<li data-start=\"3040\" data-end=\"3086\"><strong data-start=\"3042\" data-end=\"3056\">Montowanie:<\/strong> Do wbudowania w sufit (otw\u00f3r \u00d8 83 mm)<\/li>\n<li data-start=\"3087\" data-end=\"3126\"><strong data-start=\"3089\" data-end=\"3118\">Minimalna g\u0142\u0119boko\u015b\u0107 instalacji:<\/strong> 40 mm<\/li>\n<li data-start=\"3127\" data-end=\"3185\"><strong data-start=\"3129\" data-end=\"3142\">Tworzywo:<\/strong> Aluminium malowane proszkowo, kolor bia\u0142y (RAL 9003)<\/li>\n<li data-start=\"3186\" data-end=\"3241\"><strong data-start=\"3188\" data-end=\"3207\">Zgodno\u015b\u0107:<\/strong> Apple HomeKit, Asystent Google<\/li>\n<\/ul>\n<p data-start=\"3243\" data-end=\"3424\">Plejd DWN-02 w 6-paku to optymalne rozwi\u0105zanie o\u015bwietleniowe do nowoczesnych instalacji, w kt\u00f3rych design, technologia i funkcjonalno\u015b\u0107 \u0142\u0105cz\u0105 si\u0119, tworz\u0105c wydajne i stylowe o\u015bwietlenie.<\/p>\n<p>&nbsp;<\/p>","protected":false},"excerpt":{"rendered":"<p>Plejd DWN-02 to inteligentne o\u015bwietlenie punktowe z regulacj\u0105 bieli i wbudowan\u0105 funkcj\u0105 \u015bciemniania - nie wymaga zewn\u0119trznego \u015bciemniacza.<\/p>\n<p>Sterowanie \u017ar\u00f3d\u0142em \u015bwiat\u0142a odbywa si\u0119 za pomoc\u0105 aplikacji Plejd, przycisku lub innych urz\u0105dze\u0144 Plejd.<\/p>\n<p>Regulowana temperatura barwowa od 2200K do 4000K i obs\u0142uga przyciemniania do ocieplania.<\/p>\n<p>Dostarczane w 6-paku, idealne do wi\u0119kszych instalacji.<\/p>","protected":false},"featured_media":148007,"template":"","meta":{"_acf_changed":false},"product_brand":[],"product_cat":[4664],"product_tag":[4670],"class_list":{"0":"post-148008","1":"product","2":"type-product","3":"status-publish","4":"has-post-thumbnail","6":"product_cat-plejd-belysning","7":"product_tag-plejd","8":"product_shipping_class-postnord-varubrev","9":"pa_brands-plejd","10":"tm-has-options","12":"first","13":"instock","14":"sale","15":"taxable","16":"shipping-taxable","17":"purchasable","18":"product-type-simple"},"acf":[],"_links":{"self":[{"href":"https:\/\/secureus.se\/pl\/wp-json\/wp\/v2\/product\/148008","targetHints":{"allow":["GET"]}}],"collection":[{"href":"https:\/\/secureus.se\/pl\/wp-json\/wp\/v2\/product"}],"about":[{"href":"https:\/\/secureus.se\/pl\/wp-json\/wp\/v2\/types\/product"}],"wp:featuredmedia":[{"embeddable":true,"href":"https:\/\/secureus.se\/pl\/wp-json\/wp\/v2\/media\/148007"}],"wp:attachment":[{"href":"https:\/\/secureus.se\/pl\/wp-json\/wp\/v2\/media?parent=148008"}],"wp:term":[{"taxonomy":"product_brand","embeddable":true,"href":"https:\/\/secureus.se\/pl\/wp-json\/wp\/v2\/product_brand?post=148008"},{"taxonomy":"product_cat","embeddable":true,"href":"https:\/\/secureus.se\/pl\/wp-json\/wp\/v2\/product_cat?post=148008"},{"taxonomy":"product_tag","embeddable":true,"href":"https:\/\/secureus.se\/pl\/wp-json\/wp\/v2\/product_tag?post=148008"}],"curies":[{"name":"wp","href":"https:\/\/api.w.org\/{rel}","templated":true}]}}