{"id":148012,"date":"2025-02-25T12:22:22","date_gmt":"2025-02-25T11:22:22","guid":{"rendered":"https:\/\/secureus.se\/?post_type=product&#038;p=148012"},"modified":"2026-04-08T16:27:50","modified_gmt":"2026-04-08T14:27:50","slug":"plejd-belysning-downlight-tilt-vit-6-pack","status":"publish","type":"product","link":"https:\/\/secureus.se\/pl\/plejd-belysning-downlight-tilt-vit-6-pack\/","title":{"rendered":"Plejd lighting Downlight Tilt bia\u0142y 6 szt."},"content":{"rendered":"<h1>Plejd DWN-01 \u2013 Smart Downlight Tilt 6-pak z regulowanym k\u0105tem padania \u015bwiat\u0142a i bezprzewodowym sterowaniem<\/h1>\n<p data-start=\"554\" data-end=\"875\">Plejd DWN-01 to nowoczesna i stylowa oprawa typu downlight oferuj\u0105ca inteligentne sterowanie o\u015bwietleniem zar\u00f3wno w instalacjach domowych, jak i komercyjnych.<\/p>\n<p data-start=\"554\" data-end=\"875\">Posiada wbudowan\u0105 funkcj\u0119 \u015bciemniacza, co oznacza, \u017ce nie jest potrzebny zewn\u0119trzny \u015bciemniacz.<\/p>\n<p data-start=\"554\" data-end=\"875\">Sterowanie odbywa si\u0119 p\u0142ynnie za pomoc\u0105 aplikacji Plejd, przewodowego przycisku lub innych urz\u0105dze\u0144 Plejd.<\/p>\n<p data-start=\"877\" data-end=\"1143\">Najwi\u0119ksz\u0105 zalet\u0105 lampy DWN-01 jest funkcja pochylenia o 22\u00b0, kt\u00f3ra umo\u017cliwia ukierunkowanie \u015bwiat\u0142a i stworzenie bardziej elastycznego o\u015bwietlenia.<\/p>\n<p data-start=\"877\" data-end=\"1143\">Doskonale nadaje si\u0119 do podkre\u015blania szczeg\u00f3\u0142\u00f3w, tworzenia o\u015bwietlenia punktowego lub zapewnienia r\u00f3wnomiernego rozproszenia \u015bwiat\u0142a, w zale\u017cno\u015bci od potrzeb instalacji.<\/p>\n<p data-start=\"1145\" data-end=\"1478\">Dzi\u0119ki technologii Tunable White temperatur\u0119 barwow\u0105 mo\u017cna regulowa\u0107 w zakresie od 2200 K do 4000 K, co daje pe\u0142n\u0105 swobod\u0119 wyboru o\u015bwietlenia \u2014 od ciep\u0142ego i przytulnego blasku po bardziej funkcjonalne bia\u0142e \u015bwiat\u0142o.<\/p>\n<p data-start=\"1145\" data-end=\"1478\">Funkcja \u015bciemniania i ocieplania zapewnia naturalne o\u015bwietlenie podczas \u015bciemniania poprzez automatyczn\u0105 regulacj\u0119 temperatury barwowej.<\/p>\n<p data-start=\"1480\" data-end=\"1714\">DWN-01 charakteryzuje si\u0119 k\u0105tem \u015bwiecenia 40\u00b0, co zapewnia symetryczny i przyjemny rozk\u0142ad \u015bwiat\u0142a.<\/p>\n<p data-start=\"1480\" data-end=\"1714\">Wysoki wsp\u00f3\u0142czynnik oddawania barw (CRI 90) gwarantuje naturalne i przyjemne odwzorowanie \u015bwiat\u0142a, idealne do dom\u00f3w, biur i sklep\u00f3w.<\/p>\n<p data-start=\"1716\" data-end=\"2014\">Dzi\u0119ki technologii Bluetooth\u00ae Mesh mo\u017cliwe jest bezprzewodowe grupowanie wielu opraw o\u015bwietleniowych i sterowanie nimi za pomoc\u0105 systemu Plejd.<\/p>\n<p data-start=\"1716\" data-end=\"2014\">Produkt posiada tak\u017ce wbudowane funkcje czasowe, takie jak zegar astro i zegar tygodniowy, kt\u00f3re u\u0142atwiaj\u0105 automatyzacj\u0119 harmonogram\u00f3w o\u015bwietlenia w zale\u017cno\u015bci od pory dnia i warunk\u00f3w o\u015bwietleniowych.<\/p>\n<p data-start=\"2016\" data-end=\"2310\">Monta\u017c jest \u0142atwy dzi\u0119ki niewielkiej g\u0142\u0119boko\u015bci monta\u017cowej wynosz\u0105cej zaledwie 40 mm, co oznacza, \u017ce downlight mo\u017cna zamontowa\u0107 nawet w pomieszczeniach o ograniczonej g\u0142\u0119boko\u015bci.<\/p>\n<p data-start=\"2016\" data-end=\"2310\">Posiada klas\u0119 ochrony IP44, co oznacza, \u017ce jest zabezpieczony przed wilgoci\u0105 i nadaje si\u0119 do monta\u017cu w \u0142azienkach oraz na zewn\u0119trznych okapach dachowych.<\/p>\n<p data-start=\"2312\" data-end=\"2558\">Plejd DWN-01 sprzedawany jest w opakowaniach po 6 sztuk, co czyni go idealnym rozwi\u0105zaniem w przypadku wi\u0119kszych instalacji, w kt\u00f3rych potrzebnych jest wiele punkt\u00f3w \u015bwietlnych.<\/p>\n<p data-start=\"2312\" data-end=\"2558\">\u017bywotno\u015b\u0107 urz\u0105dzenia wynosi do 60 000 godzin, co zapewnia energooszcz\u0119dn\u0105 i zr\u00f3wnowa\u017con\u0105 prac\u0119.<\/p>\n<h3 data-start=\"2560\" data-end=\"2595\"><strong data-start=\"2564\" data-end=\"2593\">Dane techniczne:<\/strong><\/h3>\n<ul data-start=\"2596\" data-end=\"3428\">\n<li data-start=\"2596\" data-end=\"2632\"><strong data-start=\"2598\" data-end=\"2612\">\u0179r\u00f3d\u0142o \u015bwiat\u0142a:<\/strong> Dioda LED (niewymienna)<\/li>\n<li data-start=\"2633\" data-end=\"2672\"><strong data-start=\"2635\" data-end=\"2649\">Strumie\u0144 \u015bwietlny:<\/strong> 515 lm na opraw\u0119<\/li>\n<li data-start=\"2673\" data-end=\"2723\"><strong data-start=\"2675\" data-end=\"2694\">Temperatura barwowa:<\/strong> 2200\u20134000K (regulowana biel)<\/li>\n<li data-start=\"2724\" data-end=\"2757\"><strong data-start=\"2726\" data-end=\"2745\">Zakres \u015bciemniania:<\/strong> 0,1\u2013100 %<\/li>\n<li data-start=\"2758\" data-end=\"2781\"><strong data-start=\"2760\" data-end=\"2775\">Mo\u017cliwo\u015b\u0107 pochylenia:<\/strong> 22\u00b0<\/li>\n<li data-start=\"2782\" data-end=\"2811\"><strong data-start=\"2784\" data-end=\"2805\">K\u0105t rozprzestrzeniania:<\/strong> 40\u00b0<\/li>\n<li data-start=\"2812\" data-end=\"2845\"><strong data-start=\"2814\" data-end=\"2840\">Oddawanie barw (CRI):<\/strong> 90<\/li>\n<li data-start=\"2846\" data-end=\"2898\"><strong data-start=\"2848\" data-end=\"2862\">\u017bycie:<\/strong> 60 000 godzin (L70\/B50 w temp. 25\u00b0C)<\/li>\n<li data-start=\"2899\" data-end=\"2928\"><strong data-start=\"2901\" data-end=\"2912\">Efekt:<\/strong> 8 W na jednostk\u0119<\/li>\n<li data-start=\"2929\" data-end=\"2964\"><strong data-start=\"2931\" data-end=\"2960\">Klasa efektywno\u015bci energetycznej:<\/strong> F<\/li>\n<li data-start=\"2965\" data-end=\"2994\"><strong data-start=\"2967\" data-end=\"2983\">Klasa ochrony:<\/strong> Klasa II<\/li>\n<li data-start=\"2995\" data-end=\"3043\"><strong data-start=\"2997\" data-end=\"3010\">Klasa IP:<\/strong> IP44 (oprawa), IP20 (sterownik)<\/li>\n<li data-start=\"3044\" data-end=\"3076\"><strong data-start=\"3046\" data-end=\"3062\">Napi\u0119cie sieciowe:<\/strong> 230V \/ 50Hz<\/li>\n<li data-start=\"3077\" data-end=\"3103\"><strong data-start=\"3079\" data-end=\"3096\">Wsp\u00f3\u0142czynnik mocy:<\/strong> 0,84<\/li>\n<li data-start=\"3104\" data-end=\"3150\"><strong data-start=\"3106\" data-end=\"3124\">Komunikacja:<\/strong> Sie\u0107 Bluetooth\u00ae 2,4 GHz<\/li>\n<li data-start=\"3151\" data-end=\"3226\"><strong data-start=\"3153\" data-end=\"3171\">Zasi\u0119g radiowy:<\/strong> Oko\u0142o 10 metr\u00f3w wewn\u0105trz (rozszerzone technologi\u0105 siatki Plejd)<\/li>\n<li data-start=\"3227\" data-end=\"3273\"><strong data-start=\"3229\" data-end=\"3243\">Montowanie:<\/strong> Do wbudowania w sufit (otw\u00f3r \u00d8 83 mm)<\/li>\n<li data-start=\"3274\" data-end=\"3313\"><strong data-start=\"3276\" data-end=\"3305\">Minimalna g\u0142\u0119boko\u015b\u0107 instalacji:<\/strong> 40 mm<\/li>\n<li data-start=\"3314\" data-end=\"3372\"><strong data-start=\"3316\" data-end=\"3329\">Tworzywo:<\/strong> Aluminium malowane proszkowo, kolor bia\u0142y (RAL 9003)<\/li>\n<li data-start=\"3373\" data-end=\"3428\"><strong data-start=\"3375\" data-end=\"3394\">Zgodno\u015b\u0107:<\/strong> Apple HomeKit, Asystent Google<\/li>\n<\/ul>\n<p data-start=\"3430\" data-end=\"3599\">Plejd DWN-01 w opakowaniu 6 sztuk to idealne rozwi\u0105zanie dla du\u017cych projekt\u00f3w o\u015bwietleniowych, w kt\u00f3rych funkcjonalno\u015b\u0107, design i technologia wsp\u00f3\u0142graj\u0105 ze sob\u0105, tworz\u0105c inteligentne i elastyczne \u015brodowisko o\u015bwietleniowe.<\/p>","protected":false},"excerpt":{"rendered":"<p>Plejd DWN-01 to inteligentne o\u015bwietlenie punktowe z regulacj\u0105 bieli i wbudowan\u0105 funkcj\u0105 \u015bciemniania - nie wymaga zewn\u0119trznego \u015bciemniacza.<\/p>\n<p>\u0179r\u00f3d\u0142o \u015bwiat\u0142a mo\u017cna ustawi\u0107 pod k\u0105tem, aby uzyska\u0107 elastyczne o\u015bwietlenie, i sterowa\u0107 nim za pomoc\u0105 aplikacji Plejd, przycisku lub innych urz\u0105dze\u0144 Plejd.<\/p>\n<p>Regulowana temperatura barwowa od 2200K do 4000K i obs\u0142uga przyciemniania do ocieplania.<\/p>\n<p>Dostarczane w 6-paku, idealne do wi\u0119kszych instalacji.<\/p>","protected":false},"featured_media":148011,"template":"","meta":{"_acf_changed":false},"product_brand":[],"product_cat":[4664],"product_tag":[4670],"class_list":{"0":"post-148012","1":"product","2":"type-product","3":"status-publish","4":"has-post-thumbnail","6":"product_cat-plejd-belysning","7":"product_tag-plejd","8":"product_shipping_class-postnord-varubrev","9":"pa_brands-plejd","10":"tm-has-options","12":"first","13":"instock","14":"sale","15":"taxable","16":"shipping-taxable","17":"purchasable","18":"product-type-simple"},"acf":[],"_links":{"self":[{"href":"https:\/\/secureus.se\/pl\/wp-json\/wp\/v2\/product\/148012","targetHints":{"allow":["GET"]}}],"collection":[{"href":"https:\/\/secureus.se\/pl\/wp-json\/wp\/v2\/product"}],"about":[{"href":"https:\/\/secureus.se\/pl\/wp-json\/wp\/v2\/types\/product"}],"wp:featuredmedia":[{"embeddable":true,"href":"https:\/\/secureus.se\/pl\/wp-json\/wp\/v2\/media\/148011"}],"wp:attachment":[{"href":"https:\/\/secureus.se\/pl\/wp-json\/wp\/v2\/media?parent=148012"}],"wp:term":[{"taxonomy":"product_brand","embeddable":true,"href":"https:\/\/secureus.se\/pl\/wp-json\/wp\/v2\/product_brand?post=148012"},{"taxonomy":"product_cat","embeddable":true,"href":"https:\/\/secureus.se\/pl\/wp-json\/wp\/v2\/product_cat?post=148012"},{"taxonomy":"product_tag","embeddable":true,"href":"https:\/\/secureus.se\/pl\/wp-json\/wp\/v2\/product_tag?post=148012"}],"curies":[{"name":"wp","href":"https:\/\/api.w.org\/{rel}","templated":true}]}}