{"id":148014,"date":"2025-02-25T12:22:22","date_gmt":"2025-02-25T11:22:22","guid":{"rendered":"https:\/\/secureus.se\/?post_type=product&#038;p=148014"},"modified":"2026-03-26T11:07:40","modified_gmt":"2026-03-26T10:07:40","slug":"plejd-vridadapter-rtr-01-rb-svart","status":"publish","type":"product","link":"https:\/\/secureus.se\/pl\/plejd-vridadapter-rtr-01-rb-svart\/","title":{"rendered":"Plejd Adapter obrotowy RTR-01-RB czarny"},"content":{"rendered":"<h1 data-start=\"513\" data-end=\"564\"><strong data-start=\"517\" data-end=\"562\">P\u0142ynne i bezprzewodowe sterowanie o\u015bwietleniem dzi\u0119ki Plejd<\/strong><\/h1>\n<p data-start=\"565\" data-end=\"971\">Obrotowy adapter RB Black to innowacyjne rozwi\u0105zanie dla tych, kt\u00f3rzy chc\u0105 po\u0142\u0105czy\u0107 funkcj\u0119 klasycznego \u015bciemniacza obrotowego z najnowsz\u0105 inteligentn\u0105 technologi\u0105.<\/p>\n<p data-start=\"565\" data-end=\"971\">\u0141\u0105cz\u0105c obrotowy adapter z wybranym przez siebie uchwytem Plejd, uzyskujesz intuicyjn\u0105 kontrol\u0119 o\u015bwietlenia, kt\u00f3ra dzia\u0142a zar\u00f3wno r\u0119cznie, jak i za po\u015brednictwem bezprzewodowej sieci kratowej Plejd.<\/p>\n<p data-start=\"565\" data-end=\"971\">Idealne rozwi\u0105zanie dla ka\u017cdego, kto chce w prosty i efektywny spos\u00f3b sterowa\u0107 o\u015bwietleniem w swoim inteligentnym domu lub miejscu pracy.<\/p>\n<h3 data-start=\"973\" data-end=\"1010\"><strong data-start=\"977\" data-end=\"1008\">Elastyczny i dostosowuj\u0105cy si\u0119<\/strong><\/h3>\n<p data-start=\"1011\" data-end=\"1373\">Jedn\u0105 z najwi\u0119kszych zalet adaptera obrotowego RB Black jest jego funkcjonalno\u015b\u0107 bezprzewodowa.<\/p>\n<p data-start=\"1011\" data-end=\"1373\">Dzi\u0119ki wbudowanej technologii siatki Plejd adapter mo\u017ce komunikowa\u0107 si\u0119 z innymi produktami w systemie, co czyni go idealnym rozwi\u0105zaniem zar\u00f3wno do ma\u0142ych, jak i du\u017cych rozwi\u0105za\u0144 o\u015bwietleniowych.<\/p>\n<p data-start=\"1011\" data-end=\"1373\">Ponadto za pomoc\u0105 aplikacji Plejd mo\u017cna \u0142atwo dostosowa\u0107 ustawienia, aby tworzy\u0107 sceny \u015bwietlne i zaplanowane sterowanie.<\/p>\n<h3 data-start=\"1375\" data-end=\"1415\"><strong data-start=\"1379\" data-end=\"1413\">Cechy i zalety produktu<\/strong><\/h3>\n<ul data-start=\"1417\" data-end=\"2141\">\n<li data-start=\"1417\" data-end=\"1514\"><strong data-start=\"1419\" data-end=\"1450\">Klasyczna funkcja \u015bciemniacza obrotowego<\/strong> \u2013 Dzia\u0142a jak tradycyjny \u015bciemniacz, ale z inteligentnym sterowaniem.<\/li>\n<li data-start=\"1515\" data-end=\"1608\"><strong data-start=\"1517\" data-end=\"1540\">Integracja bezprzewodowa<\/strong> \u2013 \u0141\u0105czy si\u0119 poprzez sie\u0107 kratow\u0105 systemu Plejd, co umo\u017cliwia elastyczne sterowanie.<\/li>\n<li data-start=\"1609\" data-end=\"1689\"><strong data-start=\"1611\" data-end=\"1630\">\u0141atwy monta\u017c<\/strong> \u2013 Mocowanie zatrzaskowe umo\u017cliwia szybk\u0105 i \u0142atw\u0105 instalacj\u0119.<\/li>\n<li data-start=\"1690\" data-end=\"1786\"><strong data-start=\"1692\" data-end=\"1719\">Materia\u0142y wysokiej jako\u015bci<\/strong> \u2013 Wykonane z bezhalogenowego tworzywa termoplastycznego, z lakierowan\u0105, b\u0142yszcz\u0105c\u0105 powierzchni\u0105.<\/li>\n<li data-start=\"1787\" data-end=\"1856\"><strong data-start=\"1789\" data-end=\"1807\">Zgodno\u015b\u0107<\/strong> \u2013 Pasuje do czarnej ramki Schneider Renova\u00ae.<\/li>\n<li data-start=\"1857\" data-end=\"1940\"><strong data-start=\"1859\" data-end=\"1877\">Stylowy wygl\u0105d<\/strong> \u2013 Kolor czarny (RAL 9005) idealnie komponuj\u0105cy si\u0119 z nowoczesnymi wn\u0119trzami.<\/li>\n<li data-start=\"1941\" data-end=\"2008\"><strong data-start=\"1943\" data-end=\"1959\">Stopie\u0144 ochrony IP20<\/strong> \u2013 Ochrona przed cia\u0142ami sta\u0142ymi o \u015brednicy wi\u0119kszej ni\u017c 12,5 mm.<\/li>\n<li data-start=\"2009\" data-end=\"2086\"><strong data-start=\"2011\" data-end=\"2025\">Ochrona IK00<\/strong> \u2013 Brak dodatkowej odporno\u015bci na uderzenia, zalecany do stosowania wewn\u0105trz pomieszcze\u0144.<\/li>\n<li data-start=\"2087\" data-end=\"2141\"><strong data-start=\"2089\" data-end=\"2097\">Mierzy\u0107<\/strong> \u2013 Szeroko\u015b\u0107: 52 mm, Wysoko\u015b\u0107: 52 mm, G\u0142\u0119boko\u015b\u0107: 18 mm.<\/li>\n<\/ul>\n<h3 data-start=\"2143\" data-end=\"2171\"><strong data-start=\"2147\" data-end=\"2169\">Obszary zastosowa\u0144<\/strong><\/h3>\n<p data-start=\"2172\" data-end=\"2499\">Obrotowy adapter RB Black to idealne rozwi\u0105zanie dla wszystkich, kt\u00f3rzy chc\u0105 po\u0142\u0105czy\u0107 tradycyjne sterowanie o\u015bwietleniem z nowoczesnymi, inteligentnymi funkcjami.<\/p>\n<p data-start=\"2172\" data-end=\"2499\">Doskonale sprawdza si\u0119 w domach, biurach i sklepach, gdzie wymagana jest p\u0142ynna i bezprzewodowa kontrola. Poniewa\u017c urz\u0105dzenie wsp\u00f3\u0142pracuje z sieci\u0105 kratow\u0105 Plejd, mo\u017cna je \u0142atwo zintegrowa\u0107 zar\u00f3wno z nowymi, jak i istniej\u0105cymi instalacjami.<\/p>\n<h3 data-start=\"2501\" data-end=\"2541\"><strong data-start=\"2505\" data-end=\"2539\">Instalacja i konfiguracja<\/strong><\/h3>\n<p data-start=\"2542\" data-end=\"2850\">Instalacja jest prosta i nie wymaga \u017cadnych zaawansowanych narz\u0119dzi. Adapter obrotowy nale\u017cy po\u0142\u0105czy\u0107 za pomoc\u0105 kr\u0105\u017cka Plejd i zamontowa\u0107 w standardowej obudowie urz\u0105dzenia za pomoc\u0105 zapi\u0119cia zatrzaskowego.<\/p>\n<p data-start=\"2542\" data-end=\"2850\">Nast\u0119pnie ustawienia konfiguruje si\u0119 w aplikacji Plejd, w kt\u00f3rej mo\u017cna tworzy\u0107 w\u0142asne sceny \u015bwietlne, ustawia\u0107 poziomy \u015bciemniania i bezprzewodowo sterowa\u0107 o\u015bwietleniem.<\/p>\n<h3 data-start=\"2852\" data-end=\"2883\"><strong data-start=\"2856\" data-end=\"2881\">Projektowanie i zr\u00f3wnowa\u017cony rozw\u00f3j<\/strong><\/h3>\n<p data-start=\"2884\" data-end=\"3245\">Adapter obrotowy RB Black zosta\u0142 zaprojektowany tak, aby wpasowa\u0107 si\u0119 w nowoczesne wn\u0119trza.<\/p>\n<p data-start=\"2884\" data-end=\"3245\">Posiada eleganckie, czarne lakierowane wyko\u0144czenie z b\u0142yszcz\u0105c\u0105 powierzchni\u0105 i jest wykonany z trwa\u0142ego, bezhalogenowego tworzywa termoplastycznego.<\/p>\n<p data-start=\"2884\" data-end=\"3245\">Nie jest jednak antybakteryjny, nie ma etykiety, kt\u00f3r\u0105 mo\u017cna wydrukowa\u0107, ani wymiennych soczewek.<\/p>\n<p data-start=\"2884\" data-end=\"3245\">Dzi\u0119ki klasie ochrony IP20 urz\u0105dzenie nadaje si\u0119 do stosowania wewn\u0105trz pomieszcze\u0144, nale\u017cy jednak unika\u0107 stosowania w wilgotnych \u015brodowiskach.<\/p>\n<h3 data-start=\"3247\" data-end=\"3265\"><strong data-start=\"3251\" data-end=\"3263\">Wniosek<\/strong><\/h3>\n<p data-start=\"3266\" data-end=\"3587\">Dzi\u0119ki adapterowi obrotowemu RB Black zyskujesz idealne po\u0142\u0105czenie klasycznej funkcji \u015bciemniacza obrotowego i nowoczesnego, inteligentnego sterowania o\u015bwietleniem.<\/p>\n<p data-start=\"3266\" data-end=\"3587\">\u0141atwa instalacja, elastyczno\u015b\u0107 \u0142\u0105czno\u015bci bezprzewodowej i stylowy design sprawiaj\u0105, \u017ce jest to doskona\u0142y wyb\u00f3r dla ka\u017cdego, kto chce p\u0142ynnie i efektywnie sterowa\u0107 o\u015bwietleniem w swoim inteligentnym domu lub \u015brodowisku pracy.<\/p>","protected":false},"excerpt":{"rendered":"<p>Obrotowy adapter RB Black \u0142\u0105czy si\u0119 z opcjonalnym kr\u0105\u017ckiem Plejd i pe\u0142ni funkcj\u0119 klasycznego \u015bciemniacza obrotowego.<\/p>\n<p>Dzi\u0119ki technologii bezprzewodowej siatki mo\u017cna sterowa\u0107 innymi produktami Plejd w systemie.<\/p>\n<p>\u0141atwa instalacja za pomoc\u0105 aplikacji.<\/p>\n<p>Wykonane z czarnego, bezhalogenowego tworzywa termoplastycznego z lakierowan\u0105, b\u0142yszcz\u0105c\u0105 powierzchni\u0105.<\/p>\n<p>Pasuje do czarnej ramki Schneider Renova\u00ae.<\/p>","protected":false},"featured_media":148013,"template":"","meta":{"_acf_changed":false},"product_brand":[],"product_cat":[4661],"product_tag":[4670],"class_list":{"0":"post-148014","1":"product","2":"type-product","3":"status-publish","4":"has-post-thumbnail","6":"product_cat-plejd-vridadapter","7":"product_tag-plejd","8":"product_shipping_class-tunga-paket","9":"pa_brands-plejd","10":"pa_farg-svart","11":"tm-has-options","13":"first","14":"instock","15":"sale","16":"taxable","17":"shipping-taxable","18":"purchasable","19":"product-type-simple"},"acf":[],"_links":{"self":[{"href":"https:\/\/secureus.se\/pl\/wp-json\/wp\/v2\/product\/148014","targetHints":{"allow":["GET"]}}],"collection":[{"href":"https:\/\/secureus.se\/pl\/wp-json\/wp\/v2\/product"}],"about":[{"href":"https:\/\/secureus.se\/pl\/wp-json\/wp\/v2\/types\/product"}],"wp:featuredmedia":[{"embeddable":true,"href":"https:\/\/secureus.se\/pl\/wp-json\/wp\/v2\/media\/148013"}],"wp:attachment":[{"href":"https:\/\/secureus.se\/pl\/wp-json\/wp\/v2\/media?parent=148014"}],"wp:term":[{"taxonomy":"product_brand","embeddable":true,"href":"https:\/\/secureus.se\/pl\/wp-json\/wp\/v2\/product_brand?post=148014"},{"taxonomy":"product_cat","embeddable":true,"href":"https:\/\/secureus.se\/pl\/wp-json\/wp\/v2\/product_cat?post=148014"},{"taxonomy":"product_tag","embeddable":true,"href":"https:\/\/secureus.se\/pl\/wp-json\/wp\/v2\/product_tag?post=148014"}],"curies":[{"name":"wp","href":"https:\/\/api.w.org\/{rel}","templated":true}]}}