{"id":148018,"date":"2025-02-25T12:22:22","date_gmt":"2025-02-25T11:22:22","guid":{"rendered":"https:\/\/secureus.se\/?post_type=product&#038;p=148018"},"modified":"2026-03-26T11:07:30","modified_gmt":"2026-03-26T10:07:30","slug":"plejd-monteringsclips-din-vagg","status":"publish","type":"product","link":"https:\/\/secureus.se\/pl\/plejd-monteringsclips-din-vagg\/","title":{"rendered":"Klipsy monta\u017cowe Plejd DIN\/\u015bciana"},"content":{"rendered":"<h1 data-start=\"446\" data-end=\"498\"><strong data-start=\"450\" data-end=\"496\">\u0141atwy i p\u0142ynny monta\u017c podk\u0142adek Plejd Pucks<\/strong><\/h1>\n<p data-start=\"499\" data-end=\"790\">Uchwyty monta\u017cowe DIN\/WALL to inteligentne i elastyczne rozwi\u0105zanie umo\u017cliwiaj\u0105ce monta\u017c uchwyt\u00f3w Plejd na szynie DIN (35 mm) lub bezpo\u015brednio na \u015bcianie.<\/p>\n<p data-start=\"499\" data-end=\"790\">Dzi\u0119ki praktycznej funkcji klipsa mo\u017cesz szybko i \u0142atwo zamocowa\u0107 kr\u0105\u017cek po zamontowaniu klips\u00f3w, co gwarantuje stabilne i bezpieczne umieszczenie.<\/p>\n<h3 data-start=\"792\" data-end=\"838\"><strong data-start=\"796\" data-end=\"836\">Elastyczna instalacja dla wszystkich potrzeb<\/strong><\/h3>\n<p data-start=\"839\" data-end=\"1112\">Niezale\u017cnie od tego, czy chcesz zamontowa\u0107 Plejd Puck w panelu elektrycznym na szynie DIN, czy bezpo\u015brednio na \u015bcianie w puszce przy\u0142\u0105czeniowej, klipsy monta\u017cowe DIN\/WALL zapewni\u0105 Ci potrzebn\u0105 elastyczno\u015b\u0107.<\/p>\n<p data-start=\"839\" data-end=\"1112\">Prosta konstrukcja pozwala na \u0142atw\u0105 instalacj\u0119 i demonta\u017c urz\u0105dze\u0144 bez u\u017cycia dodatkowych narz\u0119dzi.<\/p>\n<h3 data-start=\"1114\" data-end=\"1154\"><strong data-start=\"1118\" data-end=\"1152\">Cechy i zalety produktu<\/strong><\/h3>\n<ul data-start=\"1156\" data-end=\"1625\">\n<li data-start=\"1156\" data-end=\"1217\"><strong data-start=\"1158\" data-end=\"1187\">Uniwersalna kompatybilno\u015b\u0107<\/strong> \u2013 Pasuje do wszystkich kr\u0105\u017ck\u00f3w Plejd.<\/li>\n<li data-start=\"1218\" data-end=\"1293\"><strong data-start=\"1220\" data-end=\"1242\">Elastyczny monta\u017c<\/strong> \u2013 Mo\u017cliwo\u015b\u0107 monta\u017cu zar\u00f3wno na szynie DIN (35 mm), jak i na \u015bcianie.<\/li>\n<li data-start=\"1294\" data-end=\"1377\"><strong data-start=\"1296\" data-end=\"1318\">Szybka instalacja<\/strong> \u2013 Funkcja klipsa umo\u017cliwia \u0142atwe zamocowanie kr\u0105\u017cka na miejscu.<\/li>\n<li data-start=\"1378\" data-end=\"1463\"><strong data-start=\"1380\" data-end=\"1404\">Trwa\u0142a konstrukcja<\/strong> \u2013 Wykonane z trwa\u0142ego plastiku, co zapewnia d\u0142ugotrwa\u0142e u\u017cytkowanie.<\/li>\n<li data-start=\"1464\" data-end=\"1544\"><strong data-start=\"1466\" data-end=\"1489\">Stabilne mocowanie<\/strong> \u2013 Zapewnia, \u017ce kr\u0105\u017cek jest mocno i pewnie osadzony.<\/li>\n<li data-start=\"1545\" data-end=\"1625\"><strong data-start=\"1547\" data-end=\"1574\">Rozwi\u0105zanie oszcz\u0119dzaj\u0105ce miejsce<\/strong> \u2013 Idealny do paneli elektrycznych i szaf instalacyjnych.<\/li>\n<\/ul>\n<h3 data-start=\"1627\" data-end=\"1655\"><strong data-start=\"1631\" data-end=\"1653\">Obszary zastosowa\u0144<\/strong><\/h3>\n<p data-start=\"1656\" data-end=\"1944\">Uchwyty monta\u017cowe DIN\/WALL s\u0105 idealne zar\u00f3wno dla profesjonalnych elektryk\u00f3w, jak i u\u017cytkownik\u00f3w domowych, kt\u00f3rym zale\u017cy na stabilnym i bezpiecznym monta\u017cu produkt\u00f3w Plejd.<\/p>\n<p data-start=\"1656\" data-end=\"1944\">Mo\u017cna go stosowa\u0107 w szafach elektrycznych, puszkach przy\u0142\u0105czeniowych lub bezpo\u015brednio na \u015bcianie, dzi\u0119ki czemu jest wszechstronnym rozwi\u0105zaniem do r\u00f3\u017cnych instalacji.<\/p>\n<h3 data-start=\"1946\" data-end=\"1983\"><strong data-start=\"1950\" data-end=\"1981\">Instalacja i u\u017cytkowanie<\/strong><\/h3>\n<p data-start=\"1984\" data-end=\"2038\">Monta\u017c jest prosty i nie wymaga u\u017cycia \u017cadnych specjalnych narz\u0119dzi:<\/p>\n<ol data-start=\"2040\" data-end=\"2292\">\n<li data-start=\"2040\" data-end=\"2129\"><strong data-start=\"2043\" data-end=\"2059\">Zamocuj klipsy<\/strong> \u2013 Monta\u017c bezpo\u015brednio na szynie DIN (35 mm) lub na \u015bcianie za pomoc\u0105 \u015brub.<\/li>\n<li data-start=\"2130\" data-end=\"2216\"><strong data-start=\"2133\" data-end=\"2154\">Z\u0142ap kr\u0105\u017cek<\/strong> \u2013 Kr\u0105\u017cek Plejd mo\u017cna \u0142atwo zamocowa\u0107 na klipsach monta\u017cowych.<\/li>\n<li data-start=\"2217\" data-end=\"2292\"><strong data-start=\"2220\" data-end=\"2243\">Instalacja uko\u0144czona<\/strong> \u2013 Kr\u0105\u017cek jest pewnie osadzony i gotowy do u\u017cycia.<\/li>\n<\/ol>\n<p data-start=\"2294\" data-end=\"2411\">Dzi\u0119ki temu rozwi\u0105zaniu wymiana lub modernizacja urz\u0105dze\u0144 Plejd staje si\u0119 prosta, bez konieczno\u015bci demonta\u017cu ca\u0142ej instalacji.<\/p>\n<h3 data-start=\"2413\" data-end=\"2447\"><strong data-start=\"2417\" data-end=\"2445\">Dane techniczne<\/strong><\/h3>\n<ul data-start=\"2449\" data-end=\"2665\">\n<li data-start=\"2449\" data-end=\"2515\"><strong data-start=\"2451\" data-end=\"2475\">Rodzaj za\u0142\u0105cznika:<\/strong> Monta\u017c na szynie DIN (35 mm) lub na \u015bcianie<\/li>\n<li data-start=\"2516\" data-end=\"2547\"><strong data-start=\"2518\" data-end=\"2541\">Typ uchwytu szynowego:<\/strong> Prosty<\/li>\n<li data-start=\"2548\" data-end=\"2571\"><strong data-start=\"2550\" data-end=\"2563\">Tworzywo:<\/strong> Plastikowy<\/li>\n<li data-start=\"2572\" data-end=\"2620\"><strong data-start=\"2574\" data-end=\"2593\">Zgodno\u015b\u0107:<\/strong> Pasuje do wszystkich kr\u0105\u017ck\u00f3w Plejd<\/li>\n<li data-start=\"2621\" data-end=\"2665\"><strong data-start=\"2623\" data-end=\"2643\">Spos\u00f3b monta\u017cu:<\/strong> Funkcja klipsa\/zatrzasku<\/li>\n<\/ul>\n<h3 data-start=\"2667\" data-end=\"2710\"><strong data-start=\"2671\" data-end=\"2708\">Trwa\u0142a i przyjazna dla u\u017cytkownika konstrukcja<\/strong><\/h3>\n<p data-start=\"2711\" data-end=\"3002\">Uchwyty monta\u017cowe DIN\/WALL zosta\u0142y zaprojektowane tak, aby u\u0142atwi\u0107 i uchroni\u0107 monta\u017c produkt\u00f3w Plejd przed uszkodzeniami mechanicznymi.<\/p>\n<p data-start=\"2711\" data-end=\"3002\">Dzi\u0119ki solidnej konstrukcji z tworzywa sztucznego i prostemu w obs\u0142udze zatrzaskowi jest to idealne rozwi\u0105zanie do ka\u017cdego rodzaju instalacji, od instalacji w budynkach mieszkalnych po wi\u0119ksze obiekty komercyjne.<\/p>\n<h3 data-start=\"3004\" data-end=\"3022\"><strong data-start=\"3008\" data-end=\"3020\">Wniosek<\/strong><\/h3>\n<p data-start=\"3023\" data-end=\"3274\">Dzi\u0119ki klipsom monta\u017cowym DIN\/WALL mo\u017cesz \u0142atwo, szybko i bezpiecznie zamontowa\u0107 kr\u0105\u017cki Plejd na szynie DIN lub \u015bcianie.<\/p>\n<p data-start=\"3023\" data-end=\"3274\">Elegancki design i kompatybilno\u015b\u0107 ze wszystkimi urz\u0105dzeniami Plejd sprawiaj\u0105, \u017ce jest to niezast\u0105piony element zar\u00f3wno dla profesjonalist\u00f3w, jak i os\u00f3b prywatnych.<\/p>\n<h4 data-start=\"3276\" data-end=\"3304\"><strong data-start=\"3281\" data-end=\"3302\">Tytu\u0142 meta (SEO):<\/strong><\/h4>\n<p data-start=\"3305\" data-end=\"3365\">Klips monta\u017cowy DIN\/WALL \u2013 \u0142atwy monta\u017c podk\u0142adek Plejd Pucks<\/p>\n<h4 data-start=\"3367\" data-end=\"3401\"><strong data-start=\"3372\" data-end=\"3399\">Metaopis (SEO):<\/strong><\/h4>\n<p data-start=\"3402\" data-end=\"3556\" data-is-last-node=\"\">\u0141atwe mocowanie kr\u0105\u017ck\u00f3w Plejd za pomoc\u0105 klips\u00f3w monta\u017cowych DIN\/WALL. Szybki monta\u017c na szynie DIN (35 mm) lub na \u015bcianie.<\/p>\n<p data-start=\"3402\" data-end=\"3556\" data-is-last-node=\"\">P\u0142ynna funkcja klipsowania i solidna plastikowa konstrukcja.<\/p>","protected":false},"excerpt":{"rendered":"<p>Zaciski monta\u017cowe DIN\/WALL umo\u017cliwiaj\u0105 \u0142atwe zamocowanie dowolnego kr\u0105\u017cka Plejd do szyny DIN (35 mm) lub \u015bciany.<\/p>\n<p>Dzi\u0119ki wygodnej funkcji klipsa kr\u0105\u017cek mo\u017cna \u0142atwo zamocowa\u0107 po z\u0142o\u017ceniu.<\/p>\n<p>Wykonane z trwa\u0142ego plastiku i zaprojektowane tak, aby zapewni\u0107 \u0142atwy monta\u017c.<\/p>","protected":false},"featured_media":148017,"template":"","meta":{"_acf_changed":false},"product_brand":[],"product_cat":[4662],"product_tag":[4670],"class_list":{"0":"post-148018","1":"product","2":"type-product","3":"status-publish","4":"has-post-thumbnail","6":"product_cat-plejd-tillbehor","7":"product_tag-plejd","8":"product_shipping_class-postnord-varubrev","9":"pa_brands-plejd","10":"tm-has-options","12":"first","13":"instock","14":"sale","15":"taxable","16":"shipping-taxable","17":"purchasable","18":"product-type-simple"},"acf":[],"_links":{"self":[{"href":"https:\/\/secureus.se\/pl\/wp-json\/wp\/v2\/product\/148018","targetHints":{"allow":["GET"]}}],"collection":[{"href":"https:\/\/secureus.se\/pl\/wp-json\/wp\/v2\/product"}],"about":[{"href":"https:\/\/secureus.se\/pl\/wp-json\/wp\/v2\/types\/product"}],"wp:featuredmedia":[{"embeddable":true,"href":"https:\/\/secureus.se\/pl\/wp-json\/wp\/v2\/media\/148017"}],"wp:attachment":[{"href":"https:\/\/secureus.se\/pl\/wp-json\/wp\/v2\/media?parent=148018"}],"wp:term":[{"taxonomy":"product_brand","embeddable":true,"href":"https:\/\/secureus.se\/pl\/wp-json\/wp\/v2\/product_brand?post=148018"},{"taxonomy":"product_cat","embeddable":true,"href":"https:\/\/secureus.se\/pl\/wp-json\/wp\/v2\/product_cat?post=148018"},{"taxonomy":"product_tag","embeddable":true,"href":"https:\/\/secureus.se\/pl\/wp-json\/wp\/v2\/product_tag?post=148018"}],"curies":[{"name":"wp","href":"https:\/\/api.w.org\/{rel}","templated":true}]}}