{"id":148020,"date":"2025-02-25T12:22:22","date_gmt":"2025-02-25T11:22:22","guid":{"rendered":"https:\/\/secureus.se\/?post_type=product&#038;p=148020"},"modified":"2026-04-08T16:37:42","modified_gmt":"2026-04-08T14:37:42","slug":"plejd-vridadapter-rtr-01-sa-antracit","status":"publish","type":"product","link":"https:\/\/secureus.se\/pl\/plejd-vridadapter-rtr-01-sa-antracit\/","title":{"rendered":"Plejd Adapter obrotowy RTR-01-SA antracyt"},"content":{"rendered":"<h1 data-start=\"479\" data-end=\"539\"><strong data-start=\"483\" data-end=\"537\">Po\u0142\u0105cz klasyczn\u0105 funkcj\u0119 \u015bciemniacza z inteligentn\u0105 technologi\u0105<\/strong><\/h1>\n<p data-start=\"540\" data-end=\"919\">Adapter obrotowy SA Anthracite to eleganckie i funkcjonalne rozwi\u0105zanie do inteligentnego sterowania o\u015bwietleniem.<\/p>\n<p data-start=\"540\" data-end=\"919\">\u0141\u0105cz\u0105c adapter z wybranym przez siebie kr\u0105\u017ckiem Plejd, otrzymujesz tradycyjny \u015bciemniacz obrotowy, kt\u00f3rym mo\u017cna sterowa\u0107 zar\u00f3wno r\u0119cznie, jak i bezprzewodowo za pomoc\u0105 technologii siatkowej systemu Plejd.<\/p>\n<p data-start=\"540\" data-end=\"919\">Dzi\u0119ki temu idealnie nadaje si\u0119 zar\u00f3wno do nowoczesnych dom\u00f3w, jak i profesjonalnych instalacji, gdzie elastyczno\u015b\u0107 i design odgrywaj\u0105 istotn\u0105 rol\u0119.<\/p>\n<h3 data-start=\"921\" data-end=\"970\"><strong data-start=\"925\" data-end=\"968\">Bezprzewodowa i elastyczna kontrola o\u015bwietlenia<\/strong><\/h3>\n<p data-start=\"971\" data-end=\"1349\">Jedn\u0105 z najwi\u0119kszych zalet Vridadapter SA Anthracite jest jego zdolno\u015b\u0107 do funkcjonowania w ekosystemie Plejd.<\/p>\n<p data-start=\"971\" data-end=\"1349\">Dzi\u0119ki technologii bezprzewodowej Mesh mo\u017cesz sterowa\u0107 innymi urz\u0105dzeniami Plejd i bezproblemowo integrowa\u0107 je z istniej\u0105cym systemem.<\/p>\n<p data-start=\"971\" data-end=\"1349\">Kr\u0105\u017cek u\u017cywany z adapterem zachowuje swoje funkcje, takie jak sterowanie wej\u015bciem i ustawienia czasu, co pozwala na sterowanie o\u015bwietleniem za pomoc\u0105 wielu r\u00f3\u017cnych przycisk\u00f3w.<\/p>\n<h3 data-start=\"1351\" data-end=\"1391\"><strong data-start=\"1355\" data-end=\"1389\">Cechy i zalety produktu<\/strong><\/h3>\n<ul data-start=\"1393\" data-end=\"2051\">\n<li data-start=\"1393\" data-end=\"1482\"><strong data-start=\"1395\" data-end=\"1426\">Klasyczna funkcja \u015bciemniacza obrotowego<\/strong> \u2013 \u0141\u0105czy w sobie tradycyjny styl z nowoczesn\u0105, inteligentn\u0105 technologi\u0105.<\/li>\n<li data-start=\"1483\" data-end=\"1557\"><strong data-start=\"1485\" data-end=\"1508\">Integracja bezprzewodowa<\/strong> \u2013 Sterowanie innymi urz\u0105dzeniami Plejd poprzez sie\u0107 kratow\u0105.<\/li>\n<li data-start=\"1558\" data-end=\"1628\"><strong data-start=\"1560\" data-end=\"1582\">\u0141atwa instalacja<\/strong> \u2013 Mocowanie zatrzaskowe w skrzynce lub podw\u00f3jnej ramie.<\/li>\n<li data-start=\"1629\" data-end=\"1695\"><strong data-start=\"1631\" data-end=\"1649\">Elegancki design<\/strong> \u2013 Powierzchnia lakierowana, matowa w kolorze antracytowym (RAL 7024).<\/li>\n<li data-start=\"1696\" data-end=\"1794\"><strong data-start=\"1698\" data-end=\"1720\">Elastyczny monta\u017c<\/strong> \u2013 Mo\u017cliwo\u015b\u0107 monta\u017cu wolnostoj\u0105cego lub w podw\u00f3jnej ramie ze standardowym w\u0142\u0105cznikiem \u015bwiat\u0142a.<\/li>\n<li data-start=\"1795\" data-end=\"1883\"><strong data-start=\"1797\" data-end=\"1818\">Materia\u0142 zr\u00f3wnowa\u017cony<\/strong> \u2013 Wykonane z bezhalogenowego tworzywa termoplastycznego zapewniaj\u0105cego d\u0142ugotrwa\u0142\u0105 wytrzyma\u0142o\u015b\u0107.<\/li>\n<li data-start=\"1884\" data-end=\"1964\"><strong data-start=\"1886\" data-end=\"1901\">Kontrola aplikacji<\/strong> \u2013 Konfiguracj\u0119 i ustawienia mo\u017cna \u0142atwo wykona\u0107 w aplikacji Plejd.<\/li>\n<li data-start=\"1884\" data-end=\"1964\"><strong data-start=\"1967\" data-end=\"2005\">Pasuje do ram Schneider Exxact\u00ae<\/strong> \u2013 Dla uzyskania jednolitego i stylowego monta\u017cu.<\/li>\n<\/ul>\n<h3><strong data-start=\"2057\" data-end=\"2110\">Idealny do inteligentnych dom\u00f3w i \u015brodowisk profesjonalnych<\/strong><\/h3>\n<p data-start=\"2113\" data-end=\"2325\">Obrotowy adapter SA Anthracite to idealne rozwi\u0105zanie dla tych, kt\u00f3rzy chc\u0105 mie\u0107 stylowe i funkcjonalne sterowanie o\u015bwietleniem. \u015awietnie sprawdzi si\u0119 zar\u00f3wno w nowoczesnych domach, jak i biurach, gdzie chcesz po\u0142\u0105czy\u0107 styl z inteligentnymi funkcjami.<\/p>\n<h3 data-start=\"2327\" data-end=\"2364\"><strong data-start=\"2331\" data-end=\"2362\">Instalacja i u\u017cytkowanie<\/strong><\/h3>\n<p data-start=\"2365\" data-end=\"2422\">Instalacja jest prosta i nie wymaga u\u017cycia specjalnych narz\u0119dzi:<\/p>\n<ol data-start=\"2424\" data-end=\"2843\">\n<li data-start=\"2424\" data-end=\"2522\"><strong data-start=\"2427\" data-end=\"2473\">Po\u0142\u0105cz adapter obrotowy z kr\u0105\u017ckiem Plejd<\/strong> \u2013 Wybierz pasuj\u0105cy kr\u0105\u017cek z oferty Plejd.<\/li>\n<li data-start=\"2523\" data-end=\"2633\"><strong data-start=\"2526\" data-end=\"2546\">Zamontuj adapter<\/strong> \u2013 Umie\u015b\u0107 go w pude\u0142ku lub podw\u00f3jnej ramce razem ze zwyk\u0142ym prze\u0142\u0105cznikiem \u015bwiat\u0142a.<\/li>\n<li data-start=\"2634\" data-end=\"2734\"><strong data-start=\"2637\" data-end=\"2662\">Konfiguruj za pomoc\u0105 aplikacji<\/strong> \u2013 Dostosuj jasno\u015b\u0107, scenariusze i inne funkcje za pomoc\u0105 aplikacji Plejd.<\/li>\n<li data-start=\"2735\" data-end=\"2843\"><strong data-start=\"2738\" data-end=\"2765\">Rozpocznij sterowanie o\u015bwietleniem<\/strong> \u2013 Przyciemniaj \u015bwiat\u0142o za pomoc\u0105 pokr\u0119t\u0142a lub skorzystaj z bezprzewodowych funkcji systemu Plejd.<\/li>\n<\/ol>\n<p data-start=\"2845\" data-end=\"2985\">Elastyczne mocowanie umo\u017cliwia instalacj\u0119 adaptera obrotowego SA Anthracite zar\u00f3wno samodzielnie, jak i w po\u0142\u0105czeniu z innymi urz\u0105dzeniami Plejd.<\/p>\n<h3 data-start=\"2987\" data-end=\"3021\"><strong data-start=\"2991\" data-end=\"3019\">Dane techniczne<\/strong><\/h3>\n<ul data-start=\"3023\" data-end=\"3576\">\n<li data-start=\"3023\" data-end=\"3043\"><strong data-start=\"3025\" data-end=\"3036\">Model:<\/strong> Wrak<\/li>\n<li data-start=\"3044\" data-end=\"3083\"><strong data-start=\"3046\" data-end=\"3068\">Metoda dzia\u0142ania:<\/strong> Funkcja obrotu<\/li>\n<li data-start=\"3084\" data-end=\"3116\"><strong data-start=\"3086\" data-end=\"3108\">Typ uszczelnienia:<\/strong> Pstrykn\u0105\u0107<\/li>\n<li data-start=\"3117\" data-end=\"3158\"><strong data-start=\"3119\" data-end=\"3132\">Tworzywo:<\/strong> Termoplastyczny (bezhalogenowy)<\/li>\n<li data-start=\"3159\" data-end=\"3199\"><strong data-start=\"3161\" data-end=\"3178\">Obr\u00f3bka powierzchni:<\/strong> Powierzchnia lakierowana, matowa<\/li>\n<li data-start=\"3200\" data-end=\"3233\"><strong data-start=\"3202\" data-end=\"3211\">Farba:<\/strong> Antracyt (RAL 7024)<\/li>\n<li data-start=\"3234\" data-end=\"3274\"><strong data-start=\"3236\" data-end=\"3249\">Klasa IP:<\/strong> IP20 (do u\u017cytku wewn\u0105trz pomieszcze\u0144)<\/li>\n<li data-start=\"3275\" data-end=\"3301\"><strong data-start=\"3277\" data-end=\"3294\">Odporno\u015b\u0107 na uderzenia:<\/strong> IK00<\/li>\n<li data-start=\"3302\" data-end=\"3322\"><strong data-start=\"3304\" data-end=\"3314\">Szeroko\u015b\u0107:<\/strong> 55 mm<\/li>\n<li data-start=\"3323\" data-end=\"3342\"><strong data-start=\"3325\" data-end=\"3334\">Wysoko\u015b\u0107:<\/strong> 55 mm<\/li>\n<li data-start=\"3343\" data-end=\"3362\"><strong data-start=\"3345\" data-end=\"3354\">G\u0142\u0119boko\u015b\u0107:<\/strong> 18 mm<\/li>\n<li data-start=\"3363\" data-end=\"3417\"><strong data-start=\"3365\" data-end=\"3411\">Nadaje si\u0119 do czujnik\u00f3w dotykowych dla system\u00f3w magistralnych:<\/strong> NIE<\/li>\n<li data-start=\"3418\" data-end=\"3461\"><strong data-start=\"3420\" data-end=\"3455\">Symbol mo\u017cliwy do zeskanowania \/ bez barier:<\/strong> NIE<\/li>\n<li data-start=\"3462\" data-end=\"3495\"><strong data-start=\"3464\" data-end=\"3489\">Z etykiet\u0105 do wydrukowania:<\/strong> NIE<\/li>\n<li data-start=\"3496\" data-end=\"3533\"><strong data-start=\"3498\" data-end=\"3527\">Z wymienn\u0105 soczewk\u0105\/symbolem:<\/strong> NIE<\/li>\n<li data-start=\"3534\" data-end=\"3576\"><strong data-start=\"3536\" data-end=\"3570\">Okienko obserwacyjne\/gniazdo o\u015bwietleniowe:<\/strong> NIE<\/li>\n<\/ul>\n<h3 data-start=\"3578\" data-end=\"3625\"><strong data-start=\"3582\" data-end=\"3623\">Design i funkcjonalno\u015b\u0107 w doskona\u0142ej harmonii<\/strong><\/h3>\n<p data-start=\"3626\" data-end=\"3911\">Matowa powierzchnia w kolorze antracytowym i kompatybilno\u015b\u0107 z ramkami Schneider Exxact\u00ae sprawiaj\u0105, \u017ce adapter obrotowy SA Anthracite jest stylowym wyborem do ka\u017cdego rodzaju otoczenia.<\/p>\n<p data-start=\"3626\" data-end=\"3911\">Minimalistyczny design doskonale komponuje si\u0119 z nowoczesnymi wn\u0119trzami, zapewniaj\u0105c jednocze\u015bnie pe\u0142n\u0105 kontrol\u0119 nad o\u015bwietleniem.<\/p>\n<h3 data-start=\"3913\" data-end=\"3931\"><strong data-start=\"3917\" data-end=\"3929\">Wniosek<\/strong><\/h3>\n<p data-start=\"3932\" data-end=\"4246\">Obrotowy adapter SA Anthracite to eleganckie i inteligentne rozwi\u0105zanie do sterowania o\u015bwietleniem, kt\u00f3re \u0142\u0105czy w sobie klasyczn\u0105 funkcj\u0119 \u015bciemniacza obrotowego z nowoczesn\u0105 technologi\u0105 bezprzewodow\u0105.<\/p>\n<p data-start=\"3932\" data-end=\"4246\">\u0141atwy monta\u017c, stylowy design i integracja z systemem Plejd sprawiaj\u0105, \u017ce jest to oczywisty wyb\u00f3r zar\u00f3wno dla os\u00f3b prywatnych, jak i profesjonalnych instalator\u00f3w.<\/p>","protected":false},"excerpt":{"rendered":"<p>Obrotowy adapter SA Anthracite \u0142\u0105czy si\u0119 z opcjonalnym kr\u0105\u017ckiem Plejd i pe\u0142ni funkcj\u0119 klasycznego \u015bciemniacza obrotowego.<\/p>\n<p>Dzi\u0119ki technologii bezprzewodowej Mesh mo\u017cliwe jest sterowanie innymi urz\u0105dzeniami Plejd.<\/p>\n<p>\u0141atwa instalacja i konfiguracja za pomoc\u0105 aplikacji Plejd.<\/p>\n<p>Pasuje do ramki w kolorze antracytowym marki Schneider Exxact\u00ae.<\/p>","protected":false},"featured_media":148019,"template":"","meta":{"_acf_changed":false},"product_brand":[],"product_cat":[4661],"product_tag":[4670],"class_list":{"0":"post-148020","1":"product","2":"type-product","3":"status-publish","4":"has-post-thumbnail","6":"product_cat-plejd-vridadapter","7":"product_tag-plejd","8":"product_shipping_class-postnord-varubrev","9":"pa_brands-plejd","10":"pa_farg-antracit","11":"tm-has-options","13":"first","14":"instock","15":"sale","16":"taxable","17":"shipping-taxable","18":"purchasable","19":"product-type-simple"},"acf":[],"_links":{"self":[{"href":"https:\/\/secureus.se\/pl\/wp-json\/wp\/v2\/product\/148020","targetHints":{"allow":["GET"]}}],"collection":[{"href":"https:\/\/secureus.se\/pl\/wp-json\/wp\/v2\/product"}],"about":[{"href":"https:\/\/secureus.se\/pl\/wp-json\/wp\/v2\/types\/product"}],"wp:featuredmedia":[{"embeddable":true,"href":"https:\/\/secureus.se\/pl\/wp-json\/wp\/v2\/media\/148019"}],"wp:attachment":[{"href":"https:\/\/secureus.se\/pl\/wp-json\/wp\/v2\/media?parent=148020"}],"wp:term":[{"taxonomy":"product_brand","embeddable":true,"href":"https:\/\/secureus.se\/pl\/wp-json\/wp\/v2\/product_brand?post=148020"},{"taxonomy":"product_cat","embeddable":true,"href":"https:\/\/secureus.se\/pl\/wp-json\/wp\/v2\/product_cat?post=148020"},{"taxonomy":"product_tag","embeddable":true,"href":"https:\/\/secureus.se\/pl\/wp-json\/wp\/v2\/product_tag?post=148020"}],"curies":[{"name":"wp","href":"https:\/\/api.w.org\/{rel}","templated":true}]}}