{"id":148022,"date":"2025-02-25T12:22:23","date_gmt":"2025-02-25T11:22:23","guid":{"rendered":"https:\/\/secureus.se\/?post_type=product&#038;p=148022"},"modified":"2026-03-26T11:07:11","modified_gmt":"2026-03-26T10:07:11","slug":"plejd-monteringsdosa","status":"publish","type":"product","link":"https:\/\/secureus.se\/pl\/plejd-monteringsdosa\/","title":{"rendered":"Skrzynka monta\u017cowa Plejd"},"content":{"rendered":"<h1 data-start=\"450\" data-end=\"501\"><strong data-start=\"454\" data-end=\"499\">Bezpieczny i \u0142atwy monta\u017c puck\u00f3w Plejd<\/strong><\/h1>\n<p data-start=\"502\" data-end=\"791\">Puszka monta\u017cowa to praktyczne i bezpieczne rozwi\u0105zanie umo\u017cliwiaj\u0105ce monta\u017c kr\u0105\u017ck\u00f3w Plejd na \u015bcianie, w szafce elektrycznej lub otworze monta\u017cowym.<\/p>\n<p data-start=\"502\" data-end=\"791\">Dzi\u0119ki kompaktowej budowie i funkcjonalnej budowie skrzynka umo\u017cliwia bezpieczn\u0105 w dotyku instalacj\u0119, a tak\u017ce gwarantuje stabilne mocowanie i uporz\u0105dkowane zarz\u0105dzanie kablami.<\/p>\n<p data-start=\"793\" data-end=\"1019\">Jest on przeznaczony do monta\u017cu w r\u00f3\u017cnych \u015brodowiskach i jest kompatybilny ze standardowymi instalacjami \u015bciennymi i sufitowymi.<\/p>\n<p data-start=\"793\" data-end=\"1019\">Puszka monta\u017cowa wykonana jest z trwa\u0142ego tworzywa sztucznego bezhalogenowego i posiada klas\u0119 ochrony IP20, co pozwala na stosowanie jej wewn\u0105trz pomieszcze\u0144.<\/p>\n<h3 data-start=\"1021\" data-end=\"1068\"><strong data-start=\"1025\" data-end=\"1066\">Elastyczny i dostosowuj\u0105cy si\u0119 monta\u017c<\/strong><\/h3>\n<p data-start=\"1069\" data-end=\"1385\">Puszka monta\u017cowa zosta\u0142a zaprojektowana tak, aby pasowa\u0142a do wielu r\u00f3\u017cnych instalacji i mo\u017ce by\u0107 stosowana zar\u00f3wno na \u015bcianie, jak i w szafach elektrycznych.<\/p>\n<p data-start=\"1069\" data-end=\"1385\">Dzi\u0119ki sze\u015bciu wej\u015bciom i otworom na okablowanie skrzynk\u0119 mo\u017cna \u0142atwo dostosowa\u0107 do r\u00f3\u017cnych potrzeb.<\/p>\n<p data-start=\"1069\" data-end=\"1385\">Wyposa\u017cono go tak\u017ce w odci\u0105\u017cenie, kt\u00f3re gwarantuje stabilne i bezpieczne po\u0142\u0105czenie kablowe.<\/p>\n<h3 data-start=\"1387\" data-end=\"1427\"><strong data-start=\"1391\" data-end=\"1425\">Cechy i zalety produktu<\/strong><\/h3>\n<ul data-start=\"1429\" data-end=\"2080\">\n<li data-start=\"1429\" data-end=\"1506\"><strong data-start=\"1431\" data-end=\"1450\">Bezpieczny monta\u017c<\/strong> \u2013 Zapewnia bezpieczn\u0105 w dotyku instalacj\u0119 kr\u0105\u017ck\u00f3w Plejd.<\/li>\n<li data-start=\"1507\" data-end=\"1592\"><strong data-start=\"1509\" data-end=\"1527\">Odci\u0105\u017cenie<\/strong> \u2013 Zapobiega poluzowaniu si\u0119 lub uszkodzeniu kabli podczas instalacji.<\/li>\n<li data-start=\"1593\" data-end=\"1670\"><strong data-start=\"1595\" data-end=\"1620\">Elastyczna instalacja<\/strong> \u2013 Mo\u017cliwo\u015b\u0107 monta\u017cu na \u015bcianie, w szafce lub w otworze na reflektor.<\/li>\n<li data-start=\"1671\" data-end=\"1749\"><strong data-start=\"1673\" data-end=\"1699\">Konstrukcja oszcz\u0119dzaj\u0105ca miejsce<\/strong> \u2013 Kompaktowy rozmiar, kt\u00f3ry mie\u015bci si\u0119 w ciasnych przestrzeniach.<\/li>\n<li data-start=\"1750\" data-end=\"1830\"><strong data-start=\"1752\" data-end=\"1776\">Trwa\u0142a konstrukcja<\/strong> \u2013 Wykonane z tworzywa sztucznego bezhalogenowego, co zapewnia d\u0142ug\u0105 \u017cywotno\u015b\u0107.<\/li>\n<li data-start=\"1831\" data-end=\"1905\"><strong data-start=\"1833\" data-end=\"1856\">Klasa obudowy IP20<\/strong> \u2013 Ochrona przed cia\u0142ami sta\u0142ymi o \u015brednicy wi\u0119kszej ni\u017c 12,5 mm.<\/li>\n<li data-start=\"1906\" data-end=\"1995\"><strong data-start=\"1908\" data-end=\"1931\">\u0141atwe okablowanie<\/strong> \u2013 Sze\u015b\u0107 wej\u015b\u0107 z otworami do rur przewodz\u0105cych o \u015brednicy do 16 mm.<\/li>\n<li data-start=\"1996\" data-end=\"2080\"><strong data-start=\"1998\" data-end=\"2026\">\u0141atwy monta\u017c<\/strong> \u2013 Szybka i \u0142atwa instalacja bez dodatkowych narz\u0119dzi.<\/li>\n<\/ul>\n<h3 data-start=\"2082\" data-end=\"2110\"><strong data-start=\"2086\" data-end=\"2108\">Obszary zastosowa\u0144<\/strong><\/h3>\n<p data-start=\"2111\" data-end=\"2298\">Puszka monta\u017cowa doskonale sprawdzi si\u0119 zar\u00f3wno w przypadku u\u017cytkownik\u00f3w domowych, jak i profesjonalnych instalator\u00f3w, kt\u00f3rym zale\u017cy na bezpiecznym i \u0142atwym monta\u017cu kr\u0105\u017ck\u00f3w Plejd. Mo\u017cna go stosowa\u0107 w r\u00f3\u017cnych \u015brodowiskach, w tym:<\/p>\n<ul data-start=\"2300\" data-end=\"2560\">\n<li data-start=\"2300\" data-end=\"2373\"><strong data-start=\"2302\" data-end=\"2319\">Monta\u017c na \u015bcianie<\/strong> \u2013 Idealny do monta\u017cu w standardowych instalacjach elektrycznych.<\/li>\n<li data-start=\"2374\" data-end=\"2487\"><strong data-start=\"2376\" data-end=\"2405\">Szafy elektryczne i skrzynki przy\u0142\u0105czeniowe<\/strong> \u2013 Idealny do monta\u017cu w szafach, gdzie wymagane jest bezpieczne i uporz\u0105dkowane prowadzenie kabli.<\/li>\n<li data-start=\"2488\" data-end=\"2560\"><strong data-start=\"2490\" data-end=\"2501\">Dziura punktowa<\/strong> \u2013 Nadaje si\u0119 do monta\u017cu w sufitach i systemach o\u015bwietleniowych.<\/li>\n<\/ul>\n<h3 data-start=\"2562\" data-end=\"2596\"><strong data-start=\"2566\" data-end=\"2594\">Dane techniczne<\/strong><\/h3>\n<ul data-start=\"2598\" data-end=\"3189\">\n<li data-start=\"2598\" data-end=\"2625\"><strong data-start=\"2600\" data-end=\"2611\">Model:<\/strong> Skrzynka urz\u0105dzenia<\/li>\n<li data-start=\"2626\" data-end=\"2667\"><strong data-start=\"2628\" data-end=\"2648\">Spos\u00f3b monta\u017cu:<\/strong> Monta\u017c na \u015bcianie\/suficie<\/li>\n<li data-start=\"2668\" data-end=\"2704\"><strong data-start=\"2670\" data-end=\"2683\">Tworzywo:<\/strong> Plastik (bezhalogenowy)<\/li>\n<li data-start=\"2705\" data-end=\"2722\"><strong data-start=\"2707\" data-end=\"2716\">Farba:<\/strong> Bia\u0142y<\/li>\n<li data-start=\"2723\" data-end=\"2751\"><strong data-start=\"2725\" data-end=\"2744\">Klasa ochrony:<\/strong> IP20<\/li>\n<li data-start=\"2752\" data-end=\"2777\"><strong data-start=\"2754\" data-end=\"2773\">Liczba wej\u015b\u0107:<\/strong> 6<\/li>\n<li data-start=\"2778\" data-end=\"2826\"><strong data-start=\"2780\" data-end=\"2812\">Rodzaj penetracji obudowy:<\/strong> Wst\u0119pne t\u0142oczenie<\/li>\n<li data-start=\"2827\" data-end=\"2860\"><strong data-start=\"2829\" data-end=\"2851\">Maksymalna powierzchnia przewodnika:<\/strong> 16 mm\u00b2<\/li>\n<li data-start=\"2861\" data-end=\"2896\"><strong data-start=\"2863\" data-end=\"2888\">Dla \u015brednicy rury przewodz\u0105cej:<\/strong> 16 mm<\/li>\n<li data-start=\"2897\" data-end=\"2924\"><strong data-start=\"2899\" data-end=\"2919\">Wlot od ty\u0142u:<\/strong> Tak<\/li>\n<li data-start=\"2925\" data-end=\"2945\"><strong data-start=\"2927\" data-end=\"2937\">D\u0142ugo\u015b\u0107:<\/strong> 93 mm<\/li>\n<li data-start=\"2946\" data-end=\"2966\"><strong data-start=\"2948\" data-end=\"2958\">Szeroko\u015b\u0107:<\/strong> 53 mm<\/li>\n<li data-start=\"2967\" data-end=\"2986\"><strong data-start=\"2969\" data-end=\"2978\">G\u0142\u0119boko\u015b\u0107:<\/strong> 25 mm<\/li>\n<li data-start=\"2987\" data-end=\"3010\"><strong data-start=\"2989\" data-end=\"3002\">\u015arednica:<\/strong> 70 mm<\/li>\n<li data-start=\"3011\" data-end=\"3044\"><strong data-start=\"3013\" data-end=\"3027\">Pokrywa\/przykrycie:<\/strong> Za\u015blepka monta\u017cowa<\/li>\n<li data-start=\"3045\" data-end=\"3074\"><strong data-start=\"3047\" data-end=\"3068\">Przezroczysta pokrywa:<\/strong> NIE<\/li>\n<li data-start=\"3075\" data-end=\"3098\"><strong data-start=\"3077\" data-end=\"3092\">Mo\u017cliwo\u015b\u0107 zamkni\u0119cia:<\/strong> NIE<\/li>\n<li data-start=\"3099\" data-end=\"3141\"><strong data-start=\"3101\" data-end=\"3133\">Napi\u0119cie znamionowe izolacji:<\/strong> 400 V<\/li>\n<li data-start=\"3142\" data-end=\"3189\"><strong data-start=\"3144\" data-end=\"3170\">Zakres temperatur pracy:<\/strong> -30\u00b0C do +60\u00b0C<\/li>\n<\/ul>\n<h3 data-start=\"3191\" data-end=\"3229\"><strong data-start=\"3195\" data-end=\"3227\">\u0141atwa i bezpieczna instalacja<\/strong><\/h3>\n<p data-start=\"3230\" data-end=\"3523\">Skrzynka monta\u017cowa jest zaprojektowana tak, aby by\u0142a \u0142atwa w monta\u017cu i obs\u0142udze. Dzi\u0119ki otworom monta\u017cowym mo\u017cna \u0142atwo przeci\u0105gn\u0105\u0107 kable i dostosowa\u0107 instalacj\u0119 do swoich potrzeb.<\/p>\n<p data-start=\"3230\" data-end=\"3523\">Stabilne odci\u0105\u017cenie gwarantuje, \u017ce kable pozostan\u0105 na swoim miejscu i minimalizuje ryzyko uszkodzenia lub nieprawid\u0142owego pod\u0142\u0105czenia.<\/p>\n<h3 data-start=\"3525\" data-end=\"3583\"><strong data-start=\"3529\" data-end=\"3581\">Niezb\u0119dny element inteligentnych system\u00f3w o\u015bwietleniowych<\/strong><\/h3>\n<p data-start=\"3584\" data-end=\"3840\">Dzi\u0119ki solidnej konstrukcji i mo\u017cliwo\u015bci dostosowania do indywidualnych potrzeb, puszka monta\u017cowa stanowi istotny element wszystkich instalacji Plejd.<\/p>\n<p data-start=\"3584\" data-end=\"3840\">Zapewnia bezpieczny i profesjonalny monta\u017c, u\u0142atwiaj\u0105c jednocze\u015bnie organizacj\u0119 i ochron\u0119 kabli w instalacji.<\/p>\n<h3 data-start=\"3842\" data-end=\"3860\"><strong data-start=\"3846\" data-end=\"3858\">Wniosek<\/strong><\/h3>\n<p data-start=\"3861\" data-end=\"4180\">Puszka monta\u017cowa to inteligentne, elastyczne i bezpieczne rozwi\u0105zanie umo\u017cliwiaj\u0105ce instalacj\u0119 kr\u0105\u017ck\u00f3w Plejd w spos\u00f3b chroni\u0105cy przed dotykiem.<\/p>\n<p data-start=\"3861\" data-end=\"4180\">Jest to idealne rozwi\u0105zanie zar\u00f3wno dla profesjonalist\u00f3w, jak i u\u017cytkownik\u00f3w domowych, kt\u00f3rym zale\u017cy na stabilnej i zorganizowanej konfiguracji.<\/p>\n<p data-start=\"3861\" data-end=\"4180\">Dzi\u0119ki \u0142atwemu monta\u017cowi i trwa\u0142ej konstrukcji jest idealnym elementem systemu Plejd.<\/p>","protected":false},"excerpt":{"rendered":"<p>Puszka monta\u017cowa do bezpiecznego i chronionego przed dotykiem monta\u017cu kr\u0105\u017ck\u00f3w Plejd na \u015bcianie, w szafce lub otworze punktowym.<\/p>\n<p>Wyposa\u017cony w odci\u0105\u017cenie zapewniaj\u0105ce bezpieczne pod\u0142\u0105czenie kabla.<\/p>\n<p>Klasa ochrony IP20, wykonany z tworzywa sztucznego bezhalogenowego, z sze\u015bcioma wej\u015bciami i kompaktow\u0105 konstrukcj\u0105 u\u0142atwiaj\u0105c\u0105 instalacj\u0119.<\/p>","protected":false},"featured_media":148021,"template":"","meta":{"_acf_changed":false},"product_brand":[],"product_cat":[4662],"product_tag":[4670],"class_list":{"0":"post-148022","1":"product","2":"type-product","3":"status-publish","4":"has-post-thumbnail","6":"product_cat-plejd-tillbehor","7":"product_tag-plejd","8":"product_shipping_class-postnord-varubrev","9":"pa_brands-plejd","10":"pa_farg-vit","11":"tm-has-options","13":"first","14":"instock","15":"sale","16":"taxable","17":"shipping-taxable","18":"purchasable","19":"product-type-simple"},"acf":[],"_links":{"self":[{"href":"https:\/\/secureus.se\/pl\/wp-json\/wp\/v2\/product\/148022","targetHints":{"allow":["GET"]}}],"collection":[{"href":"https:\/\/secureus.se\/pl\/wp-json\/wp\/v2\/product"}],"about":[{"href":"https:\/\/secureus.se\/pl\/wp-json\/wp\/v2\/types\/product"}],"wp:featuredmedia":[{"embeddable":true,"href":"https:\/\/secureus.se\/pl\/wp-json\/wp\/v2\/media\/148021"}],"wp:attachment":[{"href":"https:\/\/secureus.se\/pl\/wp-json\/wp\/v2\/media?parent=148022"}],"wp:term":[{"taxonomy":"product_brand","embeddable":true,"href":"https:\/\/secureus.se\/pl\/wp-json\/wp\/v2\/product_brand?post=148022"},{"taxonomy":"product_cat","embeddable":true,"href":"https:\/\/secureus.se\/pl\/wp-json\/wp\/v2\/product_cat?post=148022"},{"taxonomy":"product_tag","embeddable":true,"href":"https:\/\/secureus.se\/pl\/wp-json\/wp\/v2\/product_tag?post=148022"}],"curies":[{"name":"wp","href":"https:\/\/api.w.org\/{rel}","templated":true}]}}