{"id":148024,"date":"2025-02-25T12:22:23","date_gmt":"2025-02-25T11:22:23","guid":{"rendered":"https:\/\/secureus.se\/?post_type=product&#038;p=148024"},"modified":"2026-04-08T16:37:32","modified_gmt":"2026-04-08T14:37:32","slug":"plejd-vridadapter-rtr-01-eb-svart","status":"publish","type":"product","link":"https:\/\/secureus.se\/pl\/plejd-vridadapter-rtr-01-eb-svart\/","title":{"rendered":"Plejd adapter obrotowy RTR-01-EB czarny"},"content":{"rendered":"<h1 data-start=\"448\" data-end=\"508\"><strong data-start=\"452\" data-end=\"506\">Po\u0142\u0105cz klasyczn\u0105 funkcj\u0119 \u015bciemniacza z inteligentn\u0105 technologi\u0105<\/strong><\/h1>\n<p data-start=\"509\" data-end=\"885\">Adapter obrotowy EB Black to eleganckie i funkcjonalne rozwi\u0105zanie do inteligentnego sterowania o\u015bwietleniem.<\/p>\n<p data-start=\"509\" data-end=\"885\">\u0141\u0105cz\u0105c adapter z wybranym przez siebie kr\u0105\u017ckiem Plejd, otrzymujesz tradycyjny \u015bciemniacz obrotowy, kt\u00f3rym mo\u017cna sterowa\u0107 zar\u00f3wno r\u0119cznie, jak i bezprzewodowo za pomoc\u0105 technologii siatkowej systemu Plejd.<\/p>\n<p data-start=\"509\" data-end=\"885\">Dzi\u0119ki temu idealnie nadaje si\u0119 zar\u00f3wno do nowoczesnych dom\u00f3w, jak i profesjonalnych instalacji, gdzie elastyczno\u015b\u0107 i design odgrywaj\u0105 istotn\u0105 rol\u0119.<\/p>\n<h3 data-start=\"887\" data-end=\"936\"><strong data-start=\"891\" data-end=\"934\">Bezprzewodowa i elastyczna kontrola o\u015bwietlenia<\/strong><\/h3>\n<p data-start=\"937\" data-end=\"1312\">Jedn\u0105 z najwi\u0119kszych zalet adaptera obrotowego EB Black jest jego mo\u017cliwo\u015b\u0107 funkcjonowania w ekosystemie Plejd.<\/p>\n<p data-start=\"937\" data-end=\"1312\">Dzi\u0119ki technologii bezprzewodowej Mesh mo\u017cesz sterowa\u0107 innymi urz\u0105dzeniami Plejd i bezproblemowo integrowa\u0107 je z istniej\u0105cym systemem.<\/p>\n<p data-start=\"937\" data-end=\"1312\">Kr\u0105\u017cek u\u017cywany z adapterem zachowuje swoje funkcje, takie jak sterowanie wej\u015bciem i ustawienia czasu, co pozwala na sterowanie o\u015bwietleniem za pomoc\u0105 wielu r\u00f3\u017cnych przycisk\u00f3w.<\/p>\n<h3 data-start=\"1314\" data-end=\"1354\"><strong data-start=\"1318\" data-end=\"1352\">Cechy i zalety produktu<\/strong><\/h3>\n<ul data-start=\"1356\" data-end=\"2079\">\n<li data-start=\"1356\" data-end=\"1445\"><strong data-start=\"1358\" data-end=\"1389\">Klasyczna funkcja \u015bciemniacza obrotowego<\/strong> \u2013 \u0141\u0105czy w sobie tradycyjny styl z nowoczesn\u0105, inteligentn\u0105 technologi\u0105.<\/li>\n<li data-start=\"1446\" data-end=\"1520\"><strong data-start=\"1448\" data-end=\"1471\">Integracja bezprzewodowa<\/strong> \u2013 Sterowanie innymi urz\u0105dzeniami Plejd poprzez sie\u0107 kratow\u0105.<\/li>\n<li data-start=\"1521\" data-end=\"1591\"><strong data-start=\"1523\" data-end=\"1545\">\u0141atwa instalacja<\/strong> \u2013 Mocowanie zatrzaskowe w skrzynce lub podw\u00f3jnej ramie.<\/li>\n<li data-start=\"1592\" data-end=\"1655\"><strong data-start=\"1594\" data-end=\"1612\">Elegancki design<\/strong> \u2013 Powierzchnia lakierowana matowa w kolorze czarnym (RAL 9005).<\/li>\n<li data-start=\"1656\" data-end=\"1754\"><strong data-start=\"1658\" data-end=\"1680\">Elastyczny monta\u017c<\/strong> \u2013 Mo\u017cliwo\u015b\u0107 monta\u017cu wolnostoj\u0105cego lub w podw\u00f3jnej ramie ze standardowym w\u0142\u0105cznikiem \u015bwiat\u0142a.<\/li>\n<li data-start=\"1755\" data-end=\"1843\"><strong data-start=\"1757\" data-end=\"1778\">Materia\u0142 zr\u00f3wnowa\u017cony<\/strong> \u2013 Wykonane z bezhalogenowego tworzywa termoplastycznego zapewniaj\u0105cego d\u0142ugotrwa\u0142\u0105 wytrzyma\u0142o\u015b\u0107.<\/li>\n<li data-start=\"1844\" data-end=\"1924\"><strong data-start=\"1846\" data-end=\"1861\">Kontrola aplikacji<\/strong> \u2013 Konfiguracj\u0119 i ustawienia mo\u017cna \u0142atwo wykona\u0107 w aplikacji Plejd.<\/li>\n<li data-start=\"1925\" data-end=\"2004\"><strong data-start=\"1927\" data-end=\"1958\">Pasuje do ram ELKO\u00ae Plus<\/strong> \u2013 Dla uzyskania jednolitego i stylowego monta\u017cu.<\/li>\n<li data-start=\"2005\" data-end=\"2079\"><strong data-start=\"2007\" data-end=\"2031\">Dost\u0119pne w kilku kolorach<\/strong> \u2013 Mo\u017cliwo\u015b\u0107 dostosowania do wn\u0119trza dzi\u0119ki r\u00f3\u017cnym mo\u017cliwo\u015bciom wyboru kolor\u00f3w.<\/li>\n<\/ul>\n<h3 data-start=\"2081\" data-end=\"2140\"><strong data-start=\"2085\" data-end=\"2138\">Idealny do inteligentnych dom\u00f3w i \u015brodowisk profesjonalnych<\/strong><\/h3>\n<p data-start=\"2141\" data-end=\"2350\">Obrotowy adapter EB Black to idealne rozwi\u0105zanie dla tych, kt\u00f3rzy chc\u0105 mie\u0107 stylowe i funkcjonalne sterowanie o\u015bwietleniem.<\/p>\n<p data-start=\"2141\" data-end=\"2350\">\u015awietnie sprawdzi si\u0119 zar\u00f3wno w nowoczesnych domach, jak i biurach, gdzie chcesz po\u0142\u0105czy\u0107 styl z inteligentnymi funkcjami.<\/p>\n<h3 data-start=\"2352\" data-end=\"2389\"><strong data-start=\"2356\" data-end=\"2387\">Instalacja i u\u017cytkowanie<\/strong><\/h3>\n<p data-start=\"2390\" data-end=\"2447\">Instalacja jest prosta i nie wymaga u\u017cycia specjalnych narz\u0119dzi:<\/p>\n<ol data-start=\"2449\" data-end=\"2868\">\n<li data-start=\"2449\" data-end=\"2547\"><strong data-start=\"2452\" data-end=\"2498\">Po\u0142\u0105cz adapter obrotowy z kr\u0105\u017ckiem Plejd<\/strong> \u2013 Wybierz pasuj\u0105cy kr\u0105\u017cek z oferty Plejd.<\/li>\n<li data-start=\"2548\" data-end=\"2658\"><strong data-start=\"2551\" data-end=\"2571\">Zamontuj adapter<\/strong> \u2013 Umie\u015b\u0107 go w pude\u0142ku lub podw\u00f3jnej ramce razem ze zwyk\u0142ym prze\u0142\u0105cznikiem \u015bwiat\u0142a.<\/li>\n<li data-start=\"2659\" data-end=\"2759\"><strong data-start=\"2662\" data-end=\"2687\">Konfiguruj za pomoc\u0105 aplikacji<\/strong> \u2013 Dostosuj jasno\u015b\u0107, scenariusze i inne funkcje za pomoc\u0105 aplikacji Plejd.<\/li>\n<li data-start=\"2760\" data-end=\"2868\"><strong data-start=\"2763\" data-end=\"2790\">Rozpocznij sterowanie o\u015bwietleniem<\/strong> \u2013 Przyciemniaj \u015bwiat\u0142o za pomoc\u0105 pokr\u0119t\u0142a lub skorzystaj z bezprzewodowych funkcji systemu Plejd.<\/li>\n<\/ol>\n<p data-start=\"2870\" data-end=\"3007\">Elastyczne mocowanie umo\u017cliwia instalacj\u0119 adaptera obrotowego EB Black zar\u00f3wno samodzielnie, jak i w po\u0142\u0105czeniu z innymi urz\u0105dzeniami Plejd.<\/p>\n<h3 data-start=\"3009\" data-end=\"3043\"><strong data-start=\"3013\" data-end=\"3041\">Dane techniczne<\/strong><\/h3>\n<ul data-start=\"3045\" data-end=\"3595\">\n<li data-start=\"3045\" data-end=\"3065\"><strong data-start=\"3047\" data-end=\"3058\">Model:<\/strong> Wrak<\/li>\n<li data-start=\"3066\" data-end=\"3105\"><strong data-start=\"3068\" data-end=\"3090\">Metoda dzia\u0142ania:<\/strong> Funkcja obrotu<\/li>\n<li data-start=\"3106\" data-end=\"3138\"><strong data-start=\"3108\" data-end=\"3130\">Typ uszczelnienia:<\/strong> Pstrykn\u0105\u0107<\/li>\n<li data-start=\"3139\" data-end=\"3180\"><strong data-start=\"3141\" data-end=\"3154\">Tworzywo:<\/strong> Termoplastyczny (bezhalogenowy)<\/li>\n<li data-start=\"3181\" data-end=\"3221\"><strong data-start=\"3183\" data-end=\"3200\">Obr\u00f3bka powierzchni:<\/strong> Powierzchnia lakierowana, matowa<\/li>\n<li data-start=\"3222\" data-end=\"3252\"><strong data-start=\"3224\" data-end=\"3233\">Farba:<\/strong> Czarny (RAL 9005)<\/li>\n<li data-start=\"3253\" data-end=\"3293\"><strong data-start=\"3255\" data-end=\"3268\">Klasa IP:<\/strong> IP20 (do u\u017cytku wewn\u0105trz pomieszcze\u0144)<\/li>\n<li data-start=\"3294\" data-end=\"3320\"><strong data-start=\"3296\" data-end=\"3313\">Odporno\u015b\u0107 na uderzenia:<\/strong> IK00<\/li>\n<li data-start=\"3321\" data-end=\"3341\"><strong data-start=\"3323\" data-end=\"3333\">Szeroko\u015b\u0107:<\/strong> 55 mm<\/li>\n<li data-start=\"3342\" data-end=\"3361\"><strong data-start=\"3344\" data-end=\"3353\">Wysoko\u015b\u0107:<\/strong> 55 mm<\/li>\n<li data-start=\"3362\" data-end=\"3381\"><strong data-start=\"3364\" data-end=\"3373\">G\u0142\u0119boko\u015b\u0107:<\/strong> 18 mm<\/li>\n<li data-start=\"3382\" data-end=\"3436\"><strong data-start=\"3384\" data-end=\"3430\">Nadaje si\u0119 do czujnik\u00f3w dotykowych dla system\u00f3w magistralnych:<\/strong> NIE<\/li>\n<li data-start=\"3437\" data-end=\"3480\"><strong data-start=\"3439\" data-end=\"3474\">Symbol mo\u017cliwy do zeskanowania \/ bez barier:<\/strong> NIE<\/li>\n<li data-start=\"3481\" data-end=\"3514\"><strong data-start=\"3483\" data-end=\"3508\">Z etykiet\u0105 do wydrukowania:<\/strong> NIE<\/li>\n<li data-start=\"3515\" data-end=\"3552\"><strong data-start=\"3517\" data-end=\"3546\">Z wymienn\u0105 soczewk\u0105\/symbolem:<\/strong> NIE<\/li>\n<li data-start=\"3553\" data-end=\"3595\"><strong data-start=\"3555\" data-end=\"3589\">Okienko obserwacyjne\/gniazdo o\u015bwietleniowe:<\/strong> NIE<\/li>\n<\/ul>\n<h3 data-start=\"3597\" data-end=\"3644\"><strong data-start=\"3601\" data-end=\"3642\">Design i funkcjonalno\u015b\u0107 w doskona\u0142ej harmonii<\/strong><\/h3>\n<p data-start=\"3645\" data-end=\"3911\">Czarna, matowa powierzchnia i kompatybilno\u015b\u0107 z ramkami ELKO\u00ae Plus sprawiaj\u0105, \u017ce adapter obrotowy EB Black jest stylowym wyborem do ka\u017cdego rodzaju otoczenia.<\/p>\n<p data-start=\"3645\" data-end=\"3911\">Minimalistyczny design doskonale komponuje si\u0119 z nowoczesnymi wn\u0119trzami, zapewniaj\u0105c jednocze\u015bnie pe\u0142n\u0105 kontrol\u0119 nad o\u015bwietleniem.<\/p>\n<h3 data-start=\"3913\" data-end=\"3931\"><strong data-start=\"3917\" data-end=\"3929\">Wniosek<\/strong><\/h3>\n<p data-start=\"3932\" data-end=\"4243\">Obrotowy adapter EB Black to eleganckie i inteligentne rozwi\u0105zanie do sterowania o\u015bwietleniem, kt\u00f3re \u0142\u0105czy w sobie klasyczn\u0105 funkcj\u0119 \u015bciemniacza obrotowego z nowoczesn\u0105 technologi\u0105 bezprzewodow\u0105.<\/p>\n<p data-start=\"3932\" data-end=\"4243\">\u0141atwy monta\u017c, stylowy design i integracja z systemem Plejd sprawiaj\u0105, \u017ce jest to oczywisty wyb\u00f3r zar\u00f3wno dla os\u00f3b prywatnych, jak i profesjonalnych instalator\u00f3w.<\/p>","protected":false},"excerpt":{"rendered":"<p>Obrotowy adapter EB Black \u0142\u0105czy si\u0119 z opcjonalnym kr\u0105\u017ckiem Plejd i pe\u0142ni funkcj\u0119 klasycznego \u015bciemniacza obrotowego.<\/p>\n<p>Dzi\u0119ki technologii bezprzewodowej Mesh mo\u017cna sterowa\u0107 innymi urz\u0105dzeniami Plejd.<\/p>\n<p>\u0141atwa instalacja i konfiguracja za pomoc\u0105 aplikacji Plejd.<\/p>\n<p>Pasuje do czarnej ramki ELKO\u00ae Plus.<\/p>","protected":false},"featured_media":148023,"template":"","meta":{"_acf_changed":false},"product_brand":[],"product_cat":[4661],"product_tag":[4670],"class_list":{"0":"post-148024","1":"product","2":"type-product","3":"status-publish","4":"has-post-thumbnail","6":"product_cat-plejd-vridadapter","7":"product_tag-plejd","8":"product_shipping_class-postnord-varubrev","9":"pa_brands-plejd","10":"pa_farg-svart","11":"tm-has-options","13":"first","14":"instock","15":"sale","16":"taxable","17":"shipping-taxable","18":"purchasable","19":"product-type-simple"},"acf":[],"_links":{"self":[{"href":"https:\/\/secureus.se\/pl\/wp-json\/wp\/v2\/product\/148024","targetHints":{"allow":["GET"]}}],"collection":[{"href":"https:\/\/secureus.se\/pl\/wp-json\/wp\/v2\/product"}],"about":[{"href":"https:\/\/secureus.se\/pl\/wp-json\/wp\/v2\/types\/product"}],"wp:featuredmedia":[{"embeddable":true,"href":"https:\/\/secureus.se\/pl\/wp-json\/wp\/v2\/media\/148023"}],"wp:attachment":[{"href":"https:\/\/secureus.se\/pl\/wp-json\/wp\/v2\/media?parent=148024"}],"wp:term":[{"taxonomy":"product_brand","embeddable":true,"href":"https:\/\/secureus.se\/pl\/wp-json\/wp\/v2\/product_brand?post=148024"},{"taxonomy":"product_cat","embeddable":true,"href":"https:\/\/secureus.se\/pl\/wp-json\/wp\/v2\/product_cat?post=148024"},{"taxonomy":"product_tag","embeddable":true,"href":"https:\/\/secureus.se\/pl\/wp-json\/wp\/v2\/product_tag?post=148024"}],"curies":[{"name":"wp","href":"https:\/\/api.w.org\/{rel}","templated":true}]}}