{"id":148032,"date":"2025-02-25T12:22:23","date_gmt":"2025-02-25T11:22:23","guid":{"rendered":"https:\/\/secureus.se\/?post_type=product&#038;p=148032"},"modified":"2026-04-23T10:18:09","modified_gmt":"2026-04-23T08:18:09","slug":"plejd-vridadapter-rtr-01-rw-vit","status":"publish","type":"product","link":"https:\/\/secureus.se\/pl\/plejd-vridadapter-rtr-01-rw-vit\/","title":{"rendered":"Plejd adapter obrotowy RTR-01-RW bia\u0142y"},"content":{"rendered":"<h1 data-start=\"441\" data-end=\"495\"><strong data-start=\"445\" data-end=\"493\">Proste i p\u0142ynne sterowanie o\u015bwietleniem dla inteligentnych dom\u00f3w<\/strong><\/h1>\n<p data-start=\"496\" data-end=\"868\">Adapter obrotowy RW Bia\u0142y to stylowe i funkcjonalne rozwi\u0105zanie do inteligentnego sterowania o\u015bwietleniem.<\/p>\n<p data-start=\"496\" data-end=\"868\">\u0141\u0105cz\u0105c adapter z wybranym przez siebie kr\u0105\u017ckiem Plejd, otrzymujesz tradycyjny \u015bciemniacz obrotowy, kt\u00f3rym mo\u017cna sterowa\u0107 zar\u00f3wno r\u0119cznie, jak i bezprzewodowo za pomoc\u0105 technologii siatkowej systemu Plejd.<\/p>\n<p data-start=\"496\" data-end=\"868\">Dzi\u0119ki temu jest to idealne rozwi\u0105zanie zar\u00f3wno dla dom\u00f3w, jak i obiekt\u00f3w komercyjnych, w kt\u00f3rych wymagana jest prosta i elastyczna kontrola o\u015bwietlenia.<\/p>\n<h3 data-start=\"870\" data-end=\"916\"><strong data-start=\"874\" data-end=\"914\">Inteligentne i bezprzewodowe sterowanie o\u015bwietleniem<\/strong><\/h3>\n<p data-start=\"917\" data-end=\"1243\">Wykorzystuj\u0105c bezprzewodow\u0105 technologi\u0119 siatki Plejd, obrotowy adapter RW White mo\u017ce sterowa\u0107 innymi urz\u0105dzeniami Plejd i bezproblemowo integrowa\u0107 si\u0119 z istniej\u0105cym inteligentnym systemem.<\/p>\n<p data-start=\"917\" data-end=\"1243\">Kr\u0105\u017cek u\u017cywany z adapterem zachowuje swoje funkcje, takie jak sterowanie wej\u015bciem i ustawienia czasu, co pozwala na sterowanie o\u015bwietleniem za pomoc\u0105 wielu r\u00f3\u017cnych przycisk\u00f3w i urz\u0105dze\u0144.<\/p>\n<h3 data-start=\"1245\" data-end=\"1285\"><strong data-start=\"1249\" data-end=\"1283\">Cechy i zalety produktu<\/strong><\/h3>\n<ul data-start=\"1287\" data-end=\"2032\">\n<li data-start=\"1287\" data-end=\"1367\"><strong data-start=\"1289\" data-end=\"1320\">Klasyczna funkcja \u015bciemniacza obrotowego<\/strong> \u2013 Umo\u017cliwia proste i intuicyjne sterowanie o\u015bwietleniem.<\/li>\n<li data-start=\"1368\" data-end=\"1446\"><strong data-start=\"1370\" data-end=\"1393\">Integracja bezprzewodowa<\/strong> \u2013 Sterowanie innymi urz\u0105dzeniami Plejd poprzez sie\u0107 kratow\u0105 Plejd.<\/li>\n<li data-start=\"1447\" data-end=\"1517\"><strong data-start=\"1449\" data-end=\"1471\">\u0141atwa instalacja<\/strong> \u2013 Mocowanie zatrzaskowe w skrzynce lub podw\u00f3jnej ramie.<\/li>\n<li data-start=\"1518\" data-end=\"1580\"><strong data-start=\"1520\" data-end=\"1538\">Stylowy wygl\u0105d<\/strong> \u2013 Nieobrobiona, b\u0142yszcz\u0105ca powierzchnia w kolorze bia\u0142ym (RAL 9003).<\/li>\n<li data-start=\"1581\" data-end=\"1679\"><strong data-start=\"1583\" data-end=\"1605\">Elastyczny monta\u017c<\/strong> \u2013 Mo\u017cliwo\u015b\u0107 monta\u017cu wolnostoj\u0105cego lub w podw\u00f3jnej ramie ze standardowym w\u0142\u0105cznikiem \u015bwiat\u0142a.<\/li>\n<li data-start=\"1680\" data-end=\"1768\"><strong data-start=\"1682\" data-end=\"1703\">Materia\u0142 zr\u00f3wnowa\u017cony<\/strong> \u2013 Wykonane z bezhalogenowego tworzywa termoplastycznego zapewniaj\u0105cego d\u0142ugotrwa\u0142\u0105 wytrzyma\u0142o\u015b\u0107.<\/li>\n<li data-start=\"1769\" data-end=\"1852\"><strong data-start=\"1771\" data-end=\"1786\">Kontrola aplikacji<\/strong> \u2013 \u0141atwa personalizacja ustawie\u0144 i scenariuszy o\u015bwietlenia w aplikacji Plejd.<\/li>\n<li data-start=\"1853\" data-end=\"1953\"><strong data-start=\"1855\" data-end=\"1893\">Pasuje do ram Schneider Renova\u00ae<\/strong> \u2013 Dla jednolitej i estetycznej instalacji.<\/li>\n<li data-start=\"1954\" data-end=\"2032\"><strong data-start=\"1956\" data-end=\"1980\">Wiele opcji kolorystycznych<\/strong> \u2013 Dost\u0119pne w r\u00f3\u017cnych kolorach, aby dopasowa\u0107 je do wn\u0119trza.<\/li>\n<\/ul>\n<h3 data-start=\"2034\" data-end=\"2100\"><strong data-start=\"2038\" data-end=\"2098\">Idealny do inteligentnych dom\u00f3w i profesjonalnych instalacji<\/strong><\/h3>\n<p data-start=\"2101\" data-end=\"2325\">Adapter obrotowy RW White to idealne rozwi\u0105zanie dla os\u00f3b, kt\u00f3rym zale\u017cy na p\u0142ynnej i eleganckiej kontroli o\u015bwietlenia.<\/p>\n<p data-start=\"2101\" data-end=\"2325\">Idealnie nadaje si\u0119 do nowoczesnych dom\u00f3w, biur i innych instalacji, w kt\u00f3rych priorytetem jest elastyczno\u015b\u0107 i \u0142atwo\u015b\u0107 obs\u0142ugi.<\/p>\n<h3 data-start=\"2327\" data-end=\"2364\"><strong data-start=\"2331\" data-end=\"2362\">Instalacja i u\u017cytkowanie<\/strong><\/h3>\n<p data-start=\"2365\" data-end=\"2422\">Instalacja jest prosta i nie wymaga u\u017cycia specjalnych narz\u0119dzi:<\/p>\n<ol data-start=\"2424\" data-end=\"2843\">\n<li data-start=\"2424\" data-end=\"2522\"><strong data-start=\"2427\" data-end=\"2473\">Po\u0142\u0105cz adapter obrotowy z kr\u0105\u017ckiem Plejd<\/strong> \u2013 Wybierz pasuj\u0105cy kr\u0105\u017cek z oferty Plejd.<\/li>\n<li data-start=\"2523\" data-end=\"2633\"><strong data-start=\"2526\" data-end=\"2546\">Zamontuj adapter<\/strong> \u2013 Umie\u015b\u0107 go w pude\u0142ku lub podw\u00f3jnej ramce razem ze zwyk\u0142ym prze\u0142\u0105cznikiem \u015bwiat\u0142a.<\/li>\n<li data-start=\"2634\" data-end=\"2734\"><strong data-start=\"2637\" data-end=\"2662\">Konfiguruj za pomoc\u0105 aplikacji<\/strong> \u2013 Dostosuj jasno\u015b\u0107, scenariusze i inne funkcje za pomoc\u0105 aplikacji Plejd.<\/li>\n<li data-start=\"2735\" data-end=\"2843\"><strong data-start=\"2738\" data-end=\"2765\">Rozpocznij sterowanie o\u015bwietleniem<\/strong> \u2013 Przyciemniaj \u015bwiat\u0142o za pomoc\u0105 pokr\u0119t\u0142a lub skorzystaj z bezprzewodowych funkcji systemu Plejd.<\/li>\n<\/ol>\n<p data-start=\"2845\" data-end=\"2980\">Elastyczne mocowanie umo\u017cliwia instalacj\u0119 adaptera obrotowego RW White zar\u00f3wno samodzielnie, jak i w po\u0142\u0105czeniu z innymi urz\u0105dzeniami Plejd.<\/p>\n<h3 data-start=\"2982\" data-end=\"3016\"><strong data-start=\"2986\" data-end=\"3014\">Dane techniczne<\/strong><\/h3>\n<ul data-start=\"3018\" data-end=\"3569\">\n<li data-start=\"3018\" data-end=\"3038\"><strong data-start=\"3020\" data-end=\"3031\">Model:<\/strong> Wrak<\/li>\n<li data-start=\"3039\" data-end=\"3078\"><strong data-start=\"3041\" data-end=\"3063\">Metoda dzia\u0142ania:<\/strong> Funkcja obrotu<\/li>\n<li data-start=\"3079\" data-end=\"3111\"><strong data-start=\"3081\" data-end=\"3103\">Typ uszczelnienia:<\/strong> Pstrykn\u0105\u0107<\/li>\n<li data-start=\"3112\" data-end=\"3153\"><strong data-start=\"3114\" data-end=\"3127\">Tworzywo:<\/strong> Termoplastyczny (bezhalogenowy)<\/li>\n<li data-start=\"3154\" data-end=\"3197\"><strong data-start=\"3156\" data-end=\"3173\">Obr\u00f3bka powierzchni:<\/strong> Nieobrobiona, b\u0142yszcz\u0105ca powierzchnia<\/li>\n<li data-start=\"3198\" data-end=\"3226\"><strong data-start=\"3200\" data-end=\"3209\">Farba:<\/strong> Bia\u0142y (RAL 9003)<\/li>\n<li data-start=\"3227\" data-end=\"3267\"><strong data-start=\"3229\" data-end=\"3242\">Klasa IP:<\/strong> IP20 (do u\u017cytku wewn\u0105trz pomieszcze\u0144)<\/li>\n<li data-start=\"3268\" data-end=\"3294\"><strong data-start=\"3270\" data-end=\"3287\">Odporno\u015b\u0107 na uderzenia:<\/strong> IK00<\/li>\n<li data-start=\"3295\" data-end=\"3315\"><strong data-start=\"3297\" data-end=\"3307\">Szeroko\u015b\u0107:<\/strong> 52 mm<\/li>\n<li data-start=\"3316\" data-end=\"3335\"><strong data-start=\"3318\" data-end=\"3327\">Wysoko\u015b\u0107:<\/strong> 52 mm<\/li>\n<li data-start=\"3336\" data-end=\"3355\"><strong data-start=\"3338\" data-end=\"3347\">G\u0142\u0119boko\u015b\u0107:<\/strong> 18 mm<\/li>\n<li data-start=\"3356\" data-end=\"3410\"><strong data-start=\"3358\" data-end=\"3404\">Nadaje si\u0119 do czujnik\u00f3w dotykowych dla system\u00f3w magistralnych:<\/strong> NIE<\/li>\n<li data-start=\"3411\" data-end=\"3454\"><strong data-start=\"3413\" data-end=\"3448\">Symbol mo\u017cliwy do zeskanowania \/ bez barier:<\/strong> NIE<\/li>\n<li data-start=\"3455\" data-end=\"3488\"><strong data-start=\"3457\" data-end=\"3482\">Z etykiet\u0105 do wydrukowania:<\/strong> NIE<\/li>\n<li data-start=\"3489\" data-end=\"3526\"><strong data-start=\"3491\" data-end=\"3520\">Z wymienn\u0105 soczewk\u0105\/symbolem:<\/strong> NIE<\/li>\n<li data-start=\"3527\" data-end=\"3569\"><strong data-start=\"3529\" data-end=\"3563\">Okienko obserwacyjne\/gniazdo o\u015bwietleniowe:<\/strong> NIE<\/li>\n<\/ul>\n<h3 data-start=\"3571\" data-end=\"3618\"><strong data-start=\"3575\" data-end=\"3616\">Design i funkcjonalno\u015b\u0107 w doskona\u0142ej harmonii<\/strong><\/h3>\n<p data-start=\"3619\" data-end=\"3889\">Bia\u0142a, b\u0142yszcz\u0105ca powierzchnia i kompatybilno\u015b\u0107 z ramami Schneider Renova\u00ae sprawiaj\u0105, \u017ce adapter obrotowy RW White jest stylowym wyborem do ka\u017cdego rodzaju otoczenia.<\/p>\n<p data-start=\"3619\" data-end=\"3889\">Minimalistyczny design doskonale komponuje si\u0119 z nowoczesnymi wn\u0119trzami, zapewniaj\u0105c jednocze\u015bnie pe\u0142n\u0105 kontrol\u0119 nad o\u015bwietleniem.<\/p>\n<h3 data-start=\"3891\" data-end=\"3909\"><strong data-start=\"3895\" data-end=\"3907\">Wniosek<\/strong><\/h3>\n<p data-start=\"3910\" data-end=\"4219\">Obrotowy adapter RW White to eleganckie i inteligentne rozwi\u0105zanie do sterowania o\u015bwietleniem, kt\u00f3re \u0142\u0105czy w sobie klasyczn\u0105 funkcj\u0119 \u015bciemniacza obrotowego z nowoczesn\u0105 technologi\u0105 bezprzewodow\u0105.<\/p>\n<p data-start=\"3910\" data-end=\"4219\">\u0141atwy monta\u017c, stylowy design i integracja z systemem Plejd sprawiaj\u0105, \u017ce jest to oczywisty wyb\u00f3r zar\u00f3wno dla os\u00f3b prywatnych, jak i profesjonalnych instalator\u00f3w.<\/p>","protected":false},"excerpt":{"rendered":"<p>Obrotowy adapter RW White \u0142\u0105czy si\u0119 z opcjonalnym kr\u0105\u017ckiem Plejd i pe\u0142ni funkcj\u0119 klasycznego \u015bciemniacza obrotowego.<\/p>\n<p>Dzi\u0119ki technologii bezprzewodowej Mesh mo\u017cna sterowa\u0107 innymi urz\u0105dzeniami Plejd. \u0141atwa instalacja i konfiguracja za pomoc\u0105 aplikacji Plejd.<\/p>\n<p>Pasuje do bia\u0142ej ramki Schneider Renova\u00ae.<\/p>","protected":false},"featured_media":148031,"template":"","meta":{"_acf_changed":false},"product_brand":[],"product_cat":[4661],"product_tag":[4670],"class_list":{"0":"post-148032","1":"product","2":"type-product","3":"status-publish","4":"has-post-thumbnail","6":"product_cat-plejd-vridadapter","7":"product_tag-plejd","8":"product_shipping_class-postnord-varubrev","9":"pa_brands-plejd","10":"pa_farg-vit","11":"tm-has-options","13":"first","14":"outofstock","15":"sale","16":"taxable","17":"shipping-taxable","18":"purchasable","19":"product-type-simple"},"acf":[],"_links":{"self":[{"href":"https:\/\/secureus.se\/pl\/wp-json\/wp\/v2\/product\/148032","targetHints":{"allow":["GET"]}}],"collection":[{"href":"https:\/\/secureus.se\/pl\/wp-json\/wp\/v2\/product"}],"about":[{"href":"https:\/\/secureus.se\/pl\/wp-json\/wp\/v2\/types\/product"}],"wp:featuredmedia":[{"embeddable":true,"href":"https:\/\/secureus.se\/pl\/wp-json\/wp\/v2\/media\/148031"}],"wp:attachment":[{"href":"https:\/\/secureus.se\/pl\/wp-json\/wp\/v2\/media?parent=148032"}],"wp:term":[{"taxonomy":"product_brand","embeddable":true,"href":"https:\/\/secureus.se\/pl\/wp-json\/wp\/v2\/product_brand?post=148032"},{"taxonomy":"product_cat","embeddable":true,"href":"https:\/\/secureus.se\/pl\/wp-json\/wp\/v2\/product_cat?post=148032"},{"taxonomy":"product_tag","embeddable":true,"href":"https:\/\/secureus.se\/pl\/wp-json\/wp\/v2\/product_tag?post=148032"}],"curies":[{"name":"wp","href":"https:\/\/api.w.org\/{rel}","templated":true}]}}