{"id":148034,"date":"2025-02-25T12:22:23","date_gmt":"2025-02-25T11:22:23","guid":{"rendered":"https:\/\/secureus.se\/?post_type=product&#038;p=148034"},"modified":"2026-03-26T11:06:43","modified_gmt":"2026-03-26T10:06:43","slug":"plejd-tryckknapp-tradlos-wph-01-eb-svart","status":"publish","type":"product","link":"https:\/\/secureus.se\/pl\/plejd-tryckknapp-tradlos-wph-01-eb-svart\/","title":{"rendered":"Plejd Przycisk bezprzewodowy WPH-01-EB czarny"},"content":{"rendered":"<h1 data-start=\"443\" data-end=\"490\"><strong data-start=\"447\" data-end=\"488\">Bezprzewodowa i wygodna kontrola o\u015bwietlenia<\/strong><\/h1>\n<p data-start=\"491\" data-end=\"772\">Push Button Wireless EB Black to stylowe i elastyczne rozwi\u0105zanie do sterowania o\u015bwietleniem w inteligentnym domu lub miejscu pracy.<\/p>\n<p data-start=\"491\" data-end=\"772\">Za pomoc\u0105 tego bezprzewodowego przycisku mo\u017cesz \u0142atwo w\u0142\u0105cza\u0107, wy\u0142\u0105cza\u0107 lub \u015bciemnia\u0107 o\u015bwietlenie jednego lub wi\u0119kszej liczby urz\u0105dze\u0144 Plejd \u2013 bez konieczno\u015bci pod\u0142\u0105czania przewod\u00f3w.<\/p>\n<p data-start=\"774\" data-end=\"995\">Ustawienia mo\u017cna \u0142atwo zmieni\u0107 w aplikacji Plejd, w kt\u00f3rej mo\u017cna tworzy\u0107 scenariusze, sterowa\u0107 poziomem o\u015bwietlenia i dostosowywa\u0107 funkcje wed\u0142ug w\u0142asnych potrzeb.<\/p>\n<p data-start=\"774\" data-end=\"995\">Jest on tak\u017ce kompatybilny z technologi\u0105 siatki Plejd 2,4 GHz, co zapewnia niezawodn\u0105 komunikacj\u0119 w obr\u0119bie systemu.<\/p>\n<h3 data-start=\"997\" data-end=\"1048\"><strong data-start=\"1001\" data-end=\"1046\">Elastyczny monta\u017c i \u0142atwa instalacja<\/strong><\/h3>\n<p data-start=\"1049\" data-end=\"1137\">Przycisk Wireless EB Black mo\u017cna zamontowa\u0107 na kilka sposob\u00f3w, zale\u017cnie od instalacji:<\/p>\n<ul data-start=\"1139\" data-end=\"1352\">\n<li data-start=\"1139\" data-end=\"1209\"><strong data-start=\"1141\" data-end=\"1158\">Monta\u017c ta\u015bmy<\/strong> \u2013 Idealny do g\u0142adkich powierzchni, takich jak \u015bciany lub kafelki.<\/li>\n<li data-start=\"1210\" data-end=\"1282\"><strong data-start=\"1212\" data-end=\"1230\">Monta\u017c \u015brubowy<\/strong> \u2013 Mo\u017cliwo\u015b\u0107 monta\u017cu bezpo\u015brednio na standardowej puszce elektrycznej.<\/li>\n<li data-start=\"1283\" data-end=\"1352\"><strong data-start=\"1285\" data-end=\"1309\">Monta\u017c wolnostoj\u0105cy<\/strong> \u2013 Mo\u017cna umie\u015bci\u0107 w dowolnym miejscu w pomieszczeniu.<\/li>\n<\/ul>\n<p data-start=\"1354\" data-end=\"1456\">Dzi\u0119ki stylowemu wzornictwu i kompatybilno\u015bci z ramami ELKO\u00ae Plus idealnie wpasowuje si\u0119 w nowoczesne wn\u0119trza.<\/p>\n<h3 data-start=\"1458\" data-end=\"1498\"><strong data-start=\"1462\" data-end=\"1496\">Cechy i zalety produktu<\/strong><\/h3>\n<ul data-start=\"1500\" data-end=\"2199\">\n<li data-start=\"1500\" data-end=\"1588\"><strong data-start=\"1502\" data-end=\"1522\">Sterowanie bezprzewodowe<\/strong> \u2013 W\u0142\u0105czaj, wy\u0142\u0105czaj lub przyciemniaj o\u015bwietlenie jednym dotkni\u0119ciem przycisku.<\/li>\n<li data-start=\"1589\" data-end=\"1670\"><strong data-start=\"1591\" data-end=\"1613\">Elastyczny monta\u017c<\/strong> \u2013 Przymocuj za pomoc\u0105 ta\u015bmy, \u015brub lub bezpo\u015brednio do puszki przy\u0142\u0105czeniowej.<\/li>\n<li data-start=\"1671\" data-end=\"1766\"><strong data-start=\"1673\" data-end=\"1692\">D\u0142ugi czas pracy baterii<\/strong> \u2013 Do 15 lat lub 200 000 klikni\u0119\u0107 (2 baterie CR2032, wymienne).<\/li>\n<li data-start=\"1767\" data-end=\"1859\"><strong data-start=\"1769\" data-end=\"1801\">Bezpo\u015brednia kontrola i scenariusze<\/strong> \u2013 Dostosuj funkcje i tw\u00f3rz harmonogramy za pomoc\u0105 aplikacji Plejd.<\/li>\n<li data-start=\"1860\" data-end=\"1921\"><strong data-start=\"1862\" data-end=\"1880\">Stylowy wygl\u0105d<\/strong> \u2013 Powierzchnia malowana, matowa, czarna (RAL 9005).<\/li>\n<li data-start=\"1922\" data-end=\"1997\"><strong data-start=\"1924\" data-end=\"1951\">Pasuje do ram ELKO\u00ae Plus<\/strong> \u2013 Dla jednolitej i eleganckiej instalacji.<\/li>\n<li data-start=\"1998\" data-end=\"2080\"><strong data-start=\"2000\" data-end=\"2025\">Komunikacja bezprzewodowa<\/strong> \u2013 Sie\u0107 2,4 GHz i Bluetooth\u00ae zapewniaj\u0105ce stabilne po\u0142\u0105czenie.<\/li>\n<li data-start=\"2081\" data-end=\"2128\"><strong data-start=\"2083\" data-end=\"2100\">Zasi\u0119g radiowy<\/strong> \u2013 Oko\u0142o 10 metr\u00f3w w pomieszczeniu.<\/li>\n<li data-start=\"2129\" data-end=\"2199\"><strong data-start=\"2131\" data-end=\"2152\">Obs\u0142uga dwoma przyciskami<\/strong> \u2013 Dost\u0119pny z pojedynczym i podw\u00f3jnym rockerem.<\/li>\n<\/ul>\n<h3 data-start=\"2201\" data-end=\"2267\"><strong data-start=\"2205\" data-end=\"2265\">Idealny do inteligentnych dom\u00f3w i profesjonalnych instalacji<\/strong><\/h3>\n<p data-start=\"2268\" data-end=\"2509\">Push Button Wireless EB Black to idealne rozwi\u0105zanie dla tych, kt\u00f3rzy chc\u0105 w prosty i bezprzewodowy spos\u00f3b sterowa\u0107 o\u015bwietleniem.<\/p>\n<p data-start=\"2268\" data-end=\"2509\">Idealnie nadaje si\u0119 do inteligentnych dom\u00f3w, biur i innych instalacji, w kt\u00f3rych priorytetem jest elastyczno\u015b\u0107 i \u0142atwo\u015b\u0107 obs\u0142ugi.<\/p>\n<h3 data-start=\"2511\" data-end=\"2548\"><strong data-start=\"2515\" data-end=\"2546\">Instalacja i u\u017cytkowanie<\/strong><\/h3>\n<p data-start=\"2549\" data-end=\"2606\">Instalacja jest prosta i nie wymaga u\u017cycia specjalnych narz\u0119dzi:<\/p>\n<ol data-start=\"2608\" data-end=\"2890\">\n<li data-start=\"2608\" data-end=\"2713\"><strong data-start=\"2611\" data-end=\"2630\">Zainstaluj przycisk<\/strong> \u2013 Przymocuj za pomoc\u0105 do\u0142\u0105czonej ta\u015bmy, przykr\u0119\u0107 do obudowy urz\u0105dzenia lub ustaw je wolnostoj\u0105co.<\/li>\n<li data-start=\"2714\" data-end=\"2783\"><strong data-start=\"2717\" data-end=\"2741\">Po\u0142\u0105cz si\u0119 w aplikacji Plejd<\/strong> \u2013 Konfiguruj i dostosowuj funkcje.<\/li>\n<li data-start=\"2784\" data-end=\"2890\"><strong data-start=\"2787\" data-end=\"2812\">Zacznij u\u017cywa\u0107 przycisku<\/strong> \u2013 \u0141atwe sterowanie o\u015bwietleniem za pomoc\u0105 przycisk\u00f3w lub zaplanowanych scenariuszy.<\/li>\n<\/ol>\n<h3 data-start=\"2892\" data-end=\"2926\"><strong data-start=\"2896\" data-end=\"2924\">Dane techniczne<\/strong><\/h3>\n<ul data-start=\"2928\" data-end=\"3608\">\n<li data-start=\"2928\" data-end=\"2959\"><strong data-start=\"2930\" data-end=\"2941\">Model:<\/strong> Przycisk szeregowy<\/li>\n<li data-start=\"2960\" data-end=\"2997\"><strong data-start=\"2962\" data-end=\"2984\">Metoda dzia\u0142ania:<\/strong> Naci\u015bnij przycisk<\/li>\n<li data-start=\"2998\" data-end=\"3038\"><strong data-start=\"3000\" data-end=\"3022\">Typ uszczelnienia:<\/strong> Klej\/\u015bruba<\/li>\n<li data-start=\"3039\" data-end=\"3067\"><strong data-start=\"3041\" data-end=\"3054\">Tworzywo:<\/strong> Termoplastyczny<\/li>\n<li data-start=\"3068\" data-end=\"3108\"><strong data-start=\"3070\" data-end=\"3087\">Obr\u00f3bka powierzchni:<\/strong> Powierzchnia lakierowana, matowa<\/li>\n<li data-start=\"3109\" data-end=\"3139\"><strong data-start=\"3111\" data-end=\"3120\">Farba:<\/strong> Czarny (RAL 9005)<\/li>\n<li data-start=\"3140\" data-end=\"3180\"><strong data-start=\"3142\" data-end=\"3155\">Klasa IP:<\/strong> IP20 (do u\u017cytku wewn\u0105trz pomieszcze\u0144)<\/li>\n<li data-start=\"3181\" data-end=\"3236\"><strong data-start=\"3183\" data-end=\"3201\">Liczba przycisk\u00f3w:<\/strong> 2 (w tym pojedynczy i podw\u00f3jny rocker)<\/li>\n<li data-start=\"3237\" data-end=\"3268\"><strong data-start=\"3239\" data-end=\"3264\">Liczba punkt\u00f3w kontrolnych:<\/strong> 4<\/li>\n<li data-start=\"3269\" data-end=\"3289\"><strong data-start=\"3271\" data-end=\"3281\">Szeroko\u015b\u0107:<\/strong> 71mm<\/li>\n<li data-start=\"3290\" data-end=\"3309\"><strong data-start=\"3292\" data-end=\"3301\">Wysoko\u015b\u0107:<\/strong> 71mm<\/li>\n<li data-start=\"3310\" data-end=\"3329\"><strong data-start=\"3312\" data-end=\"3321\">G\u0142\u0119boko\u015b\u0107:<\/strong> 14 mm<\/li>\n<li data-start=\"3330\" data-end=\"3372\"><strong data-start=\"3332\" data-end=\"3347\">Typ baterii:<\/strong> 2 x CR2032 (wymienne)<\/li>\n<li data-start=\"3373\" data-end=\"3427\"><strong data-start=\"3375\" data-end=\"3390\">\u017bywotno\u015b\u0107 baterii:<\/strong> Do 15 lat lub 200 000 klikni\u0119\u0107<\/li>\n<li data-start=\"3428\" data-end=\"3483\"><strong data-start=\"3430\" data-end=\"3446\">System radiowy:<\/strong> Siatka 2,4 GHz, Bluetooth\u00ae (&lt;10 dBm)<\/li>\n<li data-start=\"3484\" data-end=\"3526\"><strong data-start=\"3486\" data-end=\"3504\">Zasi\u0119g radiowy:<\/strong> Oko\u0142o 10 metr\u00f3w w pomieszczeniu<\/li>\n<li data-start=\"3527\" data-end=\"3567\"><strong data-start=\"3529\" data-end=\"3561\">Rozszerzenie sieci kratowej:<\/strong> NIE<\/li>\n<li data-start=\"3568\" data-end=\"3608\"><strong data-start=\"3570\" data-end=\"3589\">Zgodno\u015b\u0107:<\/strong> Ramki ELKO\u00ae Plus<\/li>\n<\/ul>\n<h3 data-start=\"3610\" data-end=\"3659\"><strong data-start=\"3614\" data-end=\"3657\">Elegancki design i trwa\u0142a konstrukcja<\/strong><\/h3>\n<p data-start=\"3660\" data-end=\"3960\">Matowe, czarne wyko\u0144czenie i kompatybilno\u015b\u0107 z ramkami ELKO\u00ae Plus sprawiaj\u0105, \u017ce Push Button Wireless EB Black to stylowy wyb\u00f3r do ka\u017cdego rodzaju otoczenia.<\/p>\n<p data-start=\"3660\" data-end=\"3960\">Minimalistyczny design sprawia, \u017ce lampa doskonale komponuje si\u0119 zar\u00f3wno z nowoczesnymi, jak i klasycznymi wn\u0119trzami, oferuj\u0105c jednocze\u015bnie zaawansowan\u0105 kontrol\u0119 nad o\u015bwietleniem.<\/p>\n<h3 data-start=\"3962\" data-end=\"3980\"><strong data-start=\"3966\" data-end=\"3978\">Wniosek<\/strong><\/h3>\n<p data-start=\"3981\" data-end=\"4223\">Push Button Wireless EB Black to innowacyjne i elastyczne rozwi\u0105zanie do bezprzewodowego sterowania o\u015bwietleniem.<\/p>\n<p data-start=\"3981\" data-end=\"4223\">Dzi\u0119ki d\u0142ugiemu czasowi pracy na baterii, \u0142atwej instalacji i inteligentnym funkcjom jest to optymalne urz\u0105dzenie dla ka\u017cdego, kto chce mie\u0107 mo\u017cliwo\u015b\u0107 p\u0142ynnego i nowoczesnego sterowania o\u015bwietleniem.<\/p>","protected":false},"excerpt":{"rendered":"<p>Push Button Wireless EB Black umo\u017cliwia bezprzewodowe sterowanie jednym lub wi\u0119ksz\u0105 liczb\u0105 urz\u0105dze\u0144 Plejd.<\/p>\n<p>\u0141atwy monta\u017c na zewn\u0105trz standardowej puszki elektrycznej lub za pomoc\u0105 ta\u015bmy\/\u015brub.<\/p>\n<p>Do 15 lat \u017cywotno\u015bci baterii lub 200 000 klikni\u0119\u0107.<\/p>\n<p>Kompatybilny z ramkami ELKO\u00ae Plus.<\/p>","protected":false},"featured_media":148033,"template":"","meta":{"_acf_changed":false},"product_brand":[],"product_cat":[4658],"product_tag":[4670],"class_list":{"0":"post-148034","1":"product","2":"type-product","3":"status-publish","4":"has-post-thumbnail","6":"product_cat-plejd-stromstallare","7":"product_tag-plejd","8":"product_shipping_class-tunga-paket","9":"pa_brands-plejd","10":"pa_farg-svart","11":"tm-has-options","13":"first","14":"instock","15":"sale","16":"taxable","17":"shipping-taxable","18":"purchasable","19":"product-type-simple"},"acf":[],"_links":{"self":[{"href":"https:\/\/secureus.se\/pl\/wp-json\/wp\/v2\/product\/148034","targetHints":{"allow":["GET"]}}],"collection":[{"href":"https:\/\/secureus.se\/pl\/wp-json\/wp\/v2\/product"}],"about":[{"href":"https:\/\/secureus.se\/pl\/wp-json\/wp\/v2\/types\/product"}],"wp:featuredmedia":[{"embeddable":true,"href":"https:\/\/secureus.se\/pl\/wp-json\/wp\/v2\/media\/148033"}],"wp:attachment":[{"href":"https:\/\/secureus.se\/pl\/wp-json\/wp\/v2\/media?parent=148034"}],"wp:term":[{"taxonomy":"product_brand","embeddable":true,"href":"https:\/\/secureus.se\/pl\/wp-json\/wp\/v2\/product_brand?post=148034"},{"taxonomy":"product_cat","embeddable":true,"href":"https:\/\/secureus.se\/pl\/wp-json\/wp\/v2\/product_cat?post=148034"},{"taxonomy":"product_tag","embeddable":true,"href":"https:\/\/secureus.se\/pl\/wp-json\/wp\/v2\/product_tag?post=148034"}],"curies":[{"name":"wp","href":"https:\/\/api.w.org\/{rel}","templated":true}]}}