{"id":148036,"date":"2025-02-25T12:22:24","date_gmt":"2025-02-25T11:22:24","guid":{"rendered":"https:\/\/secureus.se\/?post_type=product&#038;p=148036"},"modified":"2026-04-23T10:18:01","modified_gmt":"2026-04-23T08:18:01","slug":"plejd-tryckknapp-tradlos-wph-01-ew-vit","status":"publish","type":"product","link":"https:\/\/secureus.se\/pl\/plejd-tryckknapp-tradlos-wph-01-ew-vit\/","title":{"rendered":"Plejd Przycisk bezprzewodowy WPH-01-EW bia\u0142y"},"content":{"rendered":"<h1 data-start=\"438\" data-end=\"487\"><strong data-start=\"442\" data-end=\"485\">Bezprzewodowa i elastyczna kontrola o\u015bwietlenia<\/strong><\/h1>\n<p data-start=\"488\" data-end=\"794\">Push Button Wireless EW White to eleganckie i elastyczne rozwi\u0105zanie do sterowania o\u015bwietleniem w domu lub miejscu pracy.<\/p>\n<p data-start=\"488\" data-end=\"794\">Za pomoc\u0105 tego bezprzewodowego przycisku mo\u017cesz \u0142atwo w\u0142\u0105cza\u0107, wy\u0142\u0105cza\u0107 lub \u015bciemnia\u0107 o\u015bwietlenie jednego lub wi\u0119kszej liczby urz\u0105dze\u0144 Plejd \u2013 bez konieczno\u015bci u\u017cywania okablowania lub wykonywania skomplikowanych instalacji.<\/p>\n<p data-start=\"796\" data-end=\"1057\">Ustawienia mo\u017cna \u0142atwo wprowadzi\u0107 za pomoc\u0105 <strong data-start=\"829\" data-end=\"844\">Aplikacja Plejd<\/strong>, gdzie mo\u017cesz tworzy\u0107 scenariusze, sterowa\u0107 poziomami o\u015bwietlenia i dostosowywa\u0107 funkcje wed\u0142ug w\u0142asnych potrzeb.<\/p>\n<p data-start=\"796\" data-end=\"1057\">Przycisk komunikuje si\u0119 poprzez <strong data-start=\"957\" data-end=\"995\">Technologia siatki 2,4 GHz i Bluetooth\u00ae<\/strong>, co zapewnia stabilne po\u0142\u0105czenie w ramach systemu Plejd.<\/p>\n<h3 data-start=\"1059\" data-end=\"1110\"><strong data-start=\"1063\" data-end=\"1108\">Elastyczny monta\u017c i \u0142atwa instalacja<\/strong><\/h3>\n<p data-start=\"1111\" data-end=\"1202\">Przycisk bezprzewodowy EW bia\u0142y mo\u017cna zamontowa\u0107 na kilka sposob\u00f3w, w zale\u017cno\u015bci od potrzeb instalacyjnych:<\/p>\n<ul data-start=\"1204\" data-end=\"1417\">\n<li data-start=\"1204\" data-end=\"1274\"><strong data-start=\"1206\" data-end=\"1223\">Monta\u017c ta\u015bmy<\/strong> \u2013 Idealny do g\u0142adkich powierzchni, takich jak \u015bciany lub kafelki.<\/li>\n<li data-start=\"1275\" data-end=\"1347\"><strong data-start=\"1277\" data-end=\"1295\">Monta\u017c \u015brubowy<\/strong> \u2013 Mo\u017cliwo\u015b\u0107 monta\u017cu bezpo\u015brednio na standardowej puszce elektrycznej.<\/li>\n<li data-start=\"1348\" data-end=\"1417\"><strong data-start=\"1350\" data-end=\"1374\">Monta\u017c wolnostoj\u0105cy<\/strong> \u2013 Mo\u017cna umie\u015bci\u0107 w dowolnym miejscu w pomieszczeniu.<\/li>\n<\/ul>\n<p data-start=\"1419\" data-end=\"1545\">Stylowy design i kompatybilno\u015b\u0107 z <strong data-start=\"1466\" data-end=\"1489\">Ramy ELKO\u00ae RS\/Plus<\/strong> sprawia, \u017ce przycisk wpasowuje si\u0119 w nowoczesne wn\u0119trza.<\/p>\n<h3 data-start=\"1547\" data-end=\"1587\"><strong data-start=\"1551\" data-end=\"1585\">Cechy i zalety produktu<\/strong><\/h3>\n<ul data-start=\"1589\" data-end=\"2292\">\n<li data-start=\"1589\" data-end=\"1677\"><strong data-start=\"1591\" data-end=\"1611\">Sterowanie bezprzewodowe<\/strong> \u2013 W\u0142\u0105czaj, wy\u0142\u0105czaj lub przyciemniaj o\u015bwietlenie jednym dotkni\u0119ciem przycisku.<\/li>\n<li data-start=\"1678\" data-end=\"1759\"><strong data-start=\"1680\" data-end=\"1702\">Elastyczny monta\u017c<\/strong> \u2013 Przymocuj za pomoc\u0105 ta\u015bmy, \u015brub lub bezpo\u015brednio do puszki przy\u0142\u0105czeniowej.<\/li>\n<li data-start=\"1760\" data-end=\"1855\"><strong data-start=\"1762\" data-end=\"1781\">D\u0142ugi czas pracy baterii<\/strong> \u2013 Do 15 lat lub 200 000 klikni\u0119\u0107 (2 baterie CR2032, wymienne).<\/li>\n<li data-start=\"1856\" data-end=\"1948\"><strong data-start=\"1858\" data-end=\"1890\">Bezpo\u015brednia kontrola i scenariusze<\/strong> \u2013 Dostosuj funkcje i tw\u00f3rz harmonogramy za pomoc\u0105 aplikacji Plejd.<\/li>\n<li data-start=\"1949\" data-end=\"2011\"><strong data-start=\"1951\" data-end=\"1969\">Stylowy wygl\u0105d<\/strong> \u2013 Nieobrobiona, b\u0142yszcz\u0105ca powierzchnia w kolorze bia\u0142ym (RAL 9010).<\/li>\n<li data-start=\"2012\" data-end=\"2090\"><strong data-start=\"2014\" data-end=\"2044\">Pasuje do ram ELKO\u00ae RS\/Plus<\/strong> \u2013 Dla jednolitej i eleganckiej instalacji.<\/li>\n<li data-start=\"2091\" data-end=\"2173\"><strong data-start=\"2093\" data-end=\"2118\">Komunikacja bezprzewodowa<\/strong> \u2013 Sie\u0107 2,4 GHz i Bluetooth\u00ae zapewniaj\u0105ce stabilne po\u0142\u0105czenie.<\/li>\n<li data-start=\"2174\" data-end=\"2221\"><strong data-start=\"2176\" data-end=\"2193\">Zasi\u0119g radiowy<\/strong> \u2013 Oko\u0142o 10 metr\u00f3w w pomieszczeniu.<\/li>\n<li data-start=\"2222\" data-end=\"2292\"><strong data-start=\"2224\" data-end=\"2245\">Obs\u0142uga dwoma przyciskami<\/strong> \u2013 Dost\u0119pny z pojedynczym i podw\u00f3jnym rockerem.<\/li>\n<\/ul>\n<h3 data-start=\"2294\" data-end=\"2360\"><strong data-start=\"2298\" data-end=\"2358\">Idealny do inteligentnych dom\u00f3w i profesjonalnych instalacji<\/strong><\/h3>\n<p data-start=\"2361\" data-end=\"2604\">Push Button Wireless EW White to idealne rozwi\u0105zanie dla tych, kt\u00f3rzy chc\u0105 w prosty i bezprzewodowy spos\u00f3b sterowa\u0107 o\u015bwietleniem.<\/p>\n<p data-start=\"2361\" data-end=\"2604\">Jest idealny dla <strong data-start=\"2494\" data-end=\"2549\">inteligentne domy, \u015brodowiska biurowe i inne instalacje<\/strong> gdzie elastyczno\u015b\u0107 i \u0142atwo\u015b\u0107 u\u017cytkowania maj\u0105 kluczowe znaczenie.<\/p>\n<h3 data-start=\"2606\" data-end=\"2643\"><strong data-start=\"2610\" data-end=\"2641\">Instalacja i u\u017cytkowanie<\/strong><\/h3>\n<p data-start=\"2644\" data-end=\"2701\">Instalacja jest prosta i nie wymaga u\u017cycia specjalnych narz\u0119dzi:<\/p>\n<ol data-start=\"2703\" data-end=\"2985\">\n<li data-start=\"2703\" data-end=\"2808\"><strong data-start=\"2706\" data-end=\"2725\">Zainstaluj przycisk<\/strong> \u2013 Przymocuj za pomoc\u0105 do\u0142\u0105czonej ta\u015bmy, przykr\u0119\u0107 do obudowy urz\u0105dzenia lub ustaw je wolnostoj\u0105co.<\/li>\n<li data-start=\"2809\" data-end=\"2878\"><strong data-start=\"2812\" data-end=\"2836\">Po\u0142\u0105cz si\u0119 w aplikacji Plejd<\/strong> \u2013 Konfiguruj i dostosowuj funkcje.<\/li>\n<li data-start=\"2879\" data-end=\"2985\"><strong data-start=\"2882\" data-end=\"2907\">Zacznij u\u017cywa\u0107 przycisku<\/strong> \u2013 \u0141atwe sterowanie o\u015bwietleniem za pomoc\u0105 przycisk\u00f3w lub zaplanowanych scenariuszy.<\/li>\n<\/ol>\n<h3 data-start=\"2987\" data-end=\"3021\"><strong data-start=\"2991\" data-end=\"3019\">Dane techniczne<\/strong><\/h3>\n<ul data-start=\"3023\" data-end=\"3707\">\n<li data-start=\"3023\" data-end=\"3054\"><strong data-start=\"3025\" data-end=\"3036\">Model:<\/strong> Przycisk szeregowy<\/li>\n<li data-start=\"3055\" data-end=\"3092\"><strong data-start=\"3057\" data-end=\"3079\">Metoda dzia\u0142ania:<\/strong> Naci\u015bnij przycisk<\/li>\n<li data-start=\"3093\" data-end=\"3133\"><strong data-start=\"3095\" data-end=\"3117\">Typ uszczelnienia:<\/strong> Klej\/\u015bruba<\/li>\n<li data-start=\"3134\" data-end=\"3162\"><strong data-start=\"3136\" data-end=\"3149\">Tworzywo:<\/strong> Termoplastyczny<\/li>\n<li data-start=\"3163\" data-end=\"3206\"><strong data-start=\"3165\" data-end=\"3182\">Obr\u00f3bka powierzchni:<\/strong> Nieobrobiona, b\u0142yszcz\u0105ca powierzchnia<\/li>\n<li data-start=\"3207\" data-end=\"3235\"><strong data-start=\"3209\" data-end=\"3218\">Farba:<\/strong> Bia\u0142y (RAL 9010)<\/li>\n<li data-start=\"3236\" data-end=\"3276\"><strong data-start=\"3238\" data-end=\"3251\">Klasa IP:<\/strong> IP20 (do u\u017cytku wewn\u0105trz pomieszcze\u0144)<\/li>\n<li data-start=\"3277\" data-end=\"3332\"><strong data-start=\"3279\" data-end=\"3297\">Liczba przycisk\u00f3w:<\/strong> 2 (w tym pojedynczy i podw\u00f3jny rocker)<\/li>\n<li data-start=\"3333\" data-end=\"3364\"><strong data-start=\"3335\" data-end=\"3360\">Liczba punkt\u00f3w kontrolnych:<\/strong> 4<\/li>\n<li data-start=\"3365\" data-end=\"3385\"><strong data-start=\"3367\" data-end=\"3377\">Szeroko\u015b\u0107:<\/strong> 71mm<\/li>\n<li data-start=\"3386\" data-end=\"3405\"><strong data-start=\"3388\" data-end=\"3397\">Wysoko\u015b\u0107:<\/strong> 71mm<\/li>\n<li data-start=\"3406\" data-end=\"3425\"><strong data-start=\"3408\" data-end=\"3417\">G\u0142\u0119boko\u015b\u0107:<\/strong> 14 mm<\/li>\n<li data-start=\"3426\" data-end=\"3468\"><strong data-start=\"3428\" data-end=\"3443\">Typ baterii:<\/strong> 2 x CR2032 (wymienne)<\/li>\n<li data-start=\"3469\" data-end=\"3523\"><strong data-start=\"3471\" data-end=\"3486\">\u017bywotno\u015b\u0107 baterii:<\/strong> Do 15 lat lub 200 000 klikni\u0119\u0107<\/li>\n<li data-start=\"3524\" data-end=\"3579\"><strong data-start=\"3526\" data-end=\"3542\">System radiowy:<\/strong> Siatka 2,4 GHz, Bluetooth\u00ae (&lt;10 dBm)<\/li>\n<li data-start=\"3580\" data-end=\"3622\"><strong data-start=\"3582\" data-end=\"3600\">Zasi\u0119g radiowy:<\/strong> Oko\u0142o 10 metr\u00f3w w pomieszczeniu<\/li>\n<li data-start=\"3623\" data-end=\"3663\"><strong data-start=\"3625\" data-end=\"3657\">Rozszerzenie sieci kratowej:<\/strong> NIE<\/li>\n<li data-start=\"3664\" data-end=\"3707\"><strong data-start=\"3666\" data-end=\"3685\">Zgodno\u015b\u0107:<\/strong> Ramy ELKO\u00ae RS\/Plus<\/li>\n<\/ul>\n<h3 data-start=\"3709\" data-end=\"3758\"><strong data-start=\"3713\" data-end=\"3756\">Elegancki design i trwa\u0142a konstrukcja<\/strong><\/h3>\n<p data-start=\"3759\" data-end=\"4067\">Bia\u0142e, b\u0142yszcz\u0105ce wyko\u0144czenie i kompatybilno\u015b\u0107 z <strong data-start=\"3810\" data-end=\"3833\">Ramy ELKO\u00ae RS\/Plus<\/strong> Do <strong data-start=\"3838\" data-end=\"3867\">Bezprzewodowy przycisk EW bia\u0142y<\/strong> stylowy wyb\u00f3r do ka\u017cdego typu otoczenia.<\/p>\n<p data-start=\"3759\" data-end=\"4067\">Minimalistyczny design sprawia, \u017ce lampa doskonale komponuje si\u0119 zar\u00f3wno z nowoczesnymi, jak i klasycznymi wn\u0119trzami, oferuj\u0105c jednocze\u015bnie zaawansowan\u0105 kontrol\u0119 nad o\u015bwietleniem.<\/p>\n<h3 data-start=\"4069\" data-end=\"4087\"><strong data-start=\"4073\" data-end=\"4085\">Wniosek<\/strong><\/h3>\n<p data-start=\"4088\" data-end=\"4336\">Pushbutton Wireless EW White to innowacyjne i elastyczne rozwi\u0105zanie dla <strong data-start=\"4155\" data-end=\"4179\">bezprzewodowe sterowanie o\u015bwietleniem<\/strong>.<\/p>\n<p data-start=\"4088\" data-end=\"4336\">Dzi\u0119ki d\u0142ugiej \u017cywotno\u015bci baterii, \u0142atwej instalacji i inteligentnym funkcjom jest to optymalne urz\u0105dzenie dla ka\u017cdego, kto chce <strong data-start=\"4293\" data-end=\"4333\">p\u0142ynna i nowoczesna kontrola o\u015bwietlenia<\/strong>.<\/p>","protected":false},"excerpt":{"rendered":"<p>Przycisk Wireless EW White umo\u017cliwia bezprzewodowe sterowanie jednym lub wi\u0119ksz\u0105 liczb\u0105 urz\u0105dze\u0144 Plejd.<\/p>\n<p>\u0141atwy monta\u017c na zewn\u0105trz standardowej puszki elektrycznej lub za pomoc\u0105 ta\u015bmy\/\u015brub.<\/p>\n<p>Do 15 lat \u017cywotno\u015bci baterii lub 200 000 klikni\u0119\u0107.<\/p>\n<p>Kompatybilny z ramami ELKO\u00ae RS\/Plus.<\/p>","protected":false},"featured_media":148035,"template":"","meta":{"_acf_changed":false},"product_brand":[],"product_cat":[4658],"product_tag":[4670],"class_list":{"0":"post-148036","1":"product","2":"type-product","3":"status-publish","4":"has-post-thumbnail","6":"product_cat-plejd-stromstallare","7":"product_tag-plejd","8":"product_shipping_class-postnord-varubrev","9":"pa_brands-plejd","10":"pa_farg-vit","11":"tm-has-options","13":"first","14":"instock","15":"sale","16":"taxable","17":"shipping-taxable","18":"purchasable","19":"product-type-simple"},"acf":[],"_links":{"self":[{"href":"https:\/\/secureus.se\/pl\/wp-json\/wp\/v2\/product\/148036","targetHints":{"allow":["GET"]}}],"collection":[{"href":"https:\/\/secureus.se\/pl\/wp-json\/wp\/v2\/product"}],"about":[{"href":"https:\/\/secureus.se\/pl\/wp-json\/wp\/v2\/types\/product"}],"wp:featuredmedia":[{"embeddable":true,"href":"https:\/\/secureus.se\/pl\/wp-json\/wp\/v2\/media\/148035"}],"wp:attachment":[{"href":"https:\/\/secureus.se\/pl\/wp-json\/wp\/v2\/media?parent=148036"}],"wp:term":[{"taxonomy":"product_brand","embeddable":true,"href":"https:\/\/secureus.se\/pl\/wp-json\/wp\/v2\/product_brand?post=148036"},{"taxonomy":"product_cat","embeddable":true,"href":"https:\/\/secureus.se\/pl\/wp-json\/wp\/v2\/product_cat?post=148036"},{"taxonomy":"product_tag","embeddable":true,"href":"https:\/\/secureus.se\/pl\/wp-json\/wp\/v2\/product_tag?post=148036"}],"curies":[{"name":"wp","href":"https:\/\/api.w.org\/{rel}","templated":true}]}}