{"id":148038,"date":"2025-02-25T12:22:23","date_gmt":"2025-02-25T11:22:23","guid":{"rendered":"https:\/\/secureus.se\/?post_type=product&#038;p=148038"},"modified":"2026-04-08T16:47:20","modified_gmt":"2026-04-08T14:47:20","slug":"plejd-vridadapter-rtr-01-sw-vit","status":"publish","type":"product","link":"https:\/\/secureus.se\/pl\/plejd-vridadapter-rtr-01-sw-vit\/","title":{"rendered":"Plejd adapter obrotowy RTR-01-SW bia\u0142y"},"content":{"rendered":"<h1 data-start=\"447\" data-end=\"507\"><strong data-start=\"451\" data-end=\"505\">Po\u0142\u0105cz klasyczn\u0105 funkcj\u0119 \u015bciemniacza z inteligentn\u0105 technologi\u0105<\/strong><\/h1>\n<p data-start=\"508\" data-end=\"882\">Adapter obrotowy SW White to eleganckie i funkcjonalne rozwi\u0105zanie do inteligentnego sterowania o\u015bwietleniem.<\/p>\n<p data-start=\"508\" data-end=\"882\">\u0141\u0105cz\u0105c adapter z wybranym przez siebie kr\u0105\u017ckiem Plejd, otrzymujesz tradycyjny \u015bciemniacz obrotowy, kt\u00f3rym mo\u017cna sterowa\u0107 zar\u00f3wno r\u0119cznie, jak i bezprzewodowo za pomoc\u0105 technologii siatkowej systemu Plejd.<\/p>\n<p data-start=\"508\" data-end=\"882\">Dzi\u0119ki temu idealnie nadaje si\u0119 zar\u00f3wno do nowoczesnych dom\u00f3w, jak i profesjonalnych instalacji, gdzie elastyczno\u015b\u0107 i design odgrywaj\u0105 istotn\u0105 rol\u0119.<\/p>\n<h3 data-start=\"884\" data-end=\"933\"><strong data-start=\"888\" data-end=\"931\">Bezprzewodowa i elastyczna kontrola o\u015bwietlenia<\/strong><\/h3>\n<p data-start=\"934\" data-end=\"1307\">Jedn\u0105 z najwi\u0119kszych zalet adaptera obrotowego SW White jest jego mo\u017cliwo\u015b\u0107 funkcjonowania w ekosystemie Plejd. Dzi\u0119ki technologii bezprzewodowej Mesh mo\u017cesz sterowa\u0107 innymi urz\u0105dzeniami Plejd i bezproblemowo integrowa\u0107 je z istniej\u0105cym systemem.<\/p>\n<p data-start=\"934\" data-end=\"1307\">Kr\u0105\u017cek u\u017cywany z adapterem zachowuje swoje funkcje, takie jak sterowanie wej\u015bciem i ustawienia czasu, co pozwala na sterowanie o\u015bwietleniem za pomoc\u0105 wielu r\u00f3\u017cnych przycisk\u00f3w.<\/p>\n<p data-start=\"1309\" data-end=\"1337\"><strong data-start=\"1309\" data-end=\"1335\">Funkcje obejmuj\u0105:<\/strong><\/p>\n<ul data-start=\"1338\" data-end=\"1563\">\n<li data-start=\"1338\" data-end=\"1395\"><strong data-start=\"1340\" data-end=\"1365\">Kliknij dwukrotnie na kierownic\u0119<\/strong> aby aktywowa\u0107 scenariusze.<\/li>\n<li data-start=\"1396\" data-end=\"1451\"><strong data-start=\"1398\" data-end=\"1423\">Komunikacja bezprzewodowa<\/strong> poprzez sie\u0107 kratow\u0105 Plejd.<\/li>\n<li data-start=\"1452\" data-end=\"1508\"><strong data-start=\"1454\" data-end=\"1477\">Pe\u0142na kompatybilno\u015b\u0107<\/strong> z ramkami Schneider Exxact\u00ae.<\/li>\n<li data-start=\"1509\" data-end=\"1563\"><strong data-start=\"1511\" data-end=\"1544\">Ustawienia mo\u017cna \u0142atwo dostosowa\u0107<\/strong> poprzez aplikacj\u0119 Plejd.<\/li>\n<\/ul>\n<h3 data-start=\"1565\" data-end=\"1605\"><strong data-start=\"1569\" data-end=\"1603\">Cechy i zalety produktu<\/strong><\/h3>\n<ul data-start=\"1607\" data-end=\"2340\">\n<li data-start=\"1607\" data-end=\"1696\"><strong data-start=\"1609\" data-end=\"1640\">Klasyczna funkcja \u015bciemniacza obrotowego<\/strong> \u2013 \u0141\u0105czy w sobie tradycyjny styl z nowoczesn\u0105, inteligentn\u0105 technologi\u0105.<\/li>\n<li data-start=\"1697\" data-end=\"1771\"><strong data-start=\"1699\" data-end=\"1722\">Integracja bezprzewodowa<\/strong> \u2013 Sterowanie innymi urz\u0105dzeniami Plejd poprzez sie\u0107 kratow\u0105.<\/li>\n<li data-start=\"1772\" data-end=\"1842\"><strong data-start=\"1774\" data-end=\"1796\">\u0141atwa instalacja<\/strong> \u2013 Mocowanie zatrzaskowe w skrzynce lub podw\u00f3jnej ramie.<\/li>\n<li data-start=\"1843\" data-end=\"1905\"><strong data-start=\"1845\" data-end=\"1863\">Elegancki design<\/strong> \u2013 Nieobrobiona, b\u0142yszcz\u0105ca powierzchnia w kolorze bia\u0142ym (RAL 9003).<\/li>\n<li data-start=\"1906\" data-end=\"2004\"><strong data-start=\"1908\" data-end=\"1930\">Elastyczny monta\u017c<\/strong> \u2013 Mo\u017cliwo\u015b\u0107 monta\u017cu wolnostoj\u0105cego lub w podw\u00f3jnej ramie ze standardowym w\u0142\u0105cznikiem \u015bwiat\u0142a.<\/li>\n<li data-start=\"2005\" data-end=\"2093\"><strong data-start=\"2007\" data-end=\"2028\">Materia\u0142 zr\u00f3wnowa\u017cony<\/strong> \u2013 Wykonane z bezhalogenowego tworzywa termoplastycznego zapewniaj\u0105cego d\u0142ugotrwa\u0142\u0105 wytrzyma\u0142o\u015b\u0107.<\/li>\n<li data-start=\"2094\" data-end=\"2174\"><strong data-start=\"2096\" data-end=\"2111\">Kontrola aplikacji<\/strong> \u2013 Konfiguracj\u0119 i ustawienia mo\u017cna \u0142atwo wykona\u0107 w aplikacji Plejd.<\/li>\n<li data-start=\"2175\" data-end=\"2261\"><strong data-start=\"2177\" data-end=\"2215\">Pasuje do ram Schneider Exxact\u00ae<\/strong> \u2013 Dla uzyskania jednolitego i stylowego monta\u017cu.<\/li>\n<li data-start=\"2262\" data-end=\"2340\"><strong data-start=\"2264\" data-end=\"2288\">Wiele opcji kolorystycznych<\/strong> \u2013 Dost\u0119pne w r\u00f3\u017cnych kolorach, aby dopasowa\u0107 je do wn\u0119trza.<\/li>\n<\/ul>\n<h3 data-start=\"2342\" data-end=\"2401\"><strong data-start=\"2346\" data-end=\"2399\">Idealny do inteligentnych dom\u00f3w i \u015brodowisk profesjonalnych<\/strong><\/h3>\n<p data-start=\"2402\" data-end=\"2609\">Obrotowy adapter SW White to idealne rozwi\u0105zanie dla os\u00f3b, kt\u00f3re ceni\u0105 sobie stylowe i funkcjonalne sterowanie o\u015bwietleniem.<\/p>\n<p data-start=\"2402\" data-end=\"2609\">\u015awietnie sprawdzi si\u0119 zar\u00f3wno w nowoczesnych domach, jak i biurach, gdzie chcesz po\u0142\u0105czy\u0107 styl z inteligentnymi funkcjami.<\/p>\n<h3 data-start=\"2611\" data-end=\"2648\"><strong data-start=\"2615\" data-end=\"2646\">Instalacja i u\u017cytkowanie<\/strong><\/h3>\n<p data-start=\"2649\" data-end=\"2706\">Instalacja jest prosta i nie wymaga u\u017cycia specjalnych narz\u0119dzi:<\/p>\n<ol data-start=\"2708\" data-end=\"3127\">\n<li data-start=\"2708\" data-end=\"2806\"><strong data-start=\"2711\" data-end=\"2757\">Po\u0142\u0105cz adapter obrotowy z kr\u0105\u017ckiem Plejd<\/strong> \u2013 Wybierz pasuj\u0105cy kr\u0105\u017cek z oferty Plejd.<\/li>\n<li data-start=\"2807\" data-end=\"2917\"><strong data-start=\"2810\" data-end=\"2830\">Zamontuj adapter<\/strong> \u2013 Umie\u015b\u0107 go w pude\u0142ku lub podw\u00f3jnej ramce razem ze zwyk\u0142ym prze\u0142\u0105cznikiem \u015bwiat\u0142a.<\/li>\n<li data-start=\"2918\" data-end=\"3018\"><strong data-start=\"2921\" data-end=\"2946\">Konfiguruj za pomoc\u0105 aplikacji<\/strong> \u2013 Dostosuj jasno\u015b\u0107, scenariusze i inne funkcje za pomoc\u0105 aplikacji Plejd.<\/li>\n<li data-start=\"3019\" data-end=\"3127\"><strong data-start=\"3022\" data-end=\"3049\">Rozpocznij sterowanie o\u015bwietleniem<\/strong> \u2013 Przyciemniaj \u015bwiat\u0142o za pomoc\u0105 pokr\u0119t\u0142a lub skorzystaj z bezprzewodowych funkcji systemu Plejd.<\/li>\n<\/ol>\n<p data-start=\"3129\" data-end=\"3264\">Elastyczne mocowanie umo\u017cliwia instalacj\u0119 adaptera obrotowego SW White zar\u00f3wno samodzielnie, jak i w po\u0142\u0105czeniu z innymi urz\u0105dzeniami Plejd.<\/p>\n<h3 data-start=\"3266\" data-end=\"3300\"><strong data-start=\"3270\" data-end=\"3298\">Dane techniczne<\/strong><\/h3>\n<ul data-start=\"3302\" data-end=\"3898\">\n<li data-start=\"3302\" data-end=\"3322\"><strong data-start=\"3304\" data-end=\"3315\">Model:<\/strong> Wrak<\/li>\n<li data-start=\"3323\" data-end=\"3362\"><strong data-start=\"3325\" data-end=\"3347\">Metoda dzia\u0142ania:<\/strong> Funkcja obrotu<\/li>\n<li data-start=\"3363\" data-end=\"3395\"><strong data-start=\"3365\" data-end=\"3387\">Typ uszczelnienia:<\/strong> Pstrykn\u0105\u0107<\/li>\n<li data-start=\"3396\" data-end=\"3437\"><strong data-start=\"3398\" data-end=\"3411\">Tworzywo:<\/strong> Termoplastyczny (bezhalogenowy)<\/li>\n<li data-start=\"3438\" data-end=\"3481\"><strong data-start=\"3440\" data-end=\"3457\">Obr\u00f3bka powierzchni:<\/strong> Nieobrobiona, b\u0142yszcz\u0105ca powierzchnia<\/li>\n<li data-start=\"3482\" data-end=\"3510\"><strong data-start=\"3484\" data-end=\"3493\">Farba:<\/strong> Bia\u0142y (RAL 9003)<\/li>\n<li data-start=\"3511\" data-end=\"3551\"><strong data-start=\"3513\" data-end=\"3526\">Klasa IP:<\/strong> IP20 (do u\u017cytku wewn\u0105trz pomieszcze\u0144)<\/li>\n<li data-start=\"3552\" data-end=\"3578\"><strong data-start=\"3554\" data-end=\"3571\">Odporno\u015b\u0107 na uderzenia:<\/strong> IK00<\/li>\n<li data-start=\"3579\" data-end=\"3599\"><strong data-start=\"3581\" data-end=\"3591\">Szeroko\u015b\u0107:<\/strong> 55 mm<\/li>\n<li data-start=\"3600\" data-end=\"3619\"><strong data-start=\"3602\" data-end=\"3611\">Wysoko\u015b\u0107:<\/strong> 55 mm<\/li>\n<li data-start=\"3620\" data-end=\"3639\"><strong data-start=\"3622\" data-end=\"3631\">G\u0142\u0119boko\u015b\u0107:<\/strong> 18 mm<\/li>\n<li data-start=\"3640\" data-end=\"3694\"><strong data-start=\"3642\" data-end=\"3688\">Nadaje si\u0119 do czujnik\u00f3w dotykowych dla system\u00f3w magistralnych:<\/strong> NIE<\/li>\n<li data-start=\"3695\" data-end=\"3738\"><strong data-start=\"3697\" data-end=\"3732\">Symbol mo\u017cliwy do zeskanowania \/ bez barier:<\/strong> NIE<\/li>\n<li data-start=\"3739\" data-end=\"3772\"><strong data-start=\"3741\" data-end=\"3766\">Z etykiet\u0105 do wydrukowania:<\/strong> NIE<\/li>\n<li data-start=\"3773\" data-end=\"3810\"><strong data-start=\"3775\" data-end=\"3804\">Z wymienn\u0105 soczewk\u0105\/symbolem:<\/strong> NIE<\/li>\n<li data-start=\"3811\" data-end=\"3853\"><strong data-start=\"3813\" data-end=\"3847\">Okienko obserwacyjne\/gniazdo o\u015bwietleniowe:<\/strong> NIE<\/li>\n<li data-start=\"3854\" data-end=\"3898\"><strong data-start=\"3856\" data-end=\"3893\">Kliknij dwukrotnie, aby sterowa\u0107 scenariuszem:<\/strong> Tak<\/li>\n<\/ul>\n<h3 data-start=\"3900\" data-end=\"3947\"><strong data-start=\"3904\" data-end=\"3945\">Design i funkcjonalno\u015b\u0107 w doskona\u0142ej harmonii<\/strong><\/h3>\n<p data-start=\"3948\" data-end=\"4218\">Bia\u0142a, b\u0142yszcz\u0105ca powierzchnia i kompatybilno\u015b\u0107 z ramkami Schneider Exxact\u00ae sprawiaj\u0105, \u017ce adapter obrotowy SW White jest stylowym wyborem do ka\u017cdego rodzaju otoczenia.<\/p>\n<p data-start=\"3948\" data-end=\"4218\">Minimalistyczny design doskonale komponuje si\u0119 z nowoczesnymi wn\u0119trzami, zapewniaj\u0105c jednocze\u015bnie pe\u0142n\u0105 kontrol\u0119 nad o\u015bwietleniem.<\/p>\n<h3 data-start=\"4220\" data-end=\"4238\"><strong data-start=\"4224\" data-end=\"4236\">Wniosek<\/strong><\/h3>\n<p data-start=\"4239\" data-end=\"4548\">Obrotowy adapter SW White to eleganckie i inteligentne rozwi\u0105zanie do sterowania o\u015bwietleniem, kt\u00f3re \u0142\u0105czy w sobie klasyczn\u0105 funkcj\u0119 \u015bciemniacza obrotowego z nowoczesn\u0105 technologi\u0105 bezprzewodow\u0105.<\/p>\n<p data-start=\"4239\" data-end=\"4548\">\u0141atwy monta\u017c, stylowy design i integracja z systemem Plejd sprawiaj\u0105, \u017ce jest to oczywisty wyb\u00f3r zar\u00f3wno dla os\u00f3b prywatnych, jak i profesjonalnych instalator\u00f3w.<\/p>","protected":false},"excerpt":{"rendered":"<p>Obrotowy adapter SW White \u0142\u0105czy si\u0119 z opcjonalnym kr\u0105\u017ckiem Plejd i pe\u0142ni funkcj\u0119 klasycznego \u015bciemniacza obrotowego.<\/p>\n<p>Dzi\u0119ki technologii bezprzewodowej Mesh mo\u017cna sterowa\u0107 innymi urz\u0105dzeniami Plejd.<\/p>\n<p>\u0141atwa instalacja i konfiguracja za pomoc\u0105 aplikacji Plejd.<\/p>\n<p>Pasuje do bia\u0142ej ramki Schneider Exxact\u00ae.<\/p>","protected":false},"featured_media":148037,"template":"","meta":{"_acf_changed":false},"product_brand":[],"product_cat":[4661],"product_tag":[4670],"class_list":{"0":"post-148038","1":"product","2":"type-product","3":"status-publish","4":"has-post-thumbnail","6":"product_cat-plejd-vridadapter","7":"product_tag-plejd","8":"product_shipping_class-postnord-varubrev","9":"pa_brands-plejd","10":"pa_farg-vit","11":"tm-has-options","13":"first","14":"instock","15":"sale","16":"taxable","17":"shipping-taxable","18":"purchasable","19":"product-type-simple"},"acf":[],"_links":{"self":[{"href":"https:\/\/secureus.se\/pl\/wp-json\/wp\/v2\/product\/148038","targetHints":{"allow":["GET"]}}],"collection":[{"href":"https:\/\/secureus.se\/pl\/wp-json\/wp\/v2\/product"}],"about":[{"href":"https:\/\/secureus.se\/pl\/wp-json\/wp\/v2\/types\/product"}],"wp:featuredmedia":[{"embeddable":true,"href":"https:\/\/secureus.se\/pl\/wp-json\/wp\/v2\/media\/148037"}],"wp:attachment":[{"href":"https:\/\/secureus.se\/pl\/wp-json\/wp\/v2\/media?parent=148038"}],"wp:term":[{"taxonomy":"product_brand","embeddable":true,"href":"https:\/\/secureus.se\/pl\/wp-json\/wp\/v2\/product_brand?post=148038"},{"taxonomy":"product_cat","embeddable":true,"href":"https:\/\/secureus.se\/pl\/wp-json\/wp\/v2\/product_cat?post=148038"},{"taxonomy":"product_tag","embeddable":true,"href":"https:\/\/secureus.se\/pl\/wp-json\/wp\/v2\/product_tag?post=148038"}],"curies":[{"name":"wp","href":"https:\/\/api.w.org\/{rel}","templated":true}]}}