{"id":148046,"date":"2025-02-25T12:22:24","date_gmt":"2025-02-25T11:22:24","guid":{"rendered":"https:\/\/secureus.se\/?post_type=product&#038;p=148046"},"modified":"2026-04-08T16:32:19","modified_gmt":"2026-04-08T14:32:19","slug":"plejd-rela-rel-01-2p-1-2-pol-16a-13a-mesh-bluetooth","status":"publish","type":"product","link":"https:\/\/secureus.se\/pl\/plejd-rela-rel-01-2p-1-2-pol-16a-13a-mesh-bluetooth\/","title":{"rendered":"Przeka\u017anik Plejd REL-01-2P 1\/2-biegunowy 16A\/13A Mesh Bluetooth"},"content":{"rendered":"<h1 data-start=\"480\" data-end=\"539\"><strong data-start=\"484\" data-end=\"537\">Zaawansowany prze\u0142\u0105cznik przeka\u017anikowy do inteligentnych system\u00f3w o\u015bwietleniowych<\/strong><\/h1>\n<p data-start=\"540\" data-end=\"762\">Przeka\u017anik Plejd 1\/2-biegunowy 16A\/13A Mesh BT (REL-01-2P) to wszechstronny i wydajny <strong data-start=\"617\" data-end=\"661\">prze\u0142\u0105cznik przeka\u017anikowy do inteligentnego sterowania o\u015bwietleniem<\/strong>.<\/p>\n<p data-start=\"540\" data-end=\"762\">Posiada wsparcie dla <strong data-start=\"680\" data-end=\"709\">Prze\u0142\u0105cznik 1- lub 2-biegunowy<\/strong>, co czyni go elastycznym w przypadku r\u00f3\u017cnych instalacji.<\/p>\n<ul data-start=\"764\" data-end=\"978\">\n<li data-start=\"764\" data-end=\"849\"><strong data-start=\"766\" data-end=\"790\">W przypadku roz\u0142\u0105czenia 1-biegunowego<\/strong> jednostka mo\u017ce obs\u0142u\u017cy\u0107 obci\u0105\u017cenie do <strong data-start=\"831\" data-end=\"846\">16A (3500W)<\/strong>.<\/li>\n<li data-start=\"850\" data-end=\"978\"><strong data-start=\"852\" data-end=\"876\">W przypadku prze\u0142\u0105czania 2-biegunowego<\/strong> jest maksymalnym pr\u0105dem <strong data-start=\"894\" data-end=\"909\">13 A (3000 W)<\/strong>, co czyni go idealnym dla <strong data-start=\"939\" data-end=\"975\">instalacje wymagaj\u0105ce bezpiecze\u0144stwa<\/strong>.<\/li>\n<\/ul>\n<p data-start=\"980\" data-end=\"1145\">REL-01-2P jest wyposa\u017cony w <strong data-start=\"1006\" data-end=\"1035\">wykrywanie przej\u015bcia przez zero<\/strong> I <strong data-start=\"1040\" data-end=\"1055\">zabezpieczenie wy\u0142\u0105cznika obwodu<\/strong>, co minimalizuje zu\u017cycie i wyd\u0142u\u017ca \u017cywotno\u015b\u0107 przeka\u017anika i pod\u0142\u0105czonych obci\u0105\u017ce\u0144.<\/p>\n<h3 data-start=\"1147\" data-end=\"1204\"><strong data-start=\"1151\" data-end=\"1202\">Bezprzewodowe sterowanie i zintegrowane funkcje pomiaru czasu<\/strong><\/h3>\n<p data-start=\"1205\" data-end=\"1230\">Urz\u0105dzeniem mo\u017cna sterowa\u0107 za pomoc\u0105:<\/p>\n<ul data-start=\"1232\" data-end=\"1574\">\n<li data-start=\"1232\" data-end=\"1305\"><strong data-start=\"1234\" data-end=\"1249\">Aplikacja Plejd<\/strong> \u2013 Pe\u0142na kontrola nad o\u015bwietleniem bezpo\u015brednio z telefonu kom\u00f3rkowego.<\/li>\n<li data-start=\"1306\" data-end=\"1368\"><strong data-start=\"1308\" data-end=\"1336\">Przycisk spr\u0119\u017cynowy<\/strong> \u2013 Do bezpo\u015bredniej kontroli fizycznej.<\/li>\n<li data-start=\"1369\" data-end=\"1456\"><strong data-start=\"1371\" data-end=\"1406\">Prze\u0142\u0105cznik lub czujnik ruchu<\/strong> \u2013 Do automatycznej aktywacji w oparciu o ruch.<\/li>\n<li data-start=\"1457\" data-end=\"1574\"><strong data-start=\"1459\" data-end=\"1477\">Funkcje czasu<\/strong> \u2013 REL-01-2P posiada wbudowane funkcje timera, astro i zegara tygodniowego <strong data-start=\"1544\" data-end=\"1571\">automatyczna kontrola o\u015bwietlenia<\/strong>.<\/li>\n<\/ul>\n<p data-start=\"1576\" data-end=\"1706\">Mo\u017cesz r\u00f3wnie\u017c utworzy\u0107 <strong data-start=\"1594\" data-end=\"1621\">scenariusze w aplikacji Plejd<\/strong> i sterowa\u0107 jednym lub wieloma urz\u0105dzeniami jednocze\u015bnie za pomoc\u0105 telefonu kom\u00f3rkowego, tabletu lub przycisku.<\/p>\n<h3 data-start=\"1708\" data-end=\"1772\"><strong data-start=\"1712\" data-end=\"1770\">\u0141atwa instalacja i wszechstronne opcje monta\u017cu<\/strong><\/h3>\n<p data-start=\"1773\" data-end=\"1841\">Urz\u0105dzenie REL-01-2P mo\u017cna zamontowa\u0107 na kilka sposob\u00f3w, zale\u017cnie od potrzeb:<\/p>\n<ul data-start=\"1843\" data-end=\"2028\">\n<li data-start=\"1843\" data-end=\"1901\"><strong data-start=\"1845\" data-end=\"1862\">W pude\u0142ku z urz\u0105dzeniem<\/strong> \u2013 Za przyciskiem lub pokryw\u0105 pude\u0142ka.<\/li>\n<li data-start=\"1902\" data-end=\"1952\"><strong data-start=\"1904\" data-end=\"1915\">Na \u015bcianie<\/strong> \u2013 Dla bardziej elastycznych instalacji.<\/li>\n<li data-start=\"1953\" data-end=\"2028\"><strong data-start=\"1955\" data-end=\"1971\">Na szynie DIN<\/strong> \u2013 Za pomoc\u0105 klipsa monta\u017cowego (MNT-01, brak w zestawie).<\/li>\n<\/ul>\n<p data-start=\"2030\" data-end=\"2120\">Kompaktowy rozmiar (46x46x18 mm) u\u0142atwia monta\u017c w <strong data-start=\"2098\" data-end=\"2117\">ciasne przestrzenie<\/strong>.<\/p>\n<h3 data-start=\"2122\" data-end=\"2162\"><strong data-start=\"2126\" data-end=\"2160\">Cechy i zalety produktu<\/strong><\/h3>\n<ul data-start=\"2164\" data-end=\"2767\">\n<li data-start=\"2164\" data-end=\"2244\"><strong data-start=\"2166\" data-end=\"2186\">Sterowanie bezprzewodowe<\/strong> \u2013 Sterowanie urz\u0105dzeniem odbywa si\u0119 za pomoc\u0105 aplikacji Plejd lub przycisku.<\/li>\n<li data-start=\"2245\" data-end=\"2320\"><strong data-start=\"2247\" data-end=\"2283\">Obs\u0142uga prze\u0142\u0105czania 1- i 2-biegunowego<\/strong> \u2013 Dostosuj do wymaga\u0144 instalacji.<\/li>\n<li data-start=\"2321\" data-end=\"2403\"><strong data-start=\"2323\" data-end=\"2371\">Maksymalna moc 3500 W (1-biegunowy) lub 3000 W (2-biegunowy)<\/strong> \u2013 Obs\u0142uga du\u017cych obci\u0105\u017ce\u0144.<\/li>\n<li data-start=\"2404\" data-end=\"2490\"><strong data-start=\"2406\" data-end=\"2435\">Wykrywanie przej\u015bcia przez zero<\/strong> \u2013 Chroni pod\u0142\u0105czone obci\u0105\u017cenia i wyd\u0142u\u017ca czas ich eksploatacji.<\/li>\n<li data-start=\"2491\" data-end=\"2551\"><strong data-start=\"2493\" data-end=\"2520\">Wbudowane funkcje czasowe<\/strong> \u2013 Timer, zegar astrologiczny i tygodniowy.<\/li>\n<li data-start=\"2552\" data-end=\"2610\"><strong data-start=\"2554\" data-end=\"2576\">Wsparcie dla scenariuszy<\/strong> \u2013 Sterowanie wieloma urz\u0105dzeniami jednocze\u015bnie.<\/li>\n<li data-start=\"2611\" data-end=\"2699\"><strong data-start=\"2613\" data-end=\"2642\">Kompatybilny z siatk\u0105 Plaid<\/strong> \u2013 Zwi\u0119ksza zasi\u0119g inteligentnego systemu o\u015bwietleniowego.<\/li>\n<li data-start=\"2700\" data-end=\"2767\"><strong data-start=\"2702\" data-end=\"2720\">Energooszcz\u0119dny<\/strong> \u2013 Niskie zu\u017cycie energii w trybie czuwania, wynosz\u0105ce zaledwie <strong data-start=\"2756\" data-end=\"2764\">0,3 W<\/strong>.<\/li>\n<\/ul>\n<h3 data-start=\"2769\" data-end=\"2806\"><strong data-start=\"2773\" data-end=\"2804\">Instalacja i u\u017cytkowanie<\/strong><\/h3>\n<ol data-start=\"2807\" data-end=\"3098\">\n<li data-start=\"2807\" data-end=\"2877\"><strong data-start=\"2810\" data-end=\"2874\">Umie\u015b\u0107 urz\u0105dzenie w puszce przy\u0142\u0105czeniowej, na \u015bcianie lub na szynie DIN<\/strong>.<\/li>\n<li data-start=\"2878\" data-end=\"2948\"><strong data-start=\"2881\" data-end=\"2925\">Pod\u0142\u0105cz obci\u0105\u017cenia zgodnie z wymaganiami instalacji<\/strong> (1-biegunowy lub 2-biegunowy).<\/li>\n<li data-start=\"2949\" data-end=\"3020\"><strong data-start=\"2952\" data-end=\"2989\">Skonfiguruj urz\u0105dzenie w aplikacji Plejd<\/strong> i dostosuj ustawienia.<\/li>\n<li data-start=\"3021\" data-end=\"3098\"><strong data-start=\"3024\" data-end=\"3095\">Zacznij sterowa\u0107 o\u015bwietleniem za pomoc\u0105 aplikacji, przycisk\u00f3w lub czujnik\u00f3w ruchu<\/strong>.<\/li>\n<\/ol>\n<h3 data-start=\"3100\" data-end=\"3134\"><strong data-start=\"3104\" data-end=\"3132\">Dane techniczne<\/strong><\/h3>\n<ul data-start=\"3136\" data-end=\"3902\">\n<li data-start=\"3136\" data-end=\"3161\"><strong data-start=\"3138\" data-end=\"3149\">Model:<\/strong> REL-01-2P<\/li>\n<li data-start=\"3162\" data-end=\"3194\"><strong data-start=\"3164\" data-end=\"3180\">Napi\u0119cie sieciowe:<\/strong> 230V \/ 50Hz<\/li>\n<li data-start=\"3195\" data-end=\"3223\"><strong data-start=\"3197\" data-end=\"3215\">Moc w trybie gotowo\u015bci:<\/strong> 0,3 W<\/li>\n<li data-start=\"3224\" data-end=\"3264\"><strong data-start=\"3226\" data-end=\"3246\">Temperatura pracy:<\/strong> -25 do +35\u00b0C<\/li>\n<li data-start=\"3265\" data-end=\"3301\"><strong data-start=\"3267\" data-end=\"3283\">Wymiary:<\/strong> Wymiary: 46x46x18mm<\/li>\n<li data-start=\"3302\" data-end=\"3332\"><strong data-start=\"3304\" data-end=\"3318\">Powierzchnia kabla:<\/strong> 0,5\u20134,0 mm\u00b2<\/li>\n<li data-start=\"3333\" data-end=\"3411\"><strong data-start=\"3335\" data-end=\"3351\">No\u015bno\u015b\u0107 zerowa:<\/strong>\n<ul data-start=\"3356\" data-end=\"3411\">\n<li data-start=\"3356\" data-end=\"3382\">1-biegunowy: <strong data-start=\"3365\" data-end=\"3380\">16A (3500W)<\/strong><\/li>\n<li data-start=\"3385\" data-end=\"3411\">2-biegunowy: <strong data-start=\"3394\" data-end=\"3409\">13 A (3000 W)<\/strong><\/li>\n<\/ul>\n<\/li>\n<li data-start=\"3412\" data-end=\"3589\"><strong data-start=\"3414\" data-end=\"3428\">Typy obci\u0105\u017ce\u0144:<\/strong>\n<ul data-start=\"3433\" data-end=\"3589\">\n<li data-start=\"3433\" data-end=\"3471\">O\u015bwietlenie halogenowe\/\u017carowe (230V): <strong data-start=\"3460\" data-end=\"3469\">3500 W<\/strong><\/li>\n<li data-start=\"3474\" data-end=\"3498\">Obci\u0105\u017cenia LED: <strong data-start=\"3488\" data-end=\"3496\">800 W<\/strong><\/li>\n<li data-start=\"3501\" data-end=\"3522\">Fluorescencyjny: <strong data-start=\"3511\" data-end=\"3520\">1500 W<\/strong><\/li>\n<li data-start=\"3525\" data-end=\"3589\">Niskonapi\u0119ciowe halogenowe elektroniczne\/konwencjonalne: <strong data-start=\"3570\" data-end=\"3587\">1500W \/ 1200W<\/strong><\/li>\n<\/ul>\n<\/li>\n<li data-start=\"3590\" data-end=\"3687\"><strong data-start=\"3592\" data-end=\"3602\">Ochrona:<\/strong>\n<ul data-start=\"3607\" data-end=\"3687\">\n<li data-start=\"3607\" data-end=\"3650\">Wykrywanie przej\u015bcia przez zero (zabezpieczenie wy\u0142\u0105cznika)<\/li>\n<li data-start=\"3653\" data-end=\"3687\">Zabezpieczenie przed przegrzaniem (oprogramowanie)<\/li>\n<\/ul>\n<\/li>\n<li data-start=\"3688\" data-end=\"3733\"><strong data-start=\"3690\" data-end=\"3706\">System radiowy:<\/strong> Siatka 2,4 GHz, Bluetooth\u00ae<\/li>\n<li data-start=\"3734\" data-end=\"3776\"><strong data-start=\"3736\" data-end=\"3754\">Zasi\u0119g radiowy:<\/strong> Oko\u0142o 10 metr\u00f3w w pomieszczeniu<\/li>\n<li data-start=\"3777\" data-end=\"3805\"><strong data-start=\"3779\" data-end=\"3798\">Klasa ochrony:<\/strong> IP20<\/li>\n<li data-start=\"3806\" data-end=\"3902\"><strong data-start=\"3808\" data-end=\"3833\">Opcje monta\u017cu:<\/strong> Obudowa urz\u0105dzenia, \u015bcienna lub na szyn\u0119 DIN (z klipsem monta\u017cowym, MNT-01)<\/li>\n<\/ul>\n<h3 data-start=\"3904\" data-end=\"3970\"><strong data-start=\"3908\" data-end=\"3968\">Idealny do inteligentnych dom\u00f3w i profesjonalnych instalacji<\/strong><\/h3>\n<p data-start=\"3971\" data-end=\"4239\">Plejd REL-01-2P idealnie nadaje si\u0119 do obu <strong data-start=\"4008\" data-end=\"4055\">domy prywatne i instalacje komercyjne<\/strong> gdzie potrzebne jest inteligentne i elastyczne sterowanie o\u015bwietleniem.<\/p>\n<p data-start=\"3971\" data-end=\"4239\">Dzi\u0119ki <strong data-start=\"4116\" data-end=\"4137\">Technologia kratki-siatki<\/strong> Czy mo\u017cesz? <strong data-start=\"4145\" data-end=\"4170\">rozszerz swoj\u0105 sie\u0107<\/strong> i zapewni\u0107 <strong data-start=\"4187\" data-end=\"4236\">stabilna komunikacja bezprzewodowa pomi\u0119dzy urz\u0105dzeniami<\/strong>.<\/p>\n<h3 data-start=\"4241\" data-end=\"4259\"><strong data-start=\"4245\" data-end=\"4257\">Wniosek<\/strong><\/h3>\n<p data-start=\"4260\" data-end=\"4618\">Przeka\u017anik Plejd 1\/2-biegunowy 16A\/13A Mesh BT (REL-01-2P) to wydajne i elastyczne rozwi\u0105zanie dla <strong data-start=\"4348\" data-end=\"4403\">bezprzewodowe sterowanie o\u015bwietleniem i obci\u0105\u017ceniami elektrycznymi<\/strong>.<\/p>\n<p data-start=\"4260\" data-end=\"4618\">Ze wsparciem dla obu <strong data-start=\"4423\" data-end=\"4450\">Prze\u0142\u0105czanie 1- i 2-biegunowe<\/strong>, <strong data-start=\"4452\" data-end=\"4488\">sterowanie bezprzewodowe za pomoc\u0105 aplikacji Plejd<\/strong> I <strong data-start=\"4493\" data-end=\"4520\">wbudowane funkcje czasowe<\/strong> czy to jest <strong data-start=\"4533\" data-end=\"4551\">urz\u0105dzenie niezb\u0119dne<\/strong> dla wszystkich, kt\u00f3rzy chc\u0105 <strong data-start=\"4573\" data-end=\"4615\">inteligentny i energooszcz\u0119dny system elektryczny<\/strong>.<\/p>\n<p data-start=\"2030\" data-end=\"2120\">","protected":false},"excerpt":{"rendered":"<p>Plejd Relay (REL-01-2P) to bezprzewodowy przeka\u017anik prze\u0142\u0105czaj\u0105cy z obs\u0142ug\u0105 prze\u0142\u0105czania 1- lub 2-biegunowego.<\/p>\n<p>Maksymalny pr\u0105d: 16A przy 1-biegunowym, 13A przy 2-biegunowym.<\/p>\n<p>Sterowanie za pomoc\u0105 aplikacji, przycisku lub czujnika ruchu. Zawiera funkcje czasowe takie jak zegar astrologiczny i zegar tygodniowy.<\/p>\n<p>Monta\u017c w puszce przy\u0142\u0105czeniowej lub na szynie DIN.<\/p>","protected":false},"featured_media":148045,"template":"","meta":{"_acf_changed":false},"product_brand":[],"product_cat":[4660],"product_tag":[4670],"class_list":{"0":"post-148046","1":"product","2":"type-product","3":"status-publish","4":"has-post-thumbnail","6":"product_cat-plejd-relaer-led","7":"product_tag-plejd","8":"product_shipping_class-postnord-varubrev","9":"pa_brands-plejd","10":"tm-has-options","12":"first","13":"instock","14":"sale","15":"taxable","16":"shipping-taxable","17":"purchasable","18":"product-type-simple"},"acf":[],"_links":{"self":[{"href":"https:\/\/secureus.se\/pl\/wp-json\/wp\/v2\/product\/148046","targetHints":{"allow":["GET"]}}],"collection":[{"href":"https:\/\/secureus.se\/pl\/wp-json\/wp\/v2\/product"}],"about":[{"href":"https:\/\/secureus.se\/pl\/wp-json\/wp\/v2\/types\/product"}],"wp:featuredmedia":[{"embeddable":true,"href":"https:\/\/secureus.se\/pl\/wp-json\/wp\/v2\/media\/148045"}],"wp:attachment":[{"href":"https:\/\/secureus.se\/pl\/wp-json\/wp\/v2\/media?parent=148046"}],"wp:term":[{"taxonomy":"product_brand","embeddable":true,"href":"https:\/\/secureus.se\/pl\/wp-json\/wp\/v2\/product_brand?post=148046"},{"taxonomy":"product_cat","embeddable":true,"href":"https:\/\/secureus.se\/pl\/wp-json\/wp\/v2\/product_cat?post=148046"},{"taxonomy":"product_tag","embeddable":true,"href":"https:\/\/secureus.se\/pl\/wp-json\/wp\/v2\/product_tag?post=148046"}],"curies":[{"name":"wp","href":"https:\/\/api.w.org\/{rel}","templated":true}]}}