{"id":148048,"date":"2025-02-25T12:22:24","date_gmt":"2025-02-25T11:22:24","guid":{"rendered":"https:\/\/secureus.se\/?post_type=product&#038;p=148048"},"modified":"2026-04-08T16:32:15","modified_gmt":"2026-04-08T14:32:15","slug":"gateway-bluetooth-internet","status":"publish","type":"product","link":"https:\/\/secureus.se\/pl\/gateway-bluetooth-internet\/","title":{"rendered":"Brama internetowa Bluetooth"},"content":{"rendered":"<h1 data-start=\"538\" data-end=\"624\"><strong data-start=\"542\" data-end=\"622\">Przenie\u015b system Plejd na wy\u017cszy poziom dzi\u0119ki zdalnemu sterowaniu i inteligentnym integracjom<\/strong><\/h1>\n<p data-start=\"625\" data-end=\"875\">Brama Plejd GWY-01 to wydajne i kompaktowe rozwi\u0105zanie dla <strong data-start=\"690\" data-end=\"730\">pod\u0142\u0105cz system Plejd do internetu<\/strong>.<\/p>\n<p data-start=\"625\" data-end=\"875\">\u0141\u0105cz\u0105c sie\u0107 Plejd z internetem, u\u017cytkownik otrzymuje <strong data-start=\"796\" data-end=\"842\">mo\u017cliwo\u015b\u0107 zdalnego sterowania o\u015bwietleniem<\/strong>, niezale\u017cnie od tego gdzie jeste\u015b.<\/p>\n<p data-start=\"877\" data-end=\"1058\">Ze wsparciem dla <strong data-start=\"890\" data-end=\"938\">Google Home, Apple HomeKit\u00ae, Alexa i Homey<\/strong> Mo\u017cesz \u0142atwo zintegrowa\u0107 Plejd ze swoim inteligentnym domem i sterowa\u0107 o\u015bwietleniem za pomoc\u0105 komend g\u0142osowych lub scenariuszy automatyzacji.<\/p>\n<h3 data-start=\"1060\" data-end=\"1099\"><strong data-start=\"1064\" data-end=\"1097\">G\u0142\u00f3wne cechy i korzy\u015bci<\/strong><\/h3>\n<ul data-start=\"1101\" data-end=\"1743\">\n<li data-start=\"1101\" data-end=\"1186\"><strong data-start=\"1103\" data-end=\"1135\">Zdalne sterowanie o\u015bwietleniem<\/strong> \u2013 Zarz\u0105dzaj systemem Plejd gdziekolwiek jeste\u015b.<\/li>\n<li data-start=\"1187\" data-end=\"1260\"><strong data-start=\"1189\" data-end=\"1219\">Aktywacja trybu wakacyjnego<\/strong> \u2013 Symuluj obecno\u015b\u0107, gdy jeste\u015b poza domem.<\/li>\n<li data-start=\"1261\" data-end=\"1376\"><strong data-start=\"1263\" data-end=\"1306\">Zabezpiecza funkcje czasowe w przypadku zaniku zasilania<\/strong> \u2013 Zapewnia, \u017ce zegary astro i tygodniowe dzia\u0142aj\u0105 nawet podczas przerw w dostawie pr\u0105du.<\/li>\n<li data-start=\"1377\" data-end=\"1487\"><strong data-start=\"1379\" data-end=\"1428\">Umo\u017cliwia integracj\u0119 z us\u0142ugami innych firm<\/strong> \u2013 Obs\u0142uga Google Home, Apple HomeKit\u00ae, Alexa i Homey.<\/li>\n<li data-start=\"1488\" data-end=\"1582\"><strong data-start=\"1490\" data-end=\"1512\">\u0141atwa instalacja<\/strong> \u2013 \u0141\u0105czy si\u0119 z kablem sieciowym (Ethernet\/RJ45) i zasilaczem USB-C.<\/li>\n<li data-start=\"1583\" data-end=\"1686\"><strong data-start=\"1585\" data-end=\"1606\">Cz\u0119\u015b\u0107 siatki kratowej<\/strong> \u2013 Instalowany za pomoc\u0105 aplikacji Plejd, rozszerza zasi\u0119g poprzez komunikacj\u0119 kratow\u0105.<\/li>\n<li data-start=\"1687\" data-end=\"1743\"><strong data-start=\"1689\" data-end=\"1707\">Energooszcz\u0119dny<\/strong> \u2013 Podczas pracy zu\u017cywa zaledwie 0,6 W.<\/li>\n<\/ul>\n<h3 data-start=\"1745\" data-end=\"1786\"><strong data-start=\"1749\" data-end=\"1784\">Bezproblemowa integracja z siatk\u0105 Plaid<\/strong><\/h3>\n<p data-start=\"1787\" data-end=\"1977\">Brama GWY-01 staje si\u0119 <strong data-start=\"1810\" data-end=\"1855\">zintegrowana cz\u0119\u015b\u0107 Twojej sieci kratowej Plejd<\/strong>, co oznacza, \u017ce mo\u017ce komunikowa\u0107 si\u0119 bezpo\u015brednio z urz\u0105dzeniami i wykorzystywa\u0107 technologi\u0119 siatki Plejd do zwi\u0119kszania zasi\u0119gu.<\/p>\n<p data-start=\"1979\" data-end=\"2158\">To ma <strong data-start=\"1990\" data-end=\"2030\">zasi\u0119g radiowy oko\u0142o 10 metr\u00f3w w pomieszczeniach<\/strong>ale dzi\u0119ki siatce Plejd inne urz\u0105dzenia Plejd mog\u0105 przekazywa\u0107 sygna\u0142, co umo\u017cliwia tworzenie du\u017cych i stabilnych instalacji.<\/p>\n<h3 data-start=\"2160\" data-end=\"2195\"><strong data-start=\"2164\" data-end=\"2193\">Inteligentny pilot zdalnego sterowania<\/strong><\/h3>\n<p data-start=\"2196\" data-end=\"2432\">Po zainstalowaniu Gateway mo\u017cesz <strong data-start=\"2227\" data-end=\"2267\">steruj o\u015bwietleniem z dowolnego miejsca<\/strong> poprzez aplikacj\u0119 Plejd.<\/p>\n<p data-start=\"2196\" data-end=\"2432\">Niezale\u017cnie od tego, czy jeste\u015b na wakacjach, czy chcesz ustawi\u0107 o\u015bwietlenie przed powrotem do domu, mo\u017cesz wygodnie sterowa\u0107 urz\u0105dzeniami Plejd za pomoc\u0105 smartfona.<\/p>\n<p data-start=\"2434\" data-end=\"2470\"><strong data-start=\"2434\" data-end=\"2468\">Przyk\u0142ady zastosowa\u0144:<\/strong><\/p>\n<ul data-start=\"2471\" data-end=\"2664\">\n<li data-start=\"2471\" data-end=\"2520\">W\u0142\u0105czaj i wy\u0142\u0105czaj \u015bwiat\u0142o, gdy wychodzisz z domu.<\/li>\n<li data-start=\"2521\" data-end=\"2581\">Tw\u00f3rz scenariusze automatyzacji w oparciu o czas i poziom o\u015bwietlenia.<\/li>\n<li data-start=\"2582\" data-end=\"2664\">Steruj pojedynczym o\u015bwietleniem lub ca\u0142ymi pomieszczeniami za pomoc\u0105 polece\u0144 g\u0142osowych przy u\u017cyciu inteligentnych asystent\u00f3w.<\/li>\n<\/ul>\n<h3 data-start=\"2666\" data-end=\"2709\"><strong data-start=\"2670\" data-end=\"2707\">\u0141atwa instalacja i u\u017cytkowanie<\/strong><\/h3>\n<p data-start=\"2710\" data-end=\"2756\">Instalacja GWY-01 jest szybka i \u0142atwa:<\/p>\n<ol data-start=\"2758\" data-end=\"3089\">\n<li data-start=\"2758\" data-end=\"2848\"><strong data-start=\"2761\" data-end=\"2794\">Pod\u0142\u0105cz urz\u0105dzenie do sieci<\/strong> za pomoc\u0105 do\u0142\u0105czonego kabla sieciowego (Ethernet\/RJ45).<\/li>\n<li data-start=\"2849\" data-end=\"2906\"><strong data-start=\"2852\" data-end=\"2884\">Pod\u0142\u0105cz zasilanie<\/strong> poprzez adapter USB-C.<\/li>\n<li data-start=\"2907\" data-end=\"2998\"><strong data-start=\"2910\" data-end=\"2946\">Zainstaluj urz\u0105dzenie w aplikacji Plejd<\/strong> i pod\u0142\u0105cz go do istniej\u0105cego systemu Plejd.<\/li>\n<li data-start=\"2999\" data-end=\"3089\"><strong data-start=\"3002\" data-end=\"3030\">Zacznij kontrolowa\u0107 swoje urz\u0105dzenia<\/strong> zdalnie i integrowa\u0107 je z platformami innych firm.<\/li>\n<\/ol>\n<p data-start=\"3091\" data-end=\"3235\">Mo\u017cliwo\u015b\u0107 monta\u017cu bramki GWY-01 <strong data-start=\"3119\" data-end=\"3163\">na \u015bcianie za pomoc\u0105 do\u0142\u0105czonego uchwytu \u015bciennego<\/strong>, co pozwala na optymalne ustawienie urz\u0105dzenia w celu uzyskania najlepszego zasi\u0119gu sygna\u0142u.<\/p>\n<h3 data-start=\"3237\" data-end=\"3271\"><strong data-start=\"3241\" data-end=\"3269\">Dane techniczne<\/strong><\/h3>\n<ul data-start=\"3273\" data-end=\"3712\">\n<li data-start=\"3273\" data-end=\"3295\"><strong data-start=\"3275\" data-end=\"3286\">Model:<\/strong> GWY-01<\/li>\n<li data-start=\"3296\" data-end=\"3331\"><strong data-start=\"3298\" data-end=\"3313\">Po\u0142\u0105czenie:<\/strong> Ethernet (RJ45)<\/li>\n<li data-start=\"3332\" data-end=\"3371\"><strong data-start=\"3334\" data-end=\"3355\">Zasilanie:<\/strong> Adapter USB-C<\/li>\n<li data-start=\"3372\" data-end=\"3404\"><strong data-start=\"3374\" data-end=\"3396\">Pob\u00f3r mocy:<\/strong> 0,6 W<\/li>\n<li data-start=\"3405\" data-end=\"3450\"><strong data-start=\"3407\" data-end=\"3423\">System radiowy:<\/strong> Siatka 2,4 GHz, Bluetooth\u00ae<\/li>\n<li data-start=\"3451\" data-end=\"3493\"><strong data-start=\"3453\" data-end=\"3471\">Zasi\u0119g radiowy:<\/strong> Oko\u0142o 10 metr\u00f3w w pomieszczeniu<\/li>\n<li data-start=\"3494\" data-end=\"3533\"><strong data-start=\"3496\" data-end=\"3524\">Protok\u00f3\u0142 komunikacyjny:<\/strong> TCP\/IP<\/li>\n<li data-start=\"3534\" data-end=\"3573\"><strong data-start=\"3536\" data-end=\"3568\">Maksymalna liczba urz\u0105dze\u0144 na kana\u0142:<\/strong> 80<\/li>\n<li data-start=\"3574\" data-end=\"3612\"><strong data-start=\"3576\" data-end=\"3596\">Temperatura pracy:<\/strong> 0 do +35\u00b0C<\/li>\n<li data-start=\"3613\" data-end=\"3649\"><strong data-start=\"3615\" data-end=\"3631\">Wymiary:<\/strong> 70x70x20mm<\/li>\n<li data-start=\"3650\" data-end=\"3689\"><strong data-start=\"3652\" data-end=\"3672\">Spos\u00f3b monta\u017cu:<\/strong> Monta\u017c powierzchniowy<\/li>\n<li data-start=\"3690\" data-end=\"3712\"><strong data-start=\"3692\" data-end=\"3705\">Klasa IP:<\/strong> IP20<\/li>\n<\/ul>\n<h3 data-start=\"3714\" data-end=\"3762\"><strong data-start=\"3718\" data-end=\"3760\">Ulepszone bezpiecze\u0144stwo i automatyzacja<\/strong><\/h3>\n<p data-start=\"3763\" data-end=\"3942\">Brama Plejd zapewnia, \u017ce Twoje <strong data-start=\"3799\" data-end=\"3862\">funkcje czasowe dzia\u0142aj\u0105 nawet w przypadku zaniku zasilania<\/strong>, co oznacza, \u017ce na przyk\u0142ad, <strong data-start=\"3890\" data-end=\"3912\">astrologia i zegar tygodniowy<\/strong> mog\u0105 dotrzyma\u0107 swoich harmonogram\u00f3w.<\/p>\n<p data-start=\"3944\" data-end=\"4083\">\u0141\u0105cz\u0105c go z <strong data-start=\"3971\" data-end=\"4021\">Google Home, Apple HomeKit\u00ae, Alexa lub Homey<\/strong>Mo\u017cesz r\u00f3wnie\u017c tworzy\u0107 zautomatyzowane scenariusze, takie jak:<\/p>\n<ul data-start=\"4085\" data-end=\"4267\">\n<li data-start=\"4085\" data-end=\"4148\">Automatyczne w\u0142\u0105czanie o\u015bwietlenia o wschodzie lub zachodzie s\u0142o\u0144ca.<\/li>\n<li data-start=\"4149\" data-end=\"4201\">Wy\u0142\u0105cz wszystkie \u015bwiat\u0142a w domu za pomoc\u0105 komendy g\u0142osowej.<\/li>\n<li data-start=\"4202\" data-end=\"4267\">Stosuj czujniki ruchu w po\u0142\u0105czeniu ze sterowaniem o\u015bwietleniem.<\/li>\n<\/ul>\n<h3 data-start=\"4269\" data-end=\"4335\"><strong data-start=\"4273\" data-end=\"4333\">Idealny do inteligentnych dom\u00f3w i profesjonalnych instalacji<\/strong><\/h3>\n<p data-start=\"4336\" data-end=\"4577\">Brama Plejd GWY-01 to pozycja obowi\u0105zkowa dla ka\u017cdego, kto chce <strong data-start=\"4391\" data-end=\"4446\">bardziej inteligentne i po\u0142\u0105czone rozwi\u0105zanie o\u015bwietleniowe<\/strong>.<\/p>\n<p data-start=\"4336\" data-end=\"4577\">Jest idealny dla obu <strong data-start=\"4476\" data-end=\"4520\">domy prywatne i nieruchomo\u015bci komercyjne<\/strong> gdzie istotne s\u0105 zdalne sterowanie i inteligentne integracje.<\/p>\n<p data-start=\"4579\" data-end=\"4767\">Czy chcesz <strong data-start=\"4598\" data-end=\"4700\">popraw bezpiecze\u0144stwo swojego domu, usprawnij zu\u017cycie energii lub stw\u00f3rz p\u0142ynne automatyzacje<\/strong> Czy ta brama jest <strong data-start=\"4721\" data-end=\"4764\">niezb\u0119dny element w Twoim systemie Plejd<\/strong>.<\/p>\n<h3 data-start=\"4769\" data-end=\"4787\"><strong data-start=\"4773\" data-end=\"4785\">Wniosek<\/strong><\/h3>\n<p data-start=\"4788\" data-end=\"5151\">Brama Plejd GWY-01 to inteligentne i wydajne rozwi\u0105zanie dla <strong data-start=\"4850\" data-end=\"4894\">po\u0142\u0105cz swoj\u0105 sie\u0107 Plejd z internetem<\/strong> i umo\u017cliwiaj\u0105 zdalne sterowanie, inteligentne automatyzacje i integracj\u0119 z rozwi\u0105zaniami innych firm.<\/p>\n<p data-start=\"4788\" data-end=\"5151\">\u0141atwa instalacja, niskie zu\u017cycie energii i mocne po\u0142\u0105czenie sprawiaj\u0105, \u017ce ta bramka jest <strong data-start=\"5068\" data-end=\"5148\">niezb\u0119dny element inteligentnego o\u015bwietlenia domowego lub komercyjnego<\/strong>.<\/p>","protected":false},"excerpt":{"rendered":"<p>Brama Plejd Gateway (GWY-01) \u0142\u0105czy sie\u0107 Plejd mesh z internetem, umo\u017cliwiaj\u0105c zdalne sterowanie systemem i aktywacj\u0119 trybu wakacyjnego.<\/p>\n<p>Chroni funkcje czasowe na wypadek zaniku zasilania i umo\u017cliwia integracj\u0119 z Google Home, Apple HomeKit\u00ae, Alexa i Homey.<\/p>\n<p>\u0141atwa instalacja dzi\u0119ki kablowi sieciowemu i zasilaczowi USB-C.<\/p>","protected":false},"featured_media":148047,"template":"","meta":{"_acf_changed":false},"product_brand":[],"product_cat":[4668],"product_tag":[4670],"class_list":{"0":"post-148048","1":"product","2":"type-product","3":"status-publish","4":"has-post-thumbnail","6":"product_cat-plejd-gateway","7":"product_tag-plejd","8":"product_shipping_class-postnord-varubrev","9":"pa_brands-plejd","10":"tm-has-options","12":"first","13":"instock","14":"sale","15":"taxable","16":"shipping-taxable","17":"purchasable","18":"product-type-simple"},"acf":[],"_links":{"self":[{"href":"https:\/\/secureus.se\/pl\/wp-json\/wp\/v2\/product\/148048","targetHints":{"allow":["GET"]}}],"collection":[{"href":"https:\/\/secureus.se\/pl\/wp-json\/wp\/v2\/product"}],"about":[{"href":"https:\/\/secureus.se\/pl\/wp-json\/wp\/v2\/types\/product"}],"wp:featuredmedia":[{"embeddable":true,"href":"https:\/\/secureus.se\/pl\/wp-json\/wp\/v2\/media\/148047"}],"wp:attachment":[{"href":"https:\/\/secureus.se\/pl\/wp-json\/wp\/v2\/media?parent=148048"}],"wp:term":[{"taxonomy":"product_brand","embeddable":true,"href":"https:\/\/secureus.se\/pl\/wp-json\/wp\/v2\/product_brand?post=148048"},{"taxonomy":"product_cat","embeddable":true,"href":"https:\/\/secureus.se\/pl\/wp-json\/wp\/v2\/product_cat?post=148048"},{"taxonomy":"product_tag","embeddable":true,"href":"https:\/\/secureus.se\/pl\/wp-json\/wp\/v2\/product_tag?post=148048"}],"curies":[{"name":"wp","href":"https:\/\/api.w.org\/{rel}","templated":true}]}}