{"id":148050,"date":"2025-02-25T12:22:24","date_gmt":"2025-02-25T11:22:24","guid":{"rendered":"https:\/\/secureus.se\/?post_type=product&#038;p=148050"},"modified":"2026-04-08T16:32:11","modified_gmt":"2026-04-08T14:32:11","slug":"plejd-kronrela-rel-02-16a-2-mesh-bluetooth","status":"publish","type":"product","link":"https:\/\/secureus.se\/pl\/plejd-kronrela-rel-02-16a-2-mesh-bluetooth\/","title":{"rendered":"Plejd Crown Relay REL-02 16A\/2 Mesh Bluetooth"},"content":{"rendered":"<h1 data-start=\"505\" data-end=\"567\"><strong data-start=\"509\" data-end=\"565\">Inteligentne sterowanie przeka\u017anikami dla inteligentnych system\u00f3w o\u015bwietleniowych<\/strong><\/h1>\n<p data-start=\"568\" data-end=\"911\">Plejd Crown Relay 16A\/2 Mesh Bluetooth (REL-02) to <strong data-start=\"619\" data-end=\"657\">mocny i elastyczny prze\u0142\u0105cznik przeka\u017anikowy<\/strong> do sterowania o\u015bwietleniem i innymi obci\u0105\u017ceniami elektrycznymi.<\/p>\n<p data-start=\"568\" data-end=\"911\">Z <strong data-start=\"717\" data-end=\"746\">dwa oddzielne wyj\u015bcia przeka\u017anikowe<\/strong> Urz\u0105dzenie mo\u017ce by\u0107 u\u017cywane do <strong data-start=\"776\" data-end=\"827\">faza przerwy (L) na jedno lub dwa oddzielne obci\u0105\u017cenia<\/strong>np. w po\u0142\u0105czeniu schodowym lub do indywidualnego sterowania dwiema grupami o\u015bwietlenia.<\/p>\n<p data-start=\"913\" data-end=\"1172\">The <strong data-start=\"917\" data-end=\"949\">maksymalna zdolno\u015b\u0107 wy\u0142\u0105czania wynosi 16A<\/strong>, co czyni go idealnym dla <strong data-start=\"978\" data-end=\"1015\">wymagaj\u0105ce instalacje o\u015bwietleniowe<\/strong>.<\/p>\n<p data-start=\"913\" data-end=\"1172\">Ze wsparciem dla <strong data-start=\"1030\" data-end=\"1075\">wykrywanie przej\u015bcia przez zero i zabezpieczenie wy\u0142\u0105cznika obwodu<\/strong> Zminimalizowane zostaje zu\u017cycie przeka\u017anika i pod\u0142\u0105czonych obci\u0105\u017ce\u0144, co wyd\u0142u\u017ca \u017cywotno\u015b\u0107 produktu.<\/p>\n<h3 data-start=\"1174\" data-end=\"1219\"><strong data-start=\"1178\" data-end=\"1217\">Bezprzewodowe sterowanie i automatyzacja<\/strong><\/h3>\n<p data-start=\"1220\" data-end=\"1260\">Sterowanie Plejdem REL-02 mo\u017ce odbywa\u0107 si\u0119 na kilka sposob\u00f3w:<\/p>\n<ul data-start=\"1262\" data-end=\"1566\">\n<li data-start=\"1262\" data-end=\"1310\"><strong data-start=\"1264\" data-end=\"1279\">Aplikacja Plejd<\/strong> \u2013 Pe\u0142na kontrola za po\u015brednictwem telefonu kom\u00f3rkowego.<\/li>\n<li data-start=\"1311\" data-end=\"1369\"><strong data-start=\"1313\" data-end=\"1341\">Przycisk spr\u0119\u017cynowy<\/strong> \u2013 Bezpo\u015brednia kontrola fizyczna.<\/li>\n<li data-start=\"1370\" data-end=\"1450\"><strong data-start=\"1372\" data-end=\"1407\">Prze\u0142\u0105cznik lub czujnik ruchu<\/strong> \u2013 Do automatycznego zap\u0142onu i gaszenia.<\/li>\n<li data-start=\"1451\" data-end=\"1566\"><strong data-start=\"1453\" data-end=\"1480\">Wbudowane funkcje czasowe<\/strong> \u2013 REL-02 posiada wbudowany timer, zegar astronomiczny i tygodniowy do automatycznego sterowania o\u015bwietleniem.<\/li>\n<\/ul>\n<p data-start=\"1568\" data-end=\"1748\">Ten m\u0105dry <strong data-start=\"1579\" data-end=\"1601\">kontrola scenariusza<\/strong> u\u0142atwia dostosowanie o\u015bwietlenia do potrzeb, a jednostk\u0119 mo\u017cna r\u00f3wnie\u017c zintegrowa\u0107 z innymi <strong data-start=\"1696\" data-end=\"1715\">Produkty w krat\u0119<\/strong> Do <strong data-start=\"1720\" data-end=\"1745\">bezprzewodowe sterowanie grup\u0105<\/strong>.<\/p>\n<h3 data-start=\"1750\" data-end=\"1814\"><strong data-start=\"1754\" data-end=\"1812\">\u0141atwa instalacja i wszechstronne opcje monta\u017cu<\/strong><\/h3>\n<p data-start=\"1815\" data-end=\"1881\">REL-02 mo\u017cna montowa\u0107 na kilka sposob\u00f3w, zale\u017cnie od wymaga\u0144 instalacyjnych:<\/p>\n<ul data-start=\"1883\" data-end=\"2060\">\n<li data-start=\"1883\" data-end=\"1943\"><strong data-start=\"1885\" data-end=\"1902\">W pude\u0142ku z urz\u0105dzeniem<\/strong> \u2013 Idealny do dyskretnych instalacji.<\/li>\n<li data-start=\"1944\" data-end=\"1993\"><strong data-start=\"1946\" data-end=\"1957\">Na \u015bcianie<\/strong> \u2013 Mo\u017cliwo\u015b\u0107 monta\u017cu natynkowego.<\/li>\n<li data-start=\"1994\" data-end=\"2060\"><strong data-start=\"1996\" data-end=\"2012\">Na szynie DIN<\/strong> \u2013 Z klipsem monta\u017cowym (MNT-01, brak w zestawie).<\/li>\n<\/ul>\n<p data-start=\"2062\" data-end=\"2171\">The <strong data-start=\"2066\" data-end=\"2101\">kompaktowa konstrukcja (46x46x18 mm)<\/strong> Oznacza to, \u017ce urz\u0105dzenie mo\u017cna \u0142atwo zamontowa\u0107 nawet w ciasnych przestrzeniach.<\/p>\n<h3 data-start=\"2173\" data-end=\"2213\"><strong data-start=\"2177\" data-end=\"2211\">Cechy i zalety produktu<\/strong><\/h3>\n<ul data-start=\"2215\" data-end=\"2855\">\n<li data-start=\"2215\" data-end=\"2281\"><strong data-start=\"2217\" data-end=\"2246\">Dwa oddzielne wyj\u015bcia przeka\u017anikowe<\/strong> \u2013 Mo\u017cliwo\u015b\u0107 sterowania dwoma oddzielnymi obci\u0105\u017ceniami.<\/li>\n<li data-start=\"2282\" data-end=\"2368\"><strong data-start=\"2284\" data-end=\"2319\">Sterowanie bezprzewodowe za pomoc\u0105 siatki Plejd<\/strong> \u2013 Integruje si\u0119 z inteligentn\u0105 sieci\u0105 o\u015bwietleniow\u0105.<\/li>\n<li data-start=\"2369\" data-end=\"2446\"><strong data-start=\"2371\" data-end=\"2397\">Maksymalna moc 3500 W (16 A)<\/strong> \u2013 Idealny do wi\u0119kszych instalacji o\u015bwietleniowych.<\/li>\n<li data-start=\"2447\" data-end=\"2533\"><strong data-start=\"2449\" data-end=\"2478\">Wykrywanie przej\u015bcia przez zero<\/strong> \u2013 Chroni pod\u0142\u0105czone obci\u0105\u017cenia i wyd\u0142u\u017ca czas ich eksploatacji.<\/li>\n<li data-start=\"2534\" data-end=\"2621\"><strong data-start=\"2536\" data-end=\"2579\">Funkcje czasowe (astro, zegar tygodniowy, timer)<\/strong> \u2013 Do automatycznego sterowania o\u015bwietleniem.<\/li>\n<li data-start=\"2622\" data-end=\"2701\"><strong data-start=\"2624\" data-end=\"2653\">Wsparcie dla kontroli scenariuszy<\/strong> \u2013 Bezproblemowa integracja z innymi urz\u0105dzeniami Plejd.<\/li>\n<li data-start=\"2702\" data-end=\"2779\"><strong data-start=\"2704\" data-end=\"2725\">Niski pob\u00f3r mocy w trybie czuwania<\/strong> \u2013 Energooszcz\u0119dny, tylko <strong data-start=\"2754\" data-end=\"2762\">0,3 W<\/strong> w trybie czuwania.<\/li>\n<li data-start=\"2780\" data-end=\"2855\"><strong data-start=\"2782\" data-end=\"2804\">\u0141atwa instalacja<\/strong> \u2013 Mo\u017cliwo\u015b\u0107 monta\u017cu w obudowie urz\u0105dzenia lub na szynie DIN.<\/li>\n<\/ul>\n<h3 data-start=\"2857\" data-end=\"2894\"><strong data-start=\"2861\" data-end=\"2892\">Instalacja i u\u017cytkowanie<\/strong><\/h3>\n<ol data-start=\"2895\" data-end=\"3193\">\n<li data-start=\"2895\" data-end=\"2961\"><strong data-start=\"2898\" data-end=\"2958\">Monta\u017c REL-02 w puszce przy\u0142\u0105czeniowej, na \u015bcianie lub szynie DIN<\/strong>.<\/li>\n<li data-start=\"2962\" data-end=\"3043\"><strong data-start=\"2965\" data-end=\"3009\">Pod\u0142\u0105cz obci\u0105\u017cenia zgodnie z wymaganiami instalacji<\/strong> (jeden lub dwa oddzielne \u0142adunki).<\/li>\n<li data-start=\"3044\" data-end=\"3115\"><strong data-start=\"3047\" data-end=\"3084\">Skonfiguruj urz\u0105dzenie w aplikacji Plejd<\/strong> i dostosuj ustawienia.<\/li>\n<li data-start=\"3116\" data-end=\"3193\"><strong data-start=\"3119\" data-end=\"3190\">Zacznij sterowa\u0107 o\u015bwietleniem za pomoc\u0105 aplikacji, przycisk\u00f3w lub czujnik\u00f3w ruchu<\/strong>.<\/li>\n<\/ol>\n<h3 data-start=\"3195\" data-end=\"3229\"><strong data-start=\"3199\" data-end=\"3227\">Dane techniczne<\/strong><\/h3>\n<ul data-start=\"3231\" data-end=\"3940\">\n<li data-start=\"3231\" data-end=\"3253\"><strong data-start=\"3233\" data-end=\"3244\">Model:<\/strong> REL-02<\/li>\n<li data-start=\"3254\" data-end=\"3286\"><strong data-start=\"3256\" data-end=\"3272\">Napi\u0119cie sieciowe:<\/strong> 230V \/ 50Hz<\/li>\n<li data-start=\"3287\" data-end=\"3315\"><strong data-start=\"3289\" data-end=\"3307\">Moc w trybie gotowo\u015bci:<\/strong> 0,3 W<\/li>\n<li data-start=\"3316\" data-end=\"3356\"><strong data-start=\"3318\" data-end=\"3338\">Temperatura pracy:<\/strong> -25 do +35\u00b0C<\/li>\n<li data-start=\"3357\" data-end=\"3393\"><strong data-start=\"3359\" data-end=\"3375\">Wymiary:<\/strong> Wymiary: 46x46x18mm<\/li>\n<li data-start=\"3394\" data-end=\"3424\"><strong data-start=\"3396\" data-end=\"3410\">Powierzchnia kabla:<\/strong> 0,5\u20134,0 mm\u00b2<\/li>\n<li data-start=\"3425\" data-end=\"3641\"><strong data-start=\"3427\" data-end=\"3443\">No\u015bno\u015b\u0107 zerowa:<\/strong>\n<ul data-start=\"3448\" data-end=\"3641\">\n<li data-start=\"3448\" data-end=\"3484\"><strong data-start=\"3450\" data-end=\"3467\">Ca\u0142kowity efekt:<\/strong> 16A (10A + 6A)<\/li>\n<li data-start=\"3487\" data-end=\"3513\"><strong data-start=\"3489\" data-end=\"3506\">Maksymalne obci\u0105\u017cenie diody LED:<\/strong> 800 W<\/li>\n<li data-start=\"3516\" data-end=\"3556\"><strong data-start=\"3518\" data-end=\"3548\">Maksymalne obci\u0105\u017cenie lampy halogenowej\/\u017carowej:<\/strong> 3500 W<\/li>\n<li data-start=\"3559\" data-end=\"3589\"><strong data-start=\"3561\" data-end=\"3581\">Maksymalne obci\u0105\u017cenie \u015bwietl\u00f3wki:<\/strong> 1500 W<\/li>\n<li data-start=\"3592\" data-end=\"3641\"><strong data-start=\"3594\" data-end=\"3633\">Maksymalne obci\u0105\u017cenie transformatora elektronicznego:<\/strong> 1500 W<\/li>\n<\/ul>\n<\/li>\n<li data-start=\"3642\" data-end=\"3725\"><strong data-start=\"3644\" data-end=\"3654\">Ochrona:<\/strong>\n<ul data-start=\"3659\" data-end=\"3725\">\n<li data-start=\"3659\" data-end=\"3688\">Wykrywanie przej\u015bcia przez zero<\/li>\n<li data-start=\"3691\" data-end=\"3725\">Zabezpieczenie przed przegrzaniem (oprogramowanie)<\/li>\n<\/ul>\n<\/li>\n<li data-start=\"3726\" data-end=\"3771\"><strong data-start=\"3728\" data-end=\"3744\">System radiowy:<\/strong> Siatka 2,4 GHz, Bluetooth\u00ae<\/li>\n<li data-start=\"3772\" data-end=\"3814\"><strong data-start=\"3774\" data-end=\"3792\">Zasi\u0119g radiowy:<\/strong> Oko\u0142o 10 metr\u00f3w w pomieszczeniu<\/li>\n<li data-start=\"3815\" data-end=\"3843\"><strong data-start=\"3817\" data-end=\"3836\">Klasa ochrony:<\/strong> IP20<\/li>\n<li data-start=\"3844\" data-end=\"3940\"><strong data-start=\"3846\" data-end=\"3871\">Opcje monta\u017cu:<\/strong> Obudowa urz\u0105dzenia, \u015bcienna lub na szyn\u0119 DIN (z klipsem monta\u017cowym, MNT-01)<\/li>\n<\/ul>\n<h3 data-start=\"3942\" data-end=\"4008\"><strong data-start=\"3946\" data-end=\"4006\">Idealny do inteligentnych dom\u00f3w i profesjonalnych instalacji<\/strong><\/h3>\n<p data-start=\"4009\" data-end=\"4266\">Plejd REL-02 idealnie nadaje si\u0119 do <strong data-start=\"4037\" data-end=\"4090\">domy prywatne, biura, hotele i inne nieruchomo\u015bci<\/strong> Gdzie <strong data-start=\"4095\" data-end=\"4125\">inteligentne rozwi\u0105zania o\u015bwietleniowe<\/strong> wymagany.<\/p>\n<p data-start=\"4009\" data-end=\"4266\">Dzi\u0119ki <strong data-start=\"4143\" data-end=\"4164\">Technologia kratki-siatki<\/strong> Czy mo\u017cesz? <strong data-start=\"4172\" data-end=\"4197\">rozszerz swoj\u0105 sie\u0107<\/strong> i zapewni\u0107 <strong data-start=\"4214\" data-end=\"4263\">stabilna komunikacja bezprzewodowa pomi\u0119dzy urz\u0105dzeniami<\/strong>.<\/p>\n<p data-start=\"4268\" data-end=\"4447\">Niezale\u017cnie od tego, czy chcesz <strong data-start=\"4290\" data-end=\"4390\">p\u0142ynna kontrola r\u0119czna, automatyczne funkcje czasowe lub pe\u0142na kontrola zdalna za pomoc\u0105 aplikacji<\/strong>, REL-02 oferuje <strong data-start=\"4411\" data-end=\"4444\">wydajne i elastyczne rozwi\u0105zanie<\/strong>.<\/p>\n<h3 data-start=\"4449\" data-end=\"4467\"><strong data-start=\"4453\" data-end=\"4465\">Wniosek<\/strong><\/h3>\n<p data-start=\"4468\" data-end=\"4789\">Plejd Crown Relay 16A\/2 Mesh Bluetooth (REL-02) to <strong data-start=\"4519\" data-end=\"4558\">mocny i wszechstronny prze\u0142\u0105cznik przeka\u017anikowy<\/strong> dla inteligentnych instalacji o\u015bwietleniowych.<\/p>\n<p data-start=\"4468\" data-end=\"4789\">Z <strong data-start=\"4600\" data-end=\"4682\">dwa oddzielne wyj\u015bcia, obs\u0142uga sterowania bezprzewodowego i zaawansowane funkcje pomiaru czasu<\/strong> czy to jest <strong data-start=\"4695\" data-end=\"4786\">idealne rozwi\u0105zanie dla ka\u017cdego, kto chce mie\u0107 inteligentne i energooszcz\u0119dne sterowanie o\u015bwietleniem<\/strong>.<\/p>","protected":false},"excerpt":{"rendered":"<p>Przeka\u017anik Plejd Crown (REL-02) umo\u017cliwia za\u0142\u0105czanie jednego lub dw\u00f3ch niezale\u017cnych obci\u0105\u017ce\u0144 do 16A (np. 10+6A).<\/p>\n<p>Sterowanie za pomoc\u0105 aplikacji, przycisku lub czujnika ruchu. Wbudowane funkcje czasowe, takie jak zegar astrologiczny i zegar tygodniowy.<\/p>\n<p>Montowany w obudowie urz\u0105dzenia lub na szynie DIN.<\/p>\n<p>Idealny do elastycznego i bezprzewodowego sterowania o\u015bwietleniem.<\/p>","protected":false},"featured_media":148049,"template":"","meta":{"_acf_changed":false},"product_brand":[],"product_cat":[4660],"product_tag":[4670],"class_list":{"0":"post-148050","1":"product","2":"type-product","3":"status-publish","4":"has-post-thumbnail","6":"product_cat-plejd-relaer-led","7":"product_tag-plejd","8":"product_shipping_class-postnord-varubrev","9":"pa_brands-plejd","10":"tm-has-options","12":"first","13":"instock","14":"sale","15":"taxable","16":"shipping-taxable","17":"purchasable","18":"product-type-simple"},"acf":[],"_links":{"self":[{"href":"https:\/\/secureus.se\/pl\/wp-json\/wp\/v2\/product\/148050","targetHints":{"allow":["GET"]}}],"collection":[{"href":"https:\/\/secureus.se\/pl\/wp-json\/wp\/v2\/product"}],"about":[{"href":"https:\/\/secureus.se\/pl\/wp-json\/wp\/v2\/types\/product"}],"wp:featuredmedia":[{"embeddable":true,"href":"https:\/\/secureus.se\/pl\/wp-json\/wp\/v2\/media\/148049"}],"wp:attachment":[{"href":"https:\/\/secureus.se\/pl\/wp-json\/wp\/v2\/media?parent=148050"}],"wp:term":[{"taxonomy":"product_brand","embeddable":true,"href":"https:\/\/secureus.se\/pl\/wp-json\/wp\/v2\/product_brand?post=148050"},{"taxonomy":"product_cat","embeddable":true,"href":"https:\/\/secureus.se\/pl\/wp-json\/wp\/v2\/product_cat?post=148050"},{"taxonomy":"product_tag","embeddable":true,"href":"https:\/\/secureus.se\/pl\/wp-json\/wp\/v2\/product_tag?post=148050"}],"curies":[{"name":"wp","href":"https:\/\/api.w.org\/{rel}","templated":true}]}}