{"id":148056,"date":"2025-02-25T12:22:25","date_gmt":"2025-02-25T11:22:25","guid":{"rendered":"https:\/\/secureus.se\/?post_type=product&#038;p=148056"},"modified":"2026-04-08T16:26:50","modified_gmt":"2026-04-08T14:26:50","slug":"plejd-led-driver-led-10-10w-150-700ma-12-24v","status":"publish","type":"product","link":"https:\/\/secureus.se\/pl\/plejd-led-driver-led-10-10w-150-700ma-12-24v\/","title":{"rendered":"Sterownik LED Plejd LED-10 10W 150-700mA 12\/24V"},"content":{"rendered":"<h1 data-start=\"524\" data-end=\"583\"><strong data-start=\"528\" data-end=\"581\">P\u0142ynna i elastyczna kontrola LED z Plejd LED-10<\/strong><\/h1>\n<p data-start=\"584\" data-end=\"925\">Sterownik LED Plejd LED-10 to <strong data-start=\"614\" data-end=\"653\">kompaktowy i inteligentny sterownik LED<\/strong> z wbudowanym <strong data-start=\"666\" data-end=\"684\">funkcja \u015bciemniacza<\/strong>, idealny do sterowania pojedynczymi oprawami LED lub ta\u015bmami LED.<\/p>\n<p data-start=\"584\" data-end=\"925\">Z <strong data-start=\"753\" data-end=\"789\">sterowanie bezprzewodowe za pomoc\u0105 aplikacji Plejd<\/strong> i wsparcie dla <strong data-start=\"803\" data-end=\"849\">przycisk spr\u0119\u017cynowy lub czujnik ruchu<\/strong>, jest idealny dla <strong data-start=\"871\" data-end=\"922\">nowoczesne i energooszcz\u0119dne rozwi\u0105zania o\u015bwietleniowe<\/strong>.<\/p>\n<p data-start=\"927\" data-end=\"1192\">LED-10 to <strong data-start=\"937\" data-end=\"1006\">idealny do obci\u0105\u017ce\u0144 o sta\u0142ym pr\u0105dzie (CC) i sta\u0142ym napi\u0119ciu (CV)<\/strong> i oferty <strong data-start=\"1020\" data-end=\"1044\">\u015bciemnianie od 1 do 100 %<\/strong> bez migotania.<\/p>\n<p data-start=\"927\" data-end=\"1192\">Produkt jest \u0142atwy w monta\u017cu <strong data-start=\"1088\" data-end=\"1133\">w puszce przy\u0142\u0105czeniowej, na \u015bcianie lub na szynie DIN<\/strong> z pomoc\u0105 <strong data-start=\"1147\" data-end=\"1189\">Klips monta\u017cowy (MNT-01, brak w zestawie)<\/strong>.<\/p>\n<h3 data-start=\"1194\" data-end=\"1248\"><strong data-start=\"1198\" data-end=\"1246\">Bezprzewodowe i automatyczne sterowanie o\u015bwietleniem<\/strong><\/h3>\n<p data-start=\"1249\" data-end=\"1323\">Istnieje kilka sposob\u00f3w sterowania diod\u0105 LED-10, dzi\u0119ki kt\u00f3rym mo\u017cna dostosowa\u0107 jej jasno\u015b\u0107 do w\u0142asnych potrzeb:<\/p>\n<p data-start=\"1325\" data-end=\"1705\">\u2714 <strong data-start=\"1327\" data-end=\"1342\">Aplikacja Plejd<\/strong> \u2013 Steruj o\u015bwietleniem bezpo\u015brednio za pomoc\u0105 telefonu kom\u00f3rkowego lub tabletu.<br data-start=\"1403\" data-end=\"1406\" \/>\u2714 <strong data-start=\"1408\" data-end=\"1436\">Przycisk spr\u0119\u017cynowy<\/strong> \u2013 \u0141atwa kontrola r\u0119czna w razie potrzeby.<br data-start=\"1472\" data-end=\"1475\" \/>\u2714 <strong data-start=\"1477\" data-end=\"1492\">Czujnik ruchu<\/strong> \u2013 Zautomatyzuj sterowanie o\u015bwietleniem na podstawie ruchu.<br data-start=\"1540\" data-end=\"1543\" \/>\u2714 <strong data-start=\"1545\" data-end=\"1558\">Scenariusz<\/strong> \u2013 U\u017cyj aplikacji Plejd, aby sterowa\u0107 wieloma urz\u0105dzeniami jednocze\u015bnie.<br data-start=\"1618\" data-end=\"1621\" \/>\u2714 <strong data-start=\"1623\" data-end=\"1641\">Funkcje czasu<\/strong> \u2013 Wbudowany <strong data-start=\"1652\" data-end=\"1674\">astrologia i zegar tygodniowy<\/strong> do automatycznego sterowania o\u015bwietleniem.<\/p>\n<p data-start=\"1707\" data-end=\"1847\">Przez <strong data-start=\"1713\" data-end=\"1734\">Technologia kratki-siatki<\/strong> mo\u017ce LED-10 <strong data-start=\"1746\" data-end=\"1785\">komunikowa\u0107 si\u0119 z innymi urz\u0105dzeniami Plejd<\/strong> stworzy\u0107 <strong data-start=\"1803\" data-end=\"1844\">stabilne i elastyczne rozwi\u0105zanie o\u015bwietleniowe<\/strong>.<\/p>\n<h3 data-start=\"1849\" data-end=\"1901\"><strong data-start=\"1853\" data-end=\"1899\">Wysoka kompatybilno\u015b\u0107 i \u015bciemnialna kontrola LED<\/strong><\/h3>\n<p data-start=\"1902\" data-end=\"2046\">LED-10 to <strong data-start=\"1912\" data-end=\"1980\">kompatybilny zar\u00f3wno ze sta\u0142ym pr\u0105dem (CC), jak i sta\u0142ym napi\u0119ciem (CV)<\/strong>, co sprawia, \u017ce <strong data-start=\"1997\" data-end=\"2043\">idealny do wielu r\u00f3\u017cnych instalacji LED<\/strong>.<\/p>\n<table data-start=\"2048\" data-end=\"2251\">\n<thead data-start=\"2048\" data-end=\"2083\">\n<tr data-start=\"2048\" data-end=\"2083\">\n<th data-start=\"2048\" data-end=\"2063\"><strong data-start=\"2050\" data-end=\"2061\">Typ obci\u0105\u017cenia<\/strong><\/th>\n<th data-start=\"2063\" data-end=\"2083\"><strong data-start=\"2065\" data-end=\"2081\">Zakres mocy<\/strong><\/th>\n<\/tr>\n<\/thead>\n<tbody data-start=\"2117\" data-end=\"2251\">\n<tr data-start=\"2117\" data-end=\"2138\">\n<td><strong data-start=\"2119\" data-end=\"2129\">150mA<\/strong><\/td>\n<td>1\u20134W<\/td>\n<\/tr>\n<tr data-start=\"2139\" data-end=\"2160\">\n<td><strong data-start=\"2141\" data-end=\"2151\">350mA<\/strong><\/td>\n<td>1\u20139W<\/td>\n<\/tr>\n<tr data-start=\"2161\" data-end=\"2183\">\n<td><strong data-start=\"2163\" data-end=\"2173\">500mA<\/strong><\/td>\n<td>1\u201310 W<\/td>\n<\/tr>\n<tr data-start=\"2184\" data-end=\"2206\">\n<td><strong data-start=\"2186\" data-end=\"2196\">700mA<\/strong><\/td>\n<td>1\u201310 W<\/td>\n<\/tr>\n<tr data-start=\"2207\" data-end=\"2228\">\n<td><strong data-start=\"2209\" data-end=\"2219\">12 V pr\u0105du sta\u0142ego<\/strong><\/td>\n<td>0\u20138W<\/td>\n<\/tr>\n<tr data-start=\"2229\" data-end=\"2251\">\n<td><strong data-start=\"2231\" data-end=\"2241\">24V pr\u0105du sta\u0142ego<\/strong><\/td>\n<td>0\u201310 W<\/td>\n<\/tr>\n<\/tbody>\n<\/table>\n<p data-start=\"2253\" data-end=\"2464\">LED-10 zapewnia <strong data-start=\"2273\" data-end=\"2312\">p\u0142ynne i precyzyjne przej\u015bcia \u015bciemniania<\/strong>i <strong data-start=\"2322\" data-end=\"2351\">zaawansowana technologia ochrony<\/strong> obejmuje <strong data-start=\"2363\" data-end=\"2409\">zabezpieczenie przed zwarciem i przegrzaniem<\/strong>, co gwarantuje <strong data-start=\"2432\" data-end=\"2461\">bezpieczna i d\u0142ugotrwa\u0142a eksploatacja<\/strong>.<\/p>\n<h3 data-start=\"2466\" data-end=\"2509\"><strong data-start=\"2470\" data-end=\"2507\">\u0141atwa instalacja w ka\u017cdym \u015brodowisku<\/strong><\/h3>\n<p data-start=\"2510\" data-end=\"2562\">Diod\u0119 LED-10 mo\u017cna \u0142atwo zamontowa\u0107 na kilka r\u00f3\u017cnych sposob\u00f3w:<\/p>\n<ul data-start=\"2564\" data-end=\"2729\">\n<li data-start=\"2564\" data-end=\"2619\"><strong data-start=\"2566\" data-end=\"2583\">W pude\u0142ku z urz\u0105dzeniem<\/strong> \u2013 Za przyciskiem lub pokryw\u0105 pude\u0142ka.<\/li>\n<li data-start=\"2620\" data-end=\"2659\"><strong data-start=\"2622\" data-end=\"2633\">Na \u015bcianie<\/strong> \u2013 Montowany za pomoc\u0105 \u015brub.<\/li>\n<li data-start=\"2660\" data-end=\"2729\"><strong data-start=\"2662\" data-end=\"2678\">Na szynie DIN<\/strong> \u2013 Wymagany jest klips monta\u017cowy (MNT-01, brak w zestawie).<\/li>\n<\/ul>\n<p data-start=\"2731\" data-end=\"2842\">The <strong data-start=\"2735\" data-end=\"2770\">kompaktowa konstrukcja (46x46x18 mm)<\/strong> sprawia, \u017ce urz\u0105dzenie mo\u017cna \u0142atwo zamontowa\u0107 nawet w ciasnych przestrzeniach.<\/p>\n<h3 data-start=\"2844\" data-end=\"2884\"><strong data-start=\"2848\" data-end=\"2882\">Cechy i zalety produktu<\/strong><\/h3>\n<p data-start=\"2886\" data-end=\"3461\">\u2714 <strong data-start=\"2888\" data-end=\"2920\">Sterowanie \u015bciemniaczem LED (1\u2013100%)<\/strong> \u2013 Idealny zar\u00f3wno do opraw LED, jak i ta\u015bm LED.<br data-start=\"2969\" data-end=\"2972\" \/>\u2714 <strong data-start=\"2974\" data-end=\"3024\">Sterowanie bezprzewodowe za pomoc\u0105 Plejd mesh i Bluetooth\u00ae<\/strong>.<br data-start=\"3025\" data-end=\"3028\" \/>\u2714 <strong data-start=\"3030\" data-end=\"3110\">Maksymalna moc 10 W \u2013 obs\u0142uga zar\u00f3wno sta\u0142ego pr\u0105du (CC), jak i sta\u0142ego napi\u0119cia (CV).<\/strong><br data-start=\"3110\" data-end=\"3113\" \/>\u2714 <strong data-start=\"3115\" data-end=\"3142\">O\u015bwietlenie automatyczne<\/strong> \u2013 Wbudowany zegar astro i tygodniowy.<br data-start=\"3172\" data-end=\"3175\" \/>\u2714 <strong data-start=\"3177\" data-end=\"3199\">Wsparcie dla scenariuszy<\/strong> \u2013 Bezproblemowa integracja z innymi urz\u0105dzeniami Plejd.<br data-start=\"3245\" data-end=\"3248\" \/>\u2714 <strong data-start=\"3250\" data-end=\"3278\">Niski pob\u00f3r mocy w trybie czuwania (0,3 W)<\/strong> \u2013 Energooszcz\u0119dne.<br data-start=\"3296\" data-end=\"3299\" \/>\u2714 <strong data-start=\"3301\" data-end=\"3320\">Zaawansowana ochrona<\/strong> \u2013 Zabezpieczenie przed zwarciem i przegrzaniem.<br data-start=\"3362\" data-end=\"3365\" \/>\u2714 <strong data-start=\"3367\" data-end=\"3404\">Kompaktowa i elastyczna instalacja<\/strong> \u2013 Mo\u017cliwo\u015b\u0107 monta\u017cu w puszce przy\u0142\u0105czeniowej, na \u015bcianie lub szynie DIN.<\/p>\n<h3 data-start=\"3463\" data-end=\"3497\"><strong data-start=\"3467\" data-end=\"3495\">Dane techniczne<\/strong><\/h3>\n<ul data-start=\"3499\" data-end=\"4026\">\n<li data-start=\"3499\" data-end=\"3521\"><strong data-start=\"3501\" data-end=\"3512\">Model:<\/strong> Dioda LED-10<\/li>\n<li data-start=\"3522\" data-end=\"3565\"><strong data-start=\"3524\" data-end=\"3540\">Napi\u0119cie sieciowe:<\/strong> 230V \/ 50Hz, maks. 0,15A<\/li>\n<li data-start=\"3566\" data-end=\"3593\"><strong data-start=\"3568\" data-end=\"3586\">Moc w trybie gotowo\u015bci:<\/strong> 0,3 W<\/li>\n<li data-start=\"3594\" data-end=\"3633\"><strong data-start=\"3596\" data-end=\"3616\">Temperatura pracy:<\/strong> -20 do +35\u00b0C<\/li>\n<li data-start=\"3634\" data-end=\"3666\"><strong data-start=\"3636\" data-end=\"3652\">Wymiary:<\/strong> 46x46x18mm<\/li>\n<li data-start=\"3667\" data-end=\"3697\"><strong data-start=\"3669\" data-end=\"3683\">Powierzchnia kabla:<\/strong> 0,5\u20134,0 mm\u00b2<\/li>\n<li data-start=\"3698\" data-end=\"3731\"><strong data-start=\"3700\" data-end=\"3720\">Napi\u0119cie wyj\u015bciowe:<\/strong> 3\u201328 V pr\u0105du sta\u0142ego<\/li>\n<li data-start=\"3732\" data-end=\"3758\"><strong data-start=\"3734\" data-end=\"3750\">No\u015bno\u015b\u0107 zerowa:<\/strong> 1\u201310 W<\/li>\n<li data-start=\"3759\" data-end=\"3813\"><strong data-start=\"3761\" data-end=\"3771\">Ochrona:<\/strong> Zabezpieczenie przed przegrzaniem, zabezpieczenie przed zwarciem<\/li>\n<li data-start=\"3814\" data-end=\"3863\"><strong data-start=\"3816\" data-end=\"3826\">Radio:<\/strong> Siatka 2,4 GHz, Bluetooth\u00ae (&lt;10 dBm)<\/li>\n<li data-start=\"3864\" data-end=\"3906\"><strong data-start=\"3866\" data-end=\"3884\">Zasi\u0119g radiowy:<\/strong> Oko\u0142o 10 metr\u00f3w w pomieszczeniu<\/li>\n<li data-start=\"3907\" data-end=\"3929\"><strong data-start=\"3909\" data-end=\"3922\">Klasa IP:<\/strong> IP20<\/li>\n<li data-start=\"3930\" data-end=\"4026\"><strong data-start=\"3932\" data-end=\"3957\">Opcje monta\u017cu:<\/strong> Obudowa urz\u0105dzenia, \u015bcienna lub na szyn\u0119 DIN (z klipsem monta\u017cowym, MNT-01)<\/li>\n<\/ul>\n<h3 data-start=\"4028\" data-end=\"4094\"><strong data-start=\"4032\" data-end=\"4092\">Idealny do inteligentnych dom\u00f3w i profesjonalnych instalacji<\/strong><\/h3>\n<p data-start=\"4095\" data-end=\"4369\">Plejd LED-10 idealnie nadaje si\u0119 do <strong data-start=\"4124\" data-end=\"4181\">nieruchomo\u015bci mieszkalne, biurowe, hotelowe i komercyjne<\/strong> Gdzie <strong data-start=\"4186\" data-end=\"4221\">inteligentne i elastyczne sterowanie LED<\/strong> wymagany.<\/p>\n<p data-start=\"4095\" data-end=\"4369\">U\u017cywaj\u0105c <strong data-start=\"4247\" data-end=\"4268\">Technologia kratki-siatki<\/strong> Czy mo\u017cesz stworzy\u0107 jeden? <strong data-start=\"4285\" data-end=\"4332\">bezpieczne, stabilne i bezprzewodowe rozwi\u0105zanie o\u015bwietleniowe<\/strong> bez konieczno\u015bci stosowania dodatkowego okablowania.<\/p>\n<p data-start=\"4371\" data-end=\"4554\">Niezale\u017cnie od tego, czy chcesz <strong data-start=\"4393\" data-end=\"4469\">sterowanie r\u0119czne, scenariusze automatyczne lub zdalne sterowanie o\u015bwietleniem<\/strong>, LED-10 oferuje <strong data-start=\"4490\" data-end=\"4517\">proste i m\u0105dre rozwi\u0105zanie<\/strong> do wszystkich typ\u00f3w o\u015bwietlenia LED.<\/p>\n<h3 data-start=\"4556\" data-end=\"4574\"><strong data-start=\"4560\" data-end=\"4572\">Wniosek<\/strong><\/h3>\n<p data-start=\"4575\" data-end=\"4858\">Plejd LED-10 to <strong data-start=\"4594\" data-end=\"4637\">zaawansowany i energooszcz\u0119dny sterownik LED<\/strong> co daje <strong data-start=\"4646\" data-end=\"4680\">pe\u0142na kontrola nad o\u015bwietleniem<\/strong>. Z <strong data-start=\"4686\" data-end=\"4755\">funkcja \u015bciemniania, obs\u0142uga aplikacji Plejd i wbudowane funkcje czasowe<\/strong> czy to jest <strong data-start=\"4768\" data-end=\"4788\">produkt niezb\u0119dny<\/strong> dla wszystkich, kt\u00f3rzy chc\u0105 <strong data-start=\"4810\" data-end=\"4855\">p\u0142ynna i inteligentna kontrola o\u015bwietlenia<\/strong>.<\/p>\n<p data-start=\"2886\" data-end=\"3461\">","protected":false},"excerpt":{"rendered":"<p>Sterownik LED Plejd LED-10 to \u015bciemnialny sterownik LED obs\u0142uguj\u0105cy obci\u0105\u017cenia o sta\u0142ym pr\u0105dzie (CC) i sta\u0142ym napi\u0119ciu (CV) do 10 W.<\/p>\n<p>Sterowanie bezprzewodowe za pomoc\u0105 aplikacji Plejd, przycisku spr\u0119\u017cynowego lub czujnika ruchu.<\/p>\n<p>Wbudowane funkcje czasowe i obs\u0142uga scenariuszy.<\/p>\n<p>Monta\u017c w obudowie urz\u0105dzenia, na \u015bcianie lub szynie DIN.<\/p>","protected":false},"featured_media":148055,"template":"","meta":{"_acf_changed":false},"product_brand":[],"product_cat":[4660],"product_tag":[4670],"class_list":{"0":"post-148056","1":"product","2":"type-product","3":"status-publish","4":"has-post-thumbnail","6":"product_cat-plejd-relaer-led","7":"product_tag-plejd","8":"product_shipping_class-postnord-varubrev","9":"pa_brands-plejd","10":"tm-has-options","12":"first","13":"instock","14":"sale","15":"taxable","16":"shipping-taxable","17":"purchasable","18":"product-type-simple"},"acf":[],"_links":{"self":[{"href":"https:\/\/secureus.se\/pl\/wp-json\/wp\/v2\/product\/148056","targetHints":{"allow":["GET"]}}],"collection":[{"href":"https:\/\/secureus.se\/pl\/wp-json\/wp\/v2\/product"}],"about":[{"href":"https:\/\/secureus.se\/pl\/wp-json\/wp\/v2\/types\/product"}],"wp:featuredmedia":[{"embeddable":true,"href":"https:\/\/secureus.se\/pl\/wp-json\/wp\/v2\/media\/148055"}],"wp:attachment":[{"href":"https:\/\/secureus.se\/pl\/wp-json\/wp\/v2\/media?parent=148056"}],"wp:term":[{"taxonomy":"product_brand","embeddable":true,"href":"https:\/\/secureus.se\/pl\/wp-json\/wp\/v2\/product_brand?post=148056"},{"taxonomy":"product_cat","embeddable":true,"href":"https:\/\/secureus.se\/pl\/wp-json\/wp\/v2\/product_cat?post=148056"},{"taxonomy":"product_tag","embeddable":true,"href":"https:\/\/secureus.se\/pl\/wp-json\/wp\/v2\/product_tag?post=148056"}],"curies":[{"name":"wp","href":"https:\/\/api.w.org\/{rel}","templated":true}]}}