{"id":148058,"date":"2025-02-25T12:22:25","date_gmt":"2025-02-25T11:22:25","guid":{"rendered":"https:\/\/secureus.se\/?post_type=product&#038;p=148058"},"modified":"2026-04-08T16:26:47","modified_gmt":"2026-04-08T14:26:47","slug":"plejd-tryckknapp-tradlos-wph-01-sw-vit","status":"publish","type":"product","link":"https:\/\/secureus.se\/pl\/plejd-tryckknapp-tradlos-wph-01-sw-vit\/","title":{"rendered":"Plejd Przycisk bezprzewodowy WPH-01-SW bia\u0142y"},"content":{"rendered":"<h1 data-start=\"514\" data-end=\"892\">Plejd WPH-01-SW to bezprzewodowy i elastyczny przycisk umo\u017cliwiaj\u0105cy p\u0142ynne sterowanie jednym lub wieloma urz\u0105dzeniami Plejd.<\/h1>\n<p data-start=\"514\" data-end=\"892\">Mo\u017cna go u\u017cywa\u0107 do bezpo\u015bredniego sterowania o\u015bwietleniem, tworzenia po\u0142\u0105cze\u0144 schodowych lub aktywowania r\u00f3\u017cnych scenariuszy za po\u015brednictwem aplikacji Plejd.<\/p>\n<p data-start=\"514\" data-end=\"892\">Monta\u017c jest prosty i mo\u017cna go wykona\u0107 na zewn\u0105trz standardowej puszki elektrycznej za pomoc\u0105 \u015brub lub przymocowa\u0107 go bezpo\u015brednio do \u015bciany za pomoc\u0105 do\u0142\u0105czonej ta\u015bmy.<\/p>\n<p data-start=\"894\" data-end=\"1233\">Przycisk wykorzystuje technologi\u0119 Bluetooth\u00ae Mesh na cz\u0119stotliwo\u015bci 2,4 GHz i ma zasi\u0119g radiowy wynosz\u0105cy oko\u0142o 10 metr\u00f3w w pomieszczeniach.<\/p>\n<p data-start=\"894\" data-end=\"1233\">Nale\u017cy pami\u0119ta\u0107, \u017ce WPH-01-SW nie zwi\u0119ksza zasi\u0119gu systemu siatkowego Plejd. Dzi\u0119ki imponuj\u0105cej \u017cywotno\u015bci baterii, si\u0119gaj\u0105cej nawet 15 lat lub 200 000 klikni\u0119\u0107 (zasilanej dwiema bateriami CR2032), ten przycisk jest niezawodnym rozwi\u0105zaniem na d\u0142ugie lata.<\/p>\n<p data-start=\"1235\" data-end=\"1559\">Pod wzgl\u0119dem wzornictwa przycisk idealnie wpasowuje si\u0119 w nowoczesne wn\u0119trza dzi\u0119ki bia\u0142ej ramce Exxact\u00ae i kompaktowym wymiarom 71x71x14 mm.<\/p>\n<p data-start=\"1235\" data-end=\"1559\">Dost\u0119pny jest z pojedynczym i podw\u00f3jnym rockerem dla wi\u0119kszej elastyczno\u015bci. Produkt wykonany jest z wysokiej jako\u015bci tworzywa termoplastycznego o b\u0142yszcz\u0105cej powierzchni i posiada klas\u0119 ochrony IP20, co sprawia, \u017ce nadaje si\u0119 do stosowania wewn\u0105trz pomieszcze\u0144.<\/p>\n<h3 data-start=\"1561\" data-end=\"1594\"><strong data-start=\"1565\" data-end=\"1594\">Dane techniczne:<\/strong><\/h3>\n<ul data-start=\"1595\" data-end=\"2122\">\n<li data-start=\"1595\" data-end=\"1650\"><strong data-start=\"1597\" data-end=\"1615\">Komunikacja:<\/strong> Sie\u0107 Bluetooth\u00ae 2,4 GHz, &lt;10 dBm<\/li>\n<li data-start=\"1651\" data-end=\"1696\"><strong data-start=\"1653\" data-end=\"1671\">Zasi\u0119g radiowy:<\/strong> Oko\u0142o 10 metr\u00f3w w pomieszczeniu<\/li>\n<li data-start=\"1697\" data-end=\"1751\"><strong data-start=\"1699\" data-end=\"1714\">\u017bywotno\u015b\u0107 baterii:<\/strong> Do 15 lat lub 200 000 klikni\u0119\u0107<\/li>\n<li data-start=\"1752\" data-end=\"1812\"><strong data-start=\"1754\" data-end=\"1775\">Zasilanie:<\/strong> 2 szt. Baterie CR2032 (wymienne)<\/li>\n<li data-start=\"1813\" data-end=\"1887\"><strong data-start=\"1815\" data-end=\"1835\">Spos\u00f3b monta\u017cu:<\/strong> Monta\u017c powierzchniowy za pomoc\u0105 \u015brub lub ta\u015bmy samoprzylepnej<\/li>\n<li data-start=\"1888\" data-end=\"1913\"><strong data-start=\"1890\" data-end=\"1899\">Mierzy\u0107:<\/strong> 71x71x14mm<\/li>\n<li data-start=\"1914\" data-end=\"1945\"><strong data-start=\"1916\" data-end=\"1934\">P\u0142yta \u015brodkowa:<\/strong> 55\u00d755 mm<\/li>\n<li data-start=\"1946\" data-end=\"1990\"><strong data-start=\"1948\" data-end=\"1961\">Tworzywo:<\/strong> Termoplastyczny, bia\u0142y (RAL 9003)<\/li>\n<li data-start=\"1991\" data-end=\"2021\"><strong data-start=\"1993\" data-end=\"2001\">Powierzchnia:<\/strong> Puste, nieobrobione<\/li>\n<li data-start=\"2022\" data-end=\"2065\"><strong data-start=\"2024\" data-end=\"2037\">Klasa IP:<\/strong> IP20 (tylko do u\u017cytku wewn\u0105trz pomieszcze\u0144)<\/li>\n<li data-start=\"2066\" data-end=\"2122\"><strong data-start=\"2068\" data-end=\"2087\">Zgodno\u015b\u0107:<\/strong> Pasuje do ramy Schneider Exxact\u00ae<\/li>\n<\/ul>\n<p data-start=\"2124\" data-end=\"2335\">Dzi\u0119ki Plejd WPH-01-SW otrzymujesz stylowe i funkcjonalne rozwi\u0105zanie do bezprzewodowego sterowania inteligentnym o\u015bwietleniem.<\/p>\n<p data-start=\"2124\" data-end=\"2335\">Idealne do dom\u00f3w, biur i innych pomieszcze\u0144, w kt\u00f3rych priorytetem jest elastyczno\u015b\u0107 i \u0142atwo\u015b\u0107 instalacji.<\/p>","protected":false},"excerpt":{"rendered":"<p>Plejd WPH-01-SW to bezprzewodowy przycisk umo\u017cliwiaj\u0105cy p\u0142ynne sterowanie produktami Plejd.<\/p>\n<p>Mo\u017cna go zamontowa\u0107 na powierzchni za pomoc\u0105 ta\u015bmy lub \u015brub i \u0142atwo skonfigurowa\u0107 w aplikacji Plejd.<\/p>\n<p>Dzi\u0119ki \u017cywotno\u015bci baterii si\u0119gaj\u0105cej nawet 15 lat i technologii Bluetooth\u00ae Mesh jest to elastyczne i d\u0142ugoterminowe rozwi\u0105zanie do inteligentnego sterowania o\u015bwietleniem.<\/p>","protected":false},"featured_media":148057,"template":"","meta":{"_acf_changed":false},"product_brand":[],"product_cat":[4658],"product_tag":[],"class_list":{"0":"post-148058","1":"product","2":"type-product","3":"status-publish","4":"has-post-thumbnail","6":"product_cat-plejd-stromstallare","7":"product_shipping_class-postnord-varubrev","8":"pa_brands-plejd","9":"pa_farg-vit","10":"tm-has-options","12":"first","13":"instock","14":"sale","15":"taxable","16":"shipping-taxable","17":"purchasable","18":"product-type-simple"},"acf":[],"_links":{"self":[{"href":"https:\/\/secureus.se\/pl\/wp-json\/wp\/v2\/product\/148058","targetHints":{"allow":["GET"]}}],"collection":[{"href":"https:\/\/secureus.se\/pl\/wp-json\/wp\/v2\/product"}],"about":[{"href":"https:\/\/secureus.se\/pl\/wp-json\/wp\/v2\/types\/product"}],"wp:featuredmedia":[{"embeddable":true,"href":"https:\/\/secureus.se\/pl\/wp-json\/wp\/v2\/media\/148057"}],"wp:attachment":[{"href":"https:\/\/secureus.se\/pl\/wp-json\/wp\/v2\/media?parent=148058"}],"wp:term":[{"taxonomy":"product_brand","embeddable":true,"href":"https:\/\/secureus.se\/pl\/wp-json\/wp\/v2\/product_brand?post=148058"},{"taxonomy":"product_cat","embeddable":true,"href":"https:\/\/secureus.se\/pl\/wp-json\/wp\/v2\/product_cat?post=148058"},{"taxonomy":"product_tag","embeddable":true,"href":"https:\/\/secureus.se\/pl\/wp-json\/wp\/v2\/product_tag?post=148058"}],"curies":[{"name":"wp","href":"https:\/\/api.w.org\/{rel}","templated":true}]}}