{"id":148060,"date":"2025-02-25T12:22:25","date_gmt":"2025-02-25T11:22:25","guid":{"rendered":"https:\/\/secureus.se\/?post_type=product&#038;p=148060"},"modified":"2026-04-08T16:26:43","modified_gmt":"2026-04-08T14:26:43","slug":"plejd-controller-ctr-01-0-1-10v-16a-mesh-bt","status":"publish","type":"product","link":"https:\/\/secureus.se\/pl\/plejd-controller-ctr-01-0-1-10v-16a-mesh-bt\/","title":{"rendered":"Kontroler Plejd CTR-01 0\/1-10V 16A Siatka BT"},"content":{"rendered":"<h1 data-start=\"526\" data-end=\"893\">Plejd CTR-01 \u2013 Pot\u0119\u017cny i elastyczny kontroler do inteligentnego sterowania o\u015bwietleniem<\/h1>\n<p data-start=\"526\" data-end=\"893\">Kontroler Plejd CTR-01 to wszechstronne i wydajne urz\u0105dzenie umo\u017cliwiaj\u0105ce zar\u00f3wno sterowanie przeka\u017anikami, jak i produktami innych firm z wej\u015bciem 0\u201310 V lub 1\u201310 V, takimi jak sterowniki LED i urz\u0105dzenia HF.<\/p>\n<p data-start=\"526\" data-end=\"893\">Wytrzymuje obci\u0105\u017cenie do 16 A i jest wyposa\u017cony w funkcj\u0119 wykrywania przej\u015bcia przez zero, kt\u00f3ra wyd\u0142u\u017ca \u017cywotno\u015b\u0107 pod\u0142\u0105czonych urz\u0105dze\u0144 poprzez zmniejszenie zu\u017cycia prze\u0142\u0105cznik\u00f3w.<\/p>\n<p data-start=\"895\" data-end=\"1230\">CTR-01 mo\u017cna sterowa\u0107 zar\u00f3wno bezprzewodowo za pomoc\u0105 aplikacji Plejd, jak i r\u0119cznie za pomoc\u0105 przycisku spr\u0119\u017cynowego, prze\u0142\u0105cznika lub czujnika ruchu.<\/p>\n<p data-start=\"895\" data-end=\"1230\">Posiada dwa oddzielne wej\u015bcia umo\u017cliwiaj\u0105ce elastyczne sterowanie i obs\u0142uguje zaawansowane funkcje czasowe, takie jak timer, zegar astronomiczny i zegar tygodniowy, dzi\u0119ki czemu idealnie nadaje si\u0119 do planowania i automatycznego sterowania o\u015bwietleniem.<\/p>\n<p data-start=\"1232\" data-end=\"1525\">Urz\u0105dzenie wykorzystuje technologi\u0119 Bluetooth\u00ae Mesh, co oznacza, \u017ce ka\u017cde urz\u0105dzenie w systemie dzia\u0142a jako w\u0119ze\u0142, zwi\u0119kszaj\u0105c zasi\u0119g i zapewniaj\u0105c stabilne i niezawodne po\u0142\u0105czenie.<\/p>\n<p data-start=\"1232\" data-end=\"1525\">Zasi\u0119g radiowy wynosz\u0105cy oko\u0142o 10 metr\u00f3w wewn\u0105trz pomieszcze\u0144 pozwala na \u0142atw\u0105 integracj\u0119 urz\u0105dzenia z wi\u0119kszymi systemami Plejd bez utraty sygna\u0142u.<\/p>\n<p data-start=\"1527\" data-end=\"1858\">Urz\u0105dzenie CTR-01 ma kompaktowe wymiary 46x46x18 mm i mo\u017cna je zamontowa\u0107 bezpo\u015brednio w puszce za prze\u0142\u0105cznikiem lub na \u015bcianie lub szynie DIN za pomoc\u0105 klipsa monta\u017cowego MNT-01 (brak w zestawie).<\/p>\n<p data-start=\"1527\" data-end=\"1858\">Urz\u0105dzenie jest przeznaczone do zasilania z sieci o napi\u0119ciu 230 V\/50 Hz i charakteryzuje si\u0119 niskim poborem mocy w trybie czuwania, wynosz\u0105cym &lt;0,5 W, co czyni je energooszcz\u0119dnym.<\/p>\n<p data-start=\"1860\" data-end=\"2019\">Ten kontroler jest doskona\u0142ym wyborem zar\u00f3wno do instalacji prywatnych, jak i komercyjnych, gdzie priorytetem jest niezawodna i elastyczna kontrola o\u015bwietlenia.<\/p>\n<h3 data-start=\"2021\" data-end=\"2054\"><strong data-start=\"2025\" data-end=\"2054\">Dane techniczne:<\/strong><\/h3>\n<ul data-start=\"2055\" data-end=\"2636\">\n<li data-start=\"2055\" data-end=\"2087\"><strong data-start=\"2057\" data-end=\"2073\">Napi\u0119cie sieciowe:<\/strong> 230V \/ 50Hz<\/li>\n<li data-start=\"2088\" data-end=\"2117\"><strong data-start=\"2090\" data-end=\"2108\">Moc w trybie gotowo\u015bci:<\/strong> &lt;0,5 W<\/li>\n<li data-start=\"2118\" data-end=\"2165\"><strong data-start=\"2120\" data-end=\"2136\">No\u015bno\u015b\u0107 zerowa:<\/strong> Do 16 A (wyj\u015bcie przeka\u017anikowe)<\/li>\n<li data-start=\"2166\" data-end=\"2212\"><strong data-start=\"2168\" data-end=\"2186\">Komunikacja:<\/strong> Sie\u0107 Bluetooth\u00ae 2,4 GHz<\/li>\n<li data-start=\"2213\" data-end=\"2255\"><strong data-start=\"2215\" data-end=\"2233\">Zasi\u0119g radiowy:<\/strong> Oko\u0142o 10 metr\u00f3w w pomieszczeniu<\/li>\n<li data-start=\"2256\" data-end=\"2300\"><strong data-start=\"2258\" data-end=\"2271\">Wsparcie dla:<\/strong> Sterowanie 0\u201310 V i 1\u201310 V<\/li>\n<li data-start=\"2301\" data-end=\"2374\"><strong data-start=\"2303\" data-end=\"2322\">Liczba wej\u015b\u0107:<\/strong> 2 do przycisku, prze\u0142\u0105cznika lub czujnika ruchu<\/li>\n<li data-start=\"2375\" data-end=\"2424\"><strong data-start=\"2377\" data-end=\"2396\">Funkcje czasowe:<\/strong> Timer, zegar astrologiczny i tygodniowy<\/li>\n<li data-start=\"2425\" data-end=\"2450\"><strong data-start=\"2427\" data-end=\"2436\">Mierzy\u0107:<\/strong> 46x46x18mm<\/li>\n<li data-start=\"2451\" data-end=\"2527\"><strong data-start=\"2453\" data-end=\"2467\">Montowanie:<\/strong> Monta\u017c wpuszczany w puszce podtynkowej lub na szynie \u015bciennej\/DIN<\/li>\n<li data-start=\"2528\" data-end=\"2592\"><strong data-start=\"2530\" data-end=\"2540\">Ochrona:<\/strong> Wykrywanie przej\u015bcia przez zero i ochrona przed przegrzaniem<\/li>\n<li data-start=\"2593\" data-end=\"2636\"><strong data-start=\"2595\" data-end=\"2608\">Klasa IP:<\/strong> IP20 (tylko do u\u017cytku wewn\u0105trz pomieszcze\u0144)<\/li>\n<\/ul>\n<p data-start=\"2638\" data-end=\"2801\">Z <strong data-start=\"2642\" data-end=\"2658\">Kratka CTR-01<\/strong> dostaniesz jeden <strong data-start=\"2669\" data-end=\"2704\">inteligentne i przysz\u0142o\u015bciowe rozwi\u0105zanie<\/strong> do sterowania o\u015bwietleniem, dostosowane do r\u00f3\u017cnych zastosowa\u0144, od ma\u0142ych instalacji domowych po wi\u0119ksze projekty komercyjne.<\/p>","protected":false},"excerpt":{"rendered":"<p>Plejd CTR-01 to wydajny i elastyczny sterownik do sterowania przeka\u017anikami do 16 A i sterowania produktami innych firm za pomoc\u0105 napi\u0119cia 0\u201310 V lub 1\u201310 V.<\/p>\n<p>Mo\u017cna nim sterowa\u0107 bezprzewodowo za pomoc\u0105 aplikacji Plejd. Oferuje on zaawansowane funkcje czasowe, takie jak timer, zegar astro i zegar tygodniowy.<\/p>\n<p>Idealne do inteligentnego sterowania o\u015bwietleniem w domach i firmach.<\/p>","protected":false},"featured_media":148059,"template":"","meta":{"_acf_changed":false},"product_brand":[],"product_cat":[4660],"product_tag":[4670],"class_list":{"0":"post-148060","1":"product","2":"type-product","3":"status-publish","4":"has-post-thumbnail","6":"product_cat-plejd-relaer-led","7":"product_tag-plejd","8":"product_shipping_class-postnord-varubrev","9":"pa_brands-plejd","10":"tm-has-options","12":"first","13":"instock","14":"sale","15":"taxable","16":"shipping-taxable","17":"purchasable","18":"product-type-simple"},"acf":[],"_links":{"self":[{"href":"https:\/\/secureus.se\/pl\/wp-json\/wp\/v2\/product\/148060","targetHints":{"allow":["GET"]}}],"collection":[{"href":"https:\/\/secureus.se\/pl\/wp-json\/wp\/v2\/product"}],"about":[{"href":"https:\/\/secureus.se\/pl\/wp-json\/wp\/v2\/types\/product"}],"wp:featuredmedia":[{"embeddable":true,"href":"https:\/\/secureus.se\/pl\/wp-json\/wp\/v2\/media\/148059"}],"wp:attachment":[{"href":"https:\/\/secureus.se\/pl\/wp-json\/wp\/v2\/media?parent=148060"}],"wp:term":[{"taxonomy":"product_brand","embeddable":true,"href":"https:\/\/secureus.se\/pl\/wp-json\/wp\/v2\/product_brand?post=148060"},{"taxonomy":"product_cat","embeddable":true,"href":"https:\/\/secureus.se\/pl\/wp-json\/wp\/v2\/product_cat?post=148060"},{"taxonomy":"product_tag","embeddable":true,"href":"https:\/\/secureus.se\/pl\/wp-json\/wp\/v2\/product_tag?post=148060"}],"curies":[{"name":"wp","href":"https:\/\/api.w.org\/{rel}","templated":true}]}}