{"id":148064,"date":"2025-02-25T12:22:25","date_gmt":"2025-02-25T11:22:25","guid":{"rendered":"https:\/\/secureus.se\/?post_type=product&#038;p=148064"},"modified":"2026-04-08T16:26:36","modified_gmt":"2026-04-08T14:26:36","slug":"plejd-dosdimmer-dim-01-300va-led-mesh","status":"publish","type":"product","link":"https:\/\/secureus.se\/pl\/plejd-dosdimmer-dim-01-300va-led-mesh\/","title":{"rendered":"Plejd Dosdimmer DIM-01 300VA LED Mesh"},"content":{"rendered":"<h1>Plejd DIM-01 \u2013 inteligentny \u015bciemniacz dozuj\u0105cy do wydajnej i p\u0142ynnej kontroli o\u015bwietlenia<\/h1>\n<p data-start=\"85\" data-end=\"436\">Plejd Dosdimmer DIM-01 to uniwersalny \u015bciemniacz zaprojektowany tak, aby zapewni\u0107 maksymaln\u0105 elastyczno\u015b\u0107 sterowania o\u015bwietleniem.<\/p>\n<p data-start=\"85\" data-end=\"436\">Dzi\u0119ki obs\u0142udze \u015bciemniania narastaj\u0105cego i opadaj\u0105cego, urz\u0105dzenie obs\u0142uguje r\u00f3\u017cne typy \u017ar\u00f3de\u0142 \u015bwiat\u0142a, w tym \u017ar\u00f3d\u0142a \u015bwiat\u0142a LED i transformatory elektroniczne.<\/p>\n<p data-start=\"85\" data-end=\"436\">Obs\u0142uguje obci\u0105\u017cenia do 300 VA i mo\u017ce by\u0107 sterowany zar\u00f3wno r\u0119cznie, jak i bezprzewodowo.<\/p>\n<p data-start=\"438\" data-end=\"843\">DIM-01 wyposa\u017cony jest w dwa niezale\u017cne wej\u015bcia, co umo\u017cliwia sterowanie za pomoc\u0105 przycisku spr\u0119\u017cynowego, czujnika ruchu lub innych zewn\u0119trznych sygna\u0142\u00f3w steruj\u0105cych.<\/p>\n<p data-start=\"438\" data-end=\"843\">Oznacza to, \u017ce mo\u017cna je zintegrowa\u0107 zar\u00f3wno z nowoczesnymi, jak i tradycyjnymi rozwi\u0105zaniami o\u015bwietleniowymi. Dodatkowo \u015bciemniacz posiada regulowany poziom minimalny, maksymalny i pocz\u0105tkowy, dzi\u0119ki czemu mo\u017cna \u0142atwo dostosowa\u0107 jasno\u015b\u0107, aby uzyska\u0107 optymaln\u0105 wydajno\u015b\u0107 i komfort.<\/p>\n<p data-start=\"845\" data-end=\"1228\">Dzi\u0119ki technologii Bluetooth\u00ae Mesh, urz\u0105dzeniem DIM-01 mo\u017cna sterowa\u0107 bezprzewodowo za pomoc\u0105 aplikacji Plejd, co zapewnia \u0142atwy dost\u0119p do zaawansowanych funkcji, takich jak sterowanie czasem, scenariusze i zdalne sterowanie.<\/p>\n<p data-start=\"845\" data-end=\"1228\">Wbudowany zegar astronomiczny i zegar tygodniowy umo\u017cliwiaj\u0105 zautomatyzowanie o\u015bwietlenia w oparciu o por\u0119 dnia lub wsch\u00f3d i zach\u00f3d s\u0142o\u0144ca, co przek\u0142ada si\u0119 zar\u00f3wno na komfort, jak i efektywno\u015b\u0107 energetyczn\u0105.<\/p>\n<p data-start=\"1230\" data-end=\"1623\">DIM-01 to kompaktowe urz\u0105dzenie o wymiarach 46x46x18 mm, kt\u00f3re mo\u017cna montowa\u0107 w obudowie urz\u0105dzenia za przyciskiem lub pokryw\u0105 obudowy.<\/p>\n<p data-start=\"1230\" data-end=\"1623\">Mo\u017cna go r\u00f3wnie\u017c zamontowa\u0107 na \u015bcianie lub szynie DIN za pomoc\u0105 klipsa monta\u017cowego MNT-01 (sprzedawanego oddzielnie).<\/p>\n<p data-start=\"1230\" data-end=\"1623\">Urz\u0105dzenie posiada liczne mechanizmy zabezpieczaj\u0105ce, w tym zabezpieczenie przed przegrzaniem i przeci\u0105\u017ceniem, co zapewnia d\u0142ug\u0105 \u017cywotno\u015b\u0107 i niezawodn\u0105 prac\u0119.<\/p>\n<p data-start=\"1625\" data-end=\"1833\">Niezale\u017cnie od tego, czy chcesz stworzy\u0107 nastrojowe o\u015bwietlenie w swoim domu, biurze lub wi\u0119kszym obiekcie komercyjnym, Plejd DIM-01 to inteligentne i przysz\u0142o\u015bciowe rozwi\u0105zanie umo\u017cliwiaj\u0105ce p\u0142ynne i wydajne sterowanie o\u015bwietleniem.<\/p>\n<h3 data-start=\"1840\" data-end=\"1875\"><strong data-start=\"1844\" data-end=\"1873\">Dane techniczne:<\/strong><\/h3>\n<ul data-start=\"1876\" data-end=\"2617\">\n<li data-start=\"1876\" data-end=\"1908\"><strong data-start=\"1878\" data-end=\"1894\">Napi\u0119cie sieciowe:<\/strong> 230V \/ 50Hz<\/li>\n<li data-start=\"1909\" data-end=\"1937\"><strong data-start=\"1911\" data-end=\"1929\">Moc w trybie gotowo\u015bci:<\/strong> 0,3 W<\/li>\n<li data-start=\"1938\" data-end=\"2162\"><strong data-start=\"1940\" data-end=\"1953\">Maksymalne obci\u0105\u017cenie:<\/strong>\n<ul data-start=\"1958\" data-end=\"2162\">\n<li data-start=\"1958\" data-end=\"1994\">\u015awiat\u0142o halogenowe\/\u017carowe (230 V): 0\u2013300 W<\/li>\n<li data-start=\"1997\" data-end=\"2048\">\u0179r\u00f3d\u0142a \u015bwiat\u0142a\/sterowniki LED (230 V zbocze ko\u0144cowe): 0\u2013200 VA<\/li>\n<li data-start=\"2051\" data-end=\"2103\">\u0179r\u00f3d\u0142a \u015bwiat\u0142a\/sterowniki LED (230 V przednia kraw\u0119d\u017a): 0\u2013100 VA<\/li>\n<li data-start=\"2106\" data-end=\"2162\">Transformatory elektroniczne (halogen 12V): 0\u2013300 VA<\/li>\n<\/ul>\n<\/li>\n<li data-start=\"2163\" data-end=\"2209\"><strong data-start=\"2165\" data-end=\"2183\">Komunikacja:<\/strong> Sie\u0107 Bluetooth\u00ae 2,4 GHz<\/li>\n<li data-start=\"2210\" data-end=\"2285\"><strong data-start=\"2212\" data-end=\"2230\">Zasi\u0119g radiowy:<\/strong> Oko\u0142o 10 metr\u00f3w wewn\u0105trz (rozszerzone technologi\u0105 siatki Plejd)<\/li>\n<li data-start=\"2286\" data-end=\"2363\"><strong data-start=\"2288\" data-end=\"2302\">Montowanie:<\/strong> Monta\u017c wpuszczany w puszce przy\u0142\u0105czeniowej, \u015bcianie lub szynie DIN<\/li>\n<li data-start=\"2364\" data-end=\"2389\"><strong data-start=\"2366\" data-end=\"2375\">Mierzy\u0107:<\/strong> 46x46x18mm<\/li>\n<li data-start=\"2390\" data-end=\"2452\"><strong data-start=\"2392\" data-end=\"2402\">Ochrona:<\/strong> Oprogramowanie\/sprz\u0119t zapobiegaj\u0105ce przegrzaniu, zabezpieczenie przed przeci\u0105\u017ceniem<\/li>\n<li data-start=\"2453\" data-end=\"2496\"><strong data-start=\"2455\" data-end=\"2468\">Klasa IP:<\/strong> IP20 (tylko do u\u017cytku wewn\u0105trz pomieszcze\u0144)<\/li>\n<li data-start=\"2497\" data-end=\"2561\"><strong data-start=\"2499\" data-end=\"2512\">Tworzywo:<\/strong> Termoplast bezhalogenowy, b\u0142yszcz\u0105cy turkusowy (RAL 6027)<\/li>\n<li data-start=\"2562\" data-end=\"2617\"><strong data-start=\"2564\" data-end=\"2583\">Zgodno\u015b\u0107:<\/strong> Apple HomeKit, Asystent Google<\/li>\n<\/ul>","protected":false},"excerpt":{"rendered":"<p>Plejd DIM-01 to wydajny uniwersalny \u015bciemniacz, kt\u00f3ry obs\u0142uguje \u015bciemnianie zar\u00f3wno kraw\u0119dzi\u0105 narastaj\u0105c\u0105, jak i opadaj\u0105c\u0105 do 300 VA.<\/p>\n<p>Mo\u017cna go kontrolowa\u0107 za pomoc\u0105 aplikacji Plejd lub innych urz\u0105dze\u0144. Posiada wbudowane funkcje czasu, takie jak zegar astro i zegar tygodniowy.<\/p>\n<p>Dzi\u0119ki dw\u00f3m oddzielnym wej\u015bciom mo\u017cna go pod\u0142\u0105czy\u0107 do przycisk\u00f3w spr\u0119\u017cynowych lub czujnik\u00f3w ruchu, co zapewnia elastyczn\u0105 kontrol\u0119.<\/p>","protected":false},"featured_media":148063,"template":"","meta":{"_acf_changed":false},"product_brand":[],"product_cat":[4660],"product_tag":[],"class_list":{"0":"post-148064","1":"product","2":"type-product","3":"status-publish","4":"has-post-thumbnail","6":"product_cat-plejd-relaer-led","7":"product_shipping_class-postnord-varubrev","8":"pa_brands-plejd","9":"pa_farg-turkos","10":"tm-has-options","12":"first","13":"instock","14":"sale","15":"taxable","16":"shipping-taxable","17":"purchasable","18":"product-type-simple"},"acf":[],"_links":{"self":[{"href":"https:\/\/secureus.se\/pl\/wp-json\/wp\/v2\/product\/148064","targetHints":{"allow":["GET"]}}],"collection":[{"href":"https:\/\/secureus.se\/pl\/wp-json\/wp\/v2\/product"}],"about":[{"href":"https:\/\/secureus.se\/pl\/wp-json\/wp\/v2\/types\/product"}],"wp:featuredmedia":[{"embeddable":true,"href":"https:\/\/secureus.se\/pl\/wp-json\/wp\/v2\/media\/148063"}],"wp:attachment":[{"href":"https:\/\/secureus.se\/pl\/wp-json\/wp\/v2\/media?parent=148064"}],"wp:term":[{"taxonomy":"product_brand","embeddable":true,"href":"https:\/\/secureus.se\/pl\/wp-json\/wp\/v2\/product_brand?post=148064"},{"taxonomy":"product_cat","embeddable":true,"href":"https:\/\/secureus.se\/pl\/wp-json\/wp\/v2\/product_cat?post=148064"},{"taxonomy":"product_tag","embeddable":true,"href":"https:\/\/secureus.se\/pl\/wp-json\/wp\/v2\/product_tag?post=148064"}],"curies":[{"name":"wp","href":"https:\/\/api.w.org\/{rel}","templated":true}]}}