{"id":148108,"date":"2025-02-19T16:37:19","date_gmt":"2025-02-19T15:37:19","guid":{"rendered":"https:\/\/secureus.se\/?post_type=product&#038;p=148108"},"modified":"2026-04-08T17:00:04","modified_gmt":"2026-04-08T15:00:04","slug":"magicard-mb600ko-black-monochrome-ribbon-600-prints","status":"publish","type":"product","link":"https:\/\/secureus.se\/pl\/magicard-mb600ko-black-monochrome-ribbon-600-prints\/","title":{"rendered":"Ta\u015bma Magicard \u2013 MB600KO, czarna monochromatyczna (600 wydruk\u00f3w)"},"content":{"rendered":"<h1>Wst\u0105\u017cka<br \/>\n  Magicard - MB600KO, czarny monochromatyczny (600 odbitek)<\/h1>\n<p>Ta\u015bma Magicard \u2013 MB600KO, czarna monochromatyczna (600 wydruk\u00f3w)<br \/>\n  Opaska KO z czarnym panelem i nak\u0142adk\u0105 ochronn\u0105. To dobry wyb\u00f3r, je\u015bli<br \/>\n  wymaga wyra\u017anego tekstu, kod\u00f3w kreskowych i dodatkowej ochrony na powierzchni karty.<\/p>\n<p>Nadaje si\u0119 do dowod\u00f3w osobistych, kart dost\u0119pu, kart cz\u0142onkowskich i innych<br \/>\n  karty plastikowe, gdzie liczy si\u0119 wysoka jako\u015b\u0107 druku i niezawodno\u015b\u0107<br \/>\n  wa\u017cny.<\/p>\n<ul>\n<li>Pojemno\u015b\u0107: do 600 wydruk\u00f3w<\/li>\n<li>Typ zespo\u0142u: KO<\/li>\n<li>Numer artyku\u0142u: MB600KO<\/li>\n<\/ul>\n<p><strong>Kompatybilny z Magicard<br \/>\n  600.<\/strong><\/p>\n<p><strong>Waga produktu:<\/strong> 0,20 kg<\/p>","protected":false},"excerpt":{"rendered":"<p>F\u00e4rgband Magicard &#8211; MB600KO, svart monokrom (600 utskrifter) F\u00e4rgband Magicard &#8211; MB600KO, svart monokrom (600 utskrifter) \u00e4r ett KO-band med svart panel och skyddande overlay. Det \u00e4r ett bra val<\/p>","protected":false},"featured_media":148107,"template":"","meta":{"_acf_changed":false},"product_brand":[],"product_cat":[3216,4830],"product_tag":[4863],"class_list":{"0":"post-148108","1":"product","2":"type-product","3":"status-publish","4":"has-post-thumbnail","6":"product_cat-magicard-fargband-retransfer","7":"product_cat-magicard-600-band","8":"product_tag-pf","9":"product_shipping_class-postnord-varubrev","10":"pa_brands-magicard","11":"tm-has-options","13":"first","14":"instock","15":"sale","16":"taxable","17":"shipping-taxable","18":"purchasable","19":"product-type-simple"},"acf":[],"_links":{"self":[{"href":"https:\/\/secureus.se\/pl\/wp-json\/wp\/v2\/product\/148108","targetHints":{"allow":["GET"]}}],"collection":[{"href":"https:\/\/secureus.se\/pl\/wp-json\/wp\/v2\/product"}],"about":[{"href":"https:\/\/secureus.se\/pl\/wp-json\/wp\/v2\/types\/product"}],"wp:featuredmedia":[{"embeddable":true,"href":"https:\/\/secureus.se\/pl\/wp-json\/wp\/v2\/media\/148107"}],"wp:attachment":[{"href":"https:\/\/secureus.se\/pl\/wp-json\/wp\/v2\/media?parent=148108"}],"wp:term":[{"taxonomy":"product_brand","embeddable":true,"href":"https:\/\/secureus.se\/pl\/wp-json\/wp\/v2\/product_brand?post=148108"},{"taxonomy":"product_cat","embeddable":true,"href":"https:\/\/secureus.se\/pl\/wp-json\/wp\/v2\/product_cat?post=148108"},{"taxonomy":"product_tag","embeddable":true,"href":"https:\/\/secureus.se\/pl\/wp-json\/wp\/v2\/product_tag?post=148108"}],"curies":[{"name":"wp","href":"https:\/\/api.w.org\/{rel}","templated":true}]}}