{"id":148311,"date":"2025-02-28T12:32:05","date_gmt":"2025-02-28T11:32:05","guid":{"rendered":"https:\/\/secureus.se\/seagate-st8000vx010-35-skyhawk-8tb-harddisk-sata-6gb-s\/"},"modified":"2025-12-31T21:44:00","modified_gmt":"2025-12-31T20:44:00","slug":"seagate-st8000vx010-35-skyhawk-8tb-harddisk-sata-6gb-s","status":"publish","type":"product","link":"https:\/\/secureus.se\/pl\/seagate-st8000vx010-35-skyhawk-8tb-harddisk-sata-6gb-s\/","title":{"rendered":"Dysk twardy Seagate ST8000VX010 3,5\u2033 SkyHawk 8TB, SATA 6 GB\/s"},"content":{"rendered":"<div class=\"headernamehrnone\">\n<p><b>M\u0105dry. Jasne. Jasne. | Specjalistyczne przechowywanie danych do monitorowania<\/b>Dyski SkyHawk\u2122 korzystaj\u0105 z bogatego do\u015bwiadczenia firmy Seagate w projektowaniu dysk\u00f3w twardych przeznaczonych do zastosowa\u0144 w monitoringu.<\/p>\n<p><b>G\u0142\u00f3wne korzy\u015bci:<\/b><\/p>\n<ul>\n<li><b>Oprogramowanie uk\u0142adowe ImagePerfect\u2122<\/b>\u00a0jest przeznaczony do zapewnienia p\u0142ynnego przechwytywania obrazu wideo w systemach monitoringu 24\u00d77, kt\u00f3re rejestruj\u0105 obraz z 64 kamer HD.<\/li>\n<li><b>Zarz\u0105dzanie zdrowiem SkyHawk<\/b>\u00a0aktywnie pomaga chroni\u0107 Twoje dane monitoringu, koncentruj\u0105c si\u0119 na opcjach zapobiegania, interwencji i odzyskiwania. W zestawie znajduje si\u0119 funkcja RAID RapidRebuild\u2122, kt\u00f3ra umo\u017cliwia trzykrotnie szybsz\u0105 odbudow\u0119 woluminu w por\u00f3wnaniu do tradycyjnej odbudowy RAID.<\/li>\n<li><b>Niezr\u00f3wnana ochrona danych<\/b>\u00a0z opcjonalnym 2-letnim planem Rescue Data Recovery Services, kt\u00f3ry zapewnia dost\u0119p do bezpiecznych laboratori\u00f3w Seagate, szczyc\u0105cych si\u0119 wiod\u0105c\u0105 w bran\u017cy skuteczno\u015bci\u0105 w odzyskiwaniu danych.<\/li>\n<li><b>Wbudowane czujniki RV<\/b>\u00a0umo\u017cliwia dyskom utrzymanie wydajno\u015bci w systemach wielozatokowych, oferuj\u0105c klientom elastyczno\u015b\u0107 skalowania system\u00f3w, gdy potrzebna jest wi\u0119ksza ilo\u015b\u0107 pami\u0119ci masowej.<\/li>\n<li><b>Obs\u0142uga przesy\u0142ania strumieniowego ATA<\/b>\u00a0umo\u017cliwia nagrywanie z maksymalnie 64 kamer HD, zapewniaj\u0105c p\u0142ynne i nieprzerwane nagrania.<\/li>\n<li><b>1 mln godzin MTBF, 3-letnia ograniczona gwarancja<\/b>\u00a0oznacza ni\u017cszy ca\u0142kowity koszt posiadania (TCO) przy obni\u017conych kosztach konserwacji.<\/li>\n<li>L<b>ni\u017csze zu\u017cycie energii<\/b>\u00a0oznacza redukcj\u0119 emisji ciep\u0142a, co poprawia niezawodno\u015b\u0107 rozwi\u0105za\u0144 monitoruj\u0105cych. Odporne na plamy komponenty chroni\u0105 nap\u0119d przed czynnikami \u015brodowiskowymi, zwi\u0119kszaj\u0105c niezawodno\u015b\u0107 w terenie.<\/li>\n<\/ul>\n<\/div>\n<div class=\"row headername\">\n<div class=\"item-header rd-hyg-item-header\"><strong>G\u0142\u00f3wne cechy<\/strong><\/div>\n<div class=\"row\">\n<ul>\n<li>Rejestrator wideo sieciowy (NVR)<\/li>\n<li>Urz\u0105dzenia do nagrywania wideo DVR<\/li>\n<li>Oprogramowanie sprz\u0119towe ImagePerfect\u2122<\/li>\n<li>Zarz\u0105dzanie zdrowiem SkyHawk<\/li>\n<li>Niezr\u00f3wnana ochrona danych<\/li>\n<li>1 mln godzin MTBF, 3-letnia ograniczona gwarancja<\/li>\n<\/ul>\n<\/div>\n<\/div>","protected":false},"excerpt":{"rendered":"<p><strong>Seagate SkyHawk ST8000VX010 \u2013 8TB 3.5\u2033 dysk twardy SATA<\/strong><\/p>\n<p>SkyHawk zosta\u0142 zaprojektowany dla system\u00f3w wideo i idealnie nadaje si\u0119 do system\u00f3w DVR i NVR. Dzi\u0119ki technologiom ImagePerfect i SkyHawk Health Management gwarantuje niezawodne i ci\u0105g\u0142e nagrywanie wideo. Oferuje szybki transfer danych 6 Gbit\/s i posiada rozmiar bufora 256 MB. Obejmuje trzyletni\u0105 us\u0142ug\u0119 Seagate Rescue Data Recovery zapewniaj\u0105c\u0105 dodatkow\u0105 ochron\u0119 danych.<\/p>","protected":false},"featured_media":148310,"template":"","meta":{"_acf_changed":false},"product_brand":[],"product_cat":[3261],"product_tag":[],"class_list":{"0":"post-148311","1":"product","2":"type-product","3":"status-publish","4":"has-post-thumbnail","6":"product_cat-hdd-harddisk-3-5","7":"product_shipping_class-tunga-paket","8":"pa_brands-seagate","9":"tm-no-options","11":"first","12":"outofstock","13":"sale","14":"taxable","15":"shipping-taxable","16":"purchasable","17":"product-type-simple"},"acf":[],"_links":{"self":[{"href":"https:\/\/secureus.se\/pl\/wp-json\/wp\/v2\/product\/148311","targetHints":{"allow":["GET"]}}],"collection":[{"href":"https:\/\/secureus.se\/pl\/wp-json\/wp\/v2\/product"}],"about":[{"href":"https:\/\/secureus.se\/pl\/wp-json\/wp\/v2\/types\/product"}],"wp:featuredmedia":[{"embeddable":true,"href":"https:\/\/secureus.se\/pl\/wp-json\/wp\/v2\/media\/148310"}],"wp:attachment":[{"href":"https:\/\/secureus.se\/pl\/wp-json\/wp\/v2\/media?parent=148311"}],"wp:term":[{"taxonomy":"product_brand","embeddable":true,"href":"https:\/\/secureus.se\/pl\/wp-json\/wp\/v2\/product_brand?post=148311"},{"taxonomy":"product_cat","embeddable":true,"href":"https:\/\/secureus.se\/pl\/wp-json\/wp\/v2\/product_cat?post=148311"},{"taxonomy":"product_tag","embeddable":true,"href":"https:\/\/secureus.se\/pl\/wp-json\/wp\/v2\/product_tag?post=148311"}],"curies":[{"name":"wp","href":"https:\/\/api.w.org\/{rel}","templated":true}]}}