{"id":148355,"date":"2025-03-03T12:33:56","date_gmt":"2025-03-03T11:33:56","guid":{"rendered":"https:\/\/secureus.se\/eaton-640472full-0299x-flashni-horbart-visuellt-larm-bla-lins-djupvit\/"},"modified":"2026-04-23T13:28:59","modified_gmt":"2026-04-23T11:28:59","slug":"eaton-640472full-0299x-flashni-horbart-visuellt-larm-bla-lins-djupvit","status":"publish","type":"product","link":"https:\/\/secureus.se\/pl\/eaton-640472full-0299x-flashni-horbart-visuellt-larm-bla-lins-djupvit\/","title":{"rendered":"Eaton 640472FULL-0299X Alarm d\u017awi\u0119kowo-wizualny Flashni, soczewka niebieska, g\u0142\u0119boka biel"},"content":{"rendered":"<h1 data-start=\"220\" data-end=\"699\">Eaton 640472FULL-0299X to niezawodny i wydajny alarm d\u017awi\u0119kowy i wizualny, przeznaczony do stosowania w r\u00f3\u017cnorodnych systemach bezpiecze\u0144stwa.<\/h1>\n<p data-start=\"220\" data-end=\"699\">Alarm ma niebiesk\u0105 soczewk\u0119 i g\u0142\u0119boko bia\u0142\u0105 podstaw\u0119, dzi\u0119ki czemu jest widoczny i s\u0142yszalny w sytuacjach awaryjnych.<\/p>\n<p data-start=\"220\" data-end=\"699\">Poziom ha\u0142asu wynosi 110 dB, co jest wystarczaj\u0105c\u0105 moc\u0105, aby ostrzega\u0107 o powa\u017cnych incydentach.<\/p>\n<p data-start=\"220\" data-end=\"699\">Alarm jest kompatybilny z napi\u0119ciem 24 V DC i ma oddzielne z\u0142\u0105cza dla d\u017awi\u0119ku i \u015bwiat\u0142a, co zapewnia elastyczno\u015b\u0107 instalacji.<\/p>\n<p data-start=\"701\" data-end=\"1086\">Obudowa produktu ma stopie\u0144 ochrony IP65, dzi\u0119ki czemu jest on odporny na kurz i wod\u0119 i nadaje si\u0119 do stosowania zar\u00f3wno wewn\u0105trz, jak i na zewn\u0105trz.<\/p>\n<p data-start=\"701\" data-end=\"1086\">Obudowa przeznaczona jest do monta\u017cu na powierzchni i posiada otw\u00f3r M20 u\u0142atwiaj\u0105cy instalacj\u0119.<\/p>\n<p data-start=\"701\" data-end=\"1086\">Alarm ma kilka r\u00f3\u017cnych opcji d\u017awi\u0119kowych, w tym sygna\u0142 pulsacyjny lub d\u017awi\u0119k ci\u0105g\u0142y, w zale\u017cno\u015bci od potrzeb.<\/p>\n<p data-start=\"701\" data-end=\"1086\">Alarm posiada oznaczenie CE i jest dopuszczony do stosowania w wielu zastosowaniach zwi\u0105zanych z bezpiecze\u0144stwem.<\/p>\n<p data-start=\"1088\" data-end=\"1117\"><strong data-start=\"1088\" data-end=\"1117\">Dane techniczne Eaton 640472FULL-0299X:<\/strong><\/p>\n<ul data-start=\"1118\" data-end=\"1426\">\n<li data-start=\"1118\" data-end=\"1151\"><strong data-start=\"1120\" data-end=\"1129\">Farba:<\/strong> Bia\u0142y (podstawa), niebieski (soczewka)<\/li>\n<li data-start=\"1152\" data-end=\"1203\"><strong data-start=\"1154\" data-end=\"1163\">Mierzy\u0107:<\/strong> Szeroko\u015b\u0107: 93 mm, Wysoko\u015b\u0107: 93 mm, G\u0142\u0119boko\u015b\u0107: 121 mm<\/li>\n<li data-start=\"1204\" data-end=\"1223\"><strong data-start=\"1206\" data-end=\"1215\">Waga:<\/strong> 0,33 kg<\/li>\n<li data-start=\"1224\" data-end=\"1246\"><strong data-start=\"1226\" data-end=\"1239\">Poziom d\u017awi\u0119ku:<\/strong> 110dB<\/li>\n<li data-start=\"1247\" data-end=\"1273\"><strong data-start=\"1249\" data-end=\"1268\">Klasa ochrony:<\/strong> IP65<\/li>\n<li data-start=\"1274\" data-end=\"1296\"><strong data-start=\"1276\" data-end=\"1289\">Wolta\u017c:<\/strong> 24V pr\u0105du sta\u0142ego<\/li>\n<li data-start=\"1297\" data-end=\"1325\"><strong data-start=\"1299\" data-end=\"1313\">Montowanie:<\/strong> Monta\u017c powierzchniowy<\/li>\n<li data-start=\"1326\" data-end=\"1362\"><strong data-start=\"1328\" data-end=\"1340\">Typ alarmu:<\/strong> Pulsuj\u0105cy\/Ci\u0105g\u0142y d\u017awi\u0119k<\/li>\n<li data-start=\"1363\" data-end=\"1426\"><strong data-start=\"1365\" data-end=\"1385\">Sygna\u0142 akustyczny:<\/strong> Oddzielne przy\u0142\u0105cza dla d\u017awi\u0119ku i \u015bwiat\u0142a<\/li>\n<\/ul>","protected":false},"excerpt":{"rendered":"<p>Eaton 640472FULL-0299X Alarm d\u017awi\u0119kowy i wizualny z niebiesk\u0105 soczewk\u0105, 24 V DC i podstaw\u0105 w kolorze g\u0142\u0119bokiej bieli.<\/p>\n<p>Alarm generuje d\u017awi\u0119k o nat\u0119\u017ceniu 110 dB i posiada certyfikat ochrony IP65.<\/p>","protected":false},"featured_media":148354,"template":"","meta":{"_acf_changed":false},"product_brand":[],"product_cat":[1562,5097,1825],"product_tag":[],"class_list":{"0":"post-148355","1":"product","2":"type-product","3":"status-publish","4":"has-post-thumbnail","6":"product_cat-larmdon-blixtljus","7":"product_cat-kombisiren-blixt-brand","8":"product_cat-sirener-brand","9":"pa_brands-eaton","10":"tm-no-options","12":"first","13":"onbackorder","14":"sale","15":"taxable","16":"shipping-taxable","17":"purchasable","18":"product-type-simple"},"acf":[],"_links":{"self":[{"href":"https:\/\/secureus.se\/pl\/wp-json\/wp\/v2\/product\/148355","targetHints":{"allow":["GET"]}}],"collection":[{"href":"https:\/\/secureus.se\/pl\/wp-json\/wp\/v2\/product"}],"about":[{"href":"https:\/\/secureus.se\/pl\/wp-json\/wp\/v2\/types\/product"}],"wp:featuredmedia":[{"embeddable":true,"href":"https:\/\/secureus.se\/pl\/wp-json\/wp\/v2\/media\/148354"}],"wp:attachment":[{"href":"https:\/\/secureus.se\/pl\/wp-json\/wp\/v2\/media?parent=148355"}],"wp:term":[{"taxonomy":"product_brand","embeddable":true,"href":"https:\/\/secureus.se\/pl\/wp-json\/wp\/v2\/product_brand?post=148355"},{"taxonomy":"product_cat","embeddable":true,"href":"https:\/\/secureus.se\/pl\/wp-json\/wp\/v2\/product_cat?post=148355"},{"taxonomy":"product_tag","embeddable":true,"href":"https:\/\/secureus.se\/pl\/wp-json\/wp\/v2\/product_tag?post=148355"}],"curies":[{"name":"wp","href":"https:\/\/api.w.org\/{rel}","templated":true}]}}