{"id":148414,"date":"2025-03-05T12:03:59","date_gmt":"2025-03-05T11:03:59","guid":{"rendered":"https:\/\/secureus.se\/provstangsforlangare-113-m-solo-101\/"},"modified":"2026-04-23T12:47:51","modified_gmt":"2026-04-23T10:47:51","slug":"provstangsforlangare-113-m-solo-101","status":"publish","type":"product","link":"https:\/\/secureus.se\/pl\/provstangsforlangare-113-m-solo-101\/","title":{"rendered":"Przed\u0142u\u017cenie pr\u0119ta testowego 1,13 m \u2013 Solo 101"},"content":{"rendered":"<h1>Przed\u0142u\u017cenie pr\u0119ta testowego 1,13 m \u2013 Solo 101<\/h1>\n<h3 data-start=\"264\" data-end=\"319\">Elastyczne przed\u0142u\u017cenie pr\u0119ta testowego zapewniaj\u0105ce wi\u0119kszy zasi\u0119g<\/h3>\n<p data-start=\"320\" data-end=\"590\">Solo 101 to przed\u0142u\u017cacz pr\u0119ta testowego o d\u0142ugo\u015bci 1,13 m, kt\u00f3ry u\u0142atwia dotarcie do wysoko umieszczonych czujnik\u00f3w dymu, ciep\u0142a i tlenku w\u0119gla bez konieczno\u015bci u\u017cywania drabiny.<\/p>\n<p data-start=\"320\" data-end=\"590\">Pasuje do teleskopowych kij\u00f3w Solo 100, Solo 108 i Solo 110, dzi\u0119ki czemu jest wszechstronnym akcesorium dla instalator\u00f3w i technik\u00f3w.<\/p>\n<h3 data-start=\"592\" data-end=\"624\">Po\u0142\u0105cz, aby uzyska\u0107 maksymaln\u0105 wysoko\u015b\u0107<\/h3>\n<ul data-start=\"625\" data-end=\"823\">\n<li data-start=\"625\" data-end=\"699\">\n<p data-start=\"627\" data-end=\"699\">Mo\u017cna po\u0142\u0105czy\u0107 ze sob\u0105 maksymalnie 3 Solo 101, co pozwoli uzyska\u0107 \u0142\u0105czn\u0105 dodatkow\u0105 wysoko\u015b\u0107 4,8 m.<\/p>\n<\/li>\n<li data-start=\"700\" data-end=\"761\">\n<p data-start=\"702\" data-end=\"761\">Mo\u017cna \u0142\u0105czy\u0107 z Solo 108, aby osi\u0105gn\u0105\u0107 zasi\u0119g ok. 7,3 m.<\/p>\n<\/li>\n<li data-start=\"762\" data-end=\"823\">\n<p data-start=\"764\" data-end=\"823\">Mo\u017cna \u0142\u0105czy\u0107 z Solo 100, aby osi\u0105gn\u0105\u0107 zasi\u0119g do oko\u0142o 9,3 m.<\/p>\n<\/li>\n<\/ul>\n<h3 data-start=\"825\" data-end=\"852\">Korzy\u015bci z Solo 101<\/h3>\n<ul data-start=\"853\" data-end=\"1085\">\n<li data-start=\"853\" data-end=\"880\">\n<p data-start=\"855\" data-end=\"880\">D\u0142ugo\u015b\u0107: 1,13 m na jednostk\u0119<\/p>\n<\/li>\n<li data-start=\"881\" data-end=\"921\">\n<p data-start=\"883\" data-end=\"921\">Kompatybilny z Solo 100, 108 i 110<\/p>\n<\/li>\n<li data-start=\"922\" data-end=\"984\">\n<p data-start=\"924\" data-end=\"984\">Mo\u017cliwo\u015b\u0107 pod\u0142\u0105czenia do trzech jednostek w celu uzyskania dodatkowego zasi\u0119gu wynosz\u0105cego 4,8 m<\/p>\n<\/li>\n<li data-start=\"985\" data-end=\"1037\">\n<p data-start=\"987\" data-end=\"1037\">Mo\u017cna \u0142\u0105czy\u0107 z dr\u0105\u017ckami teleskopowymi w przypadku wy\u017cszych sufit\u00f3w<\/p>\n<\/li>\n<li data-start=\"1038\" data-end=\"1085\">\n<p data-start=\"1040\" data-end=\"1085\">Lekki i \u0142atwy w u\u017cyciu w miejscu pracy<\/p>\n<\/li>\n<\/ul>\n<p data-start=\"1087\" data-end=\"1114\"><strong>SPECYFIKACJA TECHNICZNA:<\/strong><\/p>\n<ul data-start=\"1115\" data-end=\"1451\">\n<li data-start=\"1115\" data-end=\"1148\">\n<p data-start=\"1117\" data-end=\"1148\">Produkt: Przed\u0142u\u017cacz pr\u0119ta testowego<\/p>\n<\/li>\n<li data-start=\"1149\" data-end=\"1169\">\n<p data-start=\"1151\" data-end=\"1169\">Model: Solo 101<\/p>\n<\/li>\n<li data-start=\"1170\" data-end=\"1197\">\n<p data-start=\"1172\" data-end=\"1197\">D\u0142ugo\u015b\u0107 na jednostk\u0119: 1,13 m<\/p>\n<\/li>\n<li data-start=\"1198\" data-end=\"1236\">\n<p data-start=\"1200\" data-end=\"1236\">Kompatybilny z: Solo 100, 108, 110<\/p>\n<\/li>\n<li data-start=\"1237\" data-end=\"1280\">\n<p data-start=\"1239\" data-end=\"1280\">Maksymalna liczba pod\u0142\u0105czonych: 3 szt. (\u0142\u0105cznie 4,8 m)<\/p>\n<\/li>\n<li data-start=\"1281\" data-end=\"1331\">\n<p data-start=\"1283\" data-end=\"1331\">Mo\u017cliwo\u015b\u0107 \u0142\u0105czenia z Solo 108: zasi\u0119g ok. 7,3 m<\/p>\n<\/li>\n<li data-start=\"1332\" data-end=\"1382\">\n<p data-start=\"1334\" data-end=\"1382\">Mo\u017cliwo\u015b\u0107 \u0142\u0105czenia z Solo 100: zasi\u0119g ok. 9,3 m<\/p>\n<\/li>\n<li data-start=\"1383\" data-end=\"1451\">\n<p data-start=\"1385\" data-end=\"1451\">Zastosowanie: Przed\u0142u\u017ca dr\u0105\u017cki teleskopowe podczas testowania detektor\u00f3w<\/p>\n<\/li>\n<\/ul>","protected":false},"excerpt":{"rendered":"<p>Przed\u0142u\u017cacz do kijk\u00f3w testowych Solo 101 to przed\u0142u\u017cenie o d\u0142ugo\u015bci 1,13 m do kijk\u00f3w teleskopowych, takich jak Solo 100, 108 i 110.<\/p>\n<p>Mo\u017cna po\u0142\u0105czy\u0107 ze sob\u0105 do 3 s\u0142up\u00f3w, aby osi\u0105gn\u0105\u0107 wysoko\u015b\u0107 do 4,8 m, a w po\u0142\u0105czeniu z innymi s\u0142upami do 9,3 m wysoko\u015bci sufitu.<\/p>","protected":false},"featured_media":148413,"template":"","meta":{"_acf_changed":false},"product_brand":[],"product_cat":[2945,5070,5088,5072,5089,2946],"product_tag":[],"class_list":{"0":"post-148414","1":"product","2":"type-product","3":"status-publish","4":"has-post-thumbnail","6":"product_cat-solo","7":"product_cat-provstanger","8":"product_cat-solo-solo","9":"product_cat-solo-365","10":"product_cat-solo-365-solo-365","11":"product_cat-testifire","12":"product_shipping_class-tunga-paket","13":"pa_brands-solo","14":"tm-no-options","16":"first","17":"instock","18":"sale","19":"taxable","20":"shipping-taxable","21":"purchasable","22":"product-type-simple"},"acf":[],"_links":{"self":[{"href":"https:\/\/secureus.se\/pl\/wp-json\/wp\/v2\/product\/148414","targetHints":{"allow":["GET"]}}],"collection":[{"href":"https:\/\/secureus.se\/pl\/wp-json\/wp\/v2\/product"}],"about":[{"href":"https:\/\/secureus.se\/pl\/wp-json\/wp\/v2\/types\/product"}],"wp:featuredmedia":[{"embeddable":true,"href":"https:\/\/secureus.se\/pl\/wp-json\/wp\/v2\/media\/148413"}],"wp:attachment":[{"href":"https:\/\/secureus.se\/pl\/wp-json\/wp\/v2\/media?parent=148414"}],"wp:term":[{"taxonomy":"product_brand","embeddable":true,"href":"https:\/\/secureus.se\/pl\/wp-json\/wp\/v2\/product_brand?post=148414"},{"taxonomy":"product_cat","embeddable":true,"href":"https:\/\/secureus.se\/pl\/wp-json\/wp\/v2\/product_cat?post=148414"},{"taxonomy":"product_tag","embeddable":true,"href":"https:\/\/secureus.se\/pl\/wp-json\/wp\/v2\/product_tag?post=148414"}],"curies":[{"name":"wp","href":"https:\/\/api.w.org\/{rel}","templated":true}]}}