{"id":148501,"date":"2025-03-07T14:02:51","date_gmt":"2025-03-07T13:02:51","guid":{"rendered":"https:\/\/secureus.se\/ajax-bulletcam-5mp-kamera-ai-28mm-svart\/"},"modified":"2026-03-30T12:31:48","modified_gmt":"2026-03-30T10:31:48","slug":"ajax-bulletcam-5mp-kamera-ai-28mm-svart","status":"publish","type":"product","link":"https:\/\/secureus.se\/pl\/ajax-bulletcam-5mp-kamera-ai-28mm-svart\/","title":{"rendered":"Kamera Ajax BulletCam 5MP \u2013 AI 2,8 mm czarna"},"content":{"rendered":"<h1 data-start=\"295\" data-end=\"476\">Ajax Kamera 5MP AI Bullet 2,8mm svart<\/h1>\n<p data-start=\"295\" data-end=\"476\"><span class=\"relative -mx-px my-[-0.2rem] rounded px-px py-[0.2rem]\">Ajax Systems presenterar sin BulletCam, en h\u00f6gkvalitativ IP-kamera designad f\u00f6r att m\u00f6ta moderna s\u00e4kerhetsbehov.<\/span><\/p>\n<p data-start=\"295\" data-end=\"476\"><span class=\"relative -mx-px my-[-0.2rem] rounded px-px py-[0.2rem]\">Med en 5MP-sensor och en 2,8 mm fast lins erbjuder kameran kristallklara bilder med en bred bildvinkel p\u00e5 100\u2013110 grader.<\/span><\/p>\n<p data-start=\"295\" data-end=\"476\"><span class=\"relative -mx-px my-[-0.2rem] rounded px-px py-[0.2rem]\">Den inbyggda IR-belysningen m\u00f6jligg\u00f6r tydlig bild\u00e5tergivning \u00e4ven i m\u00f6rka f\u00f6rh\u00e5llanden, med en r\u00e4ckvidd upp till 35 meter.<\/span>\u200b<\/p>\n<p data-start=\"478\" data-end=\"670\"><strong data-start=\"478\" data-end=\"504\">AI-Driven Videoanalys:<\/strong> <span class=\"relative -mx-px my-[-0.2rem] rounded px-px py-[0.2rem]\">BulletCam \u00e4r utrustad med avancerad AI-teknik som kan skilja mellan m\u00e4nniskor, fordon och djur.<\/span><\/p>\n<p data-start=\"478\" data-end=\"670\"><span class=\"relative -mx-px my-[-0.2rem] rounded px-px py-[0.2rem]\">Denna funktion minimerar falsklarm och g\u00f6r det m\u00f6jligt f\u00f6r anv\u00e4ndare att filtrera larm baserat p\u00e5 objektkategori via Ajax-appen.<\/span><\/p>\n<p data-start=\"478\" data-end=\"670\"><span class=\"relative -mx-px my-[-0.2rem] rounded px-px py-[0.2rem]\">F\u00f6r att anv\u00e4nda AI-detekteringen kr\u00e4vs ett microSD-kort f\u00f6r lokal lagring eller anslutning till en Ajax NVR.<\/span>\u200b<\/p>\n<p data-start=\"672\" data-end=\"817\"><strong data-start=\"672\" data-end=\"691\">Ljudfunktioner:<\/strong> <span class=\"relative -mx-px my-[-0.2rem] rounded px-px py-[0.2rem]\">F\u00f6rutom h\u00f6gkvalitativ video erbjuder BulletCam \u00e4ven ljudfunktioner genom den inbyggda mikrofonen.<\/span><\/p>\n<p data-start=\"672\" data-end=\"817\"><span class=\"relative -mx-px my-[-0.2rem] rounded px-px py-[0.2rem]\">Detta m\u00f6jligg\u00f6r tv\u00e5v\u00e4gskommunikation via Ajax-appen, vilket \u00e4r s\u00e4rskilt anv\u00e4ndbart f\u00f6r \u00f6vervakning av ing\u00e5ngar eller f\u00f6r att kommunicera med personer p\u00e5 plats.<\/span>\u200b<\/p>\n<p data-start=\"819\" data-end=\"1024\"><strong data-start=\"819\" data-end=\"858\">Enkel Installation och Integration:<\/strong> <span class=\"relative -mx-px my-[-0.2rem] rounded px-px py-[0.2rem]\">Installationen av BulletCam \u00e4r anv\u00e4ndarv\u00e4nlig och kr\u00e4ver ingen separat hub.<\/span><\/p>\n<p data-start=\"819\" data-end=\"1024\"><span class=\"relative -mx-px my-[-0.2rem] rounded px-px py-[0.2rem]\">Genom att scanna QR-koden p\u00e5 kameran med Ajax-appen kan anv\u00e4ndaren snabbt integrera enheten i sitt s\u00e4kerhetssystem.<\/span><\/p>\n<p data-start=\"819\" data-end=\"1024\"><span class=\"relative -mx-px my-[-0.2rem] rounded px-px py-[0.2rem]\">F\u00f6r lagring av videomaterial kan ett microSD-kort installeras direkt i kameran, eller s\u00e5 kan den anslutas till en Ajax NVR f\u00f6r centraliserad lagring.<\/span>\u200b<\/p>\n<p data-start=\"1026\" data-end=\"1182\"><strong data-start=\"1026\" data-end=\"1056\">Robust och H\u00e5llbar Design:<\/strong> <span class=\"relative -mx-px my-[-0.2rem] rounded px-px py-[0.2rem]\">Med en IP65-klassificering \u00e4r BulletCam skyddad mot damm och vatten, vilket g\u00f6r den l\u00e4mplig f\u00f6r b\u00e5de inomhus- och utomhusbruk.<\/span><\/p>\n<p data-start=\"1026\" data-end=\"1182\"><span class=\"relative -mx-px my-[-0.2rem] rounded px-px py-[0.2rem]\">Den t\u00e5l temperaturer fr\u00e5n -25\u00b0C till +40\u00b0C, vilket s\u00e4kerst\u00e4ller p\u00e5litlig prestanda under olika v\u00e4derf\u00f6rh\u00e5llanden.<\/span>\u200b<\/p>\n<p data-start=\"1184\" data-end=\"1289\"><strong data-start=\"1184\" data-end=\"1203\">Kompatibilitet:<\/strong> <span class=\"relative -mx-px my-[-0.2rem] rounded px-px py-[0.2rem]\">BulletCam \u00e4r fullt kompatibel med alla Ajax hubbar samt Ajax NVR, vilket ger flexibilitet i hur s\u00e4kerhetssystemet kan konfigureras och ut\u00f6kas.<\/span>\u200b<\/p>\n<p data-start=\"1291\" data-end=\"1311\"><strong data-start=\"1291\" data-end=\"1311\">Specifikationer:<\/strong><\/p>\n<ul data-start=\"1313\" data-end=\"2568\">\n<li data-start=\"1313\" data-end=\"1416\"><strong data-start=\"1315\" data-end=\"1330\">Uppl\u00f6sning:<\/strong> <span class=\"relative -mx-px my-[-0.2rem] rounded px-px py-[0.2rem]\">5MP (2880x1620px) vid 25 fps.<\/span>\u200b<\/li>\n<li data-start=\"1417\" data-end=\"1518\"><strong data-start=\"1419\" data-end=\"1432\">Objektiv:<\/strong> <span class=\"relative -mx-px my-[-0.2rem] rounded px-px py-[0.2rem]\">2,8 mm fast lins med 100\u2013110 graders bildvinkel.<\/span>\u200b<\/li>\n<li data-start=\"1519\" data-end=\"1628\"><strong data-start=\"1521\" data-end=\"1542\">Bildkomprimering:<\/strong> <span class=\"relative -mx-px my-[-0.2rem] rounded px-px py-[0.2rem]\">H.264\/H.265.<\/span>\u200b<\/li>\n<li data-start=\"1629\" data-end=\"1734\"><strong data-start=\"1631\" data-end=\"1648\">IR-Belysning:<\/strong> <span class=\"relative -mx-px my-[-0.2rem] rounded px-px py-[0.2rem]\">Upp till 35 meters r\u00e4ckvidd med automatisk dag\/natt-omkoppling.<\/span>\u200b<\/li>\n<li data-start=\"1735\" data-end=\"1836\"><strong data-start=\"1737\" data-end=\"1750\">Mikrofon:<\/strong> <span class=\"relative -mx-px my-[-0.2rem] rounded px-px py-[0.2rem]\">Inbyggd med G722 codec-st\u00f6d.<\/span>\u200b<\/li>\n<li data-start=\"1837\" data-end=\"1943\"><strong data-start=\"1839\" data-end=\"1857\">Larmtriggning:<\/strong> <span class=\"relative -mx-px my-[-0.2rem] rounded px-px py-[0.2rem]\">R\u00f6relsedetektering, AI-detektering, detektorlarm och scenarier.<\/span>\u200b<\/li>\n<li data-start=\"1944\" data-end=\"2044\"><strong data-start=\"1946\" data-end=\"1958\">Lagring:<\/strong> <span class=\"relative -mx-px my-[-0.2rem] rounded px-px py-[0.2rem]\">St\u00f6d f\u00f6r microSD-kort fr\u00e5n 8 GB upp till 256 GB (kort ing\u00e5r ej).<\/span>\u200b<\/li>\n<li data-start=\"2045\" data-end=\"2154\"><strong data-start=\"2047\" data-end=\"2068\">Str\u00f6mf\u00f6rs\u00f6rjning:<\/strong> <span class=\"relative -mx-px my-[-0.2rem] rounded px-px py-[0.2rem]\">PoE 802.3at eller 12VDC, 1A.<\/span>\u200b<\/li>\n<li data-start=\"2155\" data-end=\"2267\"><strong data-start=\"2157\" data-end=\"2181\">Temperaturintervall:<\/strong> <span class=\"relative -mx-px my-[-0.2rem] rounded px-px py-[0.2rem]\">-25\u00b0C till +40\u00b0C med upp till 90% relativ luftfuktighet.<\/span>\u200b<\/li>\n<li data-start=\"2268\" data-end=\"2365\"><strong data-start=\"2270\" data-end=\"2279\">M\u00e5tt:<\/strong> <span class=\"relative -mx-px my-[-0.2rem] rounded px-px py-[0.2rem]\">197,5 mm (L) x 76 mm (B) x 76 mm (H).<\/span>\u200b<\/li>\n<li data-start=\"2366\" data-end=\"2463\"><strong data-start=\"2368\" data-end=\"2377\">Vikt:<\/strong> <span class=\"relative -mx-px my-[-0.2rem] rounded px-px py-[0.2rem]\">0,25 kg.<\/span>\u200b<\/li>\n<li data-start=\"2464\" data-end=\"2568\"><strong data-start=\"2466\" data-end=\"2482\">Skyddsklass:<\/strong> <span class=\"relative -mx-px my-[-0.2rem] rounded px-px py-[0.2rem]\">IP65<\/span><\/li>\n<\/ul>\n","protected":false},"excerpt":{"rendered":"<p><span class=\"relative -mx-px my-[-0.2rem] rounded px-px py-[0.2rem]\">Den AI-drivna BulletCam fr\u00e5n Ajax Systems erbjuder en 5MP-uppl\u00f6sning med en 2,8 mm lins, vilket ger en bildvinkel p\u00e5 100\u2013110 grader.<\/span><\/p>\n<p><span class=\"relative -mx-px my-[-0.2rem] rounded px-px py-[0.2rem]\">Kameran har inbyggd IR-belysning som r\u00e4cker upp till 35 meter, en mikrofon f\u00f6r ljudupptagning och avancerad AI-videoanalys f\u00f6r effektiv r\u00f6relsedetektering.<\/span><\/p>\n<p><span class=\"relative -mx-px my-[-0.2rem] rounded px-px py-[0.2rem]\">Med IP65-klassificering \u00e4r den l\u00e4mplig f\u00f6r b\u00e5de inomhus- och utomhusbruk.<\/span> <span class=\"relative -mx-px my-[-0.2rem] rounded px-px py-[0.2rem]\">Installationen \u00e4r enkel och kan g\u00f6ras via Ajax-appen genom att skanna en QR-kod.<\/span><\/p>\n<p><span class=\"relative -mx-px my-[-0.2rem] rounded px-px py-[0.2rem]\">Kameran st\u00f6der microSD-kort upp till 256 GB f\u00f6r lokal lagring av videomaterial.<\/span> \u200b<\/p>\n","protected":false},"featured_media":152119,"template":"","meta":{"_acf_changed":false},"product_brand":[],"product_cat":[4011],"product_tag":[4863],"class_list":{"0":"post-148501","1":"product","2":"type-product","3":"status-publish","4":"has-post-thumbnail","6":"product_cat-ajax-kameror","7":"product_tag-pf","8":"product_shipping_class-tunga-paket","9":"pa_brands-ajax-systems","10":"pa_farg-svart","11":"tm-no-options","13":"first","14":"instock","15":"sale","16":"taxable","17":"shipping-taxable","18":"purchasable","19":"product-type-simple"},"acf":[],"_links":{"self":[{"href":"https:\/\/secureus.se\/pl\/wp-json\/wp\/v2\/product\/148501","targetHints":{"allow":["GET"]}}],"collection":[{"href":"https:\/\/secureus.se\/pl\/wp-json\/wp\/v2\/product"}],"about":[{"href":"https:\/\/secureus.se\/pl\/wp-json\/wp\/v2\/types\/product"}],"wp:featuredmedia":[{"embeddable":true,"href":"https:\/\/secureus.se\/pl\/wp-json\/wp\/v2\/media\/152119"}],"wp:attachment":[{"href":"https:\/\/secureus.se\/pl\/wp-json\/wp\/v2\/media?parent=148501"}],"wp:term":[{"taxonomy":"product_brand","embeddable":true,"href":"https:\/\/secureus.se\/pl\/wp-json\/wp\/v2\/product_brand?post=148501"},{"taxonomy":"product_cat","embeddable":true,"href":"https:\/\/secureus.se\/pl\/wp-json\/wp\/v2\/product_cat?post=148501"},{"taxonomy":"product_tag","embeddable":true,"href":"https:\/\/secureus.se\/pl\/wp-json\/wp\/v2\/product_tag?post=148501"}],"curies":[{"name":"wp","href":"https:\/\/api.w.org\/{rel}","templated":true}]}}