{"id":148589,"date":"2025-03-04T16:22:25","date_gmt":"2025-03-04T15:22:25","guid":{"rendered":"https:\/\/secureus.se\/armbagskontakt-50mm-alu-jck250\/"},"modified":"2026-04-16T16:52:41","modified_gmt":"2026-04-16T14:52:41","slug":"armbagskontakt-50mm-alu-jck250","status":"publish","type":"product","link":"https:\/\/secureus.se\/pl\/armbagskontakt-50mm-alu-jck250\/","title":{"rendered":"\u0141\u0105cznik \u0142okciowy \u2013 50mm \u2013 Alu \u2013 JCK250"},"content":{"rendered":"<h1>\u0141\u0105cznik \u0142okciowy \u2013 50mm \u2013 Alu \u2013 JCK250<\/h1>\n<p>JCK250 ma zaledwie 50 mm szeroko\u015bci i zosta\u0142 zaprojektowany do monta\u017cu na szklanych sekcjach wykonanych z profili o szeroko\u015bci 50 mm, a tak\u017ce w innych miejscach o ograniczonej przestrzeni.<\/p>\n<section>\n<h4>Specyfikacja techniczna<\/h4>\n<ul>\n<li>Wyprodukowano w Szwecji.<\/li>\n<li>Materia\u0142: Alu.6060-T6, tworzywo sztuczne POM (tworzywo acetalowe).<\/li>\n<li>Wymiary wersji standardowej d\u0142.\/szer.\/wys.: 245x50x23 mm.<\/li>\n<li>Mikrowy\u0142\u0105cznik: NIE, klasa IP 67.<\/li>\n<li>Liczba mikroprze\u0142\u0105cznik\u00f3w: standardowo 1 NO, mo\u017cna zam\u00f3wi\u0107 z 2 mikroprze\u0142\u0105cznikami oraz z mikroprze\u0142\u0105cznikami prze\u0142\u0105czaj\u0105cymi NO\/NC.<\/li>\n<\/ul>\n<\/section>","protected":false},"excerpt":{"rendered":"<p>Wymiary produktu: 245 x 50 x 23 mm.<\/p>\n<p>Z\u0142\u0105cze k\u0105towe wykonane z anodowanego na srebrno aluminium z czarnymi za\u015blepkami.<\/p>\n<p>Model smuk\u0142y, ma zaledwie 50 mm grubo\u015bci.<\/p>","protected":false},"featured_media":148588,"template":"","meta":{"_acf_changed":false},"product_brand":[],"product_cat":[1422,4706],"product_tag":[],"class_list":{"0":"post-148589","1":"product","2":"type-product","3":"status-publish","4":"has-post-thumbnail","6":"product_cat-armbagskontakter-dorrautomatik","7":"product_cat-metall","8":"product_shipping_class-tunga-paket","9":"pa_brands-jc-kontakter","10":"tm-has-options","12":"first","13":"instock","14":"sale","15":"taxable","16":"shipping-taxable","17":"purchasable","18":"product-type-simple"},"acf":[],"_links":{"self":[{"href":"https:\/\/secureus.se\/pl\/wp-json\/wp\/v2\/product\/148589","targetHints":{"allow":["GET"]}}],"collection":[{"href":"https:\/\/secureus.se\/pl\/wp-json\/wp\/v2\/product"}],"about":[{"href":"https:\/\/secureus.se\/pl\/wp-json\/wp\/v2\/types\/product"}],"wp:featuredmedia":[{"embeddable":true,"href":"https:\/\/secureus.se\/pl\/wp-json\/wp\/v2\/media\/148588"}],"wp:attachment":[{"href":"https:\/\/secureus.se\/pl\/wp-json\/wp\/v2\/media?parent=148589"}],"wp:term":[{"taxonomy":"product_brand","embeddable":true,"href":"https:\/\/secureus.se\/pl\/wp-json\/wp\/v2\/product_brand?post=148589"},{"taxonomy":"product_cat","embeddable":true,"href":"https:\/\/secureus.se\/pl\/wp-json\/wp\/v2\/product_cat?post=148589"},{"taxonomy":"product_tag","embeddable":true,"href":"https:\/\/secureus.se\/pl\/wp-json\/wp\/v2\/product_tag?post=148589"}],"curies":[{"name":"wp","href":"https:\/\/api.w.org\/{rel}","templated":true}]}}