{"id":148592,"date":"2025-03-10T11:55:48","date_gmt":"2025-03-10T10:55:48","guid":{"rendered":"https:\/\/secureus.se\/armbagskontakt-sparkfunktion-jck148\/"},"modified":"2025-12-31T21:46:53","modified_gmt":"2025-12-31T20:46:53","slug":"armbagskontakt-sparkfunktion-jck148","status":"publish","type":"product","link":"https:\/\/secureus.se\/pl\/armbagskontakt-sparkfunktion-jck148\/","title":{"rendered":"Kontakt \u0142okciowy \u2013 Funkcja kopni\u0119cia \u2013 JCK148"},"content":{"rendered":"<h1>Kontakt \u0142okciowy \u2013 Funkcja kopni\u0119cia \u2013 JCK148<\/h1>\n<section>\n<section>Po\u0142\u0105czenie kontaktu \u0142okciowego i kopni\u0119cia. D\u0142ugi model wykonany z anodowanego na srebrno aluminium, z powierzchni\u0105 naciskow\u0105 u g\u00f3ry i powierzchni\u0105 kopi\u0105c\u0105 u do\u0142u.<\/p>\n<p>JCK148 nale\u017cy do serii \u0142\u0105cznik\u00f3w \u0142okciowych, kt\u00f3re na dole \u0142\u0105cz\u0105 si\u0119 ze \u0142\u0105cznikiem kopniakowym.<\/p>\n<p>Modele zosta\u0142y opracowane specjalnie w celu u\u0142atwienia np.: personelowi szpitala mo\u017cliwo\u015b\u0107 szybkiego i \u0142atwego otwierania drzwi np. za pomoc\u0105: \u0142\u00f3\u017cko, \u0142okie\u0107, biodro lub stopa.<\/p>\n<\/section>\n<section>\n<h3>Specyfikacja techniczna<\/h3>\n<ul>\n<li>Materia\u0142: Alu.6060-T6, tworzywo sztuczne POM (tworzywo acetalowe).<\/li>\n<li>Wymiary wersji standardowej d\u0142.\/szer.\/wys.: 1200x80x28 mm.<\/li>\n<li>Mikrowy\u0142\u0105cznik: NIE, klasa IP 67.<\/li>\n<li>Liczba mikroprze\u0142\u0105cznik\u00f3w: Standardowo 8 szt. NIE.<\/li>\n<\/ul>\n<\/section>\n<p>&nbsp;<\/p>\n<section>\n<h3>Akcesoria i opcje<\/h3>\n<ul>\n<li>Jednostka steruj\u0105ca z dwoma wyj\u015bciami i sygna\u0142em op\u00f3\u017anionym na jednym wyj\u015bciu.<\/li>\n<\/ul>\n<\/section>\n<\/section>","protected":false},"excerpt":{"rendered":"<p>Wymiary produktu: 1200 x 80 x 28 mm.<\/p>\n<p>D\u0142ugi \u0142\u0105cznik \u0142okciowy z anodowanego na srebrno aluminium z funkcj\u0105 kopni\u0119cia\/\u0142\u0105cznikiem kopni\u0119cia u do\u0142u.<\/p>","protected":false},"featured_media":148590,"template":"","meta":{"_acf_changed":false},"product_brand":[],"product_cat":[1422,4706],"product_tag":[],"class_list":{"0":"post-148592","1":"product","2":"type-product","3":"status-publish","4":"has-post-thumbnail","6":"product_cat-armbagskontakter-dorrautomatik","7":"product_cat-metall","8":"product_shipping_class-tunga-paket","9":"pa_brands-jc-kontakter","10":"tm-no-options","12":"first","13":"instock","14":"sale","15":"taxable","16":"shipping-taxable","17":"purchasable","18":"product-type-simple"},"acf":[],"_links":{"self":[{"href":"https:\/\/secureus.se\/pl\/wp-json\/wp\/v2\/product\/148592","targetHints":{"allow":["GET"]}}],"collection":[{"href":"https:\/\/secureus.se\/pl\/wp-json\/wp\/v2\/product"}],"about":[{"href":"https:\/\/secureus.se\/pl\/wp-json\/wp\/v2\/types\/product"}],"wp:featuredmedia":[{"embeddable":true,"href":"https:\/\/secureus.se\/pl\/wp-json\/wp\/v2\/media\/148590"}],"wp:attachment":[{"href":"https:\/\/secureus.se\/pl\/wp-json\/wp\/v2\/media?parent=148592"}],"wp:term":[{"taxonomy":"product_brand","embeddable":true,"href":"https:\/\/secureus.se\/pl\/wp-json\/wp\/v2\/product_brand?post=148592"},{"taxonomy":"product_cat","embeddable":true,"href":"https:\/\/secureus.se\/pl\/wp-json\/wp\/v2\/product_cat?post=148592"},{"taxonomy":"product_tag","embeddable":true,"href":"https:\/\/secureus.se\/pl\/wp-json\/wp\/v2\/product_tag?post=148592"}],"curies":[{"name":"wp","href":"https:\/\/api.w.org\/{rel}","templated":true}]}}